{"id":3,"date":"2026-03-16T16:39:10","date_gmt":"2026-03-16T16:39:10","guid":{"rendered":"http:\/\/topsmart.store\/?page_id=3"},"modified":"2026-03-21T17:29:04","modified_gmt":"2026-03-21T17:29:04","slug":"privacy-policy","status":"publish","type":"page","link":"https:\/\/topsmart.store\/en\/privacy-policy\/","title":{"rendered":"Privacy Policy"},"content":{"rendered":"<p class=\"translation-block\">Last updated: March 31, 2026<\/p>\n<h3>1. Introduction<\/h3>\n<p>This privacy policy explains how TopSmart (hereinafter - \"we\", \"our\", or \"us\") collects, uses, and shares your personal data when you visit or make a purchase on the website [Your store's web address, e.g., www.topsmart.store] (hereinafter - the \"Site\"). We respect your privacy and are committed to protecting your personal data in accordance with the European Union General Data Protection Regulation (GDPR) and other applicable laws.<\/p>\n<p class=\"translation-block\">Data Controller Details:\n\u2022\tCompany: UAB \"LNT\"\n\u2022\tCompany code: 148332230\n\u2022\tAddress: Savanori\u0173 a. 12, Panev\u0117\u017eys\n\u2022\tEmail: info@topsmart.store<\/p>\n<h3>2. Kokius asmens duomenis renkame?<\/h3>\n<p>Kai lankot\u0117s m\u016bs\u0173 Svetain\u0117je, mes automati\u0161kai renkame tam tikr\u0105 informacij\u0105 apie j\u016bs\u0173 \u012frengin\u012f, \u012fskaitant informacij\u0105 apie j\u016bs\u0173 interneto nar\u0161ykl\u0119, IP adres\u0105, laiko juost\u0105 ir kai kuriuos j\u016bs\u0173 \u012frenginyje \u012fdiegtus slapukus (\u201ecookies&#8221;).<\/p>\n<p>Be to, kai perkate ar bandote pirkti prekes per m\u016bs\u0173 Svetain\u0119, mes renkame \u0161i\u0105 j\u016bs\u0173 pateikt\u0105 U\u017esakymo informacij\u0105:<\/p>\n<ul>\n<li>Vardas ir pavard\u0117;<\/li>\n<li>Atsiskaitymo ir pristatymo adresas;<\/li>\n<li>Mok\u0117jimo informacija (mes nesaugome j\u016bs\u0173 banko kortel\u0117s duomen\u0173, tai saugiai atlieka m\u016bs\u0173 mok\u0117jimo partneriai: Stripe, PayPal, Paysera);<\/li>\n<li>El. pa\u0161to adresas;<\/li>\n<li>Telefono numeris.<\/li>\n<\/ul>\n<h3>3. Kod\u0117l renkame j\u016bs\u0173 duomenis ir koks teisinis pagrindas?<\/h3>\n<p>Mes tvarkome j\u016bs\u0173 duomenis remiantis \u0161iais teisiniais pagrindais:<\/p>\n<ul>\n<li><strong>Sutarties vykdymas:<\/strong> Naudojame j\u016bs\u0173 U\u017esakymo informacij\u0105 u\u017esakymams vykdyti (apdoroti mok\u0117jimus, organizuoti pristatym\u0105, pateikti s\u0105skaitas fakt\u016bras ir u\u017esakymo patvirtinimus).<\/li>\n<li><strong>Teis\u0117tas interesas:<\/strong> Naudojame \u012frenginio informacij\u0105 apsisaugoti nuo galimos rizikos ir suk\u010diavimo (ypa\u010d j\u016bs\u0173 IP adres\u0105), taip pat bendrai tobulinti ir optimizuoti m\u016bs\u0173 Svetain\u0119 (analitika).<\/li>\n<li><strong>Sutikimas:<\/strong> Gav\u0119 j\u016bs\u0173 sutikim\u0105, galime si\u0173sti rinkodaros prane\u0161imus (naujienlai\u0161kius). J\u016bs turite teis\u0119 bet kada at\u0161aukti \u0161\u012f sutikim\u0105.<\/li>\n<\/ul>\n<h3>4. Su kuo dalinam\u0117s j\u016bs\u0173 asmens duomenimis?<\/h3>\n<p>Kadangi veikiame naudodami \u201edropshipping&#8221; model\u012f, j\u016bs\u0173 asmens duomenimis dalinam\u0117s su atid\u017eiai parinktomis tre\u010diosiomis \u0161alimis, kad \u012fvykdytume j\u016bs\u0173 u\u017esakym\u0105:<\/p>\n<ul>\n<li><strong>Preki\u0173 tiek\u0117jai ir gamintojai:<\/strong> Kad prek\u0117 b\u016bt\u0173 pristatyta tiesiogiai jums, mes pasidalijame j\u016bs\u0173 pristatymo adresu, vardu ir telefono numeriu su m\u016bs\u0173 tiek\u0117jais.<\/li>\n<li><strong>Elektronin\u0117s prekybos platforma:<\/strong> M\u016bs\u0173 parduotuv\u0117 veikia \u201eWooCommerce&#8221; \/ \u201eWordPress&#8221; platformoje.<\/li>\n<li><strong>Mok\u0117jimo procesoriai:<\/strong> Saugiam j\u016bs\u0173 mok\u0117jim\u0173 apdorojimui.<\/li>\n<li><strong>Siuntimo ir kurjeri\u0173 paslaugos:<\/strong> Kad j\u016bs\u0173 siuntinys pasiekt\u0173 jus nurodytu adresu.<\/li>\n<\/ul>\n<h3>5. Duomen\u0173 perdavimas u\u017e EEE rib\u0173<\/h3>\n<p>Kai kurie m\u016bs\u0173 tiek\u0117jai ir partneriai gali b\u016bti \u012fsik\u016br\u0119 u\u017e Europos ekonomin\u0117s erdv\u0117s (EEE) rib\u0173 (pavyzd\u017eiui, Kinijoje, JAV ir kt.). Perduodami j\u016bs\u0173 duomenis (tik tai, kas grie\u017etai b\u016btina siuntos pristatymui) u\u017e EEE rib\u0173, imam\u0117s vis\u0173 pagr\u012fst\u0173 priemoni\u0173 u\u017etikrinti, kad jie b\u016bt\u0173 tvarkomi saugiai ir laikantis BDAR princip\u0173.<\/p>\n<h3>6. Kiek laiko saugome j\u016bs\u0173 duomenis?<\/h3>\n<p>Kai pateikiate u\u017esakym\u0105 per Svetain\u0119, mes saugosime j\u016bs\u0173 U\u017esakymo informacij\u0105 savo \u012fra\u0161uose, nebent ir kol j\u016bs papra\u0161ysite j\u0105 i\u0161trinti. Apskaitos tikslais tam tikrus duomenis (pvz., s\u0105skaitas fakt\u016bras) privalome saugoti \u012fstatym\u0173 nustatyt\u0105 laikotarp\u012f (Lietuvoje \u2013 paprastai 10 met\u0173).<\/p>\n<h3>7. J\u016bs\u0173 teis\u0117s kaip duomen\u0173 subjekto<\/h3>\n<p>Jei esate Europos gyventojas, pagal BDAR turite \u0161ias teises:<\/p>\n<ul>\n<li><strong>Teis\u0117 b\u016bti informuotam:<\/strong> B\u016bti informuotam apie tai, kaip tvarkome j\u016bs\u0173 duomenis.<\/li>\n<li><strong>Teis\u0117 susipa\u017einti:<\/strong> Pra\u0161yti prieigos prie asmens duomen\u0173, kuriuos turime apie jus.<\/li>\n<li><strong>Teis\u0117 i\u0161taisyti:<\/strong> Pra\u0161yti i\u0161taisyti netikslius ar nei\u0161samius duomenis.<\/li>\n<li><strong>Teis\u0117 i\u0161trinti (\u201eteis\u0117 b\u016bti pamir\u0161tam&#8221;):<\/strong> Pra\u0161yti i\u0161trinti j\u016bs\u0173 asmens duomenis, kai jie nebereikalingi.<\/li>\n<li><strong>Teis\u0117 apriboti tvarkym\u0105:<\/strong> Apriboti j\u016bs\u0173 duomen\u0173 tvarkym\u0105 tam tikrais atvejais.<\/li>\n<li><strong>Teis\u0117 \u012f duomen\u0173 perkeliamum\u0105:<\/strong> Gauti j\u016bs\u0173 duomenis strukt\u016brizuotu, \u012fprastai naudojamu formatu.<\/li>\n<\/ul>\n<p>Jei norite pasinaudoti bet kuria i\u0161 \u0161i\u0173 teisi\u0173, susisiekite su mumis naudodami \u017eemiau pateiktus kontaktinius duomenis.<\/p>\n<h3>8. Slapukai<\/h3>\n<p>Svetain\u0117je naudojame slapukus, kad u\u017etikrintume skland\u0173 jos veikim\u0105 (pvz., pirkini\u0173 krep\u0161elio i\u0161saugojim\u0105), taip pat analitikos (pvz., \u201eGoogle Analytics&#8221;) ir rinkodaros tikslais. Galite valdyti ir (arba) i\u0161trinti slapukus pagal savo pageidavimus per nar\u0161ykl\u0117s nustatymus.<\/p>\n<h3>9. Susisiekite su mumis<\/h3>\n<p>Jei norite daugiau informacijos apie m\u016bs\u0173 privatumo praktik\u0105, turite klausim\u0173 ar norite pateikti skund\u0105, susisiekite su mumis el. pa\u0161tu: <strong>info@topsmart.store<\/strong>.<\/p>","protected":false},"excerpt":{"rendered":"<p>Paskutin\u012f kart\u0105 atnaujinta: 2026 m. kovo 31 d. 1. \u012evadas \u0160i privatumo politika paai\u0161kina, kaip TopSmart (toliau \u2013 \u201emes&#8221;, \u201em\u016bs\u0173&#8221; arba \u201emus&#8221;) renka, naudoja ir dalijasi j\u016bs\u0173 asmens duomenimis, kai lankot\u0117s ar apsiperkate svetain\u0117je www.topsmart.store (toliau \u2013 \u201eSvetain\u0117&#8221;). Mes gerbiame j\u016bs\u0173 privatum\u0105 ir \u012fsipareigojame saugoti j\u016bs\u0173 asmens duomenis vadovaudamiesi Europos S\u0105jungos Bendruoju duomen\u0173 apsaugos reglamentu [&hellip;]<\/p>\n","protected":false},"author":1,"featured_media":0,"parent":0,"menu_order":0,"comment_status":"closed","ping_status":"open","template":"","meta":{"footnotes":""},"class_list":["post-3","page","type-page","status-publish","hentry"],"_hostinger_reach_plugin_has_subscription_block":false,"_hostinger_reach_plugin_is_elementor":false,"_links":{"self":[{"href":"https:\/\/topsmart.store\/en\/wp-json\/wp\/v2\/pages\/3","targetHints":{"allow":["GET"]}}],"collection":[{"href":"https:\/\/topsmart.store\/en\/wp-json\/wp\/v2\/pages"}],"about":[{"href":"https:\/\/topsmart.store\/en\/wp-json\/wp\/v2\/types\/page"}],"author":[{"embeddable":true,"href":"https:\/\/topsmart.store\/en\/wp-json\/wp\/v2\/users\/1"}],"replies":[{"embeddable":true,"href":"https:\/\/topsmart.store\/en\/wp-json\/wp\/v2\/comments?post=3"}],"version-history":[{"count":5,"href":"https:\/\/topsmart.store\/en\/wp-json\/wp\/v2\/pages\/3\/revisions"}],"predecessor-version":[{"id":619,"href":"https:\/\/topsmart.store\/en\/wp-json\/wp\/v2\/pages\/3\/revisions\/619"}],"wp:attachment":[{"href":"https:\/\/topsmart.store\/en\/wp-json\/wp\/v2\/media?parent=3"}],"curies":[{"name":"wp","href":"https:\/\/api.w.org\/{rel}","templated":true}]}}