{"id":6,"date":"2026-03-16T16:41:14","date_gmt":"2026-03-16T16:41:14","guid":{"rendered":"https:\/\/antiquewhite-crow-676768.hostingersite.com\/cart\/"},"modified":"2026-03-21T17:27:11","modified_gmt":"2026-03-21T17:27:11","slug":"cart","status":"publish","type":"page","link":"https:\/\/topsmart.store\/en\/cart\/","title":{"rendered":"Cart"},"content":{"rendered":"<div data-block-name=\"woocommerce\/cart\" class=\"wp-block-woocommerce-cart alignwide is-loading\">\n<div data-block-name=\"woocommerce\/filled-cart-block\" class=\"wp-block-woocommerce-filled-cart-block\">\n<div data-block-name=\"woocommerce\/cart-items-block\" class=\"wp-block-woocommerce-cart-items-block\">\n<div data-block-name=\"woocommerce\/cart-line-items-block\" class=\"wp-block-woocommerce-cart-line-items-block\"><\/div>\n\n\n<\/div>\n\n\n\n\n<div data-block-name=\"woocommerce\/cart-totals-block\" class=\"wp-block-woocommerce-cart-totals-block\">\n<div data-block-name=\"woocommerce\/cart-order-summary-block\" class=\"wp-block-woocommerce-cart-order-summary-block\">\n<div data-block-name=\"woocommerce\/cart-order-summary-heading-block\" class=\"wp-block-woocommerce-cart-order-summary-heading-block\"><\/div><div data-block-name=\"woocommerce\/cart-order-summary-coupon-form-block\" class=\"wp-block-woocommerce-cart-order-summary-coupon-form-block\"><\/div><div data-block-name=\"woocommerce\/cart-order-summary-totals-block\" class=\"wp-block-woocommerce-cart-order-summary-totals-block\">\n<div data-block-name=\"woocommerce\/cart-order-summary-subtotal-block\" class=\"wp-block-woocommerce-cart-order-summary-subtotal-block\"><\/div>\n<div data-block-name=\"woocommerce\/cart-order-summary-discount-block\" class=\"wp-block-woocommerce-cart-order-summary-discount-block\"><\/div>\n<div data-block-name=\"woocommerce\/cart-order-summary-fee-block\" class=\"wp-block-woocommerce-cart-order-summary-fee-block\"><\/div>\n<div data-block-name=\"woocommerce\/cart-order-summary-shipping-block\" class=\"wp-block-woocommerce-cart-order-summary-shipping-block\"><\/div>\n<div data-block-name=\"woocommerce\/cart-order-summary-taxes-block\" class=\"wp-block-woocommerce-cart-order-summary-taxes-block\"><\/div><\/div>\n<\/div>\n\n\n\n<div data-block-name=\"woocommerce\/cart-express-payment-block\" class=\"wp-block-woocommerce-cart-express-payment-block\"><\/div>\n\n\n\n<div data-block-name=\"woocommerce\/proceed-to-checkout-block\" class=\"wp-block-woocommerce-proceed-to-checkout-block\"><\/div>\n\n\n\n<div data-block-name=\"woocommerce\/cart-accepted-payment-methods-block\" class=\"wp-block-woocommerce-cart-accepted-payment-methods-block\"><\/div>\n<\/div>\n<\/div>\n\n\n\n<div data-block-name=\"woocommerce\/empty-cart-block\" class=\"wp-block-woocommerce-empty-cart-block\">\n<h2 class=\"wp-block-heading has-text-align-center with-empty-cart-icon wc-block-cart__empty-cart__title\">Your cart is currently empty!<\/h2>\n\n\n\n<hr class=\"wp-block-separator has-alpha-channel-opacity is-style-dots\"\/>\n\n\n\n<h2 class=\"wp-block-heading has-text-align-center\">New in store<\/h2>\n\n\n<div data-block-name=\"woocommerce\/product-new\" data-columns=\"4\" data-rows=\"1\" class=\"wc-block-grid wp-block-product-new wp-block-woocommerce-product-new wc-block-product-new has-4-columns\"><ul class=\"wc-block-grid__products\"><li class=\"wc-block-grid__product\">\n\t\t\t\t<a href=\"https:\/\/topsmart.store\/en\/product\/klt-factory-electric-wine-dispenser\/\" class=\"wc-block-grid__product-link\">\n\t\t\t\t\t\n\t\t\t\t\t<div class=\"wc-block-grid__product-image\"><img decoding=\"async\" width=\"300\" height=\"300\" data-src=\"https:\/\/topsmart.store\/wp-content\/uploads\/2026\/04\/1622194018296-300x300.jpg\" class=\"attachment-woocommerce_thumbnail size-woocommerce_thumbnail lazyload\" alt=\"\u201eKlt Factory\u201c elektrinis vyno pilstymo aparatas\" data-srcset=\"https:\/\/topsmart.store\/wp-content\/uploads\/2026\/04\/1622194018296-300x300.jpg 300w, https:\/\/topsmart.store\/wp-content\/uploads\/2026\/04\/1622194018296-150x150.jpg 150w, https:\/\/topsmart.store\/wp-content\/uploads\/2026\/04\/1622194018296-768x768.jpg 768w, https:\/\/topsmart.store\/wp-content\/uploads\/2026\/04\/1622194018296-12x12.jpg 12w, https:\/\/topsmart.store\/wp-content\/uploads\/2026\/04\/1622194018296-400x400.jpg 400w, https:\/\/topsmart.store\/wp-content\/uploads\/2026\/04\/1622194018296-600x600.jpg 600w, https:\/\/topsmart.store\/wp-content\/uploads\/2026\/04\/1622194018296-100x100.jpg 100w, https:\/\/topsmart.store\/wp-content\/uploads\/2026\/04\/1622194018296.jpg 800w\" data-sizes=\"(max-width: 300px) 100vw, 300px\" src=\"data:image\/svg+xml;base64,PHN2ZyB3aWR0aD0iMSIgaGVpZ2h0PSIxIiB4bWxucz0iaHR0cDovL3d3dy53My5vcmcvMjAwMC9zdmciPjwvc3ZnPg==\" style=\"--smush-placeholder-width: 300px; --smush-placeholder-aspect-ratio: 300\/300;\" \/><\/div>\n\t\t\t\t\t<div class=\"wc-block-grid__product-title\">\u201eKlt Factory electric wine dispenser<\/div>\n\t\t\t\t<\/a>\n\t\t\t\t<div class=\"wc-block-grid__product-price price\"><span class=\"woocommerce-Price-amount amount\">21.55<span class=\"woocommerce-Price-currencySymbol\">\u20ac<\/span><\/span> \u2013 <span class=\"woocommerce-Price-amount amount\">29.68<span class=\"woocommerce-Price-currencySymbol\">\u20ac<\/span><\/span><\/div>\n\t\t\t\t\n\t\t\t\t<div class=\"wp-block-button wc-block-grid__product-add-to-cart\"><a href=\"https:\/\/topsmart.store\/en\/product\/klt-factory-electric-wine-dispenser\/\" aria-label=\"Select options for \u201c\u201eKlt Factory\u201c elektrinis vyno pilstymo aparatas\u201d\" data-quantity=\"1\" data-product_id=\"1513\" data-product_sku=\"CJCJ1149034\" data-price=\"21.55\" rel=\"nofollow\" class=\"wp-block-button__link  add_to_cart_button\" data-no-translation-aria-label=\"\">Add to cart<\/a><\/div>\n\t\t\t<\/li><li class=\"wc-block-grid__product\">\n\t\t\t\t<a href=\"https:\/\/topsmart.store\/en\/product\/teak-natural-wood-tableware-spoon-ladle-turner-rice-colander-soup-skimmer-cooking-tool-sets-spoon-scoop-kitchen-tools-gadgets\/\" class=\"wc-block-grid__product-link\">\n\t\t\t\t\t\n\t\t\t\t\t<div class=\"wc-block-grid__product-image\"><img decoding=\"async\" width=\"300\" height=\"300\" data-src=\"https:\/\/topsmart.store\/wp-content\/uploads\/2026\/04\/1420925598740-300x300.jpg\" class=\"attachment-woocommerce_thumbnail size-woocommerce_thumbnail lazyload\" alt=\"Nat\u016bralaus tiko med\u017eio stalo \u012frankiai: \u0161auk\u0161tai, sam\u010diai, mentel\u0117s, ry\u017ei\u0173 sietai, sriubos \u0161auk\u0161tai, virtuv\u0117s \u012franki\u0173 rinkiniai, \u0161auk\u0161tai-semtuvai, virtuv\u0117s reikmenys\" data-srcset=\"https:\/\/topsmart.store\/wp-content\/uploads\/2026\/04\/1420925598740-300x300.jpg 300w, https:\/\/topsmart.store\/wp-content\/uploads\/2026\/04\/1420925598740-150x150.jpg 150w, https:\/\/topsmart.store\/wp-content\/uploads\/2026\/04\/1420925598740-768x768.jpg 768w, https:\/\/topsmart.store\/wp-content\/uploads\/2026\/04\/1420925598740-12x12.jpg 12w, https:\/\/topsmart.store\/wp-content\/uploads\/2026\/04\/1420925598740-400x400.jpg 400w, https:\/\/topsmart.store\/wp-content\/uploads\/2026\/04\/1420925598740-600x600.jpg 600w, https:\/\/topsmart.store\/wp-content\/uploads\/2026\/04\/1420925598740-100x100.jpg 100w, https:\/\/topsmart.store\/wp-content\/uploads\/2026\/04\/1420925598740.jpg 800w\" data-sizes=\"(max-width: 300px) 100vw, 300px\" src=\"data:image\/svg+xml;base64,PHN2ZyB3aWR0aD0iMSIgaGVpZ2h0PSIxIiB4bWxucz0iaHR0cDovL3d3dy53My5vcmcvMjAwMC9zdmciPjwvc3ZnPg==\" style=\"--smush-placeholder-width: 300px; --smush-placeholder-aspect-ratio: 300\/300;\" \/><\/div>\n\t\t\t\t\t<div class=\"wc-block-grid__product-title\">Natural teak wood cutlery: spoons, ladles, spatulas, rice sieves, soup spoons, kitchen tool sets, ladles, kitchen utensils<\/div>\n\t\t\t\t<\/a>\n\t\t\t\t<div class=\"wc-block-grid__product-price price\"><span class=\"woocommerce-Price-amount amount\">12.45<span class=\"woocommerce-Price-currencySymbol\">\u20ac<\/span><\/span> \u2013 <span class=\"woocommerce-Price-amount amount\">28.67<span class=\"woocommerce-Price-currencySymbol\">\u20ac<\/span><\/span><\/div>\n\t\t\t\t\n\t\t\t\t<div class=\"wp-block-button wc-block-grid__product-add-to-cart\"><a href=\"https:\/\/topsmart.store\/en\/product\/teak-natural-wood-tableware-spoon-ladle-turner-rice-colander-soup-skimmer-cooking-tool-sets-spoon-scoop-kitchen-tools-gadgets\/\" aria-label=\"Select options for \u201cNat\u016bralaus tiko med\u017eio stalo \u012frankiai: \u0161auk\u0161tai, sam\u010diai, mentel\u0117s, ry\u017ei\u0173 sietai, sriubos \u0161auk\u0161tai, virtuv\u0117s \u012franki\u0173 rinkiniai, \u0161auk\u0161tai-semtuvai, virtuv\u0117s reikmenys\u201d\" data-quantity=\"1\" data-product_id=\"1481\" data-product_sku=\"CJJJCFCJ01699\" data-price=\"12.45\" rel=\"nofollow\" class=\"wp-block-button__link  add_to_cart_button\" data-no-translation-aria-label=\"\">Add to cart<\/a><\/div>\n\t\t\t<\/li><li class=\"wc-block-grid__product\">\n\t\t\t\t<a href=\"https:\/\/topsmart.store\/en\/product\/hand-held-blender\/\" class=\"wc-block-grid__product-link\">\n\t\t\t\t\t\n\t\t\t\t\t<div class=\"wc-block-grid__product-image\"><img decoding=\"async\" width=\"300\" height=\"300\" data-src=\"https:\/\/topsmart.store\/wp-content\/uploads\/2026\/04\/898652592418-300x300.jpg\" class=\"attachment-woocommerce_thumbnail size-woocommerce_thumbnail lazyload\" alt=\"Rankinis mai\u0161ytuvas\" data-srcset=\"https:\/\/topsmart.store\/wp-content\/uploads\/2026\/04\/898652592418-300x300.jpg 300w, https:\/\/topsmart.store\/wp-content\/uploads\/2026\/04\/898652592418-150x150.jpg 150w, https:\/\/topsmart.store\/wp-content\/uploads\/2026\/04\/898652592418-768x768.jpg 768w, https:\/\/topsmart.store\/wp-content\/uploads\/2026\/04\/898652592418-12x12.jpg 12w, https:\/\/topsmart.store\/wp-content\/uploads\/2026\/04\/898652592418-400x400.jpg 400w, https:\/\/topsmart.store\/wp-content\/uploads\/2026\/04\/898652592418-800x800.jpg 800w, https:\/\/topsmart.store\/wp-content\/uploads\/2026\/04\/898652592418-600x600.jpg 600w, https:\/\/topsmart.store\/wp-content\/uploads\/2026\/04\/898652592418-100x100.jpg 100w, https:\/\/topsmart.store\/wp-content\/uploads\/2026\/04\/898652592418.jpg 1000w\" data-sizes=\"(max-width: 300px) 100vw, 300px\" src=\"data:image\/svg+xml;base64,PHN2ZyB3aWR0aD0iMSIgaGVpZ2h0PSIxIiB4bWxucz0iaHR0cDovL3d3dy53My5vcmcvMjAwMC9zdmciPjwvc3ZnPg==\" style=\"--smush-placeholder-width: 300px; --smush-placeholder-aspect-ratio: 300\/300;\" \/><\/div>\n\t\t\t\t\t<div class=\"wc-block-grid__product-title\">Hand mixer<\/div>\n\t\t\t\t<\/a>\n\t\t\t\t<div class=\"wc-block-grid__product-price price\"><span class=\"woocommerce-Price-amount amount\">64.58<span class=\"woocommerce-Price-currencySymbol\">\u20ac<\/span><\/span><\/div>\n\t\t\t\t\n\t\t\t\t<div class=\"wp-block-button wc-block-grid__product-add-to-cart\"><a href=\"https:\/\/topsmart.store\/en\/product\/hand-held-blender\/\" aria-label=\"Select options for \u201cRankinis mai\u0161ytuvas\u201d\" data-quantity=\"1\" data-product_id=\"1466\" data-product_sku=\"CJJJCFCJ02750\" data-price=\"64.58\" rel=\"nofollow\" class=\"wp-block-button__link  add_to_cart_button\" data-no-translation-aria-label=\"\">Add to cart<\/a><\/div>\n\t\t\t<\/li><li class=\"wc-block-grid__product\">\n\t\t\t\t<a href=\"https:\/\/topsmart.store\/en\/product\/hydrogen-water-bottles-electric-hydrogen-rich-water-generator-bottle-new-technology-rechargeable-portable-antioxidant\/\" class=\"wc-block-grid__product-link\">\n\t\t\t\t\t\n\t\t\t\t\t<div class=\"wc-block-grid__product-image\"><img decoding=\"async\" width=\"300\" height=\"300\" data-src=\"https:\/\/topsmart.store\/wp-content\/uploads\/2026\/04\/0b0717b8-c805-4378-b37c-1fe260cf3745-300x300.jpg\" class=\"attachment-woocommerce_thumbnail size-woocommerce_thumbnail lazyload\" alt=\"Vandenilio vandens buteliai. Elektrinis vandenilio prisotinto vandens generatorius. Naujos technologijos \u012fkraunamas ne\u0161iojamas antioksidantas\" data-srcset=\"https:\/\/topsmart.store\/wp-content\/uploads\/2026\/04\/0b0717b8-c805-4378-b37c-1fe260cf3745-300x300.jpg 300w, https:\/\/topsmart.store\/wp-content\/uploads\/2026\/04\/0b0717b8-c805-4378-b37c-1fe260cf3745-150x150.jpg 150w, https:\/\/topsmart.store\/wp-content\/uploads\/2026\/04\/0b0717b8-c805-4378-b37c-1fe260cf3745-768x768.jpg 768w, https:\/\/topsmart.store\/wp-content\/uploads\/2026\/04\/0b0717b8-c805-4378-b37c-1fe260cf3745-12x12.jpg 12w, https:\/\/topsmart.store\/wp-content\/uploads\/2026\/04\/0b0717b8-c805-4378-b37c-1fe260cf3745-400x400.jpg 400w, https:\/\/topsmart.store\/wp-content\/uploads\/2026\/04\/0b0717b8-c805-4378-b37c-1fe260cf3745-600x600.jpg 600w, https:\/\/topsmart.store\/wp-content\/uploads\/2026\/04\/0b0717b8-c805-4378-b37c-1fe260cf3745-100x100.jpg 100w, https:\/\/topsmart.store\/wp-content\/uploads\/2026\/04\/0b0717b8-c805-4378-b37c-1fe260cf3745.jpg 800w\" data-sizes=\"(max-width: 300px) 100vw, 300px\" src=\"data:image\/svg+xml;base64,PHN2ZyB3aWR0aD0iMSIgaGVpZ2h0PSIxIiB4bWxucz0iaHR0cDovL3d3dy53My5vcmcvMjAwMC9zdmciPjwvc3ZnPg==\" style=\"--smush-placeholder-width: 300px; --smush-placeholder-aspect-ratio: 300\/300;\" \/><\/div>\n\t\t\t\t\t<div class=\"wc-block-grid__product-title\">Hydrogen Water Bottles. Electric Hydrogen Saturated Water Generator. New Technology Rechargeable Portable Antioxidant<\/div>\n\t\t\t\t<\/a>\n\t\t\t\t<div class=\"wc-block-grid__product-price price\"><span class=\"woocommerce-Price-amount amount\">49.73<span class=\"woocommerce-Price-currencySymbol\">\u20ac<\/span><\/span> \u2013 <span class=\"woocommerce-Price-amount amount\">109.45<span class=\"woocommerce-Price-currencySymbol\">\u20ac<\/span><\/span><\/div>\n\t\t\t\t\n\t\t\t\t<div class=\"wp-block-button wc-block-grid__product-add-to-cart\"><a href=\"https:\/\/topsmart.store\/en\/product\/hydrogen-water-bottles-electric-hydrogen-rich-water-generator-bottle-new-technology-rechargeable-portable-antioxidant\/\" aria-label=\"Select options for \u201cVandenilio vandens buteliai. Elektrinis vandenilio prisotinto vandens generatorius. Naujos technologijos \u012fkraunamas ne\u0161iojamas antioksidantas\u201d\" data-quantity=\"1\" data-product_id=\"1441\" data-product_sku=\"CJJT1990718\" data-price=\"49.73\" rel=\"nofollow\" class=\"wp-block-button__link  add_to_cart_button\" data-no-translation-aria-label=\"\">Add to cart<\/a><\/div>\n\t\t\t<\/li><\/ul><\/div><\/div>\n<\/div>","protected":false},"excerpt":{"rendered":"","protected":false},"author":1,"featured_media":0,"parent":0,"menu_order":0,"comment_status":"closed","ping_status":"closed","template":"","meta":{"footnotes":""},"class_list":["post-6","page","type-page","status-publish","hentry"],"_hostinger_reach_plugin_has_subscription_block":false,"_hostinger_reach_plugin_is_elementor":false,"_links":{"self":[{"href":"https:\/\/topsmart.store\/en\/wp-json\/wp\/v2\/pages\/6","targetHints":{"allow":["GET"]}}],"collection":[{"href":"https:\/\/topsmart.store\/en\/wp-json\/wp\/v2\/pages"}],"about":[{"href":"https:\/\/topsmart.store\/en\/wp-json\/wp\/v2\/types\/page"}],"author":[{"embeddable":true,"href":"https:\/\/topsmart.store\/en\/wp-json\/wp\/v2\/users\/1"}],"replies":[{"embeddable":true,"href":"https:\/\/topsmart.store\/en\/wp-json\/wp\/v2\/comments?post=6"}],"version-history":[{"count":2,"href":"https:\/\/topsmart.store\/en\/wp-json\/wp\/v2\/pages\/6\/revisions"}],"predecessor-version":[{"id":616,"href":"https:\/\/topsmart.store\/en\/wp-json\/wp\/v2\/pages\/6\/revisions\/616"}],"wp:attachment":[{"href":"https:\/\/topsmart.store\/en\/wp-json\/wp\/v2\/media?parent=6"}],"curies":[{"name":"wp","href":"https:\/\/api.w.org\/{rel}","templated":true}]}}