{"id":1048,"date":"2026-04-09T16:19:21","date_gmt":"2026-04-09T14:19:21","guid":{"rendered":"https:\/\/topsmart.store\/?post_type=product&#038;p=1048"},"modified":"2026-04-15T10:56:27","modified_gmt":"2026-04-15T08:56:27","slug":"multifunctional-plank-support-pushups-stand-training-board-home-intelligent-exercise-equipment-for-chest-and-abdominal-muscles","status":"publish","type":"product","link":"https:\/\/topsmart.store\/en\/product\/multifunctional-plank-support-pushups-stand-training-board-home-intelligent-exercise-equipment-for-chest-and-abdominal-muscles\/","title":{"rendered":"Multifunctional Plank Support Pushups Stand Training Board Home Intelligent Exercise Equipment for Chest and Abdominal Muscles"},"content":{"rendered":"<p>\n<div class=\"detailmodule_text-image\">\n<div><img decoding=\"async\" class=\"detail-desc-decorate-image lazyload\" data-src=\"https:\/\/ae01.alicdn.com\/kf\/S3e448eacbf394ac59dc47cfde240b625t.jpg\" slate-data-type=\"image\" src=\"data:image\/svg+xml;base64,PHN2ZyB3aWR0aD0iMSIgaGVpZ2h0PSIxIiB4bWxucz0iaHR0cDovL3d3dy53My5vcmcvMjAwMC9zdmciPjwvc3ZnPg==\" \/><img decoding=\"async\" class=\"detail-desc-decorate-image lazyload\" data-src=\"https:\/\/ae01.alicdn.com\/kf\/S0cb2e8c42f1940adb3dcd54e2ad31997L.jpg\" slate-data-type=\"image\" src=\"data:image\/svg+xml;base64,PHN2ZyB3aWR0aD0iMSIgaGVpZ2h0PSIxIiB4bWxucz0iaHR0cDovL3d3dy53My5vcmcvMjAwMC9zdmciPjwvc3ZnPg==\" \/><img decoding=\"async\" class=\"detail-desc-decorate-image lazyload\" data-src=\"https:\/\/ae01.alicdn.com\/kf\/Sba89a3ddf9e542f7bb2733c3ff5e742dZ.jpg\" slate-data-type=\"image\" src=\"data:image\/svg+xml;base64,PHN2ZyB3aWR0aD0iMSIgaGVpZ2h0PSIxIiB4bWxucz0iaHR0cDovL3d3dy53My5vcmcvMjAwMC9zdmciPjwvc3ZnPg==\" \/><img decoding=\"async\" class=\"detail-desc-decorate-image lazyload\" data-src=\"https:\/\/ae01.alicdn.com\/kf\/Sf6dabce0f8654dfbb568c626cec365156.jpg\" slate-data-type=\"image\" src=\"data:image\/svg+xml;base64,PHN2ZyB3aWR0aD0iMSIgaGVpZ2h0PSIxIiB4bWxucz0iaHR0cDovL3d3dy53My5vcmcvMjAwMC9zdmciPjwvc3ZnPg==\" \/><img decoding=\"async\" class=\"detail-desc-decorate-image lazyload\" data-src=\"https:\/\/ae01.alicdn.com\/kf\/S2c21226f0e4e4bf5949ad07a8440ce8db.jpg\" slate-data-type=\"image\" src=\"data:image\/svg+xml;base64,PHN2ZyB3aWR0aD0iMSIgaGVpZ2h0PSIxIiB4bWxucz0iaHR0cDovL3d3dy53My5vcmcvMjAwMC9zdmciPjwvc3ZnPg==\" \/><img decoding=\"async\" class=\"detail-desc-decorate-image lazyload\" data-src=\"https:\/\/ae01.alicdn.com\/kf\/Sf73dcd57a60d4d07b11311e803a5238fl.jpg\" slate-data-type=\"image\" src=\"data:image\/svg+xml;base64,PHN2ZyB3aWR0aD0iMSIgaGVpZ2h0PSIxIiB4bWxucz0iaHR0cDovL3d3dy53My5vcmcvMjAwMC9zdmciPjwvc3ZnPg==\" \/><img decoding=\"async\" class=\"detail-desc-decorate-image lazyload\" data-src=\"https:\/\/ae01.alicdn.com\/kf\/Sa1aaee5748a84d33aa2c91c856a443bfL.jpg\" slate-data-type=\"image\" src=\"data:image\/svg+xml;base64,PHN2ZyB3aWR0aD0iMSIgaGVpZ2h0PSIxIiB4bWxucz0iaHR0cDovL3d3dy53My5vcmcvMjAwMC9zdmciPjwvc3ZnPg==\" \/><\/div>\n<p style=\"font-size:20px;font-weight:800;text-align:left;color:rgb(50, 50, 51);display:block;width:100%\" align=\"left\">Daugiafunkcin\u0117 lentel\u0117 atsispaudimams ir treniruot\u0117ms \u2013 nam\u0173 treniruoklis kr\u016btin\u0117s ir pilvo raumenims<\/p>\n<p style=\"font-size:14px;font-weight:400;text-align:left;color:rgb(67, 70, 73);display:block;width:100%\" align=\"left\">Apra\u0161ymas:<br \/>1. \u0160is nam\u0173 treniruoklis gali \u012ftraukti raumen\u0173 grupes visame j\u016bs\u0173 k\u016bne, gerindamas j\u0117g\u0105, lankstum\u0105 ir pusiausvyr\u0105, ma\u017eindamas pilvo riebalus ir ma\u017eindamas stres\u0105. Be to, jis turi mink\u0161tas kont\u016brin\u0117s formos pagalv\u0117les ir neslystan\u010dias patogias rankenas, pagamintas i\u0161 TPR med\u017eiagos, kuri\u0105 lengva suimti ir kuri sugeria prakait\u0105, tod\u0117l gali suteikti jums patogi\u0105 treniruot\u0117s patirt\u012f.<br \/>2. Jis gali b\u016bti naudojamas atliekant plank\u0105, treniruojant kr\u016btin\u0117s, nugaros, pe\u010di\u0173 ir rank\u0173 raumenis bei gerinant k\u016bno koordinacij\u0105.<br \/>3. \u0160is treniruoklis turi neslystan\u010di\u0105 ir \u012fbr\u0117\u017eimams atspari\u0105 konstrukcij\u0105, u\u017etikrinan\u010di\u0105 j\u016bs\u0173 saugum\u0105 treniruo\u010di\u0173 metu, taip pat apsaugan\u010di\u0105 visus grind\u0173 pavir\u0161ius, pvz., kilim\u0105, med\u012f ir beton\u0105, nuo bet koki\u0173 pa\u017eeidim\u0173, pvz., \u012fbr\u0117\u017eim\u0173 ir \u012fdr\u0117skim\u0173. Jis turi ergonomi\u0161k\u0105 dizain\u0105, gali padidinti vietini\u0173 raumen\u0173 j\u0117g\u0105, i\u0161taisyti jud\u0117jimo laikysen\u0105 ir formuoti vir\u0161utini\u0173 gal\u016bni\u0173 raumen\u0173 linijas.<br \/>4. (pasirinktinai) \u0160is treniruoklis yra \u012frengtas laiko rodymo ekranu, turi pa\u017eangias skai\u010diavimo ir laiko matavimo funkcijas, kurios leid\u017eia tiksliai kontroliuoti treniruot\u0117s trukm\u0119, padeda vartotojams treniruotis reguliariai ir kiekybi\u0161kai bei veiksmingai formuoti gra\u017ei\u0105 fig\u016br\u0105. Be to, plot\u012f galima reguliuoti ir i\u0161pl\u0117sti iki 33\u201344 cm, tod\u0117l gal\u0117site treniruotis efektyviau ir patogiau.<br \/>5. \u0160ios grind\u0173 atsispaudim\u0173 rankenos yra ma\u017eos, neu\u017eima daug vietos ir pagamintos i\u0161 PP med\u017eiagos, kuri yra lengva ir lengvai transportuojama bet kur, kad gal\u0117tum\u0117te greitai ir smagiai treniruotis namuose, sporto sal\u0117je ar biure be jokio montavimo. Jos pad\u0117s jums pasiekti auk\u0161\u010diausi\u0105 raumen\u0173 treniravimo lyg\u012f savo nam\u0173 privatumoje.<\/p>\n<p>Specifikacijos:<br \/>Produkto med\u017eiaga: ABS<br \/>Ranken\u0173 med\u017eiaga: TPR<br \/>Produkto matmenys: 59 * 31 * 11 cm<br \/>Produkto spalva: balta \/ juoda (pasirenkama)<br \/>Produkto paskirtis: Pa\u017eangus skai\u010diavimas, moksli\u0161kai pagr\u012fsti pratimai<br \/>\u012etempimo virv\u0117, plok\u0161\u010dia atrama, atramin\u0117 plok\u0161t\u0117 gulint 3-in-1<br \/>Keli neslystantys pad\u0117klai, tvirtas sukibimas be slydimo<br \/>Pe\u010di\u0173, kr\u016btin\u0117s, pilvo, nugaros, klub\u0173 ir apatini\u0173 gal\u016bni\u0173 raumen\u0173 treniruot\u0117<br \/>Pastaba:<br \/>1. D\u0117l rankinio matavimo galimi 1\u20132 cm nuokrypiai.<br \/>2. D\u0117l ap\u0161vietimo ir ekrano skirtum\u0173 prek\u0117s spalva gali \u0161iek tiek skirtis nuo nuotraukose pateiktos.<\/p>\n<\/div>\n<\/p>\n<div class=\"detailmodule_image\"><img decoding=\"async\" class=\"detail-desc-decorate-image lazyload\" data-src=\"https:\/\/ae01.alicdn.com\/kf\/Sefbd09e164fc4fec8fd2ab0bdc25fe587.jpg\" slate-data-type=\"image\" src=\"data:image\/svg+xml;base64,PHN2ZyB3aWR0aD0iMSIgaGVpZ2h0PSIxIiB4bWxucz0iaHR0cDovL3d3dy53My5vcmcvMjAwMC9zdmciPjwvc3ZnPg==\" \/><img decoding=\"async\" class=\"detail-desc-decorate-image lazyload\" data-src=\"https:\/\/ae01.alicdn.com\/kf\/S019c0423b4ff4067b698b95adaf6afa04.jpg\" slate-data-type=\"image\" src=\"data:image\/svg+xml;base64,PHN2ZyB3aWR0aD0iMSIgaGVpZ2h0PSIxIiB4bWxucz0iaHR0cDovL3d3dy53My5vcmcvMjAwMC9zdmciPjwvc3ZnPg==\" \/><img decoding=\"async\" class=\"detail-desc-decorate-image lazyload\" data-src=\"https:\/\/ae01.alicdn.com\/kf\/Sb3c9dc2b04fc4da9965c050d1fe5f4427.jpg\" slate-data-type=\"image\" src=\"data:image\/svg+xml;base64,PHN2ZyB3aWR0aD0iMSIgaGVpZ2h0PSIxIiB4bWxucz0iaHR0cDovL3d3dy53My5vcmcvMjAwMC9zdmciPjwvc3ZnPg==\" \/><img decoding=\"async\" class=\"detail-desc-decorate-image lazyload\" data-src=\"https:\/\/ae01.alicdn.com\/kf\/S6f691285acc54f0fbc1d8db011983f32d.jpg\" slate-data-type=\"image\" src=\"data:image\/svg+xml;base64,PHN2ZyB3aWR0aD0iMSIgaGVpZ2h0PSIxIiB4bWxucz0iaHR0cDovL3d3dy53My5vcmcvMjAwMC9zdmciPjwvc3ZnPg==\" \/><img decoding=\"async\" class=\"detail-desc-decorate-image lazyload\" data-src=\"https:\/\/ae01.alicdn.com\/kf\/S8857294982d84058880249ece116c23ff.jpg\" slate-data-type=\"image\" src=\"data:image\/svg+xml;base64,PHN2ZyB3aWR0aD0iMSIgaGVpZ2h0PSIxIiB4bWxucz0iaHR0cDovL3d3dy53My5vcmcvMjAwMC9zdmciPjwvc3ZnPg==\" \/><img decoding=\"async\" class=\"detail-desc-decorate-image lazyload\" data-src=\"https:\/\/ae01.alicdn.com\/kf\/Seb662436e0e3477082c4da7af184747c2.jpg\" slate-data-type=\"image\" src=\"data:image\/svg+xml;base64,PHN2ZyB3aWR0aD0iMSIgaGVpZ2h0PSIxIiB4bWxucz0iaHR0cDovL3d3dy53My5vcmcvMjAwMC9zdmciPjwvc3ZnPg==\" \/><img decoding=\"async\" class=\"detail-desc-decorate-image lazyload\" data-src=\"https:\/\/ae01.alicdn.com\/kf\/S8e1efce1c9814bdcb48ad84153df3d38N.jpg\" slate-data-type=\"image\" src=\"data:image\/svg+xml;base64,PHN2ZyB3aWR0aD0iMSIgaGVpZ2h0PSIxIiB4bWxucz0iaHR0cDovL3d3dy53My5vcmcvMjAwMC9zdmciPjwvc3ZnPg==\" \/><img decoding=\"async\" class=\"detail-desc-decorate-image lazyload\" data-src=\"https:\/\/ae01.alicdn.com\/kf\/Se2ca23f3d5ea45b4b859bddefbb6f254h.jpg\" slate-data-type=\"image\" src=\"data:image\/svg+xml;base64,PHN2ZyB3aWR0aD0iMSIgaGVpZ2h0PSIxIiB4bWxucz0iaHR0cDovL3d3dy53My5vcmcvMjAwMC9zdmciPjwvc3ZnPg==\" \/><img decoding=\"async\" class=\"detail-desc-decorate-image lazyload\" data-src=\"https:\/\/ae01.alicdn.com\/kf\/S8d94127948d34017ab64b6b5ba9cca5c8.jpg\" slate-data-type=\"image\" src=\"data:image\/svg+xml;base64,PHN2ZyB3aWR0aD0iMSIgaGVpZ2h0PSIxIiB4bWxucz0iaHR0cDovL3d3dy53My5vcmcvMjAwMC9zdmciPjwvc3ZnPg==\" \/><img decoding=\"async\" class=\"detail-desc-decorate-image lazyload\" data-src=\"https:\/\/ae01.alicdn.com\/kf\/S2a22d58e221a46be95b6d59618bca9b1J.jpg\" slate-data-type=\"image\" src=\"data:image\/svg+xml;base64,PHN2ZyB3aWR0aD0iMSIgaGVpZ2h0PSIxIiB4bWxucz0iaHR0cDovL3d3dy53My5vcmcvMjAwMC9zdmciPjwvc3ZnPg==\" \/><\/div>\n<div class=\"detailmodule_image\"><img decoding=\"async\" class=\"detail-desc-decorate-image lazyload\" data-src=\"https:\/\/ae01.alicdn.com\/kf\/Sc9bd65ea5166496898fdc23633c12760b.jpg\" slate-data-type=\"image\" src=\"data:image\/svg+xml;base64,PHN2ZyB3aWR0aD0iMSIgaGVpZ2h0PSIxIiB4bWxucz0iaHR0cDovL3d3dy53My5vcmcvMjAwMC9zdmciPjwvc3ZnPg==\" \/><img decoding=\"async\" class=\"detail-desc-decorate-image lazyload\" data-src=\"https:\/\/ae01.alicdn.com\/kf\/S2c31b58e2afa45a48ce89fc0c50f0848G.jpg\" slate-data-type=\"image\" src=\"data:image\/svg+xml;base64,PHN2ZyB3aWR0aD0iMSIgaGVpZ2h0PSIxIiB4bWxucz0iaHR0cDovL3d3dy53My5vcmcvMjAwMC9zdmciPjwvc3ZnPg==\" \/><img decoding=\"async\" class=\"detail-desc-decorate-image lazyload\" data-src=\"https:\/\/ae01.alicdn.com\/kf\/S917837112bb94576ae4dbefa67347ea0C.jpg\" slate-data-type=\"image\" src=\"data:image\/svg+xml;base64,PHN2ZyB3aWR0aD0iMSIgaGVpZ2h0PSIxIiB4bWxucz0iaHR0cDovL3d3dy53My5vcmcvMjAwMC9zdmciPjwvc3ZnPg==\" \/><img decoding=\"async\" class=\"detail-desc-decorate-image lazyload\" data-src=\"https:\/\/ae01.alicdn.com\/kf\/S4522349318654c4ab60195d502096528e.jpg\" slate-data-type=\"image\" src=\"data:image\/svg+xml;base64,PHN2ZyB3aWR0aD0iMSIgaGVpZ2h0PSIxIiB4bWxucz0iaHR0cDovL3d3dy53My5vcmcvMjAwMC9zdmciPjwvc3ZnPg==\" \/><img decoding=\"async\" class=\"detail-desc-decorate-image lazyload\" data-src=\"https:\/\/ae01.alicdn.com\/kf\/S9e2d42a22b514485aa0add3af8c7fd35W.jpg\" slate-data-type=\"image\" src=\"data:image\/svg+xml;base64,PHN2ZyB3aWR0aD0iMSIgaGVpZ2h0PSIxIiB4bWxucz0iaHR0cDovL3d3dy53My5vcmcvMjAwMC9zdmciPjwvc3ZnPg==\" \/><img decoding=\"async\" class=\"detail-desc-decorate-image lazyload\" data-src=\"https:\/\/ae01.alicdn.com\/kf\/S40341c662d3743a9836f178115cbbea9U.jpg\" slate-data-type=\"image\" src=\"data:image\/svg+xml;base64,PHN2ZyB3aWR0aD0iMSIgaGVpZ2h0PSIxIiB4bWxucz0iaHR0cDovL3d3dy53My5vcmcvMjAwMC9zdmciPjwvc3ZnPg==\" \/><img decoding=\"async\" class=\"detail-desc-decorate-image lazyload\" data-src=\"https:\/\/ae01.alicdn.com\/kf\/S368e9a9a914e4613ae652e416aa84f5eL.jpg\" slate-data-type=\"image\" src=\"data:image\/svg+xml;base64,PHN2ZyB3aWR0aD0iMSIgaGVpZ2h0PSIxIiB4bWxucz0iaHR0cDovL3d3dy53My5vcmcvMjAwMC9zdmciPjwvc3ZnPg==\" \/><img decoding=\"async\" class=\"detail-desc-decorate-image lazyload\" data-src=\"https:\/\/ae01.alicdn.com\/kf\/S28a59c97d0374ea4bd17255d2861c5203.jpg\" slate-data-type=\"image\" src=\"data:image\/svg+xml;base64,PHN2ZyB3aWR0aD0iMSIgaGVpZ2h0PSIxIiB4bWxucz0iaHR0cDovL3d3dy53My5vcmcvMjAwMC9zdmciPjwvc3ZnPg==\" \/><img decoding=\"async\" class=\"detail-desc-decorate-image lazyload\" data-src=\"https:\/\/ae01.alicdn.com\/kf\/Sed380f8542ba4f12a13ab280746e1f1a4.jpg\" slate-data-type=\"image\" src=\"data:image\/svg+xml;base64,PHN2ZyB3aWR0aD0iMSIgaGVpZ2h0PSIxIiB4bWxucz0iaHR0cDovL3d3dy53My5vcmcvMjAwMC9zdmciPjwvc3ZnPg==\" \/><img decoding=\"async\" class=\"detail-desc-decorate-image lazyload\" data-src=\"https:\/\/ae01.alicdn.com\/kf\/S0ca95360d94e4c208851d1ee1d0b1e86x.jpg\" slate-data-type=\"image\" src=\"data:image\/svg+xml;base64,PHN2ZyB3aWR0aD0iMSIgaGVpZ2h0PSIxIiB4bWxucz0iaHR0cDovL3d3dy53My5vcmcvMjAwMC9zdmciPjwvc3ZnPg==\" \/><\/div>\n<p><\/p>\n<p><img decoding=\"async\" class=\"img-responsive lazyload\" data-src=\"\/\/ae01.alicdn.com\/kf\/S3e448eacbf394ac59dc47cfde240b625t.jpg\" src=\"data:image\/svg+xml;base64,PHN2ZyB3aWR0aD0iMSIgaGVpZ2h0PSIxIiB4bWxucz0iaHR0cDovL3d3dy53My5vcmcvMjAwMC9zdmciPjwvc3ZnPg==\" \/><img decoding=\"async\" class=\"img-responsive lazyload\" data-src=\"\/\/ae01.alicdn.com\/kf\/S0cb2e8c42f1940adb3dcd54e2ad31997L.jpg\" src=\"data:image\/svg+xml;base64,PHN2ZyB3aWR0aD0iMSIgaGVpZ2h0PSIxIiB4bWxucz0iaHR0cDovL3d3dy53My5vcmcvMjAwMC9zdmciPjwvc3ZnPg==\" \/><img decoding=\"async\" class=\"img-responsive lazyload\" data-src=\"\/\/ae01.alicdn.com\/kf\/Sba89a3ddf9e542f7bb2733c3ff5e742dZ.jpg\" src=\"data:image\/svg+xml;base64,PHN2ZyB3aWR0aD0iMSIgaGVpZ2h0PSIxIiB4bWxucz0iaHR0cDovL3d3dy53My5vcmcvMjAwMC9zdmciPjwvc3ZnPg==\" \/><img decoding=\"async\" class=\"img-responsive lazyload\" data-src=\"\/\/ae01.alicdn.com\/kf\/Sf6dabce0f8654dfbb568c626cec365156.jpg\" src=\"data:image\/svg+xml;base64,PHN2ZyB3aWR0aD0iMSIgaGVpZ2h0PSIxIiB4bWxucz0iaHR0cDovL3d3dy53My5vcmcvMjAwMC9zdmciPjwvc3ZnPg==\" \/><img decoding=\"async\" class=\"img-responsive lazyload\" data-src=\"\/\/ae01.alicdn.com\/kf\/S2c21226f0e4e4bf5949ad07a8440ce8db.jpg\" src=\"data:image\/svg+xml;base64,PHN2ZyB3aWR0aD0iMSIgaGVpZ2h0PSIxIiB4bWxucz0iaHR0cDovL3d3dy53My5vcmcvMjAwMC9zdmciPjwvc3ZnPg==\" \/><img decoding=\"async\" class=\"img-responsive lazyload\" data-src=\"\/\/ae01.alicdn.com\/kf\/Sf73dcd57a60d4d07b11311e803a5238fl.jpg\" src=\"data:image\/svg+xml;base64,PHN2ZyB3aWR0aD0iMSIgaGVpZ2h0PSIxIiB4bWxucz0iaHR0cDovL3d3dy53My5vcmcvMjAwMC9zdmciPjwvc3ZnPg==\" \/><img decoding=\"async\" class=\"img-responsive lazyload\" data-src=\"\/\/ae01.alicdn.com\/kf\/Sa1aaee5748a84d33aa2c91c856a443bfL.jpg\" src=\"data:image\/svg+xml;base64,PHN2ZyB3aWR0aD0iMSIgaGVpZ2h0PSIxIiB4bWxucz0iaHR0cDovL3d3dy53My5vcmcvMjAwMC9zdmciPjwvc3ZnPg==\" \/><img decoding=\"async\" class=\"img-responsive lazyload\" data-src=\"\/\/ae01.alicdn.com\/kf\/Sefbd09e164fc4fec8fd2ab0bdc25fe587.jpg\" src=\"data:image\/svg+xml;base64,PHN2ZyB3aWR0aD0iMSIgaGVpZ2h0PSIxIiB4bWxucz0iaHR0cDovL3d3dy53My5vcmcvMjAwMC9zdmciPjwvc3ZnPg==\" \/><img decoding=\"async\" class=\"img-responsive lazyload\" data-src=\"\/\/ae01.alicdn.com\/kf\/S019c0423b4ff4067b698b95adaf6afa04.jpg\" src=\"data:image\/svg+xml;base64,PHN2ZyB3aWR0aD0iMSIgaGVpZ2h0PSIxIiB4bWxucz0iaHR0cDovL3d3dy53My5vcmcvMjAwMC9zdmciPjwvc3ZnPg==\" \/><img decoding=\"async\" class=\"img-responsive lazyload\" data-src=\"\/\/ae01.alicdn.com\/kf\/Sb3c9dc2b04fc4da9965c050d1fe5f4427.jpg\" src=\"data:image\/svg+xml;base64,PHN2ZyB3aWR0aD0iMSIgaGVpZ2h0PSIxIiB4bWxucz0iaHR0cDovL3d3dy53My5vcmcvMjAwMC9zdmciPjwvc3ZnPg==\" \/><img decoding=\"async\" class=\"img-responsive lazyload\" data-src=\"\/\/ae01.alicdn.com\/kf\/S6f691285acc54f0fbc1d8db011983f32d.jpg\" src=\"data:image\/svg+xml;base64,PHN2ZyB3aWR0aD0iMSIgaGVpZ2h0PSIxIiB4bWxucz0iaHR0cDovL3d3dy53My5vcmcvMjAwMC9zdmciPjwvc3ZnPg==\" \/><img decoding=\"async\" class=\"img-responsive lazyload\" data-src=\"\/\/ae01.alicdn.com\/kf\/S8857294982d84058880249ece116c23ff.jpg\" src=\"data:image\/svg+xml;base64,PHN2ZyB3aWR0aD0iMSIgaGVpZ2h0PSIxIiB4bWxucz0iaHR0cDovL3d3dy53My5vcmcvMjAwMC9zdmciPjwvc3ZnPg==\" \/><img decoding=\"async\" class=\"img-responsive lazyload\" data-src=\"\/\/ae01.alicdn.com\/kf\/Seb662436e0e3477082c4da7af184747c2.jpg\" src=\"data:image\/svg+xml;base64,PHN2ZyB3aWR0aD0iMSIgaGVpZ2h0PSIxIiB4bWxucz0iaHR0cDovL3d3dy53My5vcmcvMjAwMC9zdmciPjwvc3ZnPg==\" \/><img decoding=\"async\" class=\"img-responsive lazyload\" data-src=\"\/\/ae01.alicdn.com\/kf\/S8e1efce1c9814bdcb48ad84153df3d38N.jpg\" src=\"data:image\/svg+xml;base64,PHN2ZyB3aWR0aD0iMSIgaGVpZ2h0PSIxIiB4bWxucz0iaHR0cDovL3d3dy53My5vcmcvMjAwMC9zdmciPjwvc3ZnPg==\" \/><img decoding=\"async\" class=\"img-responsive lazyload\" data-src=\"\/\/ae01.alicdn.com\/kf\/Se2ca23f3d5ea45b4b859bddefbb6f254h.jpg\" src=\"data:image\/svg+xml;base64,PHN2ZyB3aWR0aD0iMSIgaGVpZ2h0PSIxIiB4bWxucz0iaHR0cDovL3d3dy53My5vcmcvMjAwMC9zdmciPjwvc3ZnPg==\" \/><img decoding=\"async\" class=\"img-responsive lazyload\" data-src=\"\/\/ae01.alicdn.com\/kf\/S8d94127948d34017ab64b6b5ba9cca5c8.jpg\" src=\"data:image\/svg+xml;base64,PHN2ZyB3aWR0aD0iMSIgaGVpZ2h0PSIxIiB4bWxucz0iaHR0cDovL3d3dy53My5vcmcvMjAwMC9zdmciPjwvc3ZnPg==\" \/><img decoding=\"async\" class=\"img-responsive lazyload\" data-src=\"\/\/ae01.alicdn.com\/kf\/S2a22d58e221a46be95b6d59618bca9b1J.jpg\" src=\"data:image\/svg+xml;base64,PHN2ZyB3aWR0aD0iMSIgaGVpZ2h0PSIxIiB4bWxucz0iaHR0cDovL3d3dy53My5vcmcvMjAwMC9zdmciPjwvc3ZnPg==\" \/><img decoding=\"async\" class=\"img-responsive lazyload\" data-src=\"\/\/ae01.alicdn.com\/kf\/Sc9bd65ea5166496898fdc23633c12760b.jpg\" src=\"data:image\/svg+xml;base64,PHN2ZyB3aWR0aD0iMSIgaGVpZ2h0PSIxIiB4bWxucz0iaHR0cDovL3d3dy53My5vcmcvMjAwMC9zdmciPjwvc3ZnPg==\" \/><img decoding=\"async\" class=\"img-responsive lazyload\" data-src=\"\/\/ae01.alicdn.com\/kf\/S2c31b58e2afa45a48ce89fc0c50f0848G.jpg\" src=\"data:image\/svg+xml;base64,PHN2ZyB3aWR0aD0iMSIgaGVpZ2h0PSIxIiB4bWxucz0iaHR0cDovL3d3dy53My5vcmcvMjAwMC9zdmciPjwvc3ZnPg==\" \/><img decoding=\"async\" class=\"img-responsive lazyload\" data-src=\"\/\/ae01.alicdn.com\/kf\/S917837112bb94576ae4dbefa67347ea0C.jpg\" src=\"data:image\/svg+xml;base64,PHN2ZyB3aWR0aD0iMSIgaGVpZ2h0PSIxIiB4bWxucz0iaHR0cDovL3d3dy53My5vcmcvMjAwMC9zdmciPjwvc3ZnPg==\" \/><img decoding=\"async\" class=\"img-responsive lazyload\" data-src=\"\/\/ae01.alicdn.com\/kf\/S4522349318654c4ab60195d502096528e.jpg\" src=\"data:image\/svg+xml;base64,PHN2ZyB3aWR0aD0iMSIgaGVpZ2h0PSIxIiB4bWxucz0iaHR0cDovL3d3dy53My5vcmcvMjAwMC9zdmciPjwvc3ZnPg==\" \/><img decoding=\"async\" class=\"img-responsive lazyload\" data-src=\"\/\/ae01.alicdn.com\/kf\/S9e2d42a22b514485aa0add3af8c7fd35W.jpg\" src=\"data:image\/svg+xml;base64,PHN2ZyB3aWR0aD0iMSIgaGVpZ2h0PSIxIiB4bWxucz0iaHR0cDovL3d3dy53My5vcmcvMjAwMC9zdmciPjwvc3ZnPg==\" \/><img decoding=\"async\" class=\"img-responsive lazyload\" data-src=\"\/\/ae01.alicdn.com\/kf\/S40341c662d3743a9836f178115cbbea9U.jpg\" src=\"data:image\/svg+xml;base64,PHN2ZyB3aWR0aD0iMSIgaGVpZ2h0PSIxIiB4bWxucz0iaHR0cDovL3d3dy53My5vcmcvMjAwMC9zdmciPjwvc3ZnPg==\" \/><img decoding=\"async\" class=\"img-responsive lazyload\" data-src=\"\/\/ae01.alicdn.com\/kf\/S368e9a9a914e4613ae652e416aa84f5eL.jpg\" src=\"data:image\/svg+xml;base64,PHN2ZyB3aWR0aD0iMSIgaGVpZ2h0PSIxIiB4bWxucz0iaHR0cDovL3d3dy53My5vcmcvMjAwMC9zdmciPjwvc3ZnPg==\" \/><img decoding=\"async\" class=\"img-responsive lazyload\" data-src=\"\/\/ae01.alicdn.com\/kf\/S28a59c97d0374ea4bd17255d2861c5203.jpg\" src=\"data:image\/svg+xml;base64,PHN2ZyB3aWR0aD0iMSIgaGVpZ2h0PSIxIiB4bWxucz0iaHR0cDovL3d3dy53My5vcmcvMjAwMC9zdmciPjwvc3ZnPg==\" \/><img decoding=\"async\" class=\"img-responsive lazyload\" data-src=\"\/\/ae01.alicdn.com\/kf\/Sed380f8542ba4f12a13ab280746e1f1a4.jpg\" src=\"data:image\/svg+xml;base64,PHN2ZyB3aWR0aD0iMSIgaGVpZ2h0PSIxIiB4bWxucz0iaHR0cDovL3d3dy53My5vcmcvMjAwMC9zdmciPjwvc3ZnPg==\" \/><img decoding=\"async\" class=\"img-responsive lazyload\" data-src=\"\/\/ae01.alicdn.com\/kf\/S0ca95360d94e4c208851d1ee1d0b1e86x.jpg\" src=\"data:image\/svg+xml;base64,PHN2ZyB3aWR0aD0iMSIgaGVpZ2h0PSIxIiB4bWxucz0iaHR0cDovL3d3dy53My5vcmcvMjAwMC9zdmciPjwvc3ZnPg==\" \/><\/p>","protected":false},"excerpt":{"rendered":"<p>Daugiafunkcin\u0117 lentel\u0117 atsispaudimams ir treniruot\u0117ms \u2013 nam\u0173 treniruoklis kr\u016btin\u0117s ir pilvo raumenims Apra\u0161ymas:1. \u0160is nam\u0173 treniruoklis gali \u012ftraukti raumen\u0173 grupes visame j\u016bs\u0173 k\u016bne, gerindamas j\u0117g\u0105, lankstum\u0105 ir pusiausvyr\u0105, ma\u017eindamas pilvo riebalus ir ma\u017eindamas stres\u0105. Be to, jis turi mink\u0161tas kont\u016brin\u0117s formos pagalv\u0117les ir neslystan\u010dias patogias rankenas, pagamintas i\u0161 TPR med\u017eiagos, kuri\u0105 lengva suimti ir kuri [&hellip;]<\/p>\n","protected":false},"featured_media":1049,"comment_status":"open","ping_status":"closed","template":"","meta":[],"product_brand":[],"product_cat":[26],"product_tag":[],"class_list":{"0":"post-1048","1":"product","2":"type-product","3":"status-publish","4":"has-post-thumbnail","6":"product_cat-pramogos-ir-sportas","7":"pa_color-white-counttime","8":"pa_color-white-time","9":"pa_color-white-counttimerope","10":"pa_color-white-time-rope","11":"pa_color-gray-time-rope","12":"pa_color-grey-timecountrope","13":"pa_color-gray-time","14":"pa_color-grey-timecount","16":"first","17":"instock","18":"sale","19":"shipping-taxable","20":"purchasable","21":"product-type-variable"},"_links":{"self":[{"href":"https:\/\/topsmart.store\/en\/wp-json\/wp\/v2\/product\/1048","targetHints":{"allow":["GET"]}}],"collection":[{"href":"https:\/\/topsmart.store\/en\/wp-json\/wp\/v2\/product"}],"about":[{"href":"https:\/\/topsmart.store\/en\/wp-json\/wp\/v2\/types\/product"}],"replies":[{"embeddable":true,"href":"https:\/\/topsmart.store\/en\/wp-json\/wp\/v2\/comments?post=1048"}],"wp:featuredmedia":[{"embeddable":true,"href":"https:\/\/topsmart.store\/en\/wp-json\/wp\/v2\/media\/1049"}],"wp:attachment":[{"href":"https:\/\/topsmart.store\/en\/wp-json\/wp\/v2\/media?parent=1048"}],"wp:term":[{"taxonomy":"product_brand","embeddable":true,"href":"https:\/\/topsmart.store\/en\/wp-json\/wp\/v2\/product_brand?post=1048"},{"taxonomy":"product_cat","embeddable":true,"href":"https:\/\/topsmart.store\/en\/wp-json\/wp\/v2\/product_cat?post=1048"},{"taxonomy":"product_tag","embeddable":true,"href":"https:\/\/topsmart.store\/en\/wp-json\/wp\/v2\/product_tag?post=1048"}],"curies":[{"name":"wp","href":"https:\/\/api.w.org\/{rel}","templated":true}]}}