{"id":1207,"date":"2026-04-10T20:49:14","date_gmt":"2026-04-10T18:49:14","guid":{"rendered":"https:\/\/topsmart.store\/product\/silicone-kitchenware-with-wooden-handle\/"},"modified":"2026-04-11T11:41:24","modified_gmt":"2026-04-11T09:41:24","slug":"silicone-kitchenware-with-wooden-handle","status":"publish","type":"product","link":"https:\/\/topsmart.store\/en\/product\/silicone-kitchenware-with-wooden-handle\/","title":{"rendered":"Silicone Kitchenware With Wooden Handle"},"content":{"rendered":"<p> <b> Ap\u017evalga:   <br \/><\/b>100 % naujas ir auk\u0161tos kokyb\u0117s<br \/>Paprastas naudoti, saugus ir patikimas. <\/p>\n<p> <b> Savyb\u0117s:<br \/><\/b><\/p>\n<p> 1. Atsparumas kar\u0161\u010diui: visi indai atlaiko temperat\u016br\u0105 nuo -40 iki 230 laipsni\u0173 Celsijaus.<br \/>2. Naudojimas: mikrobang\u0173 krosnel\u0117, skrudintuvas, indaplov\u0117, garintuvas. Juos taip pat galima virti ir sterilizuoti.<br \/>3. Lengvai valomi: skirtingai nuo daugumos kit\u0173 plon\u0173 ir trap\u0173 silikonini\u0173 virtuv\u0117s reikmen\u0173, \u0161is kokybi\u0161kas nailono pagrindas suteikia silikoniniams reikmenims tvirtumo. Juos lengva valyti \u2013 tiesiog nuvalykite \u0161iltu vandeniu arba \u012fd\u0117kite \u012f indaplov\u0119.<br \/>4. Silikonini\u0173 virtuv\u0117s reikmen\u0173 rinkinys \u2013 tai virtuv\u0117s pagalbininkas, puikiai tinkantis vis\u0173 r\u016b\u0161i\u0173 maistui ir maisto gaminimui: kepimui, grietin\u0117l\u0117s, sviesto, led\u0173 mai\u0161ymui ir kt. <\/p>\n<p> <b>Patarimai: Silikonas gali atlaikyti auk\u0161t\u0105 temperat\u016br\u0105 iki 220 laipsni\u0173 Celsijaus<\/b><\/p>\n<p> <font style=\"vertical-align: inherit\"> <font style=\"vertical-align: inherit\"> Produkto informacija:<br \/><\/font> <\/font> <\/p>\n<p> Prek\u0117s tipas: Virtuv\u0117s \u012franki\u0173 rinkinys<br \/>Med\u017eiaga: Silikonas ir medis<br \/>Spalva: \u017ealia<br \/>Tinka: Maisto gaminimui, kepimui ir kt.<span style=\"font-weight: bold\"><br \/><\/span><br \/><span style=\"font-weight: bold\">Pakuot\u0117s turinys: <\/span> <\/p>\n<p>1 x virtuv\u0117s reikmenys\u00a0<\/p>\n<p> <img decoding=\"async\" data-src=\"https:\/\/oss-cf.cjdropshipping.com\/product\/2025\/08\/06\/08\/daa4ea20-7698-47dd-9fcd-ac2011785f7c.jpg\" src=\"data:image\/svg+xml;base64,PHN2ZyB3aWR0aD0iMSIgaGVpZ2h0PSIxIiB4bWxucz0iaHR0cDovL3d3dy53My5vcmcvMjAwMC9zdmciPjwvc3ZnPg==\" class=\"lazyload\"> <\/p>\n<p> <\/p>\n<p> <\/p>\n<p> <img decoding=\"async\" data-src=\"https:\/\/cf.cjdropshipping.com\/17200512\/2407040945560327100.jpg\" src=\"data:image\/svg+xml;base64,PHN2ZyB3aWR0aD0iMSIgaGVpZ2h0PSIxIiB4bWxucz0iaHR0cDovL3d3dy53My5vcmcvMjAwMC9zdmciPjwvc3ZnPg==\" class=\"lazyload\"> <img decoding=\"async\" data-src=\"https:\/\/cf.cjdropshipping.com\/17200512\/2407040945560327600.jpg\" src=\"data:image\/svg+xml;base64,PHN2ZyB3aWR0aD0iMSIgaGVpZ2h0PSIxIiB4bWxucz0iaHR0cDovL3d3dy53My5vcmcvMjAwMC9zdmciPjwvc3ZnPg==\" class=\"lazyload\"> <img decoding=\"async\" data-src=\"https:\/\/cf.cjdropshipping.com\/17200512\/2407040945560328100.jpg\" src=\"data:image\/svg+xml;base64,PHN2ZyB3aWR0aD0iMSIgaGVpZ2h0PSIxIiB4bWxucz0iaHR0cDovL3d3dy53My5vcmcvMjAwMC9zdmciPjwvc3ZnPg==\" class=\"lazyload\"> <img decoding=\"async\" data-src=\"https:\/\/cf.cjdropshipping.com\/17200512\/2407040945560328600.jpg\" src=\"data:image\/svg+xml;base64,PHN2ZyB3aWR0aD0iMSIgaGVpZ2h0PSIxIiB4bWxucz0iaHR0cDovL3d3dy53My5vcmcvMjAwMC9zdmciPjwvc3ZnPg==\" class=\"lazyload\"> <img decoding=\"async\" data-src=\"https:\/\/cf.cjdropshipping.com\/17200512\/2407040945560329200.jpg\" src=\"data:image\/svg+xml;base64,PHN2ZyB3aWR0aD0iMSIgaGVpZ2h0PSIxIiB4bWxucz0iaHR0cDovL3d3dy53My5vcmcvMjAwMC9zdmciPjwvc3ZnPg==\" class=\"lazyload\"> <img decoding=\"async\" data-src=\"https:\/\/cf.cjdropshipping.com\/17200512\/2407040945560329800.jpg\" src=\"data:image\/svg+xml;base64,PHN2ZyB3aWR0aD0iMSIgaGVpZ2h0PSIxIiB4bWxucz0iaHR0cDovL3d3dy53My5vcmcvMjAwMC9zdmciPjwvc3ZnPg==\" class=\"lazyload\"> <img decoding=\"async\" data-src=\"https:\/\/cf.cjdropshipping.com\/17200512\/2407040945570320500.jpg\" src=\"data:image\/svg+xml;base64,PHN2ZyB3aWR0aD0iMSIgaGVpZ2h0PSIxIiB4bWxucz0iaHR0cDovL3d3dy53My5vcmcvMjAwMC9zdmciPjwvc3ZnPg==\" class=\"lazyload\"> <img decoding=\"async\" data-src=\"https:\/\/cf.cjdropshipping.com\/17200512\/2407040945570321000.jpg\" src=\"data:image\/svg+xml;base64,PHN2ZyB3aWR0aD0iMSIgaGVpZ2h0PSIxIiB4bWxucz0iaHR0cDovL3d3dy53My5vcmcvMjAwMC9zdmciPjwvc3ZnPg==\" class=\"lazyload\"> <img decoding=\"async\" data-src=\"https:\/\/cf.cjdropshipping.com\/17200512\/2407040945570321700.jpg\" src=\"data:image\/svg+xml;base64,PHN2ZyB3aWR0aD0iMSIgaGVpZ2h0PSIxIiB4bWxucz0iaHR0cDovL3d3dy53My5vcmcvMjAwMC9zdmciPjwvc3ZnPg==\" class=\"lazyload\"> <img decoding=\"async\" data-src=\"https:\/\/cf.cjdropshipping.com\/17200512\/2407040945570322400.jpg\" src=\"data:image\/svg+xml;base64,PHN2ZyB3aWR0aD0iMSIgaGVpZ2h0PSIxIiB4bWxucz0iaHR0cDovL3d3dy53My5vcmcvMjAwMC9zdmciPjwvc3ZnPg==\" class=\"lazyload\"> <img decoding=\"async\" data-src=\"https:\/\/cf.cjdropshipping.com\/17200512\/2407040945570323000.jpg\" src=\"data:image\/svg+xml;base64,PHN2ZyB3aWR0aD0iMSIgaGVpZ2h0PSIxIiB4bWxucz0iaHR0cDovL3d3dy53My5vcmcvMjAwMC9zdmciPjwvc3ZnPg==\" class=\"lazyload\">  <\/p>\n<p> <img decoding=\"async\" data-src=\"https:\/\/cf.cjdropshipping.com\/17200512\/2407040945570323700.jpg\" src=\"data:image\/svg+xml;base64,PHN2ZyB3aWR0aD0iMSIgaGVpZ2h0PSIxIiB4bWxucz0iaHR0cDovL3d3dy53My5vcmcvMjAwMC9zdmciPjwvc3ZnPg==\" class=\"lazyload\"> <img decoding=\"async\" data-src=\"https:\/\/cf.cjdropshipping.com\/17200512\/2407040945570324300.jpg\" src=\"data:image\/svg+xml;base64,PHN2ZyB3aWR0aD0iMSIgaGVpZ2h0PSIxIiB4bWxucz0iaHR0cDovL3d3dy53My5vcmcvMjAwMC9zdmciPjwvc3ZnPg==\" class=\"lazyload\"> <\/p>\n<p> <img decoding=\"async\" data-src=\"https:\/\/cf.cjdropshipping.com\/17200512\/2407040945570324900.jpg\" width=\"30%\" src=\"data:image\/svg+xml;base64,PHN2ZyB3aWR0aD0iMSIgaGVpZ2h0PSIxIiB4bWxucz0iaHR0cDovL3d3dy53My5vcmcvMjAwMC9zdmciPjwvc3ZnPg==\" class=\"lazyload\"> <img decoding=\"async\" data-src=\"https:\/\/cf.cjdropshipping.com\/17200512\/2407040945570325500.jpg\" width=\"30%\" src=\"data:image\/svg+xml;base64,PHN2ZyB3aWR0aD0iMSIgaGVpZ2h0PSIxIiB4bWxucz0iaHR0cDovL3d3dy53My5vcmcvMjAwMC9zdmciPjwvc3ZnPg==\" class=\"lazyload\"> <img decoding=\"async\" data-src=\"https:\/\/cf.cjdropshipping.com\/17200512\/2407040945570326200.jpg\" src=\"data:image\/svg+xml;base64,PHN2ZyB3aWR0aD0iMSIgaGVpZ2h0PSIxIiB4bWxucz0iaHR0cDovL3d3dy53My5vcmcvMjAwMC9zdmciPjwvc3ZnPg==\" class=\"lazyload\">  <\/p>","protected":false},"excerpt":{"rendered":"<p>Ap\u017evalga: 100 % naujas ir auk\u0161tos kokyb\u0117sPaprastas naudoti, saugus ir patikimas. Savyb\u0117s: 1. Atsparumas kar\u0161\u010diui: visi indai atlaiko temperat\u016br\u0105 nuo -40 iki 230 laipsni\u0173 Celsijaus.2. Naudojimas: mikrobang\u0173 krosnel\u0117, skrudintuvas, indaplov\u0117, garintuvas. Juos taip pat galima virti ir sterilizuoti.3. Lengvai valomi: skirtingai nuo daugumos kit\u0173 plon\u0173 ir trap\u0173 silikonini\u0173 virtuv\u0117s reikmen\u0173, \u0161is kokybi\u0161kas nailono pagrindas suteikia [&hellip;]<\/p>\n","protected":false},"featured_media":1197,"comment_status":"open","ping_status":"closed","template":"","meta":[],"product_brand":[],"product_cat":[24],"product_tag":[],"class_list":{"0":"post-1207","1":"product","2":"type-product","3":"status-publish","4":"has-post-thumbnail","6":"product_cat-namu-apyvoka","8":"first","9":"instock","10":"shipping-taxable","11":"purchasable","12":"product-type-variable"},"_links":{"self":[{"href":"https:\/\/topsmart.store\/en\/wp-json\/wp\/v2\/product\/1207","targetHints":{"allow":["GET"]}}],"collection":[{"href":"https:\/\/topsmart.store\/en\/wp-json\/wp\/v2\/product"}],"about":[{"href":"https:\/\/topsmart.store\/en\/wp-json\/wp\/v2\/types\/product"}],"replies":[{"embeddable":true,"href":"https:\/\/topsmart.store\/en\/wp-json\/wp\/v2\/comments?post=1207"}],"wp:featuredmedia":[{"embeddable":true,"href":"https:\/\/topsmart.store\/en\/wp-json\/wp\/v2\/media\/1197"}],"wp:attachment":[{"href":"https:\/\/topsmart.store\/en\/wp-json\/wp\/v2\/media?parent=1207"}],"wp:term":[{"taxonomy":"product_brand","embeddable":true,"href":"https:\/\/topsmart.store\/en\/wp-json\/wp\/v2\/product_brand?post=1207"},{"taxonomy":"product_cat","embeddable":true,"href":"https:\/\/topsmart.store\/en\/wp-json\/wp\/v2\/product_cat?post=1207"},{"taxonomy":"product_tag","embeddable":true,"href":"https:\/\/topsmart.store\/en\/wp-json\/wp\/v2\/product_tag?post=1207"}],"curies":[{"name":"wp","href":"https:\/\/api.w.org\/{rel}","templated":true}]}}