{"id":1274,"date":"2026-04-10T20:52:34","date_gmt":"2026-04-10T18:52:34","guid":{"rendered":"https:\/\/topsmart.store\/product\/high-definition-noise-reduction-professional-recording-pen\/"},"modified":"2026-04-11T11:40:45","modified_gmt":"2026-04-11T09:40:45","slug":"high-definition-noise-reduction-professional-recording-pen","status":"publish","type":"product","link":"https:\/\/topsmart.store\/en\/product\/high-definition-noise-reduction-professional-recording-pen\/","title":{"rendered":"High Definition Noise Reduction Professional Recording Pen"},"content":{"rendered":"<p> <b>Produkto informacija:<\/b><br \/>Modelis: Q22 Prek\u0117s kodas<br \/>\u012era\u0161ymo re\u017eimas: \u012fra\u0161ymas vienu mygtuko paspaudimu<br \/>\u012era\u0161ymo formatas: WAV<br \/>\u012era\u0161ymo trukm\u0117: 1200 (minu\u010di\u0173)<br \/>Maksimalus \u012fra\u0161\u0173 skai\u010dius: 99<br \/>Atminties kortel\u0117s tipas: i\u0161pl\u0117timo kortel\u0117s nepalaikomos<br \/>Ekranas: LCD ekranas<br \/>Duomen\u0173 perdavimo s\u0105saja: USB 2.0<br \/>Mikrofonas: Taip  <br \/>Mikrofon\u0173 skai\u010dius: dviej\u0173 kryp\u010di\u0173<br \/>\u012era\u0161ymo atstumas: 5 m<br \/>\u012era\u0161ymas: Vaizdo \u012fra\u0161ymas nepalaikomas<br \/>Baterija: li\u010dio baterija<br \/>Korpuso med\u017eiaga: cinko lydinys + ABS<br \/>Produkto matmenys: 108x23x9,8 (mm)<br \/>Produkto svoris: 66,5 (g)<br \/>Tikslin\u0117 auditorija: visi \u017emon\u0117s<br \/>Dovanos paskirtis: Verslo dovanos tinka dovan\u0173 teikimo progoms<br \/>Prekybos mug\u0117s, darbuotoj\u0173 paskatinimai, jubiliej\u0173 \u0161vent\u0117s, verslo dovanos, atidarymo ceremonijos, vie\u0161\u0173j\u0173 ry\u0161i\u0173 planavimas<br \/>Individualizavimas: Taip<br \/>Gamybos metodas: OEM gamyba  <\/p>\n<p><b>Spalva: <\/b> Black  <\/p>\n<p>Talpa: 4 GB, 8 GB, 16 GB, 32 GB, pagal<\/p>\n<p>u\u017esakym\u0105   <b>Pakuot\u0117s s\u0105ra\u0161as:<\/b> \u00a0 <\/p>\n<p>1*pagrindinis \u012frenginys, 1*ausin\u0117s, 1*duomen\u0173 kabelis, 1* instrukcijos<\/p>\n<p> <img decoding=\"async\" data-src=\"https:\/\/cf.cjdropshipping.com\/9927e567-e504-489b-afd9-321c37721004.jpg\" src=\"data:image\/svg+xml;base64,PHN2ZyB3aWR0aD0iMSIgaGVpZ2h0PSIxIiB4bWxucz0iaHR0cDovL3d3dy53My5vcmcvMjAwMC9zdmciPjwvc3ZnPg==\" class=\"lazyload\"> <img decoding=\"async\" data-src=\"https:\/\/cf.cjdropshipping.com\/2da0edf2-87db-483a-88f0-0267e9ed3418.jpg\" src=\"data:image\/svg+xml;base64,PHN2ZyB3aWR0aD0iMSIgaGVpZ2h0PSIxIiB4bWxucz0iaHR0cDovL3d3dy53My5vcmcvMjAwMC9zdmciPjwvc3ZnPg==\" class=\"lazyload\"> <img decoding=\"async\" data-src=\"https:\/\/cf.cjdropshipping.com\/186d6383-c214-4185-945c-40c0b9a779b1.jpg\" src=\"data:image\/svg+xml;base64,PHN2ZyB3aWR0aD0iMSIgaGVpZ2h0PSIxIiB4bWxucz0iaHR0cDovL3d3dy53My5vcmcvMjAwMC9zdmciPjwvc3ZnPg==\" class=\"lazyload\"> <img decoding=\"async\" data-src=\"https:\/\/cf.cjdropshipping.com\/651a5907-f83f-452d-9d76-7ba939f67b0d.jpg\" src=\"data:image\/svg+xml;base64,PHN2ZyB3aWR0aD0iMSIgaGVpZ2h0PSIxIiB4bWxucz0iaHR0cDovL3d3dy53My5vcmcvMjAwMC9zdmciPjwvc3ZnPg==\" class=\"lazyload\"> <img decoding=\"async\" data-src=\"https:\/\/cf.cjdropshipping.com\/efcef68f-984b-41f2-a903-2aadf46d339f.jpg\" src=\"data:image\/svg+xml;base64,PHN2ZyB3aWR0aD0iMSIgaGVpZ2h0PSIxIiB4bWxucz0iaHR0cDovL3d3dy53My5vcmcvMjAwMC9zdmciPjwvc3ZnPg==\" class=\"lazyload\"> <img decoding=\"async\" data-src=\"https:\/\/cf.cjdropshipping.com\/694079d2-8d81-41f3-b55b-4391329f95f2.jpg\" src=\"data:image\/svg+xml;base64,PHN2ZyB3aWR0aD0iMSIgaGVpZ2h0PSIxIiB4bWxucz0iaHR0cDovL3d3dy53My5vcmcvMjAwMC9zdmciPjwvc3ZnPg==\" class=\"lazyload\">  <\/p>","protected":false},"excerpt":{"rendered":"<p>Produkto informacija:Modelis: Q22 Prek\u0117s kodas\u012era\u0161ymo re\u017eimas: \u012fra\u0161ymas vienu mygtuko paspaudimu\u012era\u0161ymo formatas: WAV\u012era\u0161ymo trukm\u0117: 1200 (minu\u010di\u0173)Maksimalus \u012fra\u0161\u0173 skai\u010dius: 99Atminties kortel\u0117s tipas: i\u0161pl\u0117timo kortel\u0117s nepalaikomosEkranas: LCD ekranasDuomen\u0173 perdavimo s\u0105saja: USB 2.0Mikrofonas: Taip Mikrofon\u0173 skai\u010dius: dviej\u0173 kryp\u010di\u0173\u012era\u0161ymo atstumas: 5 m\u012era\u0161ymas: Vaizdo \u012fra\u0161ymas nepalaikomasBaterija: li\u010dio baterijaKorpuso med\u017eiaga: cinko lydinys + ABSProdukto matmenys: 108x23x9,8 (mm)Produkto svoris: 66,5 (g)Tikslin\u0117 auditorija: visi [&hellip;]<\/p>\n","protected":false},"featured_media":1264,"comment_status":"open","ping_status":"closed","template":"","meta":[],"product_brand":[],"product_cat":[24],"product_tag":[],"class_list":{"0":"post-1274","1":"product","2":"type-product","3":"status-publish","4":"has-post-thumbnail","6":"product_cat-namu-apyvoka","8":"first","9":"instock","10":"shipping-taxable","11":"purchasable","12":"product-type-variable"},"_links":{"self":[{"href":"https:\/\/topsmart.store\/en\/wp-json\/wp\/v2\/product\/1274","targetHints":{"allow":["GET"]}}],"collection":[{"href":"https:\/\/topsmart.store\/en\/wp-json\/wp\/v2\/product"}],"about":[{"href":"https:\/\/topsmart.store\/en\/wp-json\/wp\/v2\/types\/product"}],"replies":[{"embeddable":true,"href":"https:\/\/topsmart.store\/en\/wp-json\/wp\/v2\/comments?post=1274"}],"wp:featuredmedia":[{"embeddable":true,"href":"https:\/\/topsmart.store\/en\/wp-json\/wp\/v2\/media\/1264"}],"wp:attachment":[{"href":"https:\/\/topsmart.store\/en\/wp-json\/wp\/v2\/media?parent=1274"}],"wp:term":[{"taxonomy":"product_brand","embeddable":true,"href":"https:\/\/topsmart.store\/en\/wp-json\/wp\/v2\/product_brand?post=1274"},{"taxonomy":"product_cat","embeddable":true,"href":"https:\/\/topsmart.store\/en\/wp-json\/wp\/v2\/product_cat?post=1274"},{"taxonomy":"product_tag","embeddable":true,"href":"https:\/\/topsmart.store\/en\/wp-json\/wp\/v2\/product_tag?post=1274"}],"curies":[{"name":"wp","href":"https:\/\/api.w.org\/{rel}","templated":true}]}}