{"id":1288,"date":"2026-04-10T21:10:29","date_gmt":"2026-04-10T19:10:29","guid":{"rendered":"https:\/\/topsmart.store\/product\/computer-bag-laptop-backpack\/"},"modified":"2026-04-11T11:40:33","modified_gmt":"2026-04-11T09:40:33","slug":"computer-bag-laptop-backpack","status":"publish","type":"product","link":"https:\/\/topsmart.store\/en\/product\/computer-bag-laptop-backpack\/","title":{"rendered":"Computer bag laptop backpack"},"content":{"rendered":"<p> Med\u017eiaga: \u201eOxford\u201c audinys<br \/>Atveriamas vir\u0161us<br \/>Su pamu\u0161alu arba be jo<br \/>  Krep\u0161io vidin\u0117 strukt\u016bra: asmens dokument\u0173 skyrius, mobiliojo telefono skyrius, pasl\u0117pta ki\u0161en\u0117 su u\u017etrauktuku, kompiuterio skyrius, fotoaparato skyrius<br \/>Savyb\u0117s: kv\u0117puojantis, apsaugantis nuo vagys\u010di\u0173, suma\u017einantis ne\u0161imo na\u0161t\u0105, atsparus sm\u016bgiams <\/p>\n<p>DIMENSIJOS: 31 cm \u00d7 47 cm \u00d7 16 cm<\/p>\n<p> <img decoding=\"async\" alt=\"1 (2)\" data-src=\"https:\/\/cf.cjdropshipping.com\/16367616\/1636802108119.jpg\" src=\"data:image\/svg+xml;base64,PHN2ZyB3aWR0aD0iMSIgaGVpZ2h0PSIxIiB4bWxucz0iaHR0cDovL3d3dy53My5vcmcvMjAwMC9zdmciPjwvc3ZnPg==\" class=\"lazyload\"> <\/p>\n<p> <img decoding=\"async\" alt=\"1 (1)\" data-src=\"https:\/\/cf.cjdropshipping.com\/16367616\/1636802108199.jpg\" src=\"data:image\/svg+xml;base64,PHN2ZyB3aWR0aD0iMSIgaGVpZ2h0PSIxIiB4bWxucz0iaHR0cDovL3d3dy53My5vcmcvMjAwMC9zdmciPjwvc3ZnPg==\" class=\"lazyload\"> <\/p>\n<p> <img decoding=\"async\" alt=\"1 (4)\" data-src=\"https:\/\/cf.cjdropshipping.com\/16367616\/1636802108248.jpg\" src=\"data:image\/svg+xml;base64,PHN2ZyB3aWR0aD0iMSIgaGVpZ2h0PSIxIiB4bWxucz0iaHR0cDovL3d3dy53My5vcmcvMjAwMC9zdmciPjwvc3ZnPg==\" class=\"lazyload\"> <\/p>\n<p> <img decoding=\"async\" alt=\"1 (5)\" data-src=\"https:\/\/cf.cjdropshipping.com\/16367616\/1636802108298.jpg\" src=\"data:image\/svg+xml;base64,PHN2ZyB3aWR0aD0iMSIgaGVpZ2h0PSIxIiB4bWxucz0iaHR0cDovL3d3dy53My5vcmcvMjAwMC9zdmciPjwvc3ZnPg==\" class=\"lazyload\"> <\/p>\n<p> <img decoding=\"async\" alt=\"1 (6)\" data-src=\"https:\/\/cf.cjdropshipping.com\/16367616\/1636802108355.jpg\" src=\"data:image\/svg+xml;base64,PHN2ZyB3aWR0aD0iMSIgaGVpZ2h0PSIxIiB4bWxucz0iaHR0cDovL3d3dy53My5vcmcvMjAwMC9zdmciPjwvc3ZnPg==\" class=\"lazyload\"> <\/p>\n<p> <img decoding=\"async\" alt=\"1 (7)\" data-src=\"https:\/\/cf.cjdropshipping.com\/16367616\/1636802108413.jpg\" src=\"data:image\/svg+xml;base64,PHN2ZyB3aWR0aD0iMSIgaGVpZ2h0PSIxIiB4bWxucz0iaHR0cDovL3d3dy53My5vcmcvMjAwMC9zdmciPjwvc3ZnPg==\" class=\"lazyload\"> <\/p>\n<p> <img decoding=\"async\" alt=\"1 (8)\" data-src=\"https:\/\/cf.cjdropshipping.com\/16367616\/1636802108475.jpg\" src=\"data:image\/svg+xml;base64,PHN2ZyB3aWR0aD0iMSIgaGVpZ2h0PSIxIiB4bWxucz0iaHR0cDovL3d3dy53My5vcmcvMjAwMC9zdmciPjwvc3ZnPg==\" class=\"lazyload\"> <br \/> <img decoding=\"async\" alt=\"1 (18)\" data-src=\"https:\/\/cf.cjdropshipping.com\/16367616\/1636802108528.jpg\" src=\"data:image\/svg+xml;base64,PHN2ZyB3aWR0aD0iMSIgaGVpZ2h0PSIxIiB4bWxucz0iaHR0cDovL3d3dy53My5vcmcvMjAwMC9zdmciPjwvc3ZnPg==\" class=\"lazyload\"> <\/p>\n<p> <img decoding=\"async\" alt=\"1 (19)\" data-src=\"https:\/\/cf.cjdropshipping.com\/16367616\/1636802108587.jpg\" src=\"data:image\/svg+xml;base64,PHN2ZyB3aWR0aD0iMSIgaGVpZ2h0PSIxIiB4bWxucz0iaHR0cDovL3d3dy53My5vcmcvMjAwMC9zdmciPjwvc3ZnPg==\" class=\"lazyload\">  <\/p>","protected":false},"excerpt":{"rendered":"<p>Med\u017eiaga: \u201eOxford\u201c audinysAtveriamas vir\u0161usSu pamu\u0161alu arba be jo Krep\u0161io vidin\u0117 strukt\u016bra: asmens dokument\u0173 skyrius, mobiliojo telefono skyrius, pasl\u0117pta ki\u0161en\u0117 su u\u017etrauktuku, kompiuterio skyrius, fotoaparato skyriusSavyb\u0117s: kv\u0117puojantis, apsaugantis nuo vagys\u010di\u0173, suma\u017einantis ne\u0161imo na\u0161t\u0105, atsparus sm\u016bgiams DIMENSIJOS: 31 cm \u00d7 47 cm \u00d7 16 cm<\/p>","protected":false},"featured_media":1282,"comment_status":"open","ping_status":"closed","template":"","meta":[],"product_brand":[],"product_cat":[24],"product_tag":[],"class_list":{"0":"post-1288","1":"product","2":"type-product","3":"status-publish","4":"has-post-thumbnail","6":"product_cat-namu-apyvoka","8":"first","9":"instock","10":"shipping-taxable","11":"purchasable","12":"product-type-variable"},"_links":{"self":[{"href":"https:\/\/topsmart.store\/en\/wp-json\/wp\/v2\/product\/1288","targetHints":{"allow":["GET"]}}],"collection":[{"href":"https:\/\/topsmart.store\/en\/wp-json\/wp\/v2\/product"}],"about":[{"href":"https:\/\/topsmart.store\/en\/wp-json\/wp\/v2\/types\/product"}],"replies":[{"embeddable":true,"href":"https:\/\/topsmart.store\/en\/wp-json\/wp\/v2\/comments?post=1288"}],"wp:featuredmedia":[{"embeddable":true,"href":"https:\/\/topsmart.store\/en\/wp-json\/wp\/v2\/media\/1282"}],"wp:attachment":[{"href":"https:\/\/topsmart.store\/en\/wp-json\/wp\/v2\/media?parent=1288"}],"wp:term":[{"taxonomy":"product_brand","embeddable":true,"href":"https:\/\/topsmart.store\/en\/wp-json\/wp\/v2\/product_brand?post=1288"},{"taxonomy":"product_cat","embeddable":true,"href":"https:\/\/topsmart.store\/en\/wp-json\/wp\/v2\/product_cat?post=1288"},{"taxonomy":"product_tag","embeddable":true,"href":"https:\/\/topsmart.store\/en\/wp-json\/wp\/v2\/product_tag?post=1288"}],"curies":[{"name":"wp","href":"https:\/\/api.w.org\/{rel}","templated":true}]}}