{"id":1296,"date":"2026-04-11T11:24:59","date_gmt":"2026-04-11T09:24:59","guid":{"rendered":"https:\/\/topsmart.store\/product\/high-power-portable-handheld-household-iron\/"},"modified":"2026-04-11T11:40:49","modified_gmt":"2026-04-11T09:40:49","slug":"high-power-portable-handheld-household-iron","status":"publish","type":"product","link":"https:\/\/topsmart.store\/en\/product\/high-power-portable-handheld-household-iron\/","title":{"rendered":"High-Power Portable Handheld Household Iron"},"content":{"rendered":"<p> <b>Informacija apie produkt\u0105:<\/b><br \/>Spalva: atsitiktin\u0117 spalva<br \/>Nominali galia: 1800 W<br \/>Nominali \u012ftampa: 220\u2013240 V<br \/>Nominali da\u017enis: 50 Hz<br \/>Temperat\u016bros nustatymai: penki ar daugiau<br \/>Matmenys: 280 x 130 x 100 mm <\/p>\n<p> <\/p>\n<p><b>Pakuot\u0117s turinys:<\/b><br \/> <br \/>\n Buitinis lygintuvas X1PC<br \/>\n<br \/> <br \/>\n<b>Produkto nuotrauka:<\/b> <\/p>\n<p><img decoding=\"async\" data-src=\"https:\/\/oss-cf.cjdropshipping.com\/product\/2026\/03\/20\/08\/ee506c37-803c-41d4-a6fb-f4b3a364e45d_trans.jpeg\" src=\"data:image\/svg+xml;base64,PHN2ZyB3aWR0aD0iMSIgaGVpZ2h0PSIxIiB4bWxucz0iaHR0cDovL3d3dy53My5vcmcvMjAwMC9zdmciPjwvc3ZnPg==\" class=\"lazyload\"><br \/>\n<img decoding=\"async\" data-src=\"https:\/\/oss-cf.cjdropshipping.com\/product\/2026\/03\/20\/08\/6a039715-1d9f-4784-bb5b-eb95ff68b5a8_trans.jpeg\" src=\"data:image\/svg+xml;base64,PHN2ZyB3aWR0aD0iMSIgaGVpZ2h0PSIxIiB4bWxucz0iaHR0cDovL3d3dy53My5vcmcvMjAwMC9zdmciPjwvc3ZnPg==\" class=\"lazyload\"><br \/>\n<img decoding=\"async\" data-src=\"https:\/\/oss-cf.cjdropshipping.com\/product\/2026\/03\/20\/08\/84c7f522-68da-44f7-a0ac-0f22b9fd7006_trans.jpeg\" src=\"data:image\/svg+xml;base64,PHN2ZyB3aWR0aD0iMSIgaGVpZ2h0PSIxIiB4bWxucz0iaHR0cDovL3d3dy53My5vcmcvMjAwMC9zdmciPjwvc3ZnPg==\" class=\"lazyload\"><br \/>\n<img decoding=\"async\" data-src=\"https:\/\/oss-cf.cjdropshipping.com\/product\/2026\/03\/20\/08\/402c91ee-7db5-4d66-9603-e4ab80b46e1d_trans.jpeg\" src=\"data:image\/svg+xml;base64,PHN2ZyB3aWR0aD0iMSIgaGVpZ2h0PSIxIiB4bWxucz0iaHR0cDovL3d3dy53My5vcmcvMjAwMC9zdmciPjwvc3ZnPg==\" class=\"lazyload\"><br \/>\n<img decoding=\"async\" data-src=\"https:\/\/oss-cf.cjdropshipping.com\/product\/2026\/03\/20\/08\/e970361f-24e4-478f-830c-3ea1a73185a8_trans.jpeg\" src=\"data:image\/svg+xml;base64,PHN2ZyB3aWR0aD0iMSIgaGVpZ2h0PSIxIiB4bWxucz0iaHR0cDovL3d3dy53My5vcmcvMjAwMC9zdmciPjwvc3ZnPg==\" class=\"lazyload\"><br \/>\n<img decoding=\"async\" data-src=\"https:\/\/oss-cf.cjdropshipping.com\/product\/2026\/03\/20\/08\/d3a3b71e-0013-43ab-8442-cbae1633518e_trans.jpeg\" src=\"data:image\/svg+xml;base64,PHN2ZyB3aWR0aD0iMSIgaGVpZ2h0PSIxIiB4bWxucz0iaHR0cDovL3d3dy53My5vcmcvMjAwMC9zdmciPjwvc3ZnPg==\" class=\"lazyload\"><\/p>","protected":false},"excerpt":{"rendered":"<p>Informacija apie produkt\u0105:Spalva: atsitiktin\u0117 spalvaNominali galia: 1800 WNominali \u012ftampa: 220\u2013240 VNominali da\u017enis: 50 HzTemperat\u016bros nustatymai: penki ar daugiauMatmenys: 280 x 130 x 100 mm Pakuot\u0117s turinys: Buitinis lygintuvas X1PC Produkto nuotrauka:<\/p>","protected":false},"featured_media":1291,"comment_status":"open","ping_status":"closed","template":"","meta":[],"product_brand":[],"product_cat":[24],"product_tag":[],"class_list":{"0":"post-1296","1":"product","2":"type-product","3":"status-publish","4":"has-post-thumbnail","6":"product_cat-namu-apyvoka","8":"first","9":"instock","10":"shipping-taxable","11":"purchasable","12":"product-type-variable"},"_links":{"self":[{"href":"https:\/\/topsmart.store\/en\/wp-json\/wp\/v2\/product\/1296","targetHints":{"allow":["GET"]}}],"collection":[{"href":"https:\/\/topsmart.store\/en\/wp-json\/wp\/v2\/product"}],"about":[{"href":"https:\/\/topsmart.store\/en\/wp-json\/wp\/v2\/types\/product"}],"replies":[{"embeddable":true,"href":"https:\/\/topsmart.store\/en\/wp-json\/wp\/v2\/comments?post=1296"}],"wp:featuredmedia":[{"embeddable":true,"href":"https:\/\/topsmart.store\/en\/wp-json\/wp\/v2\/media\/1291"}],"wp:attachment":[{"href":"https:\/\/topsmart.store\/en\/wp-json\/wp\/v2\/media?parent=1296"}],"wp:term":[{"taxonomy":"product_brand","embeddable":true,"href":"https:\/\/topsmart.store\/en\/wp-json\/wp\/v2\/product_brand?post=1296"},{"taxonomy":"product_cat","embeddable":true,"href":"https:\/\/topsmart.store\/en\/wp-json\/wp\/v2\/product_cat?post=1296"},{"taxonomy":"product_tag","embeddable":true,"href":"https:\/\/topsmart.store\/en\/wp-json\/wp\/v2\/product_tag?post=1296"}],"curies":[{"name":"wp","href":"https:\/\/api.w.org\/{rel}","templated":true}]}}