{"id":1310,"date":"2026-04-11T11:27:45","date_gmt":"2026-04-11T09:27:45","guid":{"rendered":"https:\/\/topsmart.store\/product\/pocket-sized-hd-handheld-gimbal-ultra-clear-anti-shake-camera\/"},"modified":"2026-04-11T11:41:10","modified_gmt":"2026-04-11T09:41:10","slug":"pocket-sized-hd-handheld-gimbal-ultra-clear-anti-shake-camera","status":"publish","type":"product","link":"https:\/\/topsmart.store\/en\/product\/pocket-sized-hd-handheld-gimbal-ultra-clear-anti-shake-camera\/","title":{"rendered":"Pocket-sized HD Handheld Gimbal Ultra-clear Anti-shake Camera"},"content":{"rendered":"<p> <b>Informacija apie produkt\u0105:<\/b><br \/>Tinkami naudojimo atvejai: bekel\u0117, lenktyni\u0173 trasa, motocikl\u0173 turizmas, va\u017eiavimas mieste<br \/>  Spalvos: balta, juoda<br \/>Produkto matmenys: 136 x 34,6 x 31 mm<br \/>Pagrindin\u0117 med\u017eiaga: ABS<br \/>Maitinimas: USB <\/p>\n<p> <\/p>\n<p><b>Pakuot\u0117s turinys:<\/b><br \/> <br \/>\n Kamera x1 vnt. <\/p>\n<p><b>Produkto nuotrauka:<\/b> <\/p>\n<p><img decoding=\"async\" data-src=\"https:\/\/oss-cf.cjdropshipping.com\/product\/2026\/03\/17\/08\/23da624c-6fa8-4ffb-a969-8da748689577_trans.jpeg\" src=\"data:image\/svg+xml;base64,PHN2ZyB3aWR0aD0iMSIgaGVpZ2h0PSIxIiB4bWxucz0iaHR0cDovL3d3dy53My5vcmcvMjAwMC9zdmciPjwvc3ZnPg==\" class=\"lazyload\"><br \/>\n<img decoding=\"async\" data-src=\"https:\/\/oss-cf.cjdropshipping.com\/product\/2026\/03\/17\/08\/9215a21f-602b-41a3-acec-803d5db699a2_trans.jpeg\" src=\"data:image\/svg+xml;base64,PHN2ZyB3aWR0aD0iMSIgaGVpZ2h0PSIxIiB4bWxucz0iaHR0cDovL3d3dy53My5vcmcvMjAwMC9zdmciPjwvc3ZnPg==\" class=\"lazyload\"><br \/>\n<img decoding=\"async\" data-src=\"https:\/\/oss-cf.cjdropshipping.com\/product\/2026\/03\/17\/08\/4616bdd7-93f4-4b6b-8cc5-528c54b43540_trans.jpeg\" src=\"data:image\/svg+xml;base64,PHN2ZyB3aWR0aD0iMSIgaGVpZ2h0PSIxIiB4bWxucz0iaHR0cDovL3d3dy53My5vcmcvMjAwMC9zdmciPjwvc3ZnPg==\" class=\"lazyload\"><br \/>\n<img decoding=\"async\" data-src=\"https:\/\/oss-cf.cjdropshipping.com\/product\/2026\/03\/17\/08\/33a1303d-d114-4329-85b8-da36315974b7_trans.jpeg\" src=\"data:image\/svg+xml;base64,PHN2ZyB3aWR0aD0iMSIgaGVpZ2h0PSIxIiB4bWxucz0iaHR0cDovL3d3dy53My5vcmcvMjAwMC9zdmciPjwvc3ZnPg==\" class=\"lazyload\"><br \/>\n<img decoding=\"async\" data-src=\"https:\/\/oss-cf.cjdropshipping.com\/product\/2026\/03\/17\/08\/4b6fedf8-f1b2-4f33-972c-1ef0379a7cf8_trans.jpeg\" src=\"data:image\/svg+xml;base64,PHN2ZyB3aWR0aD0iMSIgaGVpZ2h0PSIxIiB4bWxucz0iaHR0cDovL3d3dy53My5vcmcvMjAwMC9zdmciPjwvc3ZnPg==\" class=\"lazyload\"><br \/>\n<img decoding=\"async\" data-src=\"https:\/\/oss-cf.cjdropshipping.com\/product\/2026\/03\/17\/08\/933af2b3-0cd7-4c93-882a-3638c0448ec2_trans.jpeg\" src=\"data:image\/svg+xml;base64,PHN2ZyB3aWR0aD0iMSIgaGVpZ2h0PSIxIiB4bWxucz0iaHR0cDovL3d3dy53My5vcmcvMjAwMC9zdmciPjwvc3ZnPg==\" class=\"lazyload\"><br \/>\n<img decoding=\"async\" data-src=\"https:\/\/oss-cf.cjdropshipping.com\/product\/2026\/03\/17\/08\/41281863-aa4f-42b3-b9d1-8df3e562c0cb_trans.jpeg\" src=\"data:image\/svg+xml;base64,PHN2ZyB3aWR0aD0iMSIgaGVpZ2h0PSIxIiB4bWxucz0iaHR0cDovL3d3dy53My5vcmcvMjAwMC9zdmciPjwvc3ZnPg==\" class=\"lazyload\"><br \/>\n<img decoding=\"async\" data-src=\"https:\/\/oss-cf.cjdropshipping.com\/product\/2026\/03\/17\/08\/e3bd2b68-7654-4af3-b13c-7a046374d83a_trans.jpeg\" src=\"data:image\/svg+xml;base64,PHN2ZyB3aWR0aD0iMSIgaGVpZ2h0PSIxIiB4bWxucz0iaHR0cDovL3d3dy53My5vcmcvMjAwMC9zdmciPjwvc3ZnPg==\" class=\"lazyload\"><br \/>\n<img decoding=\"async\" data-src=\"https:\/\/oss-cf.cjdropshipping.com\/product\/2026\/03\/17\/08\/88cfd902-3f48-4928-ac02-47c96fef93ff_trans.jpeg\" src=\"data:image\/svg+xml;base64,PHN2ZyB3aWR0aD0iMSIgaGVpZ2h0PSIxIiB4bWxucz0iaHR0cDovL3d3dy53My5vcmcvMjAwMC9zdmciPjwvc3ZnPg==\" class=\"lazyload\"><br \/>\n<img decoding=\"async\" data-src=\"https:\/\/oss-cf.cjdropshipping.com\/product\/2026\/03\/17\/08\/278bd95d-4bc2-4531-9cf6-02e3636fa1fa_trans.jpeg\" src=\"data:image\/svg+xml;base64,PHN2ZyB3aWR0aD0iMSIgaGVpZ2h0PSIxIiB4bWxucz0iaHR0cDovL3d3dy53My5vcmcvMjAwMC9zdmciPjwvc3ZnPg==\" class=\"lazyload\"><br \/>\n<img decoding=\"async\" data-src=\"https:\/\/oss-cf.cjdropshipping.com\/product\/2026\/03\/17\/08\/49fd860e-2910-454e-ad65-3c7ca2676141_trans.jpeg\" src=\"data:image\/svg+xml;base64,PHN2ZyB3aWR0aD0iMSIgaGVpZ2h0PSIxIiB4bWxucz0iaHR0cDovL3d3dy53My5vcmcvMjAwMC9zdmciPjwvc3ZnPg==\" class=\"lazyload\"><br \/>\n<img decoding=\"async\" data-src=\"https:\/\/oss-cf.cjdropshipping.com\/product\/2026\/03\/17\/08\/4b5711a9-b69f-4241-a2c7-3f1c7f715bfc_trans.jpeg\" src=\"data:image\/svg+xml;base64,PHN2ZyB3aWR0aD0iMSIgaGVpZ2h0PSIxIiB4bWxucz0iaHR0cDovL3d3dy53My5vcmcvMjAwMC9zdmciPjwvc3ZnPg==\" class=\"lazyload\"><br \/>\n<img decoding=\"async\" data-src=\"https:\/\/oss-cf.cjdropshipping.com\/product\/2026\/03\/17\/08\/0d84d72a-976b-4fca-b10d-025e4ce0159a_trans.jpeg\" src=\"data:image\/svg+xml;base64,PHN2ZyB3aWR0aD0iMSIgaGVpZ2h0PSIxIiB4bWxucz0iaHR0cDovL3d3dy53My5vcmcvMjAwMC9zdmciPjwvc3ZnPg==\" class=\"lazyload\"><\/p>","protected":false},"excerpt":{"rendered":"<p>Informacija apie produkt\u0105:Tinkami naudojimo atvejai: bekel\u0117, lenktyni\u0173 trasa, motocikl\u0173 turizmas, va\u017eiavimas mieste Spalvos: balta, juodaProdukto matmenys: 136 x 34,6 x 31 mmPagrindin\u0117 med\u017eiaga: ABSMaitinimas: USB Pakuot\u0117s turinys: Kamera x1 vnt. Produkto nuotrauka:<\/p>","protected":false},"featured_media":1303,"comment_status":"open","ping_status":"closed","template":"","meta":[],"product_brand":[],"product_cat":[23],"product_tag":[],"class_list":{"0":"post-1310","1":"product","2":"type-product","3":"status-publish","4":"has-post-thumbnail","6":"product_cat-ismanieji-prietaisai","8":"first","9":"instock","10":"shipping-taxable","11":"purchasable","12":"product-type-variable"},"_links":{"self":[{"href":"https:\/\/topsmart.store\/en\/wp-json\/wp\/v2\/product\/1310","targetHints":{"allow":["GET"]}}],"collection":[{"href":"https:\/\/topsmart.store\/en\/wp-json\/wp\/v2\/product"}],"about":[{"href":"https:\/\/topsmart.store\/en\/wp-json\/wp\/v2\/types\/product"}],"replies":[{"embeddable":true,"href":"https:\/\/topsmart.store\/en\/wp-json\/wp\/v2\/comments?post=1310"}],"wp:featuredmedia":[{"embeddable":true,"href":"https:\/\/topsmart.store\/en\/wp-json\/wp\/v2\/media\/1303"}],"wp:attachment":[{"href":"https:\/\/topsmart.store\/en\/wp-json\/wp\/v2\/media?parent=1310"}],"wp:term":[{"taxonomy":"product_brand","embeddable":true,"href":"https:\/\/topsmart.store\/en\/wp-json\/wp\/v2\/product_brand?post=1310"},{"taxonomy":"product_cat","embeddable":true,"href":"https:\/\/topsmart.store\/en\/wp-json\/wp\/v2\/product_cat?post=1310"},{"taxonomy":"product_tag","embeddable":true,"href":"https:\/\/topsmart.store\/en\/wp-json\/wp\/v2\/product_tag?post=1310"}],"curies":[{"name":"wp","href":"https:\/\/api.w.org\/{rel}","templated":true}]}}