{"id":1320,"date":"2026-04-11T11:29:34","date_gmt":"2026-04-11T09:29:34","guid":{"rendered":"https:\/\/topsmart.store\/product\/long-wearing-pain-free-esports-bluetooth-headset-with-low-latency\/"},"modified":"2026-04-11T11:41:02","modified_gmt":"2026-04-11T09:41:02","slug":"long-wearing-pain-free-esports-bluetooth-headset-with-low-latency","status":"publish","type":"product","link":"https:\/\/topsmart.store\/en\/product\/long-wearing-pain-free-esports-bluetooth-headset-with-low-latency\/","title":{"rendered":"Long-wearing, Pain-free Esports Bluetooth Headset With Low Latency"},"content":{"rendered":"<p> <b>Produkto informacija:<\/b><br \/>Spalva: Juoda<br \/>Transliacijos nuotolis: 20 metr\u0173<br \/>Mikroschemos tipas: Goertek<br \/>Baterijos veikimo trukm\u0117: Daugiau nei 8 valandos<br \/>Savyb\u0117s: Triuk\u0161mo slopinimas, itin ilgas baterijos veikimo laikas, skambu\u010di\u0173 funkcija, NFC, balso valdymas, muzikos atk\u016brimo palaikymas, skaitmeninis ekranas, ma\u017eas v\u0117lavimas e. sportui<br \/>Med\u017eiaga: PC + ABS<br \/>Ne\u0161iojimo b\u016bdas: Ant aus\u0173<br \/>Stilius: K\u016brybinis dizainas <\/p>\n<p> <\/p>\n<p><b>Komplektacija:<\/b><br \/> <br \/>\n \u201eBluetooth\u201c ausin\u0117s * 1<br \/>\n<br \/> <br \/>\n<b>Produkto nuotrauka:<\/b> <\/p>\n<p><img decoding=\"async\" data-src=\"https:\/\/oss-cf.cjdropshipping.com\/product\/2026\/02\/16\/12\/81eac58a-b289-452e-b764-c9078d7b5611_trans.jpeg\" src=\"data:image\/svg+xml;base64,PHN2ZyB3aWR0aD0iMSIgaGVpZ2h0PSIxIiB4bWxucz0iaHR0cDovL3d3dy53My5vcmcvMjAwMC9zdmciPjwvc3ZnPg==\" class=\"lazyload\"><br \/>\n<img decoding=\"async\" data-src=\"https:\/\/oss-cf.cjdropshipping.com\/product\/2026\/02\/16\/12\/8dc0f1e3-240f-4ae3-88b4-c6018d0fb805_trans.jpeg\" src=\"data:image\/svg+xml;base64,PHN2ZyB3aWR0aD0iMSIgaGVpZ2h0PSIxIiB4bWxucz0iaHR0cDovL3d3dy53My5vcmcvMjAwMC9zdmciPjwvc3ZnPg==\" class=\"lazyload\"><br \/>\n<img decoding=\"async\" data-src=\"https:\/\/oss-cf.cjdropshipping.com\/product\/2026\/02\/16\/12\/79a884d7-73c0-4343-a14f-8e41a90e3996_trans.jpeg\" src=\"data:image\/svg+xml;base64,PHN2ZyB3aWR0aD0iMSIgaGVpZ2h0PSIxIiB4bWxucz0iaHR0cDovL3d3dy53My5vcmcvMjAwMC9zdmciPjwvc3ZnPg==\" class=\"lazyload\"><br \/>\n<img decoding=\"async\" data-src=\"https:\/\/oss-cf.cjdropshipping.com\/product\/2026\/02\/16\/12\/1fcfd471-dd40-4c3a-84c1-3217bab194cf_trans.jpeg\" src=\"data:image\/svg+xml;base64,PHN2ZyB3aWR0aD0iMSIgaGVpZ2h0PSIxIiB4bWxucz0iaHR0cDovL3d3dy53My5vcmcvMjAwMC9zdmciPjwvc3ZnPg==\" class=\"lazyload\"><br \/>\n<img decoding=\"async\" data-src=\"https:\/\/oss-cf.cjdropshipping.com\/product\/2026\/02\/16\/12\/fdae2fe1-1736-4962-9803-24701d353dc3_trans.jpeg\" src=\"data:image\/svg+xml;base64,PHN2ZyB3aWR0aD0iMSIgaGVpZ2h0PSIxIiB4bWxucz0iaHR0cDovL3d3dy53My5vcmcvMjAwMC9zdmciPjwvc3ZnPg==\" class=\"lazyload\"><br \/>\n<img decoding=\"async\" data-src=\"https:\/\/oss-cf.cjdropshipping.com\/product\/2026\/02\/16\/12\/b1bd4167-5130-4a69-8124-ee533d192cf9_trans.jpeg\" src=\"data:image\/svg+xml;base64,PHN2ZyB3aWR0aD0iMSIgaGVpZ2h0PSIxIiB4bWxucz0iaHR0cDovL3d3dy53My5vcmcvMjAwMC9zdmciPjwvc3ZnPg==\" class=\"lazyload\"><br \/>\n<img decoding=\"async\" data-src=\"https:\/\/oss-cf.cjdropshipping.com\/product\/2026\/02\/16\/12\/0f5f63c3-8954-47be-992e-e5117d5dfe1d_trans.jpeg\" src=\"data:image\/svg+xml;base64,PHN2ZyB3aWR0aD0iMSIgaGVpZ2h0PSIxIiB4bWxucz0iaHR0cDovL3d3dy53My5vcmcvMjAwMC9zdmciPjwvc3ZnPg==\" class=\"lazyload\"><br \/>\n<img decoding=\"async\" data-src=\"https:\/\/oss-cf.cjdropshipping.com\/product\/2026\/02\/16\/12\/6144d28a-e133-4402-b5dc-5adc9a6434b7_trans.jpeg\" src=\"data:image\/svg+xml;base64,PHN2ZyB3aWR0aD0iMSIgaGVpZ2h0PSIxIiB4bWxucz0iaHR0cDovL3d3dy53My5vcmcvMjAwMC9zdmciPjwvc3ZnPg==\" class=\"lazyload\"><br \/>\n<img decoding=\"async\" data-src=\"https:\/\/oss-cf.cjdropshipping.com\/product\/2026\/02\/16\/12\/75707e0c-a701-43a5-ac94-45ce73b425a2_trans.jpeg\" src=\"data:image\/svg+xml;base64,PHN2ZyB3aWR0aD0iMSIgaGVpZ2h0PSIxIiB4bWxucz0iaHR0cDovL3d3dy53My5vcmcvMjAwMC9zdmciPjwvc3ZnPg==\" class=\"lazyload\"><br \/>\n<img decoding=\"async\" data-src=\"https:\/\/oss-cf.cjdropshipping.com\/product\/2026\/02\/16\/12\/fc9ffc15-84dc-4f93-b9dd-4704e5c104c9_trans.jpeg\" src=\"data:image\/svg+xml;base64,PHN2ZyB3aWR0aD0iMSIgaGVpZ2h0PSIxIiB4bWxucz0iaHR0cDovL3d3dy53My5vcmcvMjAwMC9zdmciPjwvc3ZnPg==\" class=\"lazyload\"><br \/>\n<img decoding=\"async\" data-src=\"https:\/\/oss-cf.cjdropshipping.com\/product\/2026\/02\/16\/12\/ee8c37da-ea29-45d7-b366-8d72a92d49c8_trans.jpeg\" src=\"data:image\/svg+xml;base64,PHN2ZyB3aWR0aD0iMSIgaGVpZ2h0PSIxIiB4bWxucz0iaHR0cDovL3d3dy53My5vcmcvMjAwMC9zdmciPjwvc3ZnPg==\" class=\"lazyload\"><br \/>\n<img decoding=\"async\" data-src=\"https:\/\/oss-cf.cjdropshipping.com\/product\/2026\/02\/16\/12\/820c997c-0f1f-4e19-a1a7-cfd8cc3f3eb2_trans.jpeg\" src=\"data:image\/svg+xml;base64,PHN2ZyB3aWR0aD0iMSIgaGVpZ2h0PSIxIiB4bWxucz0iaHR0cDovL3d3dy53My5vcmcvMjAwMC9zdmciPjwvc3ZnPg==\" class=\"lazyload\"><br \/>\n<img decoding=\"async\" data-src=\"https:\/\/oss-cf.cjdropshipping.com\/product\/2026\/02\/16\/12\/622b70b2-c0dd-46cb-bc9b-45bd8a3b0f6f_trans.jpeg\" src=\"data:image\/svg+xml;base64,PHN2ZyB3aWR0aD0iMSIgaGVpZ2h0PSIxIiB4bWxucz0iaHR0cDovL3d3dy53My5vcmcvMjAwMC9zdmciPjwvc3ZnPg==\" class=\"lazyload\"><br \/>\n<img decoding=\"async\" data-src=\"https:\/\/oss-cf.cjdropshipping.com\/product\/2026\/02\/16\/12\/bd4f5f26-adb0-46ee-96e0-44c25b8ff7cf_trans.jpeg\" src=\"data:image\/svg+xml;base64,PHN2ZyB3aWR0aD0iMSIgaGVpZ2h0PSIxIiB4bWxucz0iaHR0cDovL3d3dy53My5vcmcvMjAwMC9zdmciPjwvc3ZnPg==\" class=\"lazyload\"><br \/>\n<img decoding=\"async\" data-src=\"https:\/\/oss-cf.cjdropshipping.com\/product\/2026\/02\/16\/12\/43cd1e16-468e-44d5-9c18-80fc605ac8d5_trans.jpeg\" src=\"data:image\/svg+xml;base64,PHN2ZyB3aWR0aD0iMSIgaGVpZ2h0PSIxIiB4bWxucz0iaHR0cDovL3d3dy53My5vcmcvMjAwMC9zdmciPjwvc3ZnPg==\" class=\"lazyload\"><br \/>\n<img decoding=\"async\" data-src=\"https:\/\/oss-cf.cjdropshipping.com\/product\/2026\/02\/16\/12\/487a980e-08ee-4e5a-874a-fb78ce95d7ba_trans.jpeg\" src=\"data:image\/svg+xml;base64,PHN2ZyB3aWR0aD0iMSIgaGVpZ2h0PSIxIiB4bWxucz0iaHR0cDovL3d3dy53My5vcmcvMjAwMC9zdmciPjwvc3ZnPg==\" class=\"lazyload\"><br \/>\n<img decoding=\"async\" data-src=\"https:\/\/oss-cf.cjdropshipping.com\/product\/2026\/02\/16\/12\/bd04ff5a-1905-4822-b017-4e17e9644a1b_trans.jpeg\" src=\"data:image\/svg+xml;base64,PHN2ZyB3aWR0aD0iMSIgaGVpZ2h0PSIxIiB4bWxucz0iaHR0cDovL3d3dy53My5vcmcvMjAwMC9zdmciPjwvc3ZnPg==\" class=\"lazyload\"><\/p>","protected":false},"excerpt":{"rendered":"<p>Produkto informacija:Spalva: JuodaTransliacijos nuotolis: 20 metr\u0173Mikroschemos tipas: GoertekBaterijos veikimo trukm\u0117: Daugiau nei 8 valandosSavyb\u0117s: Triuk\u0161mo slopinimas, itin ilgas baterijos veikimo laikas, skambu\u010di\u0173 funkcija, NFC, balso valdymas, muzikos atk\u016brimo palaikymas, skaitmeninis ekranas, ma\u017eas v\u0117lavimas e. sportuiMed\u017eiaga: PC + ABSNe\u0161iojimo b\u016bdas: Ant aus\u0173Stilius: K\u016brybinis dizainas Komplektacija: \u201eBluetooth\u201c ausin\u0117s * 1 Produkto nuotrauka:<\/p>","protected":false},"featured_media":1315,"comment_status":"open","ping_status":"closed","template":"","meta":[],"product_brand":[],"product_cat":[23],"product_tag":[],"class_list":{"0":"post-1320","1":"product","2":"type-product","3":"status-publish","4":"has-post-thumbnail","6":"product_cat-ismanieji-prietaisai","8":"first","9":"instock","10":"shipping-taxable","11":"purchasable","12":"product-type-variable"},"_links":{"self":[{"href":"https:\/\/topsmart.store\/en\/wp-json\/wp\/v2\/product\/1320","targetHints":{"allow":["GET"]}}],"collection":[{"href":"https:\/\/topsmart.store\/en\/wp-json\/wp\/v2\/product"}],"about":[{"href":"https:\/\/topsmart.store\/en\/wp-json\/wp\/v2\/types\/product"}],"replies":[{"embeddable":true,"href":"https:\/\/topsmart.store\/en\/wp-json\/wp\/v2\/comments?post=1320"}],"wp:featuredmedia":[{"embeddable":true,"href":"https:\/\/topsmart.store\/en\/wp-json\/wp\/v2\/media\/1315"}],"wp:attachment":[{"href":"https:\/\/topsmart.store\/en\/wp-json\/wp\/v2\/media?parent=1320"}],"wp:term":[{"taxonomy":"product_brand","embeddable":true,"href":"https:\/\/topsmart.store\/en\/wp-json\/wp\/v2\/product_brand?post=1320"},{"taxonomy":"product_cat","embeddable":true,"href":"https:\/\/topsmart.store\/en\/wp-json\/wp\/v2\/product_cat?post=1320"},{"taxonomy":"product_tag","embeddable":true,"href":"https:\/\/topsmart.store\/en\/wp-json\/wp\/v2\/product_tag?post=1320"}],"curies":[{"name":"wp","href":"https:\/\/api.w.org\/{rel}","templated":true}]}}