{"id":1333,"date":"2026-04-11T11:30:37","date_gmt":"2026-04-11T09:30:37","guid":{"rendered":"https:\/\/topsmart.store\/product\/65w-gan-charger-with-us-standard-conversion-plug-fast-charging-adapter\/"},"modified":"2026-04-11T11:40:30","modified_gmt":"2026-04-11T09:40:30","slug":"65w-gan-charger-with-us-standard-conversion-plug-fast-charging-adapter","status":"publish","type":"product","link":"https:\/\/topsmart.store\/en\/product\/65w-gan-charger-with-us-standard-conversion-plug-fast-charging-adapter\/","title":{"rendered":"65W GaN Charger With US-standard Conversion Plug Fast-charging Adapter"},"content":{"rendered":"<p> <b>Informacija apie produkt\u0105:<\/b><br \/>Spalva: balta, juoda<br \/>S\u0105sajos tipas: TYPE-C\/USB<br \/>Spalv\u0173 klasifikacija: balta, juoda <\/p>\n<p> <\/p>\n<p><b>Pakuot\u0117s turinys:<\/b><br \/> <br \/>\n \u012ekrovimo adapteris *1 vnt.<br \/>\n<br \/> <br \/>\n<b>Produkto nuotrauka:<\/b> <\/p>\n<p><img decoding=\"async\" data-src=\"https:\/\/oss-cf.cjdropshipping.com\/product\/2026\/02\/06\/07\/a096a7d9-534e-4428-91cd-dee4f2340766_trans.jpeg\" src=\"data:image\/svg+xml;base64,PHN2ZyB3aWR0aD0iMSIgaGVpZ2h0PSIxIiB4bWxucz0iaHR0cDovL3d3dy53My5vcmcvMjAwMC9zdmciPjwvc3ZnPg==\" class=\"lazyload\"><br \/>\n<img decoding=\"async\" data-src=\"https:\/\/oss-cf.cjdropshipping.com\/product\/2026\/02\/06\/07\/f4ff9295-82c6-4da1-85ba-0d16d4d1aeb5_trans.jpeg\" src=\"data:image\/svg+xml;base64,PHN2ZyB3aWR0aD0iMSIgaGVpZ2h0PSIxIiB4bWxucz0iaHR0cDovL3d3dy53My5vcmcvMjAwMC9zdmciPjwvc3ZnPg==\" class=\"lazyload\"><br \/>\n<img decoding=\"async\" data-src=\"https:\/\/oss-cf.cjdropshipping.com\/product\/2026\/02\/06\/07\/ebec096e-7dbb-41ec-be9e-280c00b1c6ea_trans.jpeg\" src=\"data:image\/svg+xml;base64,PHN2ZyB3aWR0aD0iMSIgaGVpZ2h0PSIxIiB4bWxucz0iaHR0cDovL3d3dy53My5vcmcvMjAwMC9zdmciPjwvc3ZnPg==\" class=\"lazyload\"><br \/>\n<img decoding=\"async\" data-src=\"https:\/\/oss-cf.cjdropshipping.com\/product\/2026\/02\/06\/07\/95c1160c-25c0-4e49-bb39-c5a8c74e8f06_trans.jpeg\" src=\"data:image\/svg+xml;base64,PHN2ZyB3aWR0aD0iMSIgaGVpZ2h0PSIxIiB4bWxucz0iaHR0cDovL3d3dy53My5vcmcvMjAwMC9zdmciPjwvc3ZnPg==\" class=\"lazyload\"><br \/>\n<img decoding=\"async\" data-src=\"https:\/\/oss-cf.cjdropshipping.com\/product\/2026\/02\/06\/07\/2501ad88-0da5-47f7-ba6d-bc4861c3ec03_trans.jpeg\" src=\"data:image\/svg+xml;base64,PHN2ZyB3aWR0aD0iMSIgaGVpZ2h0PSIxIiB4bWxucz0iaHR0cDovL3d3dy53My5vcmcvMjAwMC9zdmciPjwvc3ZnPg==\" class=\"lazyload\"><br \/>\n<img decoding=\"async\" data-src=\"https:\/\/oss-cf.cjdropshipping.com\/product\/2026\/02\/06\/07\/770aa27c-4053-4e96-81b7-e379b02a6ef0_trans.jpeg\" src=\"data:image\/svg+xml;base64,PHN2ZyB3aWR0aD0iMSIgaGVpZ2h0PSIxIiB4bWxucz0iaHR0cDovL3d3dy53My5vcmcvMjAwMC9zdmciPjwvc3ZnPg==\" class=\"lazyload\"><br \/>\n<img decoding=\"async\" data-src=\"https:\/\/oss-cf.cjdropshipping.com\/product\/2026\/02\/06\/07\/3623e680-8b23-47f6-bc08-cd58d2e11e84_trans.jpeg\" src=\"data:image\/svg+xml;base64,PHN2ZyB3aWR0aD0iMSIgaGVpZ2h0PSIxIiB4bWxucz0iaHR0cDovL3d3dy53My5vcmcvMjAwMC9zdmciPjwvc3ZnPg==\" class=\"lazyload\"><br \/>\n<img decoding=\"async\" data-src=\"https:\/\/oss-cf.cjdropshipping.com\/product\/2026\/02\/06\/07\/e0ea24e3-3d85-4d94-83da-3a0a2dfb5eba_trans.jpeg\" src=\"data:image\/svg+xml;base64,PHN2ZyB3aWR0aD0iMSIgaGVpZ2h0PSIxIiB4bWxucz0iaHR0cDovL3d3dy53My5vcmcvMjAwMC9zdmciPjwvc3ZnPg==\" class=\"lazyload\"><br \/>\n<img decoding=\"async\" data-src=\"https:\/\/oss-cf.cjdropshipping.com\/product\/2026\/02\/06\/07\/98fd00d0-ad16-49ba-ad1e-c76a8f7e456f_trans.jpeg\" src=\"data:image\/svg+xml;base64,PHN2ZyB3aWR0aD0iMSIgaGVpZ2h0PSIxIiB4bWxucz0iaHR0cDovL3d3dy53My5vcmcvMjAwMC9zdmciPjwvc3ZnPg==\" class=\"lazyload\"><\/p>","protected":false},"excerpt":{"rendered":"<p>Informacija apie produkt\u0105:Spalva: balta, juodaS\u0105sajos tipas: TYPE-C\/USBSpalv\u0173 klasifikacija: balta, juoda Pakuot\u0117s turinys: \u012ekrovimo adapteris *1 vnt. Produkto nuotrauka:<\/p>","protected":false},"featured_media":1323,"comment_status":"open","ping_status":"closed","template":"","meta":[],"product_brand":[],"product_cat":[23],"product_tag":[],"class_list":{"0":"post-1333","1":"product","2":"type-product","3":"status-publish","4":"has-post-thumbnail","6":"product_cat-ismanieji-prietaisai","8":"first","9":"instock","10":"shipping-taxable","11":"purchasable","12":"product-type-variable"},"_links":{"self":[{"href":"https:\/\/topsmart.store\/en\/wp-json\/wp\/v2\/product\/1333","targetHints":{"allow":["GET"]}}],"collection":[{"href":"https:\/\/topsmart.store\/en\/wp-json\/wp\/v2\/product"}],"about":[{"href":"https:\/\/topsmart.store\/en\/wp-json\/wp\/v2\/types\/product"}],"replies":[{"embeddable":true,"href":"https:\/\/topsmart.store\/en\/wp-json\/wp\/v2\/comments?post=1333"}],"wp:featuredmedia":[{"embeddable":true,"href":"https:\/\/topsmart.store\/en\/wp-json\/wp\/v2\/media\/1323"}],"wp:attachment":[{"href":"https:\/\/topsmart.store\/en\/wp-json\/wp\/v2\/media?parent=1333"}],"wp:term":[{"taxonomy":"product_brand","embeddable":true,"href":"https:\/\/topsmart.store\/en\/wp-json\/wp\/v2\/product_brand?post=1333"},{"taxonomy":"product_cat","embeddable":true,"href":"https:\/\/topsmart.store\/en\/wp-json\/wp\/v2\/product_cat?post=1333"},{"taxonomy":"product_tag","embeddable":true,"href":"https:\/\/topsmart.store\/en\/wp-json\/wp\/v2\/product_tag?post=1333"}],"curies":[{"name":"wp","href":"https:\/\/api.w.org\/{rel}","templated":true}]}}