{"id":1364,"date":"2026-04-11T11:31:34","date_gmt":"2026-04-11T09:31:34","guid":{"rendered":"https:\/\/topsmart.store\/product\/portable-air-cooler-with-mist-small-desktop-air-conditioner-fan-3-in-1-humidifying-cooling-fan-for-home-dorm-and-office-mobile-evaporative-cooler-with-water-spray\/"},"modified":"2026-04-11T11:41:14","modified_gmt":"2026-04-11T09:41:14","slug":"portable-air-cooler-with-mist-small-desktop-air-conditioner-fan-3-in-1-humidifying-cooling-fan-for-home-dorm-and-office-mobile-evaporative-cooler-with-water-spray","status":"publish","type":"product","link":"https:\/\/topsmart.store\/en\/product\/portable-air-cooler-with-mist-small-desktop-air-conditioner-fan-3-in-1-humidifying-cooling-fan-for-home-dorm-and-office-mobile-evaporative-cooler-with-water-spray\/","title":{"rendered":"Portable Air Cooler With Mist Small Desktop Air Conditioner Fan, 3 In 1 Humidifying Cooling Fan For Home, Dorm And Office, Mobile Evaporative Cooler With Water Spray"},"content":{"rendered":"<p>\u0160is kompakti\u0161kas ir ne\u0161iojamas \u201e3-in-1\u201c oro v\u0117sintuvas u\u017etikrina greit\u0105 v\u0117sinim\u0105, dr\u0117kinim\u0105 ir oro cirkuliacij\u0105 asmenin\u0117se erdv\u0117se. Idealiai tinkamas naudoti ant darbo stal\u0173, miegamuosiuose, bendrabu\u010di\u0173 kambariuose ar nedidel\u0117se biuro patalpose; jis naudoja vandens pur\u0161kimo ir garavimo v\u0117sinimo technologij\u0105, kad suteikt\u0173 gaiv\u0173 v\u0117jel\u012f ir dr\u0117kint\u0173 saus\u0105 or\u0105. Lengvas ir patogus perkelti, jis veikia tyliai ir yra energij\u0105 taupantis \u2013 puikus pasirinkimas norint i\u0161laikyti v\u0117s\u0105 kar\u0161tomis dienomis be didelio oro kondicionieriaus.<\/p>\n<p> <\/p>\n<p> <img decoding=\"async\" data-src=\"https:\/\/cf.cjdropshipping.com\/3343174a-dc03-4bc2-841d-0490577bf6f4.jpg\" src=\"data:image\/svg+xml;base64,PHN2ZyB3aWR0aD0iMSIgaGVpZ2h0PSIxIiB4bWxucz0iaHR0cDovL3d3dy53My5vcmcvMjAwMC9zdmciPjwvc3ZnPg==\" class=\"lazyload\"> <img decoding=\"async\" data-src=\"https:\/\/cf.cjdropshipping.com\/53ce78db-da73-4b31-adc8-6e18ec5c79c2.jpg\" src=\"data:image\/svg+xml;base64,PHN2ZyB3aWR0aD0iMSIgaGVpZ2h0PSIxIiB4bWxucz0iaHR0cDovL3d3dy53My5vcmcvMjAwMC9zdmciPjwvc3ZnPg==\" class=\"lazyload\"> <img decoding=\"async\" data-src=\"https:\/\/cf.cjdropshipping.com\/34a86fca-9588-4df0-a95d-06c08d6de9d2.jpg\" src=\"data:image\/svg+xml;base64,PHN2ZyB3aWR0aD0iMSIgaGVpZ2h0PSIxIiB4bWxucz0iaHR0cDovL3d3dy53My5vcmcvMjAwMC9zdmciPjwvc3ZnPg==\" class=\"lazyload\"> <img decoding=\"async\" data-src=\"https:\/\/cf.cjdropshipping.com\/a5317fda-29b7-4bd6-a81d-02fb26bc92b7.jpg\" src=\"data:image\/svg+xml;base64,PHN2ZyB3aWR0aD0iMSIgaGVpZ2h0PSIxIiB4bWxucz0iaHR0cDovL3d3dy53My5vcmcvMjAwMC9zdmciPjwvc3ZnPg==\" class=\"lazyload\"> <img decoding=\"async\" data-src=\"https:\/\/cf.cjdropshipping.com\/7677d803-5e6b-4160-a1d8-895d87752c3f.jpg\" src=\"data:image\/svg+xml;base64,PHN2ZyB3aWR0aD0iMSIgaGVpZ2h0PSIxIiB4bWxucz0iaHR0cDovL3d3dy53My5vcmcvMjAwMC9zdmciPjwvc3ZnPg==\" class=\"lazyload\"> <img decoding=\"async\" data-src=\"https:\/\/cf.cjdropshipping.com\/0906acb9-bc10-4171-a758-0643eea6f969.jpg\" src=\"data:image\/svg+xml;base64,PHN2ZyB3aWR0aD0iMSIgaGVpZ2h0PSIxIiB4bWxucz0iaHR0cDovL3d3dy53My5vcmcvMjAwMC9zdmciPjwvc3ZnPg==\" class=\"lazyload\"> <img decoding=\"async\" data-src=\"https:\/\/cf.cjdropshipping.com\/04c4f2b0-8f1d-4d19-bdf9-3d0e7e8aeb4b.jpg\" src=\"data:image\/svg+xml;base64,PHN2ZyB3aWR0aD0iMSIgaGVpZ2h0PSIxIiB4bWxucz0iaHR0cDovL3d3dy53My5vcmcvMjAwMC9zdmciPjwvc3ZnPg==\" class=\"lazyload\"> <img decoding=\"async\" data-src=\"https:\/\/cf.cjdropshipping.com\/42104698-dc04-4b0e-9aac-8cb2f068d527.jpg\" src=\"data:image\/svg+xml;base64,PHN2ZyB3aWR0aD0iMSIgaGVpZ2h0PSIxIiB4bWxucz0iaHR0cDovL3d3dy53My5vcmcvMjAwMC9zdmciPjwvc3ZnPg==\" class=\"lazyload\"> <img decoding=\"async\" data-src=\"https:\/\/cf.cjdropshipping.com\/f90c6edb-1f07-48d4-8606-7e46c7744dc3.jpg\" src=\"data:image\/svg+xml;base64,PHN2ZyB3aWR0aD0iMSIgaGVpZ2h0PSIxIiB4bWxucz0iaHR0cDovL3d3dy53My5vcmcvMjAwMC9zdmciPjwvc3ZnPg==\" class=\"lazyload\"> <img decoding=\"async\" data-src=\"https:\/\/cf.cjdropshipping.com\/457740b4-d3fe-4ffc-807a-c412e1408ed2.jpg\" src=\"data:image\/svg+xml;base64,PHN2ZyB3aWR0aD0iMSIgaGVpZ2h0PSIxIiB4bWxucz0iaHR0cDovL3d3dy53My5vcmcvMjAwMC9zdmciPjwvc3ZnPg==\" class=\"lazyload\"> <img decoding=\"async\" data-src=\"https:\/\/cf.cjdropshipping.com\/281b44c2-e0ab-4590-a4ff-e3d0647b692a.jpg\" src=\"data:image\/svg+xml;base64,PHN2ZyB3aWR0aD0iMSIgaGVpZ2h0PSIxIiB4bWxucz0iaHR0cDovL3d3dy53My5vcmcvMjAwMC9zdmciPjwvc3ZnPg==\" class=\"lazyload\"> <img decoding=\"async\" data-src=\"https:\/\/cf.cjdropshipping.com\/5abb3a13-af8e-441f-bd85-76e2549e8a7d.jpg\" src=\"data:image\/svg+xml;base64,PHN2ZyB3aWR0aD0iMSIgaGVpZ2h0PSIxIiB4bWxucz0iaHR0cDovL3d3dy53My5vcmcvMjAwMC9zdmciPjwvc3ZnPg==\" class=\"lazyload\"> <img decoding=\"async\" data-src=\"https:\/\/cf.cjdropshipping.com\/f3c13455-412f-4e51-84da-42356e342ef3.jpg\" src=\"data:image\/svg+xml;base64,PHN2ZyB3aWR0aD0iMSIgaGVpZ2h0PSIxIiB4bWxucz0iaHR0cDovL3d3dy53My5vcmcvMjAwMC9zdmciPjwvc3ZnPg==\" class=\"lazyload\"> <img decoding=\"async\" data-src=\"https:\/\/cf.cjdropshipping.com\/573193e3-e889-4289-aece-1245ee83ad55.jpg\" src=\"data:image\/svg+xml;base64,PHN2ZyB3aWR0aD0iMSIgaGVpZ2h0PSIxIiB4bWxucz0iaHR0cDovL3d3dy53My5vcmcvMjAwMC9zdmciPjwvc3ZnPg==\" class=\"lazyload\"> <img decoding=\"async\" data-src=\"https:\/\/cf.cjdropshipping.com\/3012a617-2607-452c-ae0f-d0e2ac158a6b.jpg\" src=\"data:image\/svg+xml;base64,PHN2ZyB3aWR0aD0iMSIgaGVpZ2h0PSIxIiB4bWxucz0iaHR0cDovL3d3dy53My5vcmcvMjAwMC9zdmciPjwvc3ZnPg==\" class=\"lazyload\"> <img decoding=\"async\" data-src=\"https:\/\/cf.cjdropshipping.com\/84389e1b-a210-429a-8213-e3bcc2574d2d.jpg\" src=\"data:image\/svg+xml;base64,PHN2ZyB3aWR0aD0iMSIgaGVpZ2h0PSIxIiB4bWxucz0iaHR0cDovL3d3dy53My5vcmcvMjAwMC9zdmciPjwvc3ZnPg==\" class=\"lazyload\"> <img decoding=\"async\" data-src=\"https:\/\/cf.cjdropshipping.com\/45773cc1-159f-4ca7-930b-d8a99d49f3fe.jpg\" src=\"data:image\/svg+xml;base64,PHN2ZyB3aWR0aD0iMSIgaGVpZ2h0PSIxIiB4bWxucz0iaHR0cDovL3d3dy53My5vcmcvMjAwMC9zdmciPjwvc3ZnPg==\" class=\"lazyload\"> <img decoding=\"async\" data-src=\"https:\/\/cf.cjdropshipping.com\/5ba82e8d-1487-42b1-a406-d28e55bd8692.jpg\" src=\"data:image\/svg+xml;base64,PHN2ZyB3aWR0aD0iMSIgaGVpZ2h0PSIxIiB4bWxucz0iaHR0cDovL3d3dy53My5vcmcvMjAwMC9zdmciPjwvc3ZnPg==\" class=\"lazyload\"> <img decoding=\"async\" data-src=\"https:\/\/cf.cjdropshipping.com\/758f1245-6215-44d2-be82-09ae13d58ff4.jpg\" src=\"data:image\/svg+xml;base64,PHN2ZyB3aWR0aD0iMSIgaGVpZ2h0PSIxIiB4bWxucz0iaHR0cDovL3d3dy53My5vcmcvMjAwMC9zdmciPjwvc3ZnPg==\" class=\"lazyload\"> <\/p>","protected":false},"excerpt":{"rendered":"<p>\u0160is kompakti\u0161kas ir ne\u0161iojamas \u201e3-in-1\u201c oro v\u0117sintuvas u\u017etikrina greit\u0105 v\u0117sinim\u0105, dr\u0117kinim\u0105 ir oro cirkuliacij\u0105 asmenin\u0117se erdv\u0117se. Idealiai tinkamas naudoti ant darbo stal\u0173, miegamuosiuose, bendrabu\u010di\u0173 kambariuose ar nedidel\u0117se biuro patalpose; jis naudoja vandens pur\u0161kimo ir garavimo v\u0117sinimo technologij\u0105, kad suteikt\u0173 gaiv\u0173 v\u0117jel\u012f ir dr\u0117kint\u0173 saus\u0105 or\u0105. Lengvas ir patogus perkelti, jis veikia tyliai ir yra energij\u0105 [&hellip;]<\/p>\n","protected":false},"featured_media":1354,"comment_status":"open","ping_status":"closed","template":"","meta":[],"product_brand":[],"product_cat":[24],"product_tag":[],"class_list":{"0":"post-1364","1":"product","2":"type-product","3":"status-publish","4":"has-post-thumbnail","6":"product_cat-namu-apyvoka","8":"first","9":"instock","10":"shipping-taxable","11":"purchasable","12":"product-type-variable"},"_links":{"self":[{"href":"https:\/\/topsmart.store\/en\/wp-json\/wp\/v2\/product\/1364","targetHints":{"allow":["GET"]}}],"collection":[{"href":"https:\/\/topsmart.store\/en\/wp-json\/wp\/v2\/product"}],"about":[{"href":"https:\/\/topsmart.store\/en\/wp-json\/wp\/v2\/types\/product"}],"replies":[{"embeddable":true,"href":"https:\/\/topsmart.store\/en\/wp-json\/wp\/v2\/comments?post=1364"}],"wp:featuredmedia":[{"embeddable":true,"href":"https:\/\/topsmart.store\/en\/wp-json\/wp\/v2\/media\/1354"}],"wp:attachment":[{"href":"https:\/\/topsmart.store\/en\/wp-json\/wp\/v2\/media?parent=1364"}],"wp:term":[{"taxonomy":"product_brand","embeddable":true,"href":"https:\/\/topsmart.store\/en\/wp-json\/wp\/v2\/product_brand?post=1364"},{"taxonomy":"product_cat","embeddable":true,"href":"https:\/\/topsmart.store\/en\/wp-json\/wp\/v2\/product_cat?post=1364"},{"taxonomy":"product_tag","embeddable":true,"href":"https:\/\/topsmart.store\/en\/wp-json\/wp\/v2\/product_tag?post=1364"}],"curies":[{"name":"wp","href":"https:\/\/api.w.org\/{rel}","templated":true}]}}