{"id":1376,"date":"2026-04-11T11:33:13","date_gmt":"2026-04-11T09:33:13","guid":{"rendered":"https:\/\/topsmart.store\/product\/multifunctional-wireless-electric-juicer-steel-orange-lemon-blender-usb-portable-mini-fruit-squeezer-pressure-juicer-kitchen\/"},"modified":"2026-04-15T10:56:27","modified_gmt":"2026-04-15T08:56:27","slug":"multifunctional-wireless-electric-juicer-steel-orange-lemon-blender-usb-portable-mini-fruit-squeezer-pressure-juicer-kitchen","status":"publish","type":"product","link":"https:\/\/topsmart.store\/en\/product\/multifunctional-wireless-electric-juicer-steel-orange-lemon-blender-usb-portable-mini-fruit-squeezer-pressure-juicer-kitchen\/","title":{"rendered":"Multifunctional Wireless Electric Juicer Steel Orange Lemon Blender USB Portable Mini Fruit Squeezer Pressure Juicer Kitchen"},"content":{"rendered":"<p> <b>Ap\u017evalga:<\/b> <\/p>\n<p> 1. \u3010Apelsin\u0173 sul\u010diaspaud\u0117\u3011 Paprastas automatinis spaudimas vienu mygtuku. Automatinis \u017eievel\u0117s storio nustatymas, maksimalus sul\u010di\u0173 i\u0161spaudimas.<br \/>2. \u3010Tinka vis\u0173 r\u016b\u0161i\u0173 vaisiams ir dar\u017eov\u0117ms\u3011 Apelsin\u0173 sul\u010diaspaud\u0117 tinka vaisiams. Taip pat ir dar\u017eov\u0117ms. Puikiai tinka sveikiesiems g\u0117rimams, kokteiliams, receptams, desertams ir marinatams.<br \/>3. \u3010\u012ekrovimas per USB\u3011 \u012ekrovimas per USB-C. Po visi\u0161ko \u012fkrovimo galima i\u0161spausti sul\u010di\u0173 daugiau nei 40 kart\u0173.<br \/>4. \u3010Auk\u0161tos kokyb\u0117s med\u017eiagos\u3011 Maistui tinkamos med\u017eiagos, kurios yra saugios ir sveikos. Be BPA.<br \/>5. \u3010Lengva valyti ir saugu\u3011 Visos sul\u010diaspaud\u0117s dalys yra nuimamos. Prid\u0117ta specialiai pritaikyta valymo \u0161epet\u0117l\u0117 padeda valyti lengviau ir grei\u010diau.<br \/>6. \u3010Belaid\u0117 ir ne\u0161iojama\u3011 Dydis yra labai kompakti\u0161kas ir patogus ne\u0161iotis apsipirkimui, sportui, piknikams, stovyklavimui ir kelion\u0117ms. M\u0117gaukit\u0117s skaniais sul\u010diais bet kur ir bet kada.<b><br \/><\/b><b><\/b><\/p>\n<p> <b> <br \/> <\/b> <\/p>\n<p> <b>Produkto informacija:<\/b><br \/>Funkcija: Sul\u010di\u0173 spaudimas<br \/>Talpa: 150 ml<br \/>Korpuso med\u017eiaga: PC<br \/>Spalva: \u0160vie\u017eia \u017ealia, paprasta balta<br \/>Dydis: 140 x 110 x 280 mm <\/p>\n<p> <\/p>\n<p><b>Pakuot\u0117s s\u0105ra\u0161as:<\/b><br \/> <br \/>\n Sul\u010diaspaud\u0117 X1 vnt.\u00a0 <\/p>\n<h1 id=\"ak7ie\"> <span>D\u0117mesio: Tik kin\u0173 kalba para\u0161yta naudojimo instrukcija, n\u0117ra angl\u0173 kalbos versijos.<\/span> <\/h1>\n<p> <\/p>\n<p><b>Produkto nuotrauka:<\/b> <\/p>\n<p><img decoding=\"async\" data-src=\"https:\/\/cf.cjdropshipping.com\/17010432\/1729012731912261632.jpg\" src=\"data:image\/svg+xml;base64,PHN2ZyB3aWR0aD0iMSIgaGVpZ2h0PSIxIiB4bWxucz0iaHR0cDovL3d3dy53My5vcmcvMjAwMC9zdmciPjwvc3ZnPg==\" class=\"lazyload\"><br \/>\n<img decoding=\"async\" data-src=\"https:\/\/cf.cjdropshipping.com\/17010432\/1729012732008730624.jpg\" src=\"data:image\/svg+xml;base64,PHN2ZyB3aWR0aD0iMSIgaGVpZ2h0PSIxIiB4bWxucz0iaHR0cDovL3d3dy53My5vcmcvMjAwMC9zdmciPjwvc3ZnPg==\" class=\"lazyload\"><br \/>\n<img decoding=\"async\" data-src=\"https:\/\/cf.cjdropshipping.com\/17010432\/1729012732231028736.jpg\" src=\"data:image\/svg+xml;base64,PHN2ZyB3aWR0aD0iMSIgaGVpZ2h0PSIxIiB4bWxucz0iaHR0cDovL3d3dy53My5vcmcvMjAwMC9zdmciPjwvc3ZnPg==\" class=\"lazyload\"> \u00a0<br \/>\n<img decoding=\"async\" data-src=\"https:\/\/cf.cjdropshipping.com\/17010432\/1729012732323303424.jpg\" src=\"data:image\/svg+xml;base64,PHN2ZyB3aWR0aD0iMSIgaGVpZ2h0PSIxIiB4bWxucz0iaHR0cDovL3d3dy53My5vcmcvMjAwMC9zdmciPjwvc3ZnPg==\" class=\"lazyload\"> <\/p>\n<p> <img decoding=\"async\" data-src=\"https:\/\/cf.cjdropshipping.com\/17010432\/1729012732449132544.jpg\" src=\"data:image\/svg+xml;base64,PHN2ZyB3aWR0aD0iMSIgaGVpZ2h0PSIxIiB4bWxucz0iaHR0cDovL3d3dy53My5vcmcvMjAwMC9zdmciPjwvc3ZnPg==\" class=\"lazyload\"> <img decoding=\"async\" data-src=\"https:\/\/cf.cjdropshipping.com\/17010432\/1729012732600127488.jpg\" src=\"data:image\/svg+xml;base64,PHN2ZyB3aWR0aD0iMSIgaGVpZ2h0PSIxIiB4bWxucz0iaHR0cDovL3d3dy53My5vcmcvMjAwMC9zdmciPjwvc3ZnPg==\" class=\"lazyload\">  <\/p>","protected":false},"excerpt":{"rendered":"<p>Ap\u017evalga: 1. \u3010Apelsin\u0173 sul\u010diaspaud\u0117\u3011 Paprastas automatinis spaudimas vienu mygtuku. Automatinis \u017eievel\u0117s storio nustatymas, maksimalus sul\u010di\u0173 i\u0161spaudimas.2. \u3010Tinka vis\u0173 r\u016b\u0161i\u0173 vaisiams ir dar\u017eov\u0117ms\u3011 Apelsin\u0173 sul\u010diaspaud\u0117 tinka vaisiams. Taip pat ir dar\u017eov\u0117ms. Puikiai tinka sveikiesiems g\u0117rimams, kokteiliams, receptams, desertams ir marinatams.3. \u3010\u012ekrovimas per USB\u3011 \u012ekrovimas per USB-C. Po visi\u0161ko \u012fkrovimo galima i\u0161spausti sul\u010di\u0173 daugiau nei 40 kart\u0173.4. [&hellip;]<\/p>\n","protected":false},"featured_media":1369,"comment_status":"open","ping_status":"closed","template":"","meta":[],"product_brand":[],"product_cat":[24],"product_tag":[],"class_list":{"0":"post-1376","1":"product","2":"type-product","3":"status-publish","4":"has-post-thumbnail","6":"product_cat-namu-apyvoka","8":"first","9":"instock","10":"shipping-taxable","11":"purchasable","12":"product-type-variable"},"_links":{"self":[{"href":"https:\/\/topsmart.store\/en\/wp-json\/wp\/v2\/product\/1376","targetHints":{"allow":["GET"]}}],"collection":[{"href":"https:\/\/topsmart.store\/en\/wp-json\/wp\/v2\/product"}],"about":[{"href":"https:\/\/topsmart.store\/en\/wp-json\/wp\/v2\/types\/product"}],"replies":[{"embeddable":true,"href":"https:\/\/topsmart.store\/en\/wp-json\/wp\/v2\/comments?post=1376"}],"wp:featuredmedia":[{"embeddable":true,"href":"https:\/\/topsmart.store\/en\/wp-json\/wp\/v2\/media\/1369"}],"wp:attachment":[{"href":"https:\/\/topsmart.store\/en\/wp-json\/wp\/v2\/media?parent=1376"}],"wp:term":[{"taxonomy":"product_brand","embeddable":true,"href":"https:\/\/topsmart.store\/en\/wp-json\/wp\/v2\/product_brand?post=1376"},{"taxonomy":"product_cat","embeddable":true,"href":"https:\/\/topsmart.store\/en\/wp-json\/wp\/v2\/product_cat?post=1376"},{"taxonomy":"product_tag","embeddable":true,"href":"https:\/\/topsmart.store\/en\/wp-json\/wp\/v2\/product_tag?post=1376"}],"curies":[{"name":"wp","href":"https:\/\/api.w.org\/{rel}","templated":true}]}}