{"id":1391,"date":"2026-04-11T11:33:36","date_gmt":"2026-04-11T09:33:36","guid":{"rendered":"https:\/\/topsmart.store\/product\/400ml-self-stirring-coffee-mug-electric-mixing-glass-coffee-cuphigh-speed-fast-automatic-coffee-cup-for-gyms-dining-room-kitchen-gadgets\/"},"modified":"2026-04-15T10:56:40","modified_gmt":"2026-04-15T08:56:40","slug":"400ml-self-stirring-coffee-mug-electric-mixing-glass-coffee-cuphigh-speed-fast-automatic-coffee-cup-for-gyms-dining-room-kitchen-gadgets","status":"publish","type":"product","link":"https:\/\/topsmart.store\/en\/product\/400ml-self-stirring-coffee-mug-electric-mixing-glass-coffee-cuphigh-speed-fast-automatic-coffee-cup-for-gyms-dining-room-kitchen-gadgets\/","title":{"rendered":"400ML Self Stirring Coffee Mug Electric Mixing Glass Coffee CupHigh Speed Fast Automatic Coffee Cup For Gyms Dining Room Kitchen Gadgets"},"content":{"rendered":"<p> <b>Ap\u017evalga:<\/b> <\/p>\n<p> 1. Puikiai sumai\u0161yti g\u0117rimai: \u0160i savaime mai\u0161anti kavos puodelis yra ne\u0161iojamas ir lengvai naudojamas, tod\u0117l puikiai sumai\u0161ytus g\u0117rimus galite m\u0117gautis bet kur. Nesvarbu, ar norite puodelio kavos, arbatos, kar\u0161to \u0161okolado ar sriubos, \u0161is puodelis vienu mygtuko paspaudimu suteiks jums skan\u0173 g\u0117rim\u0105.<br \/>2. Lengvas mai\u0161ymas: Vienu mygtuko paspaudimu \u0161is puodelis gali sukurti stipri\u0105 sukimo j\u0117g\u0105, kuri greitai ir kruop\u0161\u010diai sumai\u0161o g\u0117rimus. Jis gali lengvai mai\u0161yti klampius, gr\u016bd\u0117tus skys\u010dius, pavyzd\u017eiui, kar\u0161t\u0105 \u0161okolad\u0105 ar avi\u017einius dribsnius.<br \/>3. Paprastas mai\u0161ymas: su \u0161iuo savaime mai\u0161omu kavos puodeliu galite per kelias sekundes pasigaminti m\u0117gstamus g\u0117rimus be vargo su \u0161auk\u0161tais ar mai\u0161ikliais. Jis yra efektyvesnis ir veiksmingesnis nei tradiciniai mai\u0161ymo b\u016bdai, ir tinka tiek kar\u0161tiems, tiek \u0161altiems skys\u010diams. Nesvarbu, ar esate svetain\u0117je, virtuv\u0117je, sporto sal\u0117je ar mokykloje, \u0161is puodelis pad\u0117s jums greitai ir lengvai paruo\u0161ti \u012fvairius g\u0117rimus. <\/p>\n<p> 4. Universalus ir prakti\u0161kas: Nesvarbu, ar norite pasim\u0117gauti puodeliu pieno arbatos su gliukoze, baltym\u0173 granul\u0117mis kavai ar pieno medumi, \u0161is savaime mai\u0161antis puodelis visk\u0105 sumai\u0161ys u\u017e jus automati\u0161kai. Tiesiog nuplaukite j\u012f po tekan\u010diu vandeniu ir jis v\u0117l bus paruo\u0161tas naudoti. Lengvai valomas ir patogus naudoti.<br \/>5. Puiki dovana: Parodykite savo meil\u0119 ir r\u016bpest\u012f draugams bei artimiesiems su \u0161iuo savaime mai\u0161omu kavos puodeliu. Tai puiki Kal\u0117d\u0173 ar gimtadienio dovana visiems, kurie m\u0117gsta kav\u0105 ar arbat\u0105. Tiesiog paspauskite mygtuk\u0105 ir steb\u0117kite, kaip vyksta stebuklas. Pasidalinkite \u0161io nuostabaus puodelio teikiamu d\u017eiaugsmu su savo \u0161eima ir draugais. <\/p>\n<p> <b> <br \/> <\/b> <\/p>\n<p> <b>Produkto informacija:<\/b><br \/>Ra\u0161tas: Vienos spalvos<br \/>Spalva: puodelio korpusas \u2013 skaidrus, puodelio korpusas \u2013 \u0161ampaninio aukso, puodelio korpusas \u2013 vaivoryk\u0161t\u0117s m\u0117lynos, puodelio korpusas \u2013 skaidrus puodelio \u0161ildymo laikiklis, puodelio korpusas \u2013 \u0161ampaninio aukso puodelio \u0161ildymo laikiklis, puodelio korpusas \u2013 vaivoryk\u0161t\u0117s m\u0117lynos puodelio \u0161ildymo laikiklis<br \/>Med\u017eiaga: borosilikatinis stiklas<br \/>Tinkamas objektas: kava<br \/>Pakuot\u0117s specifikacija: 160 x 115 x 130 mm<br \/>Strukt\u016bra: vieno sluoksnio<br \/>Tinkami \u017emon\u0117s: Suaugusieji<br \/>Tinkamos progos dovanoms: reklamin\u0117s akcijos.<br \/>Funkcija: atsparumas auk\u0161tai<br \/>temperat\u016brai  Stilius: modernus paprastumas<br \/>Talpa: 400 ml <\/p>\n<p> <\/p>\n<p><b>Dydis:<\/b> <\/p>\n<p><img decoding=\"async\" data-src=\"https:\/\/cf.cjdropshipping.com\/17097696\/2403070203350325200.jpg\" src=\"data:image\/svg+xml;base64,PHN2ZyB3aWR0aD0iMSIgaGVpZ2h0PSIxIiB4bWxucz0iaHR0cDovL3d3dy53My5vcmcvMjAwMC9zdmciPjwvc3ZnPg==\" class=\"lazyload\"> <\/p>\n<p><b>Pakuot\u0117s s\u0105ra\u0161as:<\/b><br \/> <br \/>\n Kavos puodelis*1 <\/p>\n<p> <\/p>\n<p><b>Produkto nuotrauka:<\/b> <\/p>\n<p><img decoding=\"async\" data-src=\"https:\/\/cf.cjdropshipping.com\/17097696\/2403070203350325600.jpg\" src=\"data:image\/svg+xml;base64,PHN2ZyB3aWR0aD0iMSIgaGVpZ2h0PSIxIiB4bWxucz0iaHR0cDovL3d3dy53My5vcmcvMjAwMC9zdmciPjwvc3ZnPg==\" class=\"lazyload\"><br \/>\n<img decoding=\"async\" data-src=\"https:\/\/cf.cjdropshipping.com\/17097696\/2403070203350326200.jpg\" src=\"data:image\/svg+xml;base64,PHN2ZyB3aWR0aD0iMSIgaGVpZ2h0PSIxIiB4bWxucz0iaHR0cDovL3d3dy53My5vcmcvMjAwMC9zdmciPjwvc3ZnPg==\" class=\"lazyload\"><br \/>\n<img decoding=\"async\" data-src=\"https:\/\/cf.cjdropshipping.com\/17097696\/2403070203350326600.jpg\" src=\"data:image\/svg+xml;base64,PHN2ZyB3aWR0aD0iMSIgaGVpZ2h0PSIxIiB4bWxucz0iaHR0cDovL3d3dy53My5vcmcvMjAwMC9zdmciPjwvc3ZnPg==\" class=\"lazyload\"><br \/>\n<img decoding=\"async\" data-src=\"https:\/\/cf.cjdropshipping.com\/17097696\/2403070203350327600.jpg\" src=\"data:image\/svg+xml;base64,PHN2ZyB3aWR0aD0iMSIgaGVpZ2h0PSIxIiB4bWxucz0iaHR0cDovL3d3dy53My5vcmcvMjAwMC9zdmciPjwvc3ZnPg==\" class=\"lazyload\"><br \/>\n<img decoding=\"async\" data-src=\"https:\/\/cf.cjdropshipping.com\/17097696\/2403070203350328800.jpg\" src=\"data:image\/svg+xml;base64,PHN2ZyB3aWR0aD0iMSIgaGVpZ2h0PSIxIiB4bWxucz0iaHR0cDovL3d3dy53My5vcmcvMjAwMC9zdmciPjwvc3ZnPg==\" class=\"lazyload\"><br \/>\n<img decoding=\"async\" data-src=\"https:\/\/cf.cjdropshipping.com\/17097696\/2403070203350329900.jpg\" src=\"data:image\/svg+xml;base64,PHN2ZyB3aWR0aD0iMSIgaGVpZ2h0PSIxIiB4bWxucz0iaHR0cDovL3d3dy53My5vcmcvMjAwMC9zdmciPjwvc3ZnPg==\" class=\"lazyload\"><br \/>\n<img decoding=\"async\" data-src=\"https:\/\/cf.cjdropshipping.com\/17097696\/2403070203360320500.jpg\" src=\"data:image\/svg+xml;base64,PHN2ZyB3aWR0aD0iMSIgaGVpZ2h0PSIxIiB4bWxucz0iaHR0cDovL3d3dy53My5vcmcvMjAwMC9zdmciPjwvc3ZnPg==\" class=\"lazyload\"><br \/>\n<img decoding=\"async\" data-src=\"https:\/\/cf.cjdropshipping.com\/17097696\/2403070203360321100.jpg\" src=\"data:image\/svg+xml;base64,PHN2ZyB3aWR0aD0iMSIgaGVpZ2h0PSIxIiB4bWxucz0iaHR0cDovL3d3dy53My5vcmcvMjAwMC9zdmciPjwvc3ZnPg==\" class=\"lazyload\"><br \/>\n<img decoding=\"async\" data-src=\"https:\/\/cf.cjdropshipping.com\/17097696\/2403070203360321800.jpg\" src=\"data:image\/svg+xml;base64,PHN2ZyB3aWR0aD0iMSIgaGVpZ2h0PSIxIiB4bWxucz0iaHR0cDovL3d3dy53My5vcmcvMjAwMC9zdmciPjwvc3ZnPg==\" class=\"lazyload\"><br \/>\n<img decoding=\"async\" data-src=\"https:\/\/cf.cjdropshipping.com\/17097696\/2403070203360322100.jpg\" src=\"data:image\/svg+xml;base64,PHN2ZyB3aWR0aD0iMSIgaGVpZ2h0PSIxIiB4bWxucz0iaHR0cDovL3d3dy53My5vcmcvMjAwMC9zdmciPjwvc3ZnPg==\" class=\"lazyload\"><br \/>\n<img decoding=\"async\" data-src=\"https:\/\/cf.cjdropshipping.com\/17097696\/2403070203360323300.jpg\" src=\"data:image\/svg+xml;base64,PHN2ZyB3aWR0aD0iMSIgaGVpZ2h0PSIxIiB4bWxucz0iaHR0cDovL3d3dy53My5vcmcvMjAwMC9zdmciPjwvc3ZnPg==\" class=\"lazyload\"><br \/>\n<img decoding=\"async\" data-src=\"https:\/\/cf.cjdropshipping.com\/17097696\/2403070203360324600.jpg\" src=\"data:image\/svg+xml;base64,PHN2ZyB3aWR0aD0iMSIgaGVpZ2h0PSIxIiB4bWxucz0iaHR0cDovL3d3dy53My5vcmcvMjAwMC9zdmciPjwvc3ZnPg==\" class=\"lazyload\"><br \/>\n<img decoding=\"async\" data-src=\"https:\/\/cf.cjdropshipping.com\/17097696\/2403070203360325700.jpg\" src=\"data:image\/svg+xml;base64,PHN2ZyB3aWR0aD0iMSIgaGVpZ2h0PSIxIiB4bWxucz0iaHR0cDovL3d3dy53My5vcmcvMjAwMC9zdmciPjwvc3ZnPg==\" class=\"lazyload\"><br \/>\n<img decoding=\"async\" data-src=\"https:\/\/cf.cjdropshipping.com\/17097696\/2403070203360326400.jpg\" src=\"data:image\/svg+xml;base64,PHN2ZyB3aWR0aD0iMSIgaGVpZ2h0PSIxIiB4bWxucz0iaHR0cDovL3d3dy53My5vcmcvMjAwMC9zdmciPjwvc3ZnPg==\" class=\"lazyload\"><br \/>\n<img decoding=\"async\" data-src=\"https:\/\/cf.cjdropshipping.com\/17097696\/2403070203360326800.jpg\" src=\"data:image\/svg+xml;base64,PHN2ZyB3aWR0aD0iMSIgaGVpZ2h0PSIxIiB4bWxucz0iaHR0cDovL3d3dy53My5vcmcvMjAwMC9zdmciPjwvc3ZnPg==\" class=\"lazyload\"><br \/>\n<img decoding=\"async\" data-src=\"https:\/\/cf.cjdropshipping.com\/17097696\/2403070203360327600.jpg\" src=\"data:image\/svg+xml;base64,PHN2ZyB3aWR0aD0iMSIgaGVpZ2h0PSIxIiB4bWxucz0iaHR0cDovL3d3dy53My5vcmcvMjAwMC9zdmciPjwvc3ZnPg==\" class=\"lazyload\"><br \/>\n<img decoding=\"async\" data-src=\"https:\/\/cf.cjdropshipping.com\/17097696\/2403070203360328100.jpg\" src=\"data:image\/svg+xml;base64,PHN2ZyB3aWR0aD0iMSIgaGVpZ2h0PSIxIiB4bWxucz0iaHR0cDovL3d3dy53My5vcmcvMjAwMC9zdmciPjwvc3ZnPg==\" class=\"lazyload\"><br \/>\n<img decoding=\"async\" data-src=\"https:\/\/cf.cjdropshipping.com\/17097696\/2403070203360328600.jpg\" src=\"data:image\/svg+xml;base64,PHN2ZyB3aWR0aD0iMSIgaGVpZ2h0PSIxIiB4bWxucz0iaHR0cDovL3d3dy53My5vcmcvMjAwMC9zdmciPjwvc3ZnPg==\" class=\"lazyload\"><br \/>\n<img decoding=\"async\" data-src=\"https:\/\/cf.cjdropshipping.com\/17097696\/2403070203360329100.jpg\" width=\"789\" height=\"789\" src=\"data:image\/svg+xml;base64,PHN2ZyB3aWR0aD0iMSIgaGVpZ2h0PSIxIiB4bWxucz0iaHR0cDovL3d3dy53My5vcmcvMjAwMC9zdmciPjwvc3ZnPg==\" class=\"lazyload\" style=\"--smush-placeholder-width: 789px; --smush-placeholder-aspect-ratio: 789\/789;\"><br \/>\n<img decoding=\"async\" data-src=\"https:\/\/cf.cjdropshipping.com\/17097696\/2403070203360329700.jpg\" width=\"788\" height=\"788\" src=\"data:image\/svg+xml;base64,PHN2ZyB3aWR0aD0iMSIgaGVpZ2h0PSIxIiB4bWxucz0iaHR0cDovL3d3dy53My5vcmcvMjAwMC9zdmciPjwvc3ZnPg==\" class=\"lazyload\" style=\"--smush-placeholder-width: 788px; --smush-placeholder-aspect-ratio: 788\/788;\"><br \/>\n<img decoding=\"async\" data-src=\"https:\/\/cf.cjdropshipping.com\/17097696\/2403070203370320200.jpg\" width=\"790\" height=\"790\" src=\"data:image\/svg+xml;base64,PHN2ZyB3aWR0aD0iMSIgaGVpZ2h0PSIxIiB4bWxucz0iaHR0cDovL3d3dy53My5vcmcvMjAwMC9zdmciPjwvc3ZnPg==\" class=\"lazyload\" style=\"--smush-placeholder-width: 790px; --smush-placeholder-aspect-ratio: 790\/790;\"><br \/>\n<img decoding=\"async\" data-src=\"https:\/\/cf.cjdropshipping.com\/17097696\/2403070203370321000.jpg\" width=\"790\" height=\"592.5\" src=\"data:image\/svg+xml;base64,PHN2ZyB3aWR0aD0iMSIgaGVpZ2h0PSIxIiB4bWxucz0iaHR0cDovL3d3dy53My5vcmcvMjAwMC9zdmciPjwvc3ZnPg==\" class=\"lazyload\" style=\"--smush-placeholder-width: 790px; --smush-placeholder-aspect-ratio: 790\/592;\"> <\/p>\n<p> <\/p>\n<p> <img decoding=\"async\" data-src=\"https:\/\/cf.cjdropshipping.com\/17097696\/2403070203370322000.jpg\" src=\"data:image\/svg+xml;base64,PHN2ZyB3aWR0aD0iMSIgaGVpZ2h0PSIxIiB4bWxucz0iaHR0cDovL3d3dy53My5vcmcvMjAwMC9zdmciPjwvc3ZnPg==\" class=\"lazyload\">  <\/p>\n<p> <img decoding=\"async\" data-src=\"https:\/\/cf.cjdropshipping.com\/17097696\/2403070203370322900.jpg\" src=\"data:image\/svg+xml;base64,PHN2ZyB3aWR0aD0iMSIgaGVpZ2h0PSIxIiB4bWxucz0iaHR0cDovL3d3dy53My5vcmcvMjAwMC9zdmciPjwvc3ZnPg==\" class=\"lazyload\">  <\/p>","protected":false},"excerpt":{"rendered":"<p>Ap\u017evalga: 1. Puikiai sumai\u0161yti g\u0117rimai: \u0160i savaime mai\u0161anti kavos puodelis yra ne\u0161iojamas ir lengvai naudojamas, tod\u0117l puikiai sumai\u0161ytus g\u0117rimus galite m\u0117gautis bet kur. Nesvarbu, ar norite puodelio kavos, arbatos, kar\u0161to \u0161okolado ar sriubos, \u0161is puodelis vienu mygtuko paspaudimu suteiks jums skan\u0173 g\u0117rim\u0105.2. Lengvas mai\u0161ymas: Vienu mygtuko paspaudimu \u0161is puodelis gali sukurti stipri\u0105 sukimo j\u0117g\u0105, kuri [&hellip;]<\/p>\n","protected":false},"featured_media":1381,"comment_status":"open","ping_status":"closed","template":"","meta":[],"product_brand":[],"product_cat":[24],"product_tag":[],"class_list":{"0":"post-1391","1":"product","2":"type-product","3":"status-publish","4":"has-post-thumbnail","6":"product_cat-namu-apyvoka","8":"first","9":"instock","10":"shipping-taxable","11":"purchasable","12":"product-type-variable"},"_links":{"self":[{"href":"https:\/\/topsmart.store\/en\/wp-json\/wp\/v2\/product\/1391","targetHints":{"allow":["GET"]}}],"collection":[{"href":"https:\/\/topsmart.store\/en\/wp-json\/wp\/v2\/product"}],"about":[{"href":"https:\/\/topsmart.store\/en\/wp-json\/wp\/v2\/types\/product"}],"replies":[{"embeddable":true,"href":"https:\/\/topsmart.store\/en\/wp-json\/wp\/v2\/comments?post=1391"}],"wp:featuredmedia":[{"embeddable":true,"href":"https:\/\/topsmart.store\/en\/wp-json\/wp\/v2\/media\/1381"}],"wp:attachment":[{"href":"https:\/\/topsmart.store\/en\/wp-json\/wp\/v2\/media?parent=1391"}],"wp:term":[{"taxonomy":"product_brand","embeddable":true,"href":"https:\/\/topsmart.store\/en\/wp-json\/wp\/v2\/product_brand?post=1391"},{"taxonomy":"product_cat","embeddable":true,"href":"https:\/\/topsmart.store\/en\/wp-json\/wp\/v2\/product_cat?post=1391"},{"taxonomy":"product_tag","embeddable":true,"href":"https:\/\/topsmart.store\/en\/wp-json\/wp\/v2\/product_tag?post=1391"}],"curies":[{"name":"wp","href":"https:\/\/api.w.org\/{rel}","templated":true}]}}