{"id":1424,"date":"2026-04-11T11:35:09","date_gmt":"2026-04-11T09:35:09","guid":{"rendered":"https:\/\/topsmart.store\/product\/condensed-portable-mini-coffee-machine\/"},"modified":"2026-04-11T11:40:37","modified_gmt":"2026-04-11T09:40:37","slug":"condensed-portable-mini-coffee-machine","status":"publish","type":"product","link":"https:\/\/topsmart.store\/en\/product\/condensed-portable-mini-coffee-machine\/","title":{"rendered":"Condensed portable mini coffee machine"},"content":{"rendered":"<p> Prek\u0117s pavadinimas: Ne\u0161iojama rankin\u0117 kavos virimo ma\u0161ina (juoda)  <\/p>\n<p>1. Matmenys: 6 \u00d7 17,5 cm <\/p>\n<p> 2. Talpa: kavos milteliai: 7 g<br \/>Vandens talpa: 70 ml\u00a0 <\/p>\n<p> Sl\u0117gis: 8 bar<br \/>3. Pakuot\u0117: 76*60*200 mm vnt.\/d\u0117\u017eut\u0117 (cm)<br \/>4. Med\u017eiaga: plastikas, PP, ner\u016bdijantis plienas 304, silikonas<\/p>\n<p> <\/p>\n<p> <b>Klasifikacija:<\/b><br \/>Juoda: \u012eprasta  Juoda<br \/>kapsul\u0117: Kapsul\u0117s tipo <\/p>\n<p> <\/p>\n<table border=\"0\" cellpadding=\"0\" cellspacing=\"1\">\n<tbody>\n<tr>\n<td> <img decoding=\"async\" data-src=\"https:\/\/cf.cjdropshipping.com\/16778016\/1631558632489488384.jpg\" width=\"920\" src=\"data:image\/svg+xml;base64,PHN2ZyB3aWR0aD0iMSIgaGVpZ2h0PSIxIiB4bWxucz0iaHR0cDovL3d3dy53My5vcmcvMjAwMC9zdmciPjwvc3ZnPg==\" class=\"lazyload\"> <\/p>\n<p> <strong style=\"background-color: transparent\">\u00a0 \u00a0 \u00a0 \u00a0<\/strong> <strong style=\"background-color: transparent\">\u00a0 \u00a0 \u00a0 \u00a0 \u00a0 \u00a0<\/strong> <img decoding=\"async\" data-src=\"https:\/\/cf.cjdropshipping.com\/16778016\/1631558632753729536.jpg\" width=\"920\" src=\"data:image\/svg+xml;base64,PHN2ZyB3aWR0aD0iMSIgaGVpZ2h0PSIxIiB4bWxucz0iaHR0cDovL3d3dy53My5vcmcvMjAwMC9zdmciPjwvc3ZnPg==\" class=\"lazyload\"> <\/p>\n<\/td>\n<\/tr>\n<tr>\n<td>\n<p> <img decoding=\"async\" data-src=\"https:\/\/cf.cjdropshipping.com\/16778016\/1631558632908918784.jpg\" width=\"920\" src=\"data:image\/svg+xml;base64,PHN2ZyB3aWR0aD0iMSIgaGVpZ2h0PSIxIiB4bWxucz0iaHR0cDovL3d3dy53My5vcmcvMjAwMC9zdmciPjwvc3ZnPg==\" class=\"lazyload\"> <\/p>\n<p> <img decoding=\"async\" data-src=\"https:\/\/cf.cjdropshipping.com\/16778016\/1631558633043136512.jpg\" width=\"920\" src=\"data:image\/svg+xml;base64,PHN2ZyB3aWR0aD0iMSIgaGVpZ2h0PSIxIiB4bWxucz0iaHR0cDovL3d3dy53My5vcmcvMjAwMC9zdmciPjwvc3ZnPg==\" class=\"lazyload\"> <\/p>\n<p> <img decoding=\"async\" data-src=\"https:\/\/cf.cjdropshipping.com\/16778016\/1631558633374486528.jpg\" width=\"920\" src=\"data:image\/svg+xml;base64,PHN2ZyB3aWR0aD0iMSIgaGVpZ2h0PSIxIiB4bWxucz0iaHR0cDovL3d3dy53My5vcmcvMjAwMC9zdmciPjwvc3ZnPg==\" class=\"lazyload\"> <\/p>\n<p> <img decoding=\"async\" data-src=\"https:\/\/cf.cjdropshipping.com\/16778016\/1631558633819082752.jpg\" width=\"920\" src=\"data:image\/svg+xml;base64,PHN2ZyB3aWR0aD0iMSIgaGVpZ2h0PSIxIiB4bWxucz0iaHR0cDovL3d3dy53My5vcmcvMjAwMC9zdmciPjwvc3ZnPg==\" class=\"lazyload\"> <\/p>\n<p> <img decoding=\"async\" data-src=\"https:\/\/cf.cjdropshipping.com\/16778016\/1631558633961689088.jpg\" width=\"920\" src=\"data:image\/svg+xml;base64,PHN2ZyB3aWR0aD0iMSIgaGVpZ2h0PSIxIiB4bWxucz0iaHR0cDovL3d3dy53My5vcmcvMjAwMC9zdmciPjwvc3ZnPg==\" class=\"lazyload\"> <\/p>\n<p> <img decoding=\"async\" data-src=\"https:\/\/cf.cjdropshipping.com\/16778016\/1631558634175598592.jpg\" width=\"920\" src=\"data:image\/svg+xml;base64,PHN2ZyB3aWR0aD0iMSIgaGVpZ2h0PSIxIiB4bWxucz0iaHR0cDovL3d3dy53My5vcmcvMjAwMC9zdmciPjwvc3ZnPg==\" class=\"lazyload\"> <\/p>\n<p> <img decoding=\"async\" data-src=\"https:\/\/cf.cjdropshipping.com\/16778016\/1631558634389508096.jpg\" width=\"920\" src=\"data:image\/svg+xml;base64,PHN2ZyB3aWR0aD0iMSIgaGVpZ2h0PSIxIiB4bWxucz0iaHR0cDovL3d3dy53My5vcmcvMjAwMC9zdmciPjwvc3ZnPg==\" class=\"lazyload\"> <\/p>\n<\/td>\n<\/tr>\n<\/tbody>\n<\/table>","protected":false},"excerpt":{"rendered":"<p>Prek\u0117s pavadinimas: Ne\u0161iojama rankin\u0117 kavos virimo ma\u0161ina (juoda) 1. Matmenys: 6 \u00d7 17,5 cm 2. Talpa: kavos milteliai: 7 gVandens talpa: 70 ml\u00a0 Sl\u0117gis: 8 bar3. Pakuot\u0117: 76*60*200 mm vnt.\/d\u0117\u017eut\u0117 (cm)4. Med\u017eiaga: plastikas, PP, ner\u016bdijantis plienas 304, silikonas Klasifikacija:Juoda: \u012eprasta Juodakapsul\u0117: Kapsul\u0117s tipo \u00a0 \u00a0 \u00a0 \u00a0 \u00a0 \u00a0 \u00a0 \u00a0 \u00a0 \u00a0<\/p>","protected":false},"featured_media":1414,"comment_status":"open","ping_status":"closed","template":"","meta":[],"product_brand":[],"product_cat":[24],"product_tag":[],"class_list":{"0":"post-1424","1":"product","2":"type-product","3":"status-publish","4":"has-post-thumbnail","6":"product_cat-namu-apyvoka","8":"first","9":"instock","10":"shipping-taxable","11":"purchasable","12":"product-type-variable"},"_links":{"self":[{"href":"https:\/\/topsmart.store\/en\/wp-json\/wp\/v2\/product\/1424","targetHints":{"allow":["GET"]}}],"collection":[{"href":"https:\/\/topsmart.store\/en\/wp-json\/wp\/v2\/product"}],"about":[{"href":"https:\/\/topsmart.store\/en\/wp-json\/wp\/v2\/types\/product"}],"replies":[{"embeddable":true,"href":"https:\/\/topsmart.store\/en\/wp-json\/wp\/v2\/comments?post=1424"}],"wp:featuredmedia":[{"embeddable":true,"href":"https:\/\/topsmart.store\/en\/wp-json\/wp\/v2\/media\/1414"}],"wp:attachment":[{"href":"https:\/\/topsmart.store\/en\/wp-json\/wp\/v2\/media?parent=1424"}],"wp:term":[{"taxonomy":"product_brand","embeddable":true,"href":"https:\/\/topsmart.store\/en\/wp-json\/wp\/v2\/product_brand?post=1424"},{"taxonomy":"product_cat","embeddable":true,"href":"https:\/\/topsmart.store\/en\/wp-json\/wp\/v2\/product_cat?post=1424"},{"taxonomy":"product_tag","embeddable":true,"href":"https:\/\/topsmart.store\/en\/wp-json\/wp\/v2\/product_tag?post=1424"}],"curies":[{"name":"wp","href":"https:\/\/api.w.org\/{rel}","templated":true}]}}