{"id":1441,"date":"2026-04-11T11:36:24","date_gmt":"2026-04-11T09:36:24","guid":{"rendered":"https:\/\/topsmart.store\/product\/hydrogen-water-bottles-electric-hydrogen-rich-water-generator-bottle-new-technology-rechargeable-portable-antioxidant\/"},"modified":"2026-04-15T10:56:27","modified_gmt":"2026-04-15T08:56:27","slug":"hydrogen-water-bottles-electric-hydrogen-rich-water-generator-bottle-new-technology-rechargeable-portable-antioxidant","status":"publish","type":"product","link":"https:\/\/topsmart.store\/en\/product\/hydrogen-water-bottles-electric-hydrogen-rich-water-generator-bottle-new-technology-rechargeable-portable-antioxidant\/","title":{"rendered":"Hydrogen Water Bottles Electric Hydrogen Rich Water Generator Bottle New Technology Rechargeable Portable Antioxidant"},"content":{"rendered":"<p> <b>Ap\u017evalga:<\/b> <\/p>\n<p> 1. Gerina l\u0105steli\u0173 sveikat\u0105 ir padidina maistini\u0173 med\u017eiag\u0173 \u012fsisavinim\u0105 organizme, gerina gliukoz\u0117s kiek\u012f kraujyje.<br \/>2. Pagamintas i\u0161 auk\u0161tos kokyb\u0117s borosilikatinio stiklo, saugus naudoti.<br \/>3. Vienos puodelio vandenilio prisotinto vandens, kur\u012f galima gerti i\u0161 karto, paruo\u0161imas u\u017etrunka tik 3 minutes.<br \/>4. Geresnis organizmo hidratavimas \u2013 padidina kraujotak\u0105, padeda suma\u017einti so\u010di\u0173j\u0173 riebal\u0173 kiek\u012f<br \/>5. L\u0117tina sen\u0117jimo procesus, suteikia odai sveik\u0105<br \/>i\u0161vaizd\u0105  6. Gerina vyresnio am\u017eiaus \u017emoni\u0173 atmint\u012f \u2013 ma\u017eina viduri\u0173 u\u017ekiet\u0117jimo problemas<\/p>\n<p> <b> <br \/> <\/b> <\/p>\n<p> <b>Produkto informacija:<\/b><br \/>Spalva: sidabrin\u0117, juoda, raudona, ro\u017ein\u0117, m\u0117lyna<br \/>Med\u017eiaga: borosilikatinis stiklas<br \/>Strukt\u016bra: vienasluoksnis<br \/>Forma: cilindrin\u0117<br \/>Dydis (auk\u0161tis, skersmuo): 7*21,5<br \/>Funkcija: atsparumas auk\u0161tai<br \/>temperat\u016brai  Talpa: 401\u2013500 ml<br \/>Gamybos procesas: rankinis p\u016btimas <\/p>\n<p> <\/p>\n<p><b>Pakuot\u0117s s\u0105ra\u0161as:<\/b><br \/> <br \/>\n 1* vandenilio prisotintas puodelis<br \/>\n<b>Produkto nuotrauka:<\/b> <\/p>\n<p><img decoding=\"async\" data-src=\"https:\/\/cf.cjdropshipping.com\/17180640\/2406110926410322500.jpg\" src=\"data:image\/svg+xml;base64,PHN2ZyB3aWR0aD0iMSIgaGVpZ2h0PSIxIiB4bWxucz0iaHR0cDovL3d3dy53My5vcmcvMjAwMC9zdmciPjwvc3ZnPg==\" class=\"lazyload\"><br \/>\n<img decoding=\"async\" data-src=\"https:\/\/cf.cjdropshipping.com\/17180640\/2406110926410323700.jpg\" src=\"data:image\/svg+xml;base64,PHN2ZyB3aWR0aD0iMSIgaGVpZ2h0PSIxIiB4bWxucz0iaHR0cDovL3d3dy53My5vcmcvMjAwMC9zdmciPjwvc3ZnPg==\" class=\"lazyload\"><br \/>\n<img decoding=\"async\" data-src=\"https:\/\/cf.cjdropshipping.com\/17180640\/2406110926410324700.jpg\" src=\"data:image\/svg+xml;base64,PHN2ZyB3aWR0aD0iMSIgaGVpZ2h0PSIxIiB4bWxucz0iaHR0cDovL3d3dy53My5vcmcvMjAwMC9zdmciPjwvc3ZnPg==\" class=\"lazyload\"><br \/>\n<img decoding=\"async\" data-src=\"https:\/\/cf.cjdropshipping.com\/17180640\/2406110926410325200.jpg\" src=\"data:image\/svg+xml;base64,PHN2ZyB3aWR0aD0iMSIgaGVpZ2h0PSIxIiB4bWxucz0iaHR0cDovL3d3dy53My5vcmcvMjAwMC9zdmciPjwvc3ZnPg==\" class=\"lazyload\"><br \/>\n<img decoding=\"async\" data-src=\"https:\/\/cf.cjdropshipping.com\/17180640\/2406110926410325900.jpg\" src=\"data:image\/svg+xml;base64,PHN2ZyB3aWR0aD0iMSIgaGVpZ2h0PSIxIiB4bWxucz0iaHR0cDovL3d3dy53My5vcmcvMjAwMC9zdmciPjwvc3ZnPg==\" class=\"lazyload\"><br \/>\n<img decoding=\"async\" data-src=\"https:\/\/cf.cjdropshipping.com\/17180640\/2406110926410327000.jpg\" src=\"data:image\/svg+xml;base64,PHN2ZyB3aWR0aD0iMSIgaGVpZ2h0PSIxIiB4bWxucz0iaHR0cDovL3d3dy53My5vcmcvMjAwMC9zdmciPjwvc3ZnPg==\" class=\"lazyload\"><br \/>\n<img decoding=\"async\" data-src=\"https:\/\/cf.cjdropshipping.com\/17180640\/2406110926410327700.jpg\" src=\"data:image\/svg+xml;base64,PHN2ZyB3aWR0aD0iMSIgaGVpZ2h0PSIxIiB4bWxucz0iaHR0cDovL3d3dy53My5vcmcvMjAwMC9zdmciPjwvc3ZnPg==\" class=\"lazyload\"><\/p>","protected":false},"excerpt":{"rendered":"<p>Ap\u017evalga: 1. Gerina l\u0105steli\u0173 sveikat\u0105 ir padidina maistini\u0173 med\u017eiag\u0173 \u012fsisavinim\u0105 organizme, gerina gliukoz\u0117s kiek\u012f kraujyje.2. Pagamintas i\u0161 auk\u0161tos kokyb\u0117s borosilikatinio stiklo, saugus naudoti.3. Vienos puodelio vandenilio prisotinto vandens, kur\u012f galima gerti i\u0161 karto, paruo\u0161imas u\u017etrunka tik 3 minutes.4. Geresnis organizmo hidratavimas \u2013 padidina kraujotak\u0105, padeda suma\u017einti so\u010di\u0173j\u0173 riebal\u0173 kiek\u012f5. L\u0117tina sen\u0117jimo procesus, suteikia odai sveik\u0105i\u0161vaizd\u0105 [&hellip;]<\/p>\n","protected":false},"featured_media":1431,"comment_status":"open","ping_status":"closed","template":"","meta":[],"product_brand":[],"product_cat":[24],"product_tag":[],"class_list":{"0":"post-1441","1":"product","2":"type-product","3":"status-publish","4":"has-post-thumbnail","6":"product_cat-namu-apyvoka","8":"first","9":"instock","10":"shipping-taxable","11":"purchasable","12":"product-type-variable"},"_links":{"self":[{"href":"https:\/\/topsmart.store\/en\/wp-json\/wp\/v2\/product\/1441","targetHints":{"allow":["GET"]}}],"collection":[{"href":"https:\/\/topsmart.store\/en\/wp-json\/wp\/v2\/product"}],"about":[{"href":"https:\/\/topsmart.store\/en\/wp-json\/wp\/v2\/types\/product"}],"replies":[{"embeddable":true,"href":"https:\/\/topsmart.store\/en\/wp-json\/wp\/v2\/comments?post=1441"}],"wp:featuredmedia":[{"embeddable":true,"href":"https:\/\/topsmart.store\/en\/wp-json\/wp\/v2\/media\/1431"}],"wp:attachment":[{"href":"https:\/\/topsmart.store\/en\/wp-json\/wp\/v2\/media?parent=1441"}],"wp:term":[{"taxonomy":"product_brand","embeddable":true,"href":"https:\/\/topsmart.store\/en\/wp-json\/wp\/v2\/product_brand?post=1441"},{"taxonomy":"product_cat","embeddable":true,"href":"https:\/\/topsmart.store\/en\/wp-json\/wp\/v2\/product_cat?post=1441"},{"taxonomy":"product_tag","embeddable":true,"href":"https:\/\/topsmart.store\/en\/wp-json\/wp\/v2\/product_tag?post=1441"}],"curies":[{"name":"wp","href":"https:\/\/api.w.org\/{rel}","templated":true}]}}