{"id":1466,"date":"2026-04-11T11:37:00","date_gmt":"2026-04-11T09:37:00","guid":{"rendered":"https:\/\/topsmart.store\/product\/hand-held-blender\/"},"modified":"2026-04-15T10:56:40","modified_gmt":"2026-04-15T08:56:40","slug":"hand-held-blender","status":"publish","type":"product","link":"https:\/\/topsmart.store\/en\/product\/hand-held-blender\/","title":{"rendered":"Hand-held blender"},"content":{"rendered":"<p> <strong>Savyb\u0117s:<\/strong>  <\/p>\n<p><strong>-[\u012erankiai naujam gyvenimo b\u016bdui]:<\/strong> <\/p>\n<p>\u00a0Jei ie\u0161kote b\u016bdo, kaip maisto ruo\u0161im\u0105 padaryti lengvesn\u012f, protingesn\u012f ir intuityvesn\u012f, tai k\u0105 gi, j\u016bs j\u012f k\u0105 tik radote!\u00a0\u0160is \u201eBiolomix\u201c rankinis mai\u0161ytuvas puikiai tinka pada\u017eams, dar\u017eovi\u0173 ir vaisi\u0173 kokteiliams, salsai, baltym\u0173 kokteiliams, sriuboms ir k\u016bdiki\u0173 maistui ruo\u0161ti, o taip pat netgi pyrago te\u0161lai ir blyn\u0173 mi\u0161iniui mai\u0161yti.\u00a0D\u0117l savo universalaus 4-in-1 dizaino \u0161is mai\u0161ytuvas tikrai taps j\u016bs\u0173 nauju m\u0117gstamu virtuv\u0117s \u012frankiu!<\/p>\n<p><strong>-[4-IN-1 daugiafunkcinis rankinis mai\u0161ytuvas]:\u00a0<\/strong> <\/p>\n<p>\u201eBiolomix\u201c rankinis mai\u0161ytuvas buvo sukurtas mai\u0161yti, smulkinti, plakti, i\u0161plakti, trinti ir emulsuoti, priklausomai nuo j\u016bs\u0173 maisto gaminimo u\u017eduo\u010di\u0173, su ner\u016bdijan\u010dio plieno mai\u0161ytuvo kotu ir S formos peiliu,\u00a0ner\u016bdijan\u010dio plieno plakikliu,  500 ml smulkintuvo dubeniu ir 800 ml \/ 600 ml mai\u0161ymo indeliu.\u00a0<\/p>\n<p> Atnaujinkite savo virtuv\u0117s reikmenis vienu prietaisu, kuris gali visk\u0105.  <\/p>\n<p><strong>-[Galingas ir stabilus] :<\/strong>   Galingas 1100\/1200 vat\u0173 rankinis mai\u0161ytuvas su kintamo grei\u010dio reguliatoriumi. <\/p>\n<p>\u012erengtas tyliu varikliu, kuris palengvina j\u016bs\u0173 gyvenim\u0105.<\/p>\n<p><strong>-[Lengvai valomas] :\u00a0<\/strong> <\/p>\n<p>Ergonomi\u0161kai suprojektuotas, kad b\u016bt\u0173 lengviau naudoti. \u012evair\u016bs mai\u0161ytuvo priedai yra nuimami, tod\u0117l juos galite lengvai valyti ir plauti.\u00a0Be to, mai\u0161ymo indas, smulkintuvo dubuo ir peilis bei plaktuvas yra tinkami plauti indaplov\u0117je \u2013 tiesiog \u012fd\u0117kite juos kartu su kitais virtuv\u0117s priedais ir \u012frankiais!<\/p>\n<p><strong>-[Universalus naudojimas] :<\/strong>  Puikiai tinka per kelias sekundes paruo\u0161ti kokteilius, sriubas, salsas, guacamole, \u017eiedini\u0173 kop\u016bst\u0173 ry\u017eius, k\u016bdiki\u0173 maist\u0105, kepimo sviest\u0105 ir dar daugiau. Mai\u0161ymo indas ir smulkintuvo dubuo yra 100 % be BPA, tod\u0117l juos naudoti saugu. <\/p>\n<p>\u00a0<\/p>\n<p> <strong>-[Auk\u0161\u010diausia kokyb\u0117] :<\/strong><br \/>Peiliai ir plaktuvas pagaminti i\u0161 auk\u0161tos kokyb\u0117s ner\u016bdijan\u010dio plieno; jie yra labai glotn\u016bs, lengvi, ta\u010diau patvar\u016bs. <\/p>\n<p>\u00a0<\/p>\n<p> <strong>Specifikacija:\u00a0<\/strong> <\/p>\n<p>Prek\u0117s \u017eenklas\uff1a     Biolomix<\/p>\n<p>Modelis:     Ner\u016bdijan\u010dio plieno panardinamasis rankinis mai\u0161ytuvas\u00a0<\/p>\n<p>Med\u017eiaga:  Ner\u016bdijantis plienas ir plastikas be BPA<\/p>\n<p>Grei\u010dio reguliavimas:    Reguliuojamas greitis<\/p>\n<p>Spalva:      Sidabrin\u0117<\/p>\n<p> \u012etampa:   220\u2013240 V, 50\/60 Hz <img decoding=\"async\" data-src=\"https:\/\/cf.cjdropshipping.com\/86a0b15c-1330-4436-9e95-8bc497550f88.jpg\" src=\"data:image\/svg+xml;base64,PHN2ZyB3aWR0aD0iMSIgaGVpZ2h0PSIxIiB4bWxucz0iaHR0cDovL3d3dy53My5vcmcvMjAwMC9zdmciPjwvc3ZnPg==\" class=\"lazyload\"> <img decoding=\"async\" data-src=\"https:\/\/cf.cjdropshipping.com\/f5f9ea9e-3a00-4394-86b8-9f1ef7c9fe7e.jpg\" src=\"data:image\/svg+xml;base64,PHN2ZyB3aWR0aD0iMSIgaGVpZ2h0PSIxIiB4bWxucz0iaHR0cDovL3d3dy53My5vcmcvMjAwMC9zdmciPjwvc3ZnPg==\" class=\"lazyload\"> <img decoding=\"async\" data-src=\"https:\/\/cf.cjdropshipping.com\/c75a1a88-4811-495d-a726-59fffdfabdd7.jpg\" src=\"data:image\/svg+xml;base64,PHN2ZyB3aWR0aD0iMSIgaGVpZ2h0PSIxIiB4bWxucz0iaHR0cDovL3d3dy53My5vcmcvMjAwMC9zdmciPjwvc3ZnPg==\" class=\"lazyload\"> <img decoding=\"async\" data-src=\"https:\/\/cf.cjdropshipping.com\/c5e44d05-4a67-4781-865d-920019e6cc16.jpg\" src=\"data:image\/svg+xml;base64,PHN2ZyB3aWR0aD0iMSIgaGVpZ2h0PSIxIiB4bWxucz0iaHR0cDovL3d3dy53My5vcmcvMjAwMC9zdmciPjwvc3ZnPg==\" class=\"lazyload\"> <img decoding=\"async\" data-src=\"https:\/\/cf.cjdropshipping.com\/fd6e17c2-a018-4be2-b6d2-476e29552911.jpg\" src=\"data:image\/svg+xml;base64,PHN2ZyB3aWR0aD0iMSIgaGVpZ2h0PSIxIiB4bWxucz0iaHR0cDovL3d3dy53My5vcmcvMjAwMC9zdmciPjwvc3ZnPg==\" class=\"lazyload\"> <img decoding=\"async\" data-src=\"https:\/\/cf.cjdropshipping.com\/8e669257-ce0e-43ce-a799-2a5893488d4d.jpg\" src=\"data:image\/svg+xml;base64,PHN2ZyB3aWR0aD0iMSIgaGVpZ2h0PSIxIiB4bWxucz0iaHR0cDovL3d3dy53My5vcmcvMjAwMC9zdmciPjwvc3ZnPg==\" class=\"lazyload\"> <\/p>\n","protected":false},"excerpt":{"rendered":"<p>Savyb\u0117s: -[\u012erankiai naujam gyvenimo b\u016bdui]: \u00a0Jei ie\u0161kote b\u016bdo, kaip maisto ruo\u0161im\u0105 padaryti lengvesn\u012f, protingesn\u012f ir intuityvesn\u012f, tai k\u0105 gi, j\u016bs j\u012f k\u0105 tik radote!\u00a0\u0160is \u201eBiolomix\u201c rankinis mai\u0161ytuvas puikiai tinka pada\u017eams, dar\u017eovi\u0173 ir vaisi\u0173 kokteiliams, salsai, baltym\u0173 kokteiliams, sriuboms ir k\u016bdiki\u0173 maistui ruo\u0161ti, o taip pat netgi pyrago te\u0161lai ir blyn\u0173 mi\u0161iniui mai\u0161yti.\u00a0D\u0117l savo universalaus 4-in-1 [&hellip;]<\/p>\n","protected":false},"featured_media":1460,"comment_status":"open","ping_status":"closed","template":"","meta":[],"product_brand":[],"product_cat":[24],"product_tag":[],"class_list":{"0":"post-1466","1":"product","2":"type-product","3":"status-publish","4":"has-post-thumbnail","6":"product_cat-namu-apyvoka","8":"first","9":"instock","10":"shipping-taxable","11":"purchasable","12":"product-type-variable"},"_links":{"self":[{"href":"https:\/\/topsmart.store\/en\/wp-json\/wp\/v2\/product\/1466","targetHints":{"allow":["GET"]}}],"collection":[{"href":"https:\/\/topsmart.store\/en\/wp-json\/wp\/v2\/product"}],"about":[{"href":"https:\/\/topsmart.store\/en\/wp-json\/wp\/v2\/types\/product"}],"replies":[{"embeddable":true,"href":"https:\/\/topsmart.store\/en\/wp-json\/wp\/v2\/comments?post=1466"}],"wp:featuredmedia":[{"embeddable":true,"href":"https:\/\/topsmart.store\/en\/wp-json\/wp\/v2\/media\/1460"}],"wp:attachment":[{"href":"https:\/\/topsmart.store\/en\/wp-json\/wp\/v2\/media?parent=1466"}],"wp:term":[{"taxonomy":"product_brand","embeddable":true,"href":"https:\/\/topsmart.store\/en\/wp-json\/wp\/v2\/product_brand?post=1466"},{"taxonomy":"product_cat","embeddable":true,"href":"https:\/\/topsmart.store\/en\/wp-json\/wp\/v2\/product_cat?post=1466"},{"taxonomy":"product_tag","embeddable":true,"href":"https:\/\/topsmart.store\/en\/wp-json\/wp\/v2\/product_tag?post=1466"}],"curies":[{"name":"wp","href":"https:\/\/api.w.org\/{rel}","templated":true}]}}