{"id":1481,"date":"2026-04-11T11:37:30","date_gmt":"2026-04-11T09:37:30","guid":{"rendered":"https:\/\/topsmart.store\/product\/teak-natural-wood-tableware-spoon-ladle-turner-rice-colander-soup-skimmer-cooking-tool-sets-spoon-scoop-kitchen-tools-gadgets\/"},"modified":"2026-04-15T10:56:40","modified_gmt":"2026-04-15T08:56:40","slug":"teak-natural-wood-tableware-spoon-ladle-turner-rice-colander-soup-skimmer-cooking-tool-sets-spoon-scoop-kitchen-tools-gadgets","status":"publish","type":"product","link":"https:\/\/topsmart.store\/en\/product\/teak-natural-wood-tableware-spoon-ladle-turner-rice-colander-soup-skimmer-cooking-tool-sets-spoon-scoop-kitchen-tools-gadgets\/","title":{"rendered":"Teak Natural Wood Tableware Spoon Ladle Turner Rice Colander Soup Skimmer Cooking Tool Sets Spoon Scoop Kitchen Tools Gadgets"},"content":{"rendered":"<p> Med\u017eiaga: medis<br \/>Komplektacija: mentel\u0117, keptuv\u0117s mentel\u0117, didelis \u0161auk\u0161tas, ry\u017ei\u0173 \u0161auk\u0161tas, sietelis, mai\u0161ymo \u0161auk\u0161tas, sriubos \u0161auk\u0161tas <img decoding=\"async\" data-src=\"https:\/\/cf.cjdropshipping.com\/db540416-0e3e-4d8d-8a70-fab94973dc5c.jpg\" src=\"data:image\/svg+xml;base64,PHN2ZyB3aWR0aD0iMSIgaGVpZ2h0PSIxIiB4bWxucz0iaHR0cDovL3d3dy53My5vcmcvMjAwMC9zdmciPjwvc3ZnPg==\" class=\"lazyload\"> <img decoding=\"async\" data-src=\"https:\/\/cf.cjdropshipping.com\/4d8fd7f3-63ef-403c-a9ef-708446569b27.jpg\" src=\"data:image\/svg+xml;base64,PHN2ZyB3aWR0aD0iMSIgaGVpZ2h0PSIxIiB4bWxucz0iaHR0cDovL3d3dy53My5vcmcvMjAwMC9zdmciPjwvc3ZnPg==\" class=\"lazyload\"> <img decoding=\"async\" data-src=\"https:\/\/cf.cjdropshipping.com\/07b152ae-24d0-499b-a6f1-0eab0164835c.jpg\" src=\"data:image\/svg+xml;base64,PHN2ZyB3aWR0aD0iMSIgaGVpZ2h0PSIxIiB4bWxucz0iaHR0cDovL3d3dy53My5vcmcvMjAwMC9zdmciPjwvc3ZnPg==\" class=\"lazyload\"> <img decoding=\"async\" data-src=\"https:\/\/cf.cjdropshipping.com\/f4fd4894-4cb0-47c8-ae50-3a7124fd104e.jpg\" src=\"data:image\/svg+xml;base64,PHN2ZyB3aWR0aD0iMSIgaGVpZ2h0PSIxIiB4bWxucz0iaHR0cDovL3d3dy53My5vcmcvMjAwMC9zdmciPjwvc3ZnPg==\" class=\"lazyload\"> <img decoding=\"async\" data-src=\"https:\/\/cf.cjdropshipping.com\/e304beee-e8e7-4e24-8e93-4be01d3498b0.jpg\" src=\"data:image\/svg+xml;base64,PHN2ZyB3aWR0aD0iMSIgaGVpZ2h0PSIxIiB4bWxucz0iaHR0cDovL3d3dy53My5vcmcvMjAwMC9zdmciPjwvc3ZnPg==\" class=\"lazyload\"> <img decoding=\"async\" data-src=\"https:\/\/cf.cjdropshipping.com\/19d539d5-9bd8-4666-8764-4aa63b308e34.jpg\" src=\"data:image\/svg+xml;base64,PHN2ZyB3aWR0aD0iMSIgaGVpZ2h0PSIxIiB4bWxucz0iaHR0cDovL3d3dy53My5vcmcvMjAwMC9zdmciPjwvc3ZnPg==\" class=\"lazyload\"> <img decoding=\"async\" data-src=\"https:\/\/cf.cjdropshipping.com\/827a14b1-2b7f-49a0-b39a-557925446e7a.jpg\" src=\"data:image\/svg+xml;base64,PHN2ZyB3aWR0aD0iMSIgaGVpZ2h0PSIxIiB4bWxucz0iaHR0cDovL3d3dy53My5vcmcvMjAwMC9zdmciPjwvc3ZnPg==\" class=\"lazyload\"> <\/p>","protected":false},"excerpt":{"rendered":"<p>Med\u017eiaga: medisKomplektacija: mentel\u0117, keptuv\u0117s mentel\u0117, didelis \u0161auk\u0161tas, ry\u017ei\u0173 \u0161auk\u0161tas, sietelis, mai\u0161ymo \u0161auk\u0161tas, sriubos \u0161auk\u0161tas<\/p>","protected":false},"featured_media":1471,"comment_status":"open","ping_status":"closed","template":"","meta":[],"product_brand":[],"product_cat":[24],"product_tag":[],"class_list":{"0":"post-1481","1":"product","2":"type-product","3":"status-publish","4":"has-post-thumbnail","6":"product_cat-namu-apyvoka","8":"first","9":"instock","10":"shipping-taxable","11":"purchasable","12":"product-type-variable"},"_links":{"self":[{"href":"https:\/\/topsmart.store\/en\/wp-json\/wp\/v2\/product\/1481","targetHints":{"allow":["GET"]}}],"collection":[{"href":"https:\/\/topsmart.store\/en\/wp-json\/wp\/v2\/product"}],"about":[{"href":"https:\/\/topsmart.store\/en\/wp-json\/wp\/v2\/types\/product"}],"replies":[{"embeddable":true,"href":"https:\/\/topsmart.store\/en\/wp-json\/wp\/v2\/comments?post=1481"}],"wp:featuredmedia":[{"embeddable":true,"href":"https:\/\/topsmart.store\/en\/wp-json\/wp\/v2\/media\/1471"}],"wp:attachment":[{"href":"https:\/\/topsmart.store\/en\/wp-json\/wp\/v2\/media?parent=1481"}],"wp:term":[{"taxonomy":"product_brand","embeddable":true,"href":"https:\/\/topsmart.store\/en\/wp-json\/wp\/v2\/product_brand?post=1481"},{"taxonomy":"product_cat","embeddable":true,"href":"https:\/\/topsmart.store\/en\/wp-json\/wp\/v2\/product_cat?post=1481"},{"taxonomy":"product_tag","embeddable":true,"href":"https:\/\/topsmart.store\/en\/wp-json\/wp\/v2\/product_tag?post=1481"}],"curies":[{"name":"wp","href":"https:\/\/api.w.org\/{rel}","templated":true}]}}