{"id":1513,"date":"2026-04-11T11:38:30","date_gmt":"2026-04-11T09:38:30","guid":{"rendered":"https:\/\/topsmart.store\/product\/klt-factory-electric-wine-dispenser\/"},"modified":"2026-04-11T11:40:58","modified_gmt":"2026-04-11T09:40:58","slug":"klt-factory-electric-wine-dispenser","status":"publish","type":"product","link":"https:\/\/topsmart.store\/en\/product\/klt-factory-electric-wine-dispenser\/","title":{"rendered":"Klt Factory Electric Wine Dispenser"},"content":{"rendered":"<p> <b>Informacija apie<\/b><br \/><b>produkt\u0105<\/b>  Produkto pavadinimas: [Saus\u0173j\u0173 baterij\u0173 tipo] Elektrinis dekanteris-pilstytuvas<br \/>Produkto modelis: KD-3<br \/>Produkto savyb\u0117s: greitas perpilimas ir pilstymas<br \/>Spalva: juoda (galima pasirinkti)<br \/>Maitinimas: 4 AA \u0161armin\u0117s sausosios baterijos (\u012f komplekt\u0105 ne\u012feina)<br \/>Med\u017eiaga: ABS, akrilas, maistui tinkamas silikonas<br \/>Gaminio grynasis svoris: 155 \u00b1 10 g<br \/>Gaminio matmenys: \u03c651,8*105*121 mm<br \/>Spalvotos d\u0117\u017eut\u0117s matmenys: 148*58*164 mm<br \/>Med\u017eiaga: plastikas<br \/>Talpa: 1\u2013100 ml<br \/>Svoris: 260 g<br \/>Spalva: juoda<br \/>Specifikacijos: [Saus\u0173j\u0173 baterij\u0173 tipo] juodas \/ elektrinis dekanteris (su: plastikinis vamzdelis), [saus\u0173j\u0173 baterij\u0173 tipo] raudonas \/ elektrinis dekanteris (su: plastikinis vamzdelis), [\u012fkraunamas tipo] elektrinis dekanteris (su: plastikinis vamzdelis) : Ner\u016bdijan\u010dio plieno vamzdelis + USB \u012fkrovimo kabelis)<b><br \/><\/b><br \/><b>Pakuot\u0117s s\u0105ra\u0161as<\/b><br \/><b><\/b><\/p>\n<p>Elektrinis dekanterio dozatorius*1, plastikinis vamzdelis*1, instrukcija*1, spalvota d\u0117\u017eut\u0117 su angl\u0173 kalba*1<\/p>\n<p> <\/p>\n<p> <img decoding=\"async\" data-src=\"https:\/\/cf.cjdropshipping.com\/1622193986157.jpg\" src=\"data:image\/svg+xml;base64,PHN2ZyB3aWR0aD0iMSIgaGVpZ2h0PSIxIiB4bWxucz0iaHR0cDovL3d3dy53My5vcmcvMjAwMC9zdmciPjwvc3ZnPg==\" class=\"lazyload\"> <img decoding=\"async\" data-src=\"https:\/\/cf.cjdropshipping.com\/1622193986136.jpg\" src=\"data:image\/svg+xml;base64,PHN2ZyB3aWR0aD0iMSIgaGVpZ2h0PSIxIiB4bWxucz0iaHR0cDovL3d3dy53My5vcmcvMjAwMC9zdmciPjwvc3ZnPg==\" class=\"lazyload\"> <img decoding=\"async\" data-src=\"https:\/\/cf.cjdropshipping.com\/1622193986141.jpg\" src=\"data:image\/svg+xml;base64,PHN2ZyB3aWR0aD0iMSIgaGVpZ2h0PSIxIiB4bWxucz0iaHR0cDovL3d3dy53My5vcmcvMjAwMC9zdmciPjwvc3ZnPg==\" class=\"lazyload\"> <img decoding=\"async\" data-src=\"https:\/\/cf.cjdropshipping.com\/1622193986428.jpg\" src=\"data:image\/svg+xml;base64,PHN2ZyB3aWR0aD0iMSIgaGVpZ2h0PSIxIiB4bWxucz0iaHR0cDovL3d3dy53My5vcmcvMjAwMC9zdmciPjwvc3ZnPg==\" class=\"lazyload\"> <img decoding=\"async\" data-src=\"https:\/\/cf.cjdropshipping.com\/1622193986140.jpg\" src=\"data:image\/svg+xml;base64,PHN2ZyB3aWR0aD0iMSIgaGVpZ2h0PSIxIiB4bWxucz0iaHR0cDovL3d3dy53My5vcmcvMjAwMC9zdmciPjwvc3ZnPg==\" class=\"lazyload\"> <img decoding=\"async\" data-src=\"https:\/\/cf.cjdropshipping.com\/1622193986155.jpg\" src=\"data:image\/svg+xml;base64,PHN2ZyB3aWR0aD0iMSIgaGVpZ2h0PSIxIiB4bWxucz0iaHR0cDovL3d3dy53My5vcmcvMjAwMC9zdmciPjwvc3ZnPg==\" class=\"lazyload\"> <img decoding=\"async\" data-src=\"https:\/\/cf.cjdropshipping.com\/1622193986138.jpg\" src=\"data:image\/svg+xml;base64,PHN2ZyB3aWR0aD0iMSIgaGVpZ2h0PSIxIiB4bWxucz0iaHR0cDovL3d3dy53My5vcmcvMjAwMC9zdmciPjwvc3ZnPg==\" class=\"lazyload\">  <\/p>\n","protected":false},"excerpt":{"rendered":"<p>Informacija apieprodukt\u0105 Produkto pavadinimas: [Saus\u0173j\u0173 baterij\u0173 tipo] Elektrinis dekanteris-pilstytuvasProdukto modelis: KD-3Produkto savyb\u0117s: greitas perpilimas ir pilstymasSpalva: juoda (galima pasirinkti)Maitinimas: 4 AA \u0161armin\u0117s sausosios baterijos (\u012f komplekt\u0105 ne\u012feina)Med\u017eiaga: ABS, akrilas, maistui tinkamas silikonasGaminio grynasis svoris: 155 \u00b1 10 gGaminio matmenys: \u03c651,8*105*121 mmSpalvotos d\u0117\u017eut\u0117s matmenys: 148*58*164 mmMed\u017eiaga: plastikasTalpa: 1\u2013100 mlSvoris: 260 gSpalva: juodaSpecifikacijos: [Saus\u0173j\u0173 baterij\u0173 tipo] juodas [&hellip;]<\/p>\n","protected":false},"featured_media":1506,"comment_status":"open","ping_status":"closed","template":"","meta":[],"product_brand":[],"product_cat":[24],"product_tag":[],"class_list":{"0":"post-1513","1":"product","2":"type-product","3":"status-publish","4":"has-post-thumbnail","6":"product_cat-namu-apyvoka","8":"first","9":"instock","10":"shipping-taxable","11":"purchasable","12":"product-type-variable"},"_links":{"self":[{"href":"https:\/\/topsmart.store\/en\/wp-json\/wp\/v2\/product\/1513","targetHints":{"allow":["GET"]}}],"collection":[{"href":"https:\/\/topsmart.store\/en\/wp-json\/wp\/v2\/product"}],"about":[{"href":"https:\/\/topsmart.store\/en\/wp-json\/wp\/v2\/types\/product"}],"replies":[{"embeddable":true,"href":"https:\/\/topsmart.store\/en\/wp-json\/wp\/v2\/comments?post=1513"}],"wp:featuredmedia":[{"embeddable":true,"href":"https:\/\/topsmart.store\/en\/wp-json\/wp\/v2\/media\/1506"}],"wp:attachment":[{"href":"https:\/\/topsmart.store\/en\/wp-json\/wp\/v2\/media?parent=1513"}],"wp:term":[{"taxonomy":"product_brand","embeddable":true,"href":"https:\/\/topsmart.store\/en\/wp-json\/wp\/v2\/product_brand?post=1513"},{"taxonomy":"product_cat","embeddable":true,"href":"https:\/\/topsmart.store\/en\/wp-json\/wp\/v2\/product_cat?post=1513"},{"taxonomy":"product_tag","embeddable":true,"href":"https:\/\/topsmart.store\/en\/wp-json\/wp\/v2\/product_tag?post=1513"}],"curies":[{"name":"wp","href":"https:\/\/api.w.org\/{rel}","templated":true}]}}