{"id":1622,"date":"2026-04-16T14:34:21","date_gmt":"2026-04-16T12:34:21","guid":{"rendered":"https:\/\/topsmart.store\/product\/1l-thermal-water-bottle-vacuum-flasks-stainless-steel-thermos-bottle-keep-cold-and-hot-water-bottle-thermos-for-water-tea-coffee\/"},"modified":"2026-04-17T11:25:33","modified_gmt":"2026-04-17T09:25:33","slug":"1l-thermal-water-bottle-vacuum-flasks-stainless-steel-thermos-bottle-keep-cold-and-hot-water-bottle-thermos-for-water-tea-coffee","status":"publish","type":"product","link":"https:\/\/topsmart.store\/en\/product\/1l-thermal-water-bottle-vacuum-flasks-stainless-steel-thermos-bottle-keep-cold-and-hot-water-bottle-thermos-for-water-tea-coffee\/","title":{"rendered":"1L Thermal Water Bottle Vacuum Flasks Stainless Steel Thermos Bottle Keep Cold and Hot Water Bottle Thermos for Water Tea Coffee"},"content":{"rendered":"<ul>\n<li><b>Prek\u0117s pavadinimas<\/b>: N\u0116RA<\/li>\n<li><b>Kilm\u0117s \u0161alis<\/b>: Kinijos \u017eemynin\u0117 dalis<\/li>\n<li><b>Med\u017eiaga<\/b>: Ner\u016bdijantis plienas<\/li>\n<li><b>Pavojingos chemin\u0117s med\u017eiagos<\/b>: n\u0117ra<\/li>\n<li><b>Ind\u0173 tipas<\/b>: Vakuuminiai buteliai ir termosai<\/li>\n<li><b>Stiklin\u0117s \u012fd\u0117klo med\u017eiaga<\/b>: Ner\u016bdijantis plienas<\/li>\n<li><b>Termoso med\u017eiaga<\/b>: Ner\u016bdijantis plienas<\/li>\n<li><b>Savyb\u0117<\/b>: Verslui<\/li>\n<li><b>Forma<\/b>: Tiesus puodelis<\/li>\n<li><b>Gamyba<\/b>: Vakuuminiai termosai<\/li>\n<li><b>Pasirinkimas<\/b>: taip<\/li>\n<\/ul>\n<p><video width=\"100%\" controls playsinline><source src=\"https:\/\/video.aliexpress-media.com\/play\/u\/ae_sg_item\/6000436810\/p\/1\/e\/6\/t\/10301\/5000219678473.mp4\" type=\"video\/mp4\"><\/video><\/p>","protected":false},"excerpt":{"rendered":"<p>Prek\u0117s pavadinimas: N\u0116RA Kilm\u0117s \u0161alis: Kinijos \u017eemynin\u0117 dalis Med\u017eiaga: Ner\u016bdijantis plienas Pavojingos chemin\u0117s med\u017eiagos: n\u0117ra Ind\u0173 tipas: Vakuuminiai buteliai ir termosai Stiklin\u0117s \u012fd\u0117klo med\u017eiaga: Ner\u016bdijantis plienas Termoso med\u017eiaga: Ner\u016bdijantis plienas Savyb\u0117: Verslui Forma: Tiesus puodelis Gamyba: Vakuuminiai termosai Pasirinkimas: taip<\/p>","protected":false},"featured_media":1610,"comment_status":"open","ping_status":"closed","template":"","meta":[],"product_brand":[],"product_cat":[24],"product_tag":[],"class_list":{"0":"post-1622","1":"product","2":"type-product","3":"status-publish","4":"has-post-thumbnail","6":"product_cat-namu-apyvoka","8":"first","9":"instock","10":"shipping-taxable","11":"purchasable","12":"product-type-variable"},"_links":{"self":[{"href":"https:\/\/topsmart.store\/en\/wp-json\/wp\/v2\/product\/1622","targetHints":{"allow":["GET"]}}],"collection":[{"href":"https:\/\/topsmart.store\/en\/wp-json\/wp\/v2\/product"}],"about":[{"href":"https:\/\/topsmart.store\/en\/wp-json\/wp\/v2\/types\/product"}],"replies":[{"embeddable":true,"href":"https:\/\/topsmart.store\/en\/wp-json\/wp\/v2\/comments?post=1622"}],"wp:featuredmedia":[{"embeddable":true,"href":"https:\/\/topsmart.store\/en\/wp-json\/wp\/v2\/media\/1610"}],"wp:attachment":[{"href":"https:\/\/topsmart.store\/en\/wp-json\/wp\/v2\/media?parent=1622"}],"wp:term":[{"taxonomy":"product_brand","embeddable":true,"href":"https:\/\/topsmart.store\/en\/wp-json\/wp\/v2\/product_brand?post=1622"},{"taxonomy":"product_cat","embeddable":true,"href":"https:\/\/topsmart.store\/en\/wp-json\/wp\/v2\/product_cat?post=1622"},{"taxonomy":"product_tag","embeddable":true,"href":"https:\/\/topsmart.store\/en\/wp-json\/wp\/v2\/product_tag?post=1622"}],"curies":[{"name":"wp","href":"https:\/\/api.w.org\/{rel}","templated":true}]}}