{"id":1647,"date":"2026-04-16T14:48:00","date_gmt":"2026-04-16T12:48:00","guid":{"rendered":"https:\/\/topsmart.store\/product\/six-in-one-push-up-board-assistant-training-board-home-fitness-exercise-equipment-for-chest-abdomen-arms-back-training\/"},"modified":"2026-04-17T11:25:54","modified_gmt":"2026-04-17T09:25:54","slug":"six-in-one-push-up-board-assistant-training-board-home-fitness-exercise-equipment-for-chest-abdomen-arms-back-training","status":"publish","type":"product","link":"https:\/\/topsmart.store\/en\/product\/six-in-one-push-up-board-assistant-training-board-home-fitness-exercise-equipment-for-chest-abdomen-arms-back-training\/","title":{"rendered":"Six-in-one Push-up Board Assistant Training Board Home Fitness Exercise Equipment For Chest Abdomen Arms\/Back Training"},"content":{"rendered":"<ul>\n<li><strong>Prek\u0117s \u017eenklas:<\/strong> N\u0116RA<\/li>\n<li><strong>Med\u017eiaga:<\/strong> plastikas<\/li>\n<li><strong>Kilm\u0117s \u0161alis:<\/strong> Kinijos \u017eemynin\u0117 dalis<\/li>\n<li><strong>Rankinis prietaisas:<\/strong> Taip<\/li>\n<li><strong>Pavojingos chemin\u0117s med\u017eiagos:<\/strong> n\u0117ra<\/li>\n<li><strong>Elektroninis:<\/strong> Taip<\/li>\n<li><strong>Maitinimas:<\/strong> nuolatin\u0117 srov\u0117<\/li>\n<li><strong>Pritaikymas:<\/strong> Juosmuo<\/li>\n<\/ul>\n<p><span style=\"color:rgb0, 0, 0;font-size:18px;font-family:Arial, Helvetica, sans-serif\"><u><strong><span style=\"font-size:18px;font-family:inherit\">SPECIFIKACIJA:<\/span><\/strong><\/u><\/span><\/p>\n<p><span style=\"font-size:16px\">Produkto pavadinimas: Daugiafunkcin\u0117 push-up lenta<\/span><\/p>\n<p><span style=\"font-size:16px\">Med\u017eiaga: ABS plastikas<\/span><\/p>\n<p><span style=\"font-size:16px\">Gaminio priedai: 1,0 kg<\/span><\/p>\n<p><span style=\"font-size:16px\">Rankenos med\u017eiaga: ekologi\u0161ka TPE med\u017eiaga<\/span><\/p>\n<p><span style=\"font-size:16px\">Spalva: balta<\/span><\/p>\n<p><span style=\"font-size:16px\">Produkto matmenys: 59 cm \u00d7 31 cm \u00d7 11 cm<\/span><\/p>\n<p><\/p>\n<p><img loading=\"lazy\" decoding=\"async\" width=\"800\" height=\"800\" src=\"https:\/\/ae01.alicdn.com\/kf\/S3199517e8439455dba40f8f4e613b18ck.jpg\" \/><\/p>\n<p><img decoding=\"async\" src=\"https:\/\/ae01.alicdn.com\/kf\/Sef33293c5c2140e19a4f008742af2175Z.jpg\" \/><img decoding=\"async\" src=\"https:\/\/ae01.alicdn.com\/kf\/Sfeaa731c28c14a6fb5b118f34e85200fO.jpg\" \/><img decoding=\"async\" src=\"https:\/\/ae01.alicdn.com\/kf\/Sc42b4c8262f948d385040d4d50f781738.jpg\" \/><\/p>\n<p><img decoding=\"async\" src=\"https:\/\/ae01.alicdn.com\/kf\/S567c6818fc6a462ebeb90676f1e4df1c8.jpg\" \/><img decoding=\"async\" src=\"https:\/\/ae01.alicdn.com\/kf\/S4d2086654e754f3b86648eb034cbf41dP.jpg\" \/><\/p>\n<p><img decoding=\"async\" src=\"https:\/\/ae01.alicdn.com\/kf\/S34c9cc2f407a4481adcbd21bb8190ee3B.jpg\" \/><\/p>","protected":false},"excerpt":{"rendered":"<p>Prek\u0117s \u017eenklas: N\u0116RA Med\u017eiaga: plastikas Kilm\u0117s \u0161alis: Kinijos \u017eemynin\u0117 dalis Rankinis prietaisas: Taip Pavojingos chemin\u0117s med\u017eiagos: n\u0117ra Elektroninis: Taip Maitinimas: nuolatin\u0117 srov\u0117 Pritaikymas: Juosmuo SPECIFIKACIJA: Produkto pavadinimas: Daugiafunkcin\u0117 push-up lenta Med\u017eiaga: ABS plastikas Gaminio priedai: 1,0 kg Rankenos med\u017eiaga: ekologi\u0161ka TPE med\u017eiaga Spalva: balta Produkto matmenys: 59 cm \u00d7 31 cm \u00d7 11 cm<\/p>","protected":false},"featured_media":1646,"comment_status":"open","ping_status":"closed","template":"","meta":[],"product_brand":[],"product_cat":[26],"product_tag":[],"class_list":{"0":"post-1647","1":"product","2":"type-product","3":"status-publish","4":"has-post-thumbnail","6":"product_cat-pramogos-ir-sportas","8":"first","9":"instock","10":"shipping-taxable","11":"purchasable","12":"product-type-variable"},"_links":{"self":[{"href":"https:\/\/topsmart.store\/en\/wp-json\/wp\/v2\/product\/1647","targetHints":{"allow":["GET"]}}],"collection":[{"href":"https:\/\/topsmart.store\/en\/wp-json\/wp\/v2\/product"}],"about":[{"href":"https:\/\/topsmart.store\/en\/wp-json\/wp\/v2\/types\/product"}],"replies":[{"embeddable":true,"href":"https:\/\/topsmart.store\/en\/wp-json\/wp\/v2\/comments?post=1647"}],"wp:featuredmedia":[{"embeddable":true,"href":"https:\/\/topsmart.store\/en\/wp-json\/wp\/v2\/media\/1646"}],"wp:attachment":[{"href":"https:\/\/topsmart.store\/en\/wp-json\/wp\/v2\/media?parent=1647"}],"wp:term":[{"taxonomy":"product_brand","embeddable":true,"href":"https:\/\/topsmart.store\/en\/wp-json\/wp\/v2\/product_brand?post=1647"},{"taxonomy":"product_cat","embeddable":true,"href":"https:\/\/topsmart.store\/en\/wp-json\/wp\/v2\/product_cat?post=1647"},{"taxonomy":"product_tag","embeddable":true,"href":"https:\/\/topsmart.store\/en\/wp-json\/wp\/v2\/product_tag?post=1647"}],"curies":[{"name":"wp","href":"https:\/\/api.w.org\/{rel}","templated":true}]}}