{"id":1674,"date":"2026-04-17T12:38:57","date_gmt":"2026-04-17T10:38:57","guid":{"rendered":"https:\/\/topsmart.store\/product\/eu-directteendow-c6-max-portable-carpet-cleaner-vacuums-1650w-12kpa-multipurpose-high-temperature-steam-carpet-cleaner-with-dual-water-tank-spot-cleaner\/"},"modified":"2026-04-17T12:40:41","modified_gmt":"2026-04-17T10:40:41","slug":"eu-directteendow-c6-max-portable-carpet-cleaner-vacuums-1650w-12kpa-multipurpose-high-temperature-steam-carpet-cleaner-with-dual-water-tank-spot-cleaner","status":"publish","type":"product","link":"https:\/\/topsmart.store\/en\/product\/eu-directteendow-c6-max-portable-carpet-cleaner-vacuums-1650w-12kpa-multipurpose-high-temperature-steam-carpet-cleaner-with-dual-water-tank-spot-cleaner\/","title":{"rendered":"[EU Direct]Teendow C6 MAX Portable Carpet Cleaner Vacuums 1650W 12Kpa Multipurpose High Temperature Steam Carpet Cleaner With Dual Water Tank Spot Cleaner"},"content":{"rendered":"<p>Savyb\u0117s:<\/p>\n<p>1. Galinga siurbimo galia: su patobulintu 12 kPa siurbimu be vargo pa\u0161alinkite sunkiai i\u0161valomas namini\u0173 gyv\u016bn\u0173 d\u0117mes ir d\u0117meles nuo kilim\u0173, bald\u0173 apmu\u0161al\u0173, automobilio salon\u0173 ir kt. Patirkite gilumin\u012f valym\u0105, kurio nusipeln\u0117te j\u016bs ir j\u016bs\u0173 augintiniai!\ufeff\ufeff2. Didel\u0117s talpos bakeli\u0173 dizainas: m\u0117gaukit\u0117s 1250 ml \u0161varaus vandens ir 1150 ml ne\u0161varaus vandens bakeli\u0173 patogumu, kuris u\u017etikrina ilgalaik\u012f naudojim\u0105 ir leid\u017eia valyti didesnius plotus per trumpesn\u012f laik\u0105. Pasiekite efektyvesn\u012f ir kruop\u0161tesn\u012f nam\u0173 valym\u0105!<\/p>\n<p>3. \u012evair\u016bs valymo re\u017eimai: valymas normalioje temperat\u016broje, valymas kar\u0161tu vandeniu, valymas garais ir gar\u0173 re\u017eimas \u2013 pritaikyti \u012fvairioms pavir\u0161iams ir valymo u\u017edaviniams. \u0160is universalumas u\u017etikrina kruop\u0161\u010dius ir veiksmingus rezultatus, nesvarbu, ar susiduriate su kasdien\u0117mis d\u0117m\u0117mis, ar giliais ne\u0161varumais, tod\u0117l tai yra labai efektyvus sprendimas bet kokiems valymo darbams.<\/p>\n<p>4. Gar\u0173 ir kar\u0161to vandens sistema: \u201eTeendow C6Max\u201c ne\u0161iojamasis garinis valymo aparatas naudoja gar\u0173 ir kar\u0161to vandens technologij\u0105. Gar\u0173 re\u017eimu jis gali pasiekti 100 \u2103 temperat\u016br\u0105, o kar\u0161to vandens re\u017eimu \u2013 60 \u2103. Tai giluminio valymo sistema, kuri\u0105 suk\u016br\u0117me specialiai nam\u0173 ir gyv\u016bn\u0173 d\u0117m\u0117ms valyti, ir kurios valymo galia yra 50 % didesn\u0117, palyginti su \u012fprastais modeliais.<\/p>\n<p>5. \u012evairi\u0173 pavir\u0161i\u0173 valymas: Nesvarbu, ar tai j\u016bs\u0173 sofa, kilimas, \u010diu\u017einys, ar automobilio salonas, \u201eC6max\u201c garinis valymo aparatas prisitaiko prie \u012fvairi\u0173 valymo poreiki\u0173 \u2013 idealiai tinka kasdieniam naudojimui namuose.<\/p>\n<\/p>\n<p>\u00a0<\/p>","protected":false},"excerpt":{"rendered":"<p>Savyb\u0117s:\ufeff\ufeff 1. Galinga siurbimo galia: su patobulintu 12 kPa siurbimu be vargo pa\u0161alinkite sunkiai i\u0161valomas namini\u0173 gyv\u016bn\u0173 d\u0117mes ir d\u0117meles nuo kilim\u0173, bald\u0173 apmu\u0161al\u0173, automobilio salon\u0173 ir kt. Patirkite gilumin\u012f valym\u0105, kurio nusipeln\u0117te j\u016bs ir j\u016bs\u0173 augintiniai!\ufeff\ufeff2. Didel\u0117s talpos bakeli\u0173 dizainas: m\u0117gaukit\u0117s 1250 ml \u0161varaus vandens ir 1150 ml ne\u0161varaus vandens bakeli\u0173 patogumu, kuris u\u017etikrina [&hellip;]<\/p>\n","protected":false},"featured_media":1673,"comment_status":"open","ping_status":"closed","template":"","meta":[],"product_brand":[],"product_cat":[24],"product_tag":[120,122],"class_list":{"0":"post-1674","1":"product","2":"type-product","3":"status-publish","4":"has-post-thumbnail","6":"product_cat-namu-apyvoka","7":"product_tag-cleaning-appliances","8":"product_tag-steam-cleaners","10":"first","11":"instock","12":"shipping-taxable","13":"purchasable","14":"product-type-variable"},"_links":{"self":[{"href":"https:\/\/topsmart.store\/en\/wp-json\/wp\/v2\/product\/1674","targetHints":{"allow":["GET"]}}],"collection":[{"href":"https:\/\/topsmart.store\/en\/wp-json\/wp\/v2\/product"}],"about":[{"href":"https:\/\/topsmart.store\/en\/wp-json\/wp\/v2\/types\/product"}],"replies":[{"embeddable":true,"href":"https:\/\/topsmart.store\/en\/wp-json\/wp\/v2\/comments?post=1674"}],"wp:featuredmedia":[{"embeddable":true,"href":"https:\/\/topsmart.store\/en\/wp-json\/wp\/v2\/media\/1673"}],"wp:attachment":[{"href":"https:\/\/topsmart.store\/en\/wp-json\/wp\/v2\/media?parent=1674"}],"wp:term":[{"taxonomy":"product_brand","embeddable":true,"href":"https:\/\/topsmart.store\/en\/wp-json\/wp\/v2\/product_brand?post=1674"},{"taxonomy":"product_cat","embeddable":true,"href":"https:\/\/topsmart.store\/en\/wp-json\/wp\/v2\/product_cat?post=1674"},{"taxonomy":"product_tag","embeddable":true,"href":"https:\/\/topsmart.store\/en\/wp-json\/wp\/v2\/product_tag?post=1674"}],"curies":[{"name":"wp","href":"https:\/\/api.w.org\/{rel}","templated":true}]}}