{"id":1690,"date":"2026-04-18T12:01:31","date_gmt":"2026-04-18T10:01:31","guid":{"rendered":"https:\/\/topsmart.store\/product\/eu-direct-funwater-3358415cm-load-165kg-inflatable-stand-up-paddle-board-surfboard-for-solo-adventure-21-family-touring-unisex-adult-paddle-board-supfw55asupfw55bsupfw55c\/"},"modified":"2026-04-18T12:28:51","modified_gmt":"2026-04-18T10:28:51","slug":"eu-direct-funwater-3358415cm-load-165kg-inflatable-stand-up-paddle-board-surfboard-for-solo-adventure-21-family-touring-unisex-adult-paddle-board-supfw55asupfw55bsupfw55c","status":"publish","type":"product","link":"https:\/\/topsmart.store\/en\/product\/eu-direct-funwater-3358415cm-load-165kg-inflatable-stand-up-paddle-board-surfboard-for-solo-adventure-21-family-touring-unisex-adult-paddle-board-supfw55asupfw55bsupfw55c\/","title":{"rendered":"[EU Direct] FunWater 335*84*15CM Load 165KG+ Inflatable Stand Up Paddle Board Surfboard For Solo Adventure 2+1 Family Touring Unisex Adult Paddle Board SUPFW55A,SUPFW55B,SUPFW55C"},"content":{"rendered":"<p>Techniniai duomenys:<\/p>\n<p>Brand<\/p>\n<p>FunWater<\/p>\n<p>Tipas<\/p>\n<p>Pripu\u010diama stovimojo irklavimo lenta<\/p>\n<p>Modelis<\/p>\n<p>SUPFW55A<\/p>\n<p>SUPFW55B<\/p>\n<p>SUPFW55C<\/p>\n<p>Med\u017eiaga<\/p>\n<p>Daugiasluoksnis PVC<\/p>\n<p>Saugumas<\/p>\n<p>EVA neslystantis<\/p>\n<p>Priedai<\/p>\n<p>Rankena, laikymo mai\u0161elis<\/p>\n<p>Dydis<\/p>\n<p>335 x 84 x 15 cm<\/p>\n<p>Sl\u0117gis<\/p>\n<p>12\u201315 PSI<\/p>\n<p>Maksimali apkrova<\/p>\n<p>165 kg<\/p>\n<p>Bendras svoris<\/p>\n<p>11,5 kg<\/p>\n<p>Pakuot\u0117s matmenys<\/p>\n<p>91*38*20 cm<\/p>\n<p>\u00a0\u00a0<\/p>\n<p>Savyb\u0117s: KETURIOS + STIPRINAMOS GUMIN\u0116S JUOSTOS Naudojant keturi\u0173 ta\u0161k\u0173 sutvirtinim\u0105, ji taip pat gali stabilizuoti j\u016bs\u0173 neper\u0161lampam\u0105 kuprin\u0119, g\u0117rimo puodel\u012f ir kit\u0105 lauko sporto \u012frang\u0105 banguojan\u010diame vandenyje. DIDELIO TANKIO PVC Nauja didelio tankio PVC med\u017eiaga, 35 % lengvesn\u0117 nei pana\u0161\u016bs modeliai. Lengvesnis lentos korpusas, atsparesnis nusid\u0117v\u0117jimui. NESLID\u017dIA EVA Ypa\u010d patogi.  I\u0161 saugios ir ekologi\u0161kos med\u017eiagos pagaminta neslid\u017ei EVA pagalv\u0117l\u0117 gali b\u016bti naudojama kaip jogos kilim\u0117lis. Ji suteikia geresn\u012f amortizavim\u0105 kritimo atveju. PATOGIOS RANKENOS Dviej\u0173 med\u017eiag\u0173 sustiprintos rankenos leid\u017eia ne\u0161ti lengviau ir patogiau;  Tvirta pagalba gr\u012f\u017eti ant lentos i\u0161 vandens. ORO VENTILIS Pagerintas sandarumas, greitas oro pumpavimas ir palaiko 12\u201315 psi oro sl\u0117g\u012f. Komplekt\u0105 sudaro: 1 x pripu\u010diama stovimojo irklavimo lenta 1 x reguliuojamas aliuminis irklas 3 x pelekai 1 x auk\u0161to sl\u0117gio pompa 1 x kuprin\u0117 1 x pavad\u0117lis 1 x dir\u017eas 1 x naudojimo instrukcija<\/p><\/p>","protected":false},"excerpt":{"rendered":"<p>Techniniai duomenys: Prek\u0117s \u017eenklas FunWater Tipas Pripu\u010diama stovimojo irklavimo lenta Modelis SUPFW55A SUPFW55B SUPFW55C Med\u017eiaga Daugiasluoksnis PVC Saugumas EVA neslystantis Priedai Rankena, laikymo mai\u0161elis Dydis 335 x 84 x 15 cm Sl\u0117gis 12\u201315 PSI Maksimali apkrova 165 kg Bendras svoris 11,5 kg Pakuot\u0117s matmenys 91*38*20 cm \u00a0\u00a0 Savyb\u0117s: KETURIOS + STIPRINAMOS GUMIN\u0116S JUOSTOS Naudojant keturi\u0173 [&hellip;]<\/p>\n","protected":false},"featured_media":1689,"comment_status":"open","ping_status":"closed","template":"","meta":[],"product_brand":[],"product_cat":[26],"product_tag":[126,124,123,125],"class_list":{"0":"post-1690","1":"product","2":"type-product","3":"status-publish","4":"has-post-thumbnail","6":"product_cat-pramogos-ir-sportas","7":"product_tag-paddle-boarding","8":"product_tag-outdoor-recreation","9":"product_tag-sports-outdoor","10":"product_tag-water-sports","12":"first","13":"instock","14":"shipping-taxable","15":"purchasable","16":"product-type-variable"},"_links":{"self":[{"href":"https:\/\/topsmart.store\/en\/wp-json\/wp\/v2\/product\/1690","targetHints":{"allow":["GET"]}}],"collection":[{"href":"https:\/\/topsmart.store\/en\/wp-json\/wp\/v2\/product"}],"about":[{"href":"https:\/\/topsmart.store\/en\/wp-json\/wp\/v2\/types\/product"}],"replies":[{"embeddable":true,"href":"https:\/\/topsmart.store\/en\/wp-json\/wp\/v2\/comments?post=1690"}],"wp:featuredmedia":[{"embeddable":true,"href":"https:\/\/topsmart.store\/en\/wp-json\/wp\/v2\/media\/1689"}],"wp:attachment":[{"href":"https:\/\/topsmart.store\/en\/wp-json\/wp\/v2\/media?parent=1690"}],"wp:term":[{"taxonomy":"product_brand","embeddable":true,"href":"https:\/\/topsmart.store\/en\/wp-json\/wp\/v2\/product_brand?post=1690"},{"taxonomy":"product_cat","embeddable":true,"href":"https:\/\/topsmart.store\/en\/wp-json\/wp\/v2\/product_cat?post=1690"},{"taxonomy":"product_tag","embeddable":true,"href":"https:\/\/topsmart.store\/en\/wp-json\/wp\/v2\/product_tag?post=1690"}],"curies":[{"name":"wp","href":"https:\/\/api.w.org\/{rel}","templated":true}]}}