{"id":1710,"date":"2026-04-18T12:03:58","date_gmt":"2026-04-18T10:03:58","guid":{"rendered":"https:\/\/topsmart.store\/product\/xmund-outdoor-extra-large-outdoor-bike-cover-tent-fits-2-3-bikes-cover-withstand-wind-rain-and-uv-portable-foldable-for-garage-garden-storage\/"},"modified":"2026-04-18T12:33:26","modified_gmt":"2026-04-18T10:33:26","slug":"xmund-outdoor-extra-large-outdoor-bike-cover-tent-fits-2-3-bikes-cover-withstand-wind-rain-and-uv-portable-foldable-for-garage-garden-storage","status":"publish","type":"product","link":"https:\/\/topsmart.store\/en\/product\/xmund-outdoor-extra-large-outdoor-bike-cover-tent-fits-2-3-bikes-cover-withstand-wind-rain-and-uv-portable-foldable-for-garage-garden-storage\/","title":{"rendered":"Xmund Outdoor Extra-Large Outdoor Bike Cover Tent, Fits 2-3 Bikes Cover, Withstand Wind, Rain and UV, Portable &amp; Foldable for Garage\/Garden Storage"},"content":{"rendered":"<p>Specifikacija: Pavadinimas: Dvira\u010di\u0173 palapin\u0117 R\u0117mo med\u017eiaga: Stiklo pluo\u0161to strypai Audinio med\u017eiaga: 210D sidabru dengtas \u201eOxford\u201c audinys Dydis i\u0161skleistoje b\u016bsenoje: 200 \u00d7 80 \u00d7 165 cm Dydis sulankstytoje b\u016bsenoje: 45 \u00d7 15 \u00d7 15 cm<\/p>\n<\/p>\n<p>Komplekt\u0105 sudaro:<\/p>\n<p>1 x dvira\u010di\u0173 palapin\u0117, 1 x palapin\u0117s pakavimo mai\u0161as, 1 x pried\u0173 mai\u0161as, 1 x vinis, 2 x ilgos atramos, 5 x trumpos atramos<\/p>","protected":false},"excerpt":{"rendered":"<p>Specifikacija: Pavadinimas: Dvira\u010di\u0173 palapin\u0117 R\u0117mo med\u017eiaga: Stiklo pluo\u0161to strypai Audinio med\u017eiaga: 210D sidabru dengtas \u201eOxford\u201c audinys Dydis i\u0161skleistoje b\u016bsenoje: 200 \u00d7 80 \u00d7 165 cm Dydis sulankstytoje b\u016bsenoje: 45 \u00d7 15 \u00d7 15 cm Komplekt\u0105 sudaro: 1 x dvira\u010di\u0173 palapin\u0117, 1 x palapin\u0117s pakavimo mai\u0161as, 1 x pried\u0173 mai\u0161as, 1 x vinis, 2 x ilgos [&hellip;]<\/p>\n","protected":false},"featured_media":1709,"comment_status":"open","ping_status":"closed","template":"","meta":[],"product_brand":[],"product_cat":[24],"product_tag":[130,132,131,123],"class_list":{"0":"post-1710","1":"product","2":"type-product","3":"status-publish","4":"has-post-thumbnail","6":"product_cat-namu-apyvoka","7":"product_tag-camping","8":"product_tag-camping-tent","9":"product_tag-tent-sunshade","10":"product_tag-sports-outdoor","12":"first","13":"instock","14":"shipping-taxable","15":"purchasable","16":"product-type-variable"},"_links":{"self":[{"href":"https:\/\/topsmart.store\/en\/wp-json\/wp\/v2\/product\/1710","targetHints":{"allow":["GET"]}}],"collection":[{"href":"https:\/\/topsmart.store\/en\/wp-json\/wp\/v2\/product"}],"about":[{"href":"https:\/\/topsmart.store\/en\/wp-json\/wp\/v2\/types\/product"}],"replies":[{"embeddable":true,"href":"https:\/\/topsmart.store\/en\/wp-json\/wp\/v2\/comments?post=1710"}],"wp:featuredmedia":[{"embeddable":true,"href":"https:\/\/topsmart.store\/en\/wp-json\/wp\/v2\/media\/1709"}],"wp:attachment":[{"href":"https:\/\/topsmart.store\/en\/wp-json\/wp\/v2\/media?parent=1710"}],"wp:term":[{"taxonomy":"product_brand","embeddable":true,"href":"https:\/\/topsmart.store\/en\/wp-json\/wp\/v2\/product_brand?post=1710"},{"taxonomy":"product_cat","embeddable":true,"href":"https:\/\/topsmart.store\/en\/wp-json\/wp\/v2\/product_cat?post=1710"},{"taxonomy":"product_tag","embeddable":true,"href":"https:\/\/topsmart.store\/en\/wp-json\/wp\/v2\/product_tag?post=1710"}],"curies":[{"name":"wp","href":"https:\/\/api.w.org\/{rel}","templated":true}]}}