{"id":1780,"date":"2026-04-18T12:07:12","date_gmt":"2026-04-18T10:07:12","guid":{"rendered":"https:\/\/topsmart.store\/product\/eu-direct-funwater-335cm-large-size-inflatable-stand-up-paddle-board-surfboard-complete-paddleboard-accessories-adjustable-paddle-pump-isup-travel-backpack-leash-adult-paddle-board-supfw31d\/"},"modified":"2026-04-18T12:28:55","modified_gmt":"2026-04-18T10:28:55","slug":"eu-direct-funwater-335cm-large-size-inflatable-stand-up-paddle-board-surfboard-complete-paddleboard-accessories-adjustable-paddle-pump-isup-travel-backpack-leash-adult-paddle-board-supfw31d","status":"publish","type":"product","link":"https:\/\/topsmart.store\/en\/product\/eu-direct-funwater-335cm-large-size-inflatable-stand-up-paddle-board-surfboard-complete-paddleboard-accessories-adjustable-paddle-pump-isup-travel-backpack-leash-adult-paddle-board-supfw31d\/","title":{"rendered":"[EU Direct] FunWater 335cm Large Size Inflatable Stand Up Paddle Board Surfboard Complete Paddleboard Accessories Adjustable Paddle, Pump, ISUP Travel Backpack, Leash, Adult Paddle Board, SUPFW31D"},"content":{"rendered":"<p>Techniniai duomenys:<\/p>\n<p>Brand<\/p>\n<p>FunWater<\/p>\n<p>Modelis<\/p>\n<p>SUPFW31D<\/p>\n<p>Dydis<\/p>\n<p>335*84*15 cm<\/p>\n<p>Color<\/p>\n<p>Kaip parodyta nuotraukose<\/p>\n<p>Med\u017eiaga<\/p>\n<p>PVC<\/p>\n<p>Svoris<\/p>\n<p>Maks. apie 165 kg (360 svar\u0173)<\/p>\n<p>Oro sl\u0117gis<\/p>\n<p>Iki 12\u201315 PSI<\/p>\n<p>Grynasis svoris<\/p>\n<p>Apie 12,5 kg<\/p>\n<p>Pakuot\u0117s matmenys<\/p>\n<p>90*38*20 cm<\/p>\n<\/p>\n<p>Savyb\u0117s: &#8211; Stabilumas: pripu\u010diamos stovin\u010dios irklavimo lentos matmenys nurodyti nuotraukoje. Didel\u0117, bet labai lengva, sveria tik 12,5 kg. \u017dinoma, m\u016bs\u0173 gaminys taip pat i\u0161laiko maksimal\u0173 saug\u0173 sl\u0117g\u012f \u2013 12\u201315 psi. Maksimali apkrova \u2013 iki 365 svar\u0173. Idealiai tinka pradedantiesiems, pa\u017eengusiems, banglentininkams, vaikams ir jaunuoliams. &#8211; Pilnas pried\u0173 rinkinys: suaugusi\u0173j\u0173 irklavimo lentos komplekte yra viskas, ko reikia: lenta, siurblys, saugos dir\u017eas, trys pelekai, kuprin\u0117, reguliuojamas aliumininis irklas. Galite praleisti vis\u0105 dien\u0105 ant vandens irklavimo lentos. &#8211; Universalus lentos: \u0161i stovin\u010diojo irklavimo lenta tinka irklavimui, jogai, kelion\u0117ms, \u017evejybai, banglen\u010di\u0173 sportui ant vandens. Su atnaujintais D-\u017eiedais, saugiu pavad\u0117liu, baga\u017eine ir auk\u0161\u010diausios kokyb\u0117s priedais, m\u016bs\u0173 pripu\u010diama SUP tinka bet kokioms s\u0105lygoms. &#8211; Daugiafunkcin\u0117 pripu\u010diama SUP: irklent\u0117 skirta pradedantiesiems ir pa\u017eengusiems vartotojams, vandenyje galite saugiai pad\u0117ti savo krep\u0161\u012f ar kuprin\u0119 ant lentos. Su lentele pateikiamas lengvas aliuminis irklas, kur\u012f galima lengvai surinkti ir pritaikyti pagal savo \u016bg\u012f. Komplekt\u0105 sudaro: 1 x pripu\u010diama irklavimo lenta, 1 x reguliuojamas aliuminis irklas, 1 x auk\u0161to sl\u0117gio siurblys, 1 x kuprin\u0117, 1 x dir\u017eas, 1 x saugos virv\u0117, 1 x pelekas<\/p>","protected":false},"excerpt":{"rendered":"<p>Techniniai duomenys: Prek\u0117s \u017eenklas FunWater Modelis SUPFW31D Dydis 335*84*15 cm Spalva Kaip parodyta nuotraukose Med\u017eiaga PVC Svoris Maks. apie 165 kg (360 svar\u0173) Oro sl\u0117gis Iki 12\u201315 PSI Grynasis svoris Apie 12,5 kg Pakuot\u0117s matmenys 90*38*20 cm Savyb\u0117s: &#8211; Stabilumas: pripu\u010diamos stovin\u010dios irklavimo lentos matmenys nurodyti nuotraukoje. Didel\u0117, bet labai lengva, sveria tik 12,5 kg. [&hellip;]<\/p>\n","protected":false},"featured_media":1779,"comment_status":"open","ping_status":"closed","template":"","meta":[],"product_brand":[],"product_cat":[26],"product_tag":[126,124,123,125],"class_list":{"0":"post-1780","1":"product","2":"type-product","3":"status-publish","4":"has-post-thumbnail","6":"product_cat-pramogos-ir-sportas","7":"product_tag-paddle-boarding","8":"product_tag-outdoor-recreation","9":"product_tag-sports-outdoor","10":"product_tag-water-sports","12":"first","13":"instock","14":"shipping-taxable","15":"purchasable","16":"product-type-variable"},"_links":{"self":[{"href":"https:\/\/topsmart.store\/en\/wp-json\/wp\/v2\/product\/1780","targetHints":{"allow":["GET"]}}],"collection":[{"href":"https:\/\/topsmart.store\/en\/wp-json\/wp\/v2\/product"}],"about":[{"href":"https:\/\/topsmart.store\/en\/wp-json\/wp\/v2\/types\/product"}],"replies":[{"embeddable":true,"href":"https:\/\/topsmart.store\/en\/wp-json\/wp\/v2\/comments?post=1780"}],"wp:featuredmedia":[{"embeddable":true,"href":"https:\/\/topsmart.store\/en\/wp-json\/wp\/v2\/media\/1779"}],"wp:attachment":[{"href":"https:\/\/topsmart.store\/en\/wp-json\/wp\/v2\/media?parent=1780"}],"wp:term":[{"taxonomy":"product_brand","embeddable":true,"href":"https:\/\/topsmart.store\/en\/wp-json\/wp\/v2\/product_brand?post=1780"},{"taxonomy":"product_cat","embeddable":true,"href":"https:\/\/topsmart.store\/en\/wp-json\/wp\/v2\/product_cat?post=1780"},{"taxonomy":"product_tag","embeddable":true,"href":"https:\/\/topsmart.store\/en\/wp-json\/wp\/v2\/product_tag?post=1780"}],"curies":[{"name":"wp","href":"https:\/\/api.w.org\/{rel}","templated":true}]}}