{"id":1793,"date":"2026-04-18T12:07:33","date_gmt":"2026-04-18T10:07:33","guid":{"rendered":"https:\/\/topsmart.store\/product\/solar-rechargeable-bike-headlight-led-super-brightness-4000mah-battery-waterproof-4-light-modes-warning-flashlight-with-120db-horn-for-night-cycling\/"},"modified":"2026-04-18T12:31:40","modified_gmt":"2026-04-18T10:31:40","slug":"solar-rechargeable-bike-headlight-led-super-brightness-4000mah-battery-waterproof-4-light-modes-warning-flashlight-with-120db-horn-for-night-cycling","status":"publish","type":"product","link":"https:\/\/topsmart.store\/en\/product\/solar-rechargeable-bike-headlight-led-super-brightness-4000mah-battery-waterproof-4-light-modes-warning-flashlight-with-120db-horn-for-night-cycling\/","title":{"rendered":"Solar Rechargeable Bike Headlight LED Super Brightness 4000mAh Battery Waterproof 4 Light Modes Warning Flashlight with 120dB Horn for Night Cycling"},"content":{"rendered":"<p>Techniniai duomenys:\u00a0<\/p>\n<p>Produkto pavadinimas<\/p>\n<p>Dvira\u010dio priekinis \u017eibintas<\/p>\n<p>Med\u017eiaga<\/p>\n<p>ABS med\u017eiaga + silikonin\u0117 juostel\u0117<\/p>\n<p>Atsparumas vandeniui<\/p>\n<p>IPX4<\/p>\n<p>Baterija<\/p>\n<p>4000 mAh<\/p>\n<p>\u0160viesos re\u017eimas<\/p>\n<p>4 Stipri \u0161viesa\/silpna \u0161viesa\/bliks\u0117jimas\/priekiniai \u017eibintai<\/p>\n<p>Lempos lemput\u0117<\/p>\n<p>LED lemput\u0117<\/p>\n<p>\u012ekrovimo b\u016bdas<\/p>\n<p>\u012ekrovimas saul\u0117s energija + \u012fkrovimas per USB<\/p>\n<p>Garsiakalbio decibelai<\/p>\n<p>120 dB<\/p>\n<p>Grynasis svoris<\/p>\n<p>185 g<\/p>\n<p>Bruto svoris<\/p>\n<p>216 g<\/p>\n<p>Dydis<\/p>\n<p>Apie 14*9,5*4,5 cm<\/p>\n<p>\u00a0<\/p>\n<p>Savyb\u0117s:<\/p>\n<p>1. Atsparumas oro s\u0105lygoms: dvira\u010dio \u017eibintas atitinka IPX4 atsparumo vandeniui standart\u0105, tod\u0117l atlaiko bet kokias oro s\u0105lygas.<\/p>\n<p>2. Ilgaam\u017e\u0117 baterija: maitinamas 4000 mAh baterija, \u0161is \u017eibintas u\u017etikrina ilgesn\u012f veikimo laik\u0105, kad patenkint\u0173 j\u016bs\u0173 dvira\u010di\u0173 poreikius.<\/p>\n<p>3. \u012evair\u016bs ap\u0161vietimo re\u017eimai: Pasirinkite vien\u0105 i\u0161 keturi\u0173 re\u017eim\u0173 \u2013 stipri \u0161viesa, silpna \u0161viesa, mirg\u0117jimas ir r\u016bko \u017eibintas \u2013 kad prisitaikytum\u0117te prie skirting\u0173 aplinkos s\u0105lyg\u0173.<\/p>\n<p>4. Galinga LED lemput\u0117: \u012erengtas efektyvia LED lempute, \u0161is \u017eibintas u\u017etikrina ry\u0161k\u0173 ir patikim\u0105 \u0161viesos \u0161altin\u012f.<\/p>\n<p>5. Patogios \u012fkrovimo galimyb\u0117s: \u017eibint\u0105 lengvai \u012fkraukite naudojant saul\u0117s energij\u0105 arba USB, kad \u012fkrovimas b\u016bt\u0173 be r\u016bpes\u010di\u0173.<\/p>\n<p>\u00a0<\/p>\n<p>Komplekt\u0105 sudaro: 1 x \u017eibintas<\/p>\n<p>1 x signalinis ragelis<\/p>\n<p>1 x \u012fkrovimo kabelis<\/p>\n<p>1 x guminis dir\u017eelis<\/p>\n<p>1 x instrukcija<\/p>\n<p>\u00a0<\/p>","protected":false},"excerpt":{"rendered":"<p>Techniniai duomenys:\u00a0 Produkto pavadinimas Dvira\u010dio priekinis \u017eibintas Med\u017eiaga ABS med\u017eiaga + silikonin\u0117 juostel\u0117 Atsparumas vandeniui IPX4 Baterija 4000 mAh \u0160viesos re\u017eimas 4 Stipri \u0161viesa\/silpna \u0161viesa\/bliks\u0117jimas\/priekiniai \u017eibintai Lempos lemput\u0117 LED lemput\u0117 \u012ekrovimo b\u016bdas \u012ekrovimas saul\u0117s energija + \u012fkrovimas per USB Garsiakalbio decibelai 120 dB Grynasis svoris 185 g Bruto svoris 216 g Dydis Apie 14*9,5*4,5 cm [&hellip;]<\/p>\n","protected":false},"featured_media":1791,"comment_status":"open","ping_status":"closed","template":"","meta":[],"product_brand":[],"product_cat":[26,23],"product_tag":[135,136,137,123],"class_list":{"0":"post-1793","1":"product","2":"type-product","3":"status-publish","4":"has-post-thumbnail","6":"product_cat-pramogos-ir-sportas","7":"product_cat-ismanieji-prietaisai","8":"product_tag-bike-bicycle","9":"product_tag-bike-lights","10":"product_tag-headlights","11":"product_tag-sports-outdoor","13":"first","14":"instock","15":"shipping-taxable","16":"purchasable","17":"product-type-variable"},"_links":{"self":[{"href":"https:\/\/topsmart.store\/en\/wp-json\/wp\/v2\/product\/1793","targetHints":{"allow":["GET"]}}],"collection":[{"href":"https:\/\/topsmart.store\/en\/wp-json\/wp\/v2\/product"}],"about":[{"href":"https:\/\/topsmart.store\/en\/wp-json\/wp\/v2\/types\/product"}],"replies":[{"embeddable":true,"href":"https:\/\/topsmart.store\/en\/wp-json\/wp\/v2\/comments?post=1793"}],"wp:featuredmedia":[{"embeddable":true,"href":"https:\/\/topsmart.store\/en\/wp-json\/wp\/v2\/media\/1791"}],"wp:attachment":[{"href":"https:\/\/topsmart.store\/en\/wp-json\/wp\/v2\/media?parent=1793"}],"wp:term":[{"taxonomy":"product_brand","embeddable":true,"href":"https:\/\/topsmart.store\/en\/wp-json\/wp\/v2\/product_brand?post=1793"},{"taxonomy":"product_cat","embeddable":true,"href":"https:\/\/topsmart.store\/en\/wp-json\/wp\/v2\/product_cat?post=1793"},{"taxonomy":"product_tag","embeddable":true,"href":"https:\/\/topsmart.store\/en\/wp-json\/wp\/v2\/product_tag?post=1793"}],"curies":[{"name":"wp","href":"https:\/\/api.w.org\/{rel}","templated":true}]}}