{"id":1801,"date":"2026-04-18T12:07:52","date_gmt":"2026-04-18T10:07:52","guid":{"rendered":"https:\/\/topsmart.store\/product\/west-biking-smart-brake-sensor-bike-taillight-450mah-battery-3-light-modes-type-c-rechargeable-waterproof-wear-resistant-bicycle-rear-light-for-night-cycling\/"},"modified":"2026-04-18T12:32:38","modified_gmt":"2026-04-18T10:32:38","slug":"west-biking-smart-brake-sensor-bike-taillight-450mah-battery-3-light-modes-type-c-rechargeable-waterproof-wear-resistant-bicycle-rear-light-for-night-cycling","status":"publish","type":"product","link":"https:\/\/topsmart.store\/en\/product\/west-biking-smart-brake-sensor-bike-taillight-450mah-battery-3-light-modes-type-c-rechargeable-waterproof-wear-resistant-bicycle-rear-light-for-night-cycling\/","title":{"rendered":"WEST BIKING Smart Brake Sensor Bike Taillight 450mAh Battery 3 Light Modes Type-C Rechargeable Waterproof Wear-resistant Bicycle Rear Light for Night Cycling"},"content":{"rendered":"<p>Techniniai duomenys:<\/p>\n<p>Brand<\/p>\n<p>WEST BIKING<\/p>\n<p>Dydis<\/p>\n<p>82*20*30 mm<\/p>\n<p>Med\u017eiaga<\/p>\n<p>PC+ABS<\/p>\n<p>Svoris<\/p>\n<p>33 g<\/p>\n<p>Atsparumas vandeniui<\/p>\n<p>Atsparumas vandeniui<\/p>\n<p>\u012ekrovimo laikas<\/p>\n<p>2 valandos<\/p>\n<p>Montavimas<\/p>\n<p>S\u0117dyn\u0117s vamzd\u017eio laikiklis + s\u0117dyn\u0117s lankelio laikiklis<\/p>\n<\/p>\n<p>Savyb\u0117s: 1. Dvigubas laikiklis, leid\u017eiantis lengvai montuoti ant \u012fvairi\u0173 tip\u0173 dvira\u010di\u0173. 2. Stabd\u017ei\u0173 jutiklio technologija automati\u0161kai \u012fjungia \/ i\u0161jungia \u017eibint\u0105, kai stabdote. 3. C tipo \u012fkrovimo jungtis greitam ir patogiam \u012fkrovimui. 4. Ry\u0161kus LED \u017eibintas su skirtingais ap\u0161vietimo re\u017eimais, u\u017etikrinantis geresn\u012f matomum\u0105 ir saugum\u0105. 5. Vandeniui atsparus dizainas u\u017etikrina patvarum\u0105 ir ilgalaik\u012f veikim\u0105. Komplekt\u0105 sudaro: 1 x galinis \u017eibintas, 1 x gumin\u0117 juosta, 4 x kabelio rai\u0161teliai, 1 x USB \u012fkrovimo kabelis, 1 x s\u0117dyn\u0117s lankelio sagtis, 1 x kempin\u0117s kilim\u0117lis, 1 x s\u0117dyn\u0117s strypo sagtis<\/p><\/p>","protected":false},"excerpt":{"rendered":"<p>Techniniai duomenys: Prek\u0117s \u017eenklas WEST BIKING Dydis 82*20*30 mm Med\u017eiaga PC+ABS Svoris 33 g Atsparumas vandeniui Atsparumas vandeniui \u012ekrovimo laikas 2 valandos Montavimas S\u0117dyn\u0117s vamzd\u017eio laikiklis + s\u0117dyn\u0117s lankelio laikiklis Savyb\u0117s: 1. Dvigubas laikiklis, leid\u017eiantis lengvai montuoti ant \u012fvairi\u0173 tip\u0173 dvira\u010di\u0173. 2. Stabd\u017ei\u0173 jutiklio technologija automati\u0161kai \u012fjungia \/ i\u0161jungia \u017eibint\u0105, kai stabdote. 3. C tipo [&hellip;]<\/p>\n","protected":false},"featured_media":1800,"comment_status":"open","ping_status":"closed","template":"","meta":[],"product_brand":[],"product_cat":[26,23],"product_tag":[135,136,140,123],"class_list":{"0":"post-1801","1":"product","2":"type-product","3":"status-publish","4":"has-post-thumbnail","6":"product_cat-pramogos-ir-sportas","7":"product_cat-ismanieji-prietaisai","8":"product_tag-bike-bicycle","9":"product_tag-bike-lights","10":"product_tag-taillights","11":"product_tag-sports-outdoor","13":"first","14":"instock","15":"shipping-taxable","16":"purchasable","17":"product-type-simple"},"_links":{"self":[{"href":"https:\/\/topsmart.store\/en\/wp-json\/wp\/v2\/product\/1801","targetHints":{"allow":["GET"]}}],"collection":[{"href":"https:\/\/topsmart.store\/en\/wp-json\/wp\/v2\/product"}],"about":[{"href":"https:\/\/topsmart.store\/en\/wp-json\/wp\/v2\/types\/product"}],"replies":[{"embeddable":true,"href":"https:\/\/topsmart.store\/en\/wp-json\/wp\/v2\/comments?post=1801"}],"wp:featuredmedia":[{"embeddable":true,"href":"https:\/\/topsmart.store\/en\/wp-json\/wp\/v2\/media\/1800"}],"wp:attachment":[{"href":"https:\/\/topsmart.store\/en\/wp-json\/wp\/v2\/media?parent=1801"}],"wp:term":[{"taxonomy":"product_brand","embeddable":true,"href":"https:\/\/topsmart.store\/en\/wp-json\/wp\/v2\/product_brand?post=1801"},{"taxonomy":"product_cat","embeddable":true,"href":"https:\/\/topsmart.store\/en\/wp-json\/wp\/v2\/product_cat?post=1801"},{"taxonomy":"product_tag","embeddable":true,"href":"https:\/\/topsmart.store\/en\/wp-json\/wp\/v2\/product_tag?post=1801"}],"curies":[{"name":"wp","href":"https:\/\/api.w.org\/{rel}","templated":true}]}}