{"id":1812,"date":"2026-04-18T12:08:10","date_gmt":"2026-04-18T10:08:10","guid":{"rendered":"https:\/\/topsmart.store\/product\/eu-direct-daranener-neoz-300w600w-surge-portable-power-station-179-2wh-56000mah-lifepo4-battery-pure-sine-wave-fast-charging-with-3-input-6-output-ports-solar-input-emergency-ups-power-station-fo\/"},"modified":"2026-04-18T12:28:46","modified_gmt":"2026-04-18T10:28:46","slug":"eu-direct-daranener-neoz-300w600w-surge-portable-power-station-179-2wh-56000mah-lifepo4-battery-pure-sine-wave-fast-charging-with-3-input-6-output-ports-solar-input-emergency-ups-power-station-fo","status":"publish","type":"product","link":"https:\/\/topsmart.store\/en\/product\/eu-direct-daranener-neoz-300w600w-surge-portable-power-station-179-2wh-56000mah-lifepo4-battery-pure-sine-wave-fast-charging-with-3-input-6-output-ports-solar-input-emergency-ups-power-station-fo\/","title":{"rendered":"[EU Direct] DaranEner NEOZ 300W600W Surge Portable Power Station, 179.2Wh\/56000mAh LiFePO4 Battery, Pure Sine Wave Fast Charging with 3 Input\/6 Output Ports Solar Input, Emergency UPS Power Station for Home Use, Power Outage EU Plug"},"content":{"rendered":"<p>Akumuliatoriaus talpa (Wh): \u2264500 Wh; Nominali<br \/>kintamosios srov\u0117s galia (W): 200\u2013499 W;<br \/>Komplektacija: elektrin\u0117;<br \/>Ki\u0161tuko tipas: ES ki\u0161tukas<\/p>\n<div data-spm=\"0000000UV\" class=\"\">\t\t\t\t\t\t\t\t<i data-spm=\"0000000UW\" class=\"\"><\/i>\t\t\t\t\t\t\t\t<\/p>\n<div data-spm=\"0000000UX\" class=\"\">\n<h2 data-spm=\"0000000UY\" class=\"\">Tiksli informacija:<\/h2>\n<div id=\"specification\" class=\"\"><\/div>\n<div id=\"specification_end\" class=\"\"><\/div>\n<p class=\"\">Atkreipkite d\u0117mes\u012f, kad nuotraukoje pavaizduota ki\u0161tukin\u0117 jungtis yra tik iliustracin\u0117, o i\u0161 tikr\u0173j\u0173 siun\u010diama ki\u0161tukin\u0117 jungtis yra <font face=\"Arial\" color=\"\" class=\"\"><b class=\"\">ES <\/b><\/font>tipo, 1 vnt. kintamosios srov\u0117s i\u0161\u0117jimas.<\/p>\n<p class=\"\"><b class=\"\"><span class=\"\"><br class=\"\"><\/span><\/b><\/p>\n<p class=\"\"><b class=\"\"><span class=\"\">Techniniai duomenys:\u00a0<\/span><\/b><\/p>\n<table border=\"0\" cellspacing=\"0\" class=\"\">\n<tbody class=\"\">\n<tr class=\"\">\n<td width=\"166\" valign=\"center\" nowrap=\"\" class=\"\">\n<p class=\"\">Brand<\/p>\n<\/td>\n<td width=\"295\" valign=\"center\" nowrap=\"\" class=\"\">\n<p class=\"\">DaranEner<\/p>\n<\/td>\n<\/tr>\n<tr class=\"\">\n<td width=\"166\" valign=\"center\" nowrap=\"\" class=\"\">\n<p class=\"\">Modelis<\/p>\n<\/td>\n<td width=\"295\" valign=\"center\" nowrap=\"\" class=\"\">\n<p class=\"\">NEOZ<\/p>\n<\/td>\n<\/tr>\n<tr class=\"\">\n<td width=\"166\" valign=\"center\" nowrap=\"\" class=\"\">\n<p class=\"\">Talpa<\/p>\n<\/td>\n<td width=\"295\" valign=\"center\" nowrap=\"\" class=\"\">\n<p class=\"\">179,2 Wh<\/p>\n<\/td>\n<\/tr>\n<tr class=\"\">\n<td width=\"166\" valign=\"center\" nowrap=\"\" class=\"\">\n<p class=\"\">Tipas<\/p>\n<\/td>\n<td width=\"295\" valign=\"center\" nowrap=\"\" class=\"\">\n<p class=\"\">LiFePO4<\/p>\n<\/td>\n<\/tr>\n<tr class=\"\">\n<td width=\"166\" valign=\"center\" nowrap=\"\" class=\"\">\n<p class=\"\">Cikl\u0173 skai\u010dius<\/p>\n<\/td>\n<td width=\"295\" valign=\"center\" nowrap=\"\" class=\"\">\n<p class=\"\">3500+ cikl\u0173 iki 80 % pradin\u0117s talpos<\/p>\n<\/td>\n<\/tr>\n<tr class=\"\">\n<td width=\"166\" valign=\"center\" nowrap=\"\" class=\"\">\n<p class=\"\">Ilgaam\u017ei\u0161kumas<\/p>\n<\/td>\n<td width=\"295\" valign=\"center\" nowrap=\"\" class=\"\">\n<p class=\"\">\u012ekraukite iki 80 % kas 3\u20136 m\u0117nesius<\/p>\n<\/td>\n<\/tr>\n<tr class=\"\">\n<td width=\"166\" valign=\"center\" nowrap=\"\" class=\"\">\n<p class=\"\">Sistema<\/p>\n<\/td>\n<td width=\"295\" valign=\"center\" nowrap=\"\" class=\"\">\n<p class=\"\">MPPT valdiklis, BMS, UPS ir kt.<\/p>\n<\/td>\n<\/tr>\n<tr class=\"\">\n<td width=\"166\" valign=\"center\" nowrap=\"\" class=\"\">\n<p class=\"\">USB-A*2<\/p>\n<\/td>\n<td width=\"295\" valign=\"center\" nowrap=\"\" class=\"\">\n<p class=\"\">Maks. 18 W<\/p>\n<\/td>\n<\/tr>\n<tr class=\"\">\n<td width=\"166\" valign=\"center\" nowrap=\"\" class=\"\">\n<p class=\"\">USB-C<\/p>\n<\/td>\n<td width=\"295\" valign=\"center\" nowrap=\"\" class=\"\">\n<p class=\"\">Maks. 60 W<\/p>\n<\/td>\n<\/tr>\n<tr class=\"\">\n<td width=\"166\" valign=\"center\" nowrap=\"\" class=\"\">\n<p class=\"\">Kintamosios srov\u0117s i\u0161\u0117jimas<\/p>\n<\/td>\n<td width=\"295\" valign=\"center\" nowrap=\"\" class=\"\">\n<p class=\"\">300 W 220 V<span class=\"\">, 600 W piko galia<\/span><\/p>\n<\/td>\n<\/tr>\n<tr class=\"\">\n<td width=\"166\" valign=\"center\" nowrap=\"\" class=\"\">\n<p class=\"\">LED ap\u0161vietimas<\/p>\n<\/td>\n<td width=\"295\" valign=\"center\" nowrap=\"\" class=\"\">\n<p class=\"\">2 W<\/p>\n<\/td>\n<\/tr>\n<tr class=\"\">\n<td width=\"166\" valign=\"center\" nowrap=\"\" class=\"\">\n<p class=\"\">Kintamosios srov\u0117s \u012f\u0117jimas<\/p>\n<\/td>\n<td width=\"295\" valign=\"center\" nowrap=\"\" class=\"\">\n<p class=\"\">220 V, 50\/60 Hz, ES ki\u0161tukas<br class=\"\"><\/p>\n<\/td>\n<\/tr>\n<tr class=\"\">\n<td width=\"166\" valign=\"center\" nowrap=\"\" class=\"\">\n<p class=\"\">\u012ekrovimas saul\u0117s energija<\/p>\n<\/td>\n<td width=\"295\" valign=\"center\" nowrap=\"\" class=\"\">\n<p class=\"\">Maks. 90 W, 10\u201330 V DC<\/p>\n<\/td>\n<\/tr>\n<tr class=\"\">\n<td width=\"166\" valign=\"center\" nowrap=\"\" class=\"\">\n<p class=\"\">Svoris<\/p>\n<\/td>\n<td width=\"295\" valign=\"center\" nowrap=\"\" class=\"\">\n<p class=\"\">2,75 kg \/ 6,06 lb<\/p>\n<\/td>\n<\/tr>\n<tr class=\"\">\n<td width=\"166\" valign=\"center\" nowrap=\"\" class=\"\">\n<p class=\"\">Dydis<\/p>\n<\/td>\n<td width=\"295\" valign=\"center\" nowrap=\"\" class=\"\">\n<p class=\"\">220 \u00d7 180 \u00d7 130 mm 8,66 \u00d7 7,08 \u00d7 5,1 colio<\/p>\n<\/td>\n<\/tr>\n<tr class=\"\">\n<td width=\"166\" valign=\"center\" nowrap=\"\" class=\"\">\n<p class=\"\">Darbin\u0117 temperat\u016bra<\/p>\n<\/td>\n<td width=\"295\" valign=\"center\" nowrap=\"\" class=\"\">\n<p class=\"\">-10\u201345 \u00b0C<span class=\"\"><\/span><\/p>\n<\/td>\n<\/tr>\n<\/tbody>\n<\/table>\n<p class=\"\"><span class=\"\"><b class=\"\"><br class=\"\"><\/b><\/span><\/p>\n<\/div>\n<\/div>\n<p class=\"\"><span class=\"\"><b class=\"\">Savyb\u0117s:<br class=\"\">1. Ma\u017eas, bet galingas: <\/b>ne\u0161iojamoji elektrin\u0117 su 300 W (600 W piko galios) kintamosios srov\u0117s keitikliu, 179,2 Wh \/ 56 000 mAh LiFePO4 baterij\u0173 paketu ir 6 i\u0161\u0117jimo lizdais, ekologi\u0161ku saul\u0117s energijos generatoriumi su \u012fmontuotu MPPT valdikliu (maks. 90 W), patobulinta BMS sistema, 220 V sinusine banga, 120 W kintamosios srov\u0117s supergreitu \u012fkrovimu, LED lempute.<br class=\"\"><b class=\"\">2. Lengvas ir ne\u0161iojamas: <\/b>ma\u017eas (8,6 x 7 x 5,1 colio) ir lengvas (6,2 svaro), lengvesnis nei 2 ne\u0161iojamieji kompiuteriai ir ma\u017eesnis nei skrudintuvas, j\u012f galite lengvai ne\u0161iotis kuprin\u0117je ten, kur reikia energijos.<br class=\"\"><b class=\"\">3. Super greitas \u012fkrovimas: <\/b>trys \u012fkrovimo galimyb\u0117s, 100 % \u012fkrovimas per 1,5 val. naudojant nam\u0173 rozet\u0119 (120 W kintamosios srov\u0117s super greitas \u012fkrovimas) arba per 2 val. naudojant automobilio \u012fkrovikl\u012f arba saul\u0117s baterij\u0105 (MPPT 90 W, maks. 11\u201330 V, 4 A).<br class=\"\"><b class=\"\">4. Kaina ir kokyb\u0117: <\/b>gausite 1 \u201eDaranEner NEOZ\u201c ne\u0161iojam\u0105j\u0105 elektrin\u0119, 1 kintamosios srov\u0117s \u012fkrovimo kabel\u012f, 1 vartotojo vadov\u0105.<\/span><\/p>\n<p class=\"\"><span class=\"\"><b class=\"\">5. LFP baterijos su 10 met\u0173 tarnavimo laiku:<\/b> LFP LiFePO4 baterij\u0173 chemija leid\u017eia ne\u0161iojamajam generatoriui tur\u0117ti daugiau nei 3500 cikl\u0173 tarnavimo laik\u0105, o tai prilygsta beveik 10 met\u0173 \u012fprastam naudojimui, o \u201eDaranEner\u201c elektrin\u0117 buvo i\u0161bandyta ir sertifikuota pagal plat\u0173 UL baterij\u0173 standart\u0173 spektr\u0105.<br class=\"\"><b class=\"\">6. Patobulinta BMS:<\/b> Ji gali steb\u0117ti \u012ftamp\u0105, srov\u0119 ir temperat\u016br\u0105, taip pat yra \u012frengta apsauga nuo perkrovos, per didelio i\u0161sikrovimo, per didelio \u012fkrovimo, perkaitimo ir trumpojo jungimo. \u012evykus trumpojo jungimo ar perkrovos situacijai, sistema automati\u0161kai i\u0161jungia maitinim\u0105, siekdama apsaugoti save ir \u012fkraunam\u0105 \u012frang\u0105. Ji taip pat turi \u012fmontuot\u0105 au\u0161inimo ventiliatori\u0173, kuris padeda i\u0161vengti perkaitimo \u012fkrovimo metu.<br class=\"\"><b class=\"\">7. Vienu metu maitina 6 \u012frenginius: <\/b>pvz., dronus, plan\u0161etinius kompiuterius, televizorius, automobili\u0173 \u0161aldytuvus, mobiliuosius telefonus, \u201eiPad\u201c plan\u0161etinius kompiuterius, ne\u0161iojamuosius kompiuterius, fotoaparatus, \u201ePS5\u201c, CPAP ir kt. \u012erengtas 1*AC i\u0161\u0117jimu, 1*USB-C PD 60 W efektyviu i\u0161\u0117jimu, 2*USB-A QC3.0 18 W efektyviu i\u0161\u0117jimu, 1*DC 5,5 5521 i\u0161\u0117jimu. \u0160ios s\u0105sajos gali patenkinti daugelio rinkoje esan\u010di\u0173 \u012frengini\u0173 maitinimo poreikius. Pastaba: jei j\u0173 bendra galia yra ma\u017eesn\u0117 nei 320 W<br class=\"\"><b class=\"\">. 8. Dinaminis LED ekranas: <\/b>Lauko generatorius turi tiksl\u0173 dinamin\u012f ekran\u0105, kuris realiuoju laiku stebi \u012fvairius produkto parametrus, pvz., likusi\u0105 gali\u0105, srov\u0119, \u012ftamp\u0105, i\u0161\u0117jimo gali\u0105 ir kt., leid\u017eiant\u012f jums geriau suprasti esam\u0105 produkto b\u016bkl\u0119.<br class=\"\"><b class=\"\">9. Avarinis ap\u0161vietimas: <\/b>\u0160is kempingo generatorius turi 3 pakop\u0173 ry\u0161kumo LED \u017eibintuv\u0117l\u012f, kuris si\u016blo 3 ap\u0161vietimo re\u017eimus \u2013 nuolatin\u012f, mirks\u0117jim\u0105 ir SOS re\u017eim\u0105, kad patenkint\u0173 j\u016bs\u0173 \u012fvairius poreikius!<br class=\"\"><b class=\"\">10. Naudojimo trukm\u0117 vienu \u012fkrovimu:<\/b> 179,2 Wh talpos li\u010dio baterija u\u017etikrina ilgalaik\u0119 energij\u0105, leid\u017eian\u010di\u0105 iki 13 kart\u0173 \u012fkrauti j\u016bs\u0173 i\u0161man\u0173j\u012f telefon\u0105, iki 3 kart\u0173 \u2013 ne\u0161iojam\u0105j\u012f kompiuter\u012f, iki 15 valand\u0173 \u2013 LED \u017eibint\u0105 ir iki 4 valand\u0173 \u2013 nedidel\u012f ventiliatori\u0173, o 220 V grynosios sinusin\u0117s bangos technologija gali veiksmingai apsaugoti j\u016bs\u0173 elektroninius \u012frenginius.<br class=\"\"><br class=\"\"><\/span><\/p>\n<p class=\"\"><span class=\"\"><b class=\"\">Komplekt\u0105 sudaro:<\/b><br class=\"\">1 x \u201ePower Station\u201c<\/span><font face=\"Arial\" color=\"\" class=\"\"> su ES ki\u0161tuku<\/font><span class=\"\"><\/span><\/p>\n<p class=\"\"><span class=\"\">1 x kintamosios srov\u0117s \u012fkrovimo kabelis<br class=\"\">1 x vartotojo vadovas<\/span><\/p>","protected":false},"excerpt":{"rendered":"<p>Akumuliatoriaus talpa (Wh): \u2264500 Wh; Nominalikintamosios srov\u0117s galia (W): 200\u2013499 W;Komplektacija: elektrin\u0117;Ki\u0161tuko tipas: ES ki\u0161tukas Tiksli informacija: Atkreipkite d\u0117mes\u012f, kad nuotraukoje pavaizduota ki\u0161tukin\u0117 jungtis yra tik iliustracin\u0117, o i\u0161 tikr\u0173j\u0173 siun\u010diama ki\u0161tukin\u0117 jungtis yra ES tipo, 1 vnt. kintamosios srov\u0117s i\u0161\u0117jimas. Techniniai duomenys:\u00a0 Prek\u0117s \u017eenklas DaranEner Modelis NEOZ Talpa 179,2 Wh Tipas LiFePO4 Cikl\u0173 skai\u010dius [&hellip;]<\/p>\n","protected":false},"featured_media":1810,"comment_status":"open","ping_status":"closed","template":"","meta":[],"product_brand":[],"product_cat":[26,24,23],"product_tag":[130,141,142,123],"class_list":{"0":"post-1812","1":"product","2":"type-product","3":"status-publish","4":"has-post-thumbnail","6":"product_cat-pramogos-ir-sportas","7":"product_cat-namu-apyvoka","8":"product_cat-ismanieji-prietaisai","9":"product_tag-camping","10":"product_tag-camping-electrics","11":"product_tag-portable-power-devices","12":"product_tag-sports-outdoor","14":"first","15":"instock","16":"shipping-taxable","17":"purchasable","18":"product-type-simple"},"_links":{"self":[{"href":"https:\/\/topsmart.store\/en\/wp-json\/wp\/v2\/product\/1812","targetHints":{"allow":["GET"]}}],"collection":[{"href":"https:\/\/topsmart.store\/en\/wp-json\/wp\/v2\/product"}],"about":[{"href":"https:\/\/topsmart.store\/en\/wp-json\/wp\/v2\/types\/product"}],"replies":[{"embeddable":true,"href":"https:\/\/topsmart.store\/en\/wp-json\/wp\/v2\/comments?post=1812"}],"wp:featuredmedia":[{"embeddable":true,"href":"https:\/\/topsmart.store\/en\/wp-json\/wp\/v2\/media\/1810"}],"wp:attachment":[{"href":"https:\/\/topsmart.store\/en\/wp-json\/wp\/v2\/media?parent=1812"}],"wp:term":[{"taxonomy":"product_brand","embeddable":true,"href":"https:\/\/topsmart.store\/en\/wp-json\/wp\/v2\/product_brand?post=1812"},{"taxonomy":"product_cat","embeddable":true,"href":"https:\/\/topsmart.store\/en\/wp-json\/wp\/v2\/product_cat?post=1812"},{"taxonomy":"product_tag","embeddable":true,"href":"https:\/\/topsmart.store\/en\/wp-json\/wp\/v2\/product_tag?post=1812"}],"curies":[{"name":"wp","href":"https:\/\/api.w.org\/{rel}","templated":true}]}}