{"id":1832,"date":"2026-04-18T12:09:13","date_gmt":"2026-04-18T10:09:13","guid":{"rendered":"https:\/\/topsmart.store\/product\/eu-direct-flashfish-p56-power-station-330w-288-6wh-solar-generator-solar-power-generator-outdoor-power-supply-for-home-outdoor-camping-power-supply\/"},"modified":"2026-04-18T12:28:50","modified_gmt":"2026-04-18T10:28:50","slug":"eu-direct-flashfish-p56-power-station-330w-288-6wh-solar-generator-solar-power-generator-outdoor-power-supply-for-home-outdoor-camping-power-supply","status":"publish","type":"product","link":"https:\/\/topsmart.store\/en\/product\/eu-direct-flashfish-p56-power-station-330w-288-6wh-solar-generator-solar-power-generator-outdoor-power-supply-for-home-outdoor-camping-power-supply\/","title":{"rendered":"[EU Direct] FlashFish P56 Power Station 330W 288.6Wh Solar Generator Solar Power Generator Outdoor Power Supply for Home, Outdoor, Camping Power Supply"},"content":{"rendered":"<p>Akumuliatoriaus talpa (Wh): \u2264500 Wh; Nominali<br \/>kintamosios srov\u0117s galia (W): 200\u2013499 W;<br \/>Komplektacija: elektrin\u0117;<br \/>Ki\u0161tuko tipas: ES ki\u0161tukas<\/p>\n<div data-spm=\"0000000UV\" class=\"\">\t\t\t\t\t\t\t\t<i data-spm=\"0000000UW\" class=\"\"><\/i>\t\t\t\t\t\t\t\t<\/p>\n<div data-spm=\"0000000UX\" class=\"\">\n<h2 data-spm=\"0000000UY\" class=\"\">Tiksli informacija:<\/h2>\n<div id=\"specification\" class=\"\"><\/div>\n<div id=\"specification_end\" class=\"\"><\/div>\n<p class=\"\"><span class=\"\"><span class=\"\">Techniniai duomenys:<\/span><\/span><\/p>\n<table border=\"0\" cellspacing=\"0\" class=\"\">\n<tbody class=\"\">\n<tr class=\"\">\n<td width=\"176\" valign=\"center\" nowrap=\"\" class=\"\">\n<p class=\"\"><span class=\"\">Brand<\/span><span class=\"\"><\/span><\/p>\n<\/td>\n<td width=\"363\" valign=\"center\" nowrap=\"\" class=\"\">\n<p class=\"\"><span class=\"\">FlashFish<\/span><span class=\"\"><\/span><\/p>\n<\/td>\n<\/tr>\n<tr class=\"\">\n<td width=\"176\" valign=\"center\" nowrap=\"\" class=\"\">\n<p class=\"\"><span class=\"\">Modelis<\/span><span class=\"\"><\/span><\/p>\n<\/td>\n<td width=\"363\" valign=\"center\" nowrap=\"\" class=\"\">\n<p class=\"\"><span class=\"\">P56<\/span><span class=\"\"><\/span><\/p>\n<\/td>\n<\/tr>\n<tr class=\"\">\n<td width=\"176\" valign=\"center\" nowrap=\"\" class=\"\">\n<p class=\"\"><span class=\"\">Baterijos med\u017eiaga<\/span><span class=\"\"><\/span><\/p>\n<\/td>\n<td width=\"363\" valign=\"center\" nowrap=\"\" class=\"\">\n<p class=\"\"><span class=\"\">Li\u010dio jon\u0173 elementas<\/span><span class=\"\"><\/span><\/p>\n<\/td>\n<\/tr>\n<tr class=\"\">\n<td width=\"176\" valign=\"center\" nowrap=\"\" class=\"\">\n<p class=\"\"><span class=\"\">Talpa<\/span><span class=\"\"><\/span><\/p>\n<\/td>\n<td width=\"363\" valign=\"center\" nowrap=\"\" class=\"\">\n<p class=\"\"><span class=\"\">288,6 Wh 78 000 mAh \/ 3,7 V<\/span><span class=\"\"><\/span><\/p>\n<\/td>\n<\/tr>\n<tr class=\"\">\n<td width=\"176\" valign=\"center\" nowrap=\"\" class=\"\">\n<p class=\"\"><span class=\"\">Standartin\u0117 i\u0161\u0117jimo \u012ftampa<\/span><span class=\"\"><\/span><\/p>\n<\/td>\n<td width=\"363\" valign=\"center\" nowrap=\"\" class=\"\">\n<p class=\"\"><span class=\"\">220 V, 50\u201360 Hz<\/span><span class=\"\"><\/span><\/p>\n<\/td>\n<\/tr>\n<tr class=\"\">\n<td width=\"176\" valign=\"center\" nowrap=\"\" class=\"\">\n<p class=\"\"><span class=\"\">\u012e\u0117jimas<\/span><span class=\"\"><\/span><\/p>\n<\/td>\n<td width=\"363\" valign=\"center\" class=\"\">\n<p class=\"\"><span class=\"\">15 V\/4 A adapteris; 12 V automobilinis degiklis; rekomenduojamas 18\u201322 V \u2248 100 W saul\u0117s kolektorius<\/span><span class=\"\"><\/span><\/p>\n<\/td>\n<\/tr>\n<tr class=\"\">\n<td width=\"176\" valign=\"center\" nowrap=\"\" class=\"\">\n<p class=\"\"><span class=\"\">Kintamosios srov\u0117s i\u0161\u0117jimas<\/span><span class=\"\"><\/span><\/p>\n<\/td>\n<td width=\"363\" valign=\"center\" nowrap=\"\" class=\"\">\n<p class=\"\"><span class=\"\">Nominali galia 330 W, maksimali 600 W<\/span><span class=\"\"><\/span><\/p>\n<\/td>\n<\/tr>\n<tr class=\"\">\n<td width=\"176\" valign=\"center\" nowrap=\"\" class=\"\">\n<p class=\"\"><span class=\"\">DC i\u0161\u0117jimas<\/span><span class=\"\"><\/span><\/p>\n<\/td>\n<td width=\"363\" valign=\"center\" nowrap=\"\" class=\"\">\n<p class=\"\"><span class=\"\">9\u201312,6 V\/10 A, maks. 12 A<\/span><span class=\"\"><\/span><\/p>\n<\/td>\n<\/tr>\n<tr class=\"\">\n<td width=\"176\" valign=\"center\" nowrap=\"\" class=\"\">\n<p class=\"\"><span class=\"\">USB i\u0161\u0117jimas<\/span><span class=\"\"><\/span><\/p>\n<\/td>\n<td width=\"363\" valign=\"center\" nowrap=\"\" class=\"\">\n<p class=\"\"><span class=\"\">1 *5 V\/2 A i\u0161\u0117jimas; 1 *QC3.0 i\u0161\u0117jimas; 2 *Type-C3.0 i\u0161\u0117jimai<\/span><span class=\"\"><\/span><\/p>\n<\/td>\n<\/tr>\n<tr class=\"\">\n<td width=\"176\" valign=\"center\" nowrap=\"\" class=\"\">\n<p class=\"\"><span class=\"\">Matmenys<\/span><span class=\"\"><\/span><\/p>\n<\/td>\n<td width=\"363\" valign=\"center\" nowrap=\"\" class=\"\">\n<p class=\"\"><span class=\"\">25,6*16,7*13 cm<\/span><\/p>\n<\/td>\n<\/tr>\n<tr class=\"\">\n<td width=\"176\" valign=\"center\" nowrap=\"\" class=\"\">\n<p class=\"\"><span class=\"\">Grynasis svoris<\/span><span class=\"\"><\/span><\/p>\n<\/td>\n<td width=\"363\" valign=\"center\" nowrap=\"\" class=\"\">\n<p class=\"\"><span class=\"\">4,3 kg<\/span><span class=\"\"><\/span><\/p>\n<\/td>\n<\/tr>\n<\/tbody>\n<\/table>\n<\/div>\n<\/div>\n<p><span class=\"\"><span class=\"\">\u00a0<\/span><\/span><\/p>\n<p class=\"\"><span class=\"\"><span class=\"\">Savyb\u0117s:<br class=\"\">1. \u012ekrovimas lauke ir naudojant saul\u0117s energij\u0105:<\/span><br class=\"\">\u012fdiegtas saul\u0117s energijos \u012fkrovimo optimizavimo modulis, veikiantis kaip maksimalios galios sekiklis, kuris sutrumpina \u012fkrovimo laik\u0105 40 %.<br class=\"\"><span class=\"\">2. Kompakti\u0161kas ir tvirtas, pritaikytas naudoti lauke:<\/span><br class=\"\">matmenys <span class=\"\">25,6 \u00d7 16,7 \u00d7 13 cm<\/span>, lengvai telpa \u012f automobil\u012f arba \u012fsideda \u012f kuprin\u0119.<br class=\"\"><span class=\"\">3. Au\u0161inimo ventiliatorius:<\/span><br class=\"\">apsaugo baterij\u0105 nuo perkaitimo ir prailgina jos tarnavimo laik\u0105.<br class=\"\">Veikia daug tyliau nei dauguma kit\u0173 rinkoje esan\u010di\u0173 \u012frengini\u0173.<span class=\"\"><br class=\"\">4. Gryna sinusin\u0117 banga:<\/span><br class=\"\">330 W grynos sinusin\u0117s bangos kintamosios srov\u0117s lizdas, kuris padeda suma\u017einti elektronikos nusid\u0117v\u0117jim\u0105, u\u017etikrina skland\u0173 jautrios elektronikos veikim\u0105 ir leid\u017eia i\u0161vengti modifikuot\u0173 sinusini\u0173 bang\u0173 keitikli\u0173, kurie link\u0119 sugadinti elektronikos \u012frang\u0105.<br class=\"\"><span class=\"\"><br class=\"\">Komplekt\u0105 sudaro:<\/span><br class=\"\">1 x ne\u0161iojamoji elektrin\u0117 stotis,<br class=\"\">1 x kintamosios srov\u0117s adapteris,<br class=\"\">1 x vartotojo vadovas,<br class=\"\">1 x automobilio cigare\u010di\u0173 degiklio adapteris + automobilinis \u012fkroviklis<\/span><\/p>\n<p class=\"\"><span class=\"\"><br class=\"\"><\/span><\/p>","protected":false},"excerpt":{"rendered":"<p>Akumuliatoriaus talpa (Wh): \u2264500 Wh; Nominalikintamosios srov\u0117s galia (W): 200\u2013499 W;Komplektacija: elektrin\u0117;Ki\u0161tuko tipas: ES ki\u0161tukas Tiksli informacija: Techniniai duomenys: Prek\u0117s \u017eenklas FlashFish Modelis P56 Baterijos med\u017eiaga Li\u010dio jon\u0173 elementas Talpa 288,6 Wh 78 000 mAh \/ 3,7 V Standartin\u0117 i\u0161\u0117jimo \u012ftampa 220 V, 50\u201360 Hz \u012e\u0117jimas 15 V\/4 A adapteris; 12 V automobilinis degiklis; rekomenduojamas [&hellip;]<\/p>\n","protected":false},"featured_media":1831,"comment_status":"open","ping_status":"closed","template":"","meta":[],"product_brand":[],"product_cat":[26,24,23],"product_tag":[130,141,142,123],"class_list":{"0":"post-1832","1":"product","2":"type-product","3":"status-publish","4":"has-post-thumbnail","6":"product_cat-pramogos-ir-sportas","7":"product_cat-namu-apyvoka","8":"product_cat-ismanieji-prietaisai","9":"product_tag-camping","10":"product_tag-camping-electrics","11":"product_tag-portable-power-devices","12":"product_tag-sports-outdoor","14":"first","15":"instock","16":"shipping-taxable","17":"purchasable","18":"product-type-variable"},"_links":{"self":[{"href":"https:\/\/topsmart.store\/en\/wp-json\/wp\/v2\/product\/1832","targetHints":{"allow":["GET"]}}],"collection":[{"href":"https:\/\/topsmart.store\/en\/wp-json\/wp\/v2\/product"}],"about":[{"href":"https:\/\/topsmart.store\/en\/wp-json\/wp\/v2\/types\/product"}],"replies":[{"embeddable":true,"href":"https:\/\/topsmart.store\/en\/wp-json\/wp\/v2\/comments?post=1832"}],"wp:featuredmedia":[{"embeddable":true,"href":"https:\/\/topsmart.store\/en\/wp-json\/wp\/v2\/media\/1831"}],"wp:attachment":[{"href":"https:\/\/topsmart.store\/en\/wp-json\/wp\/v2\/media?parent=1832"}],"wp:term":[{"taxonomy":"product_brand","embeddable":true,"href":"https:\/\/topsmart.store\/en\/wp-json\/wp\/v2\/product_brand?post=1832"},{"taxonomy":"product_cat","embeddable":true,"href":"https:\/\/topsmart.store\/en\/wp-json\/wp\/v2\/product_cat?post=1832"},{"taxonomy":"product_tag","embeddable":true,"href":"https:\/\/topsmart.store\/en\/wp-json\/wp\/v2\/product_tag?post=1832"}],"curies":[{"name":"wp","href":"https:\/\/api.w.org\/{rel}","templated":true}]}}