{"id":1835,"date":"2026-04-18T12:09:26","date_gmt":"2026-04-18T10:09:26","guid":{"rendered":"https:\/\/topsmart.store\/product\/eu-direct-flashfish-e200-200w-40800mah-portable-power-generator-solar-power-station-with-220v-ac-outlet-2-dc-ports-3-usb-ports\/"},"modified":"2026-04-18T12:28:47","modified_gmt":"2026-04-18T10:28:47","slug":"eu-direct-flashfish-e200-200w-40800mah-portable-power-generator-solar-power-station-with-220v-ac-outlet-2-dc-ports-3-usb-ports","status":"publish","type":"product","link":"https:\/\/topsmart.store\/en\/product\/eu-direct-flashfish-e200-200w-40800mah-portable-power-generator-solar-power-station-with-220v-ac-outlet-2-dc-ports-3-usb-ports\/","title":{"rendered":"[EU Direct] FlashFish E200 200W 40800mAh Portable Power Generator Solar Power Station with 220V AC Outlet\/2 DC Ports\/3 USB Ports"},"content":{"rendered":"<p>Akumuliatoriaus talpa (Wh): \u2264500 Wh; Nominali<br \/>kintamosios srov\u0117s galia (W): 200\u2013499 W;<br \/>Komplektacija: elektrin\u0117;<br \/>Ki\u0161tuko tipas: ES ki\u0161tukas<\/p>\n<div data-spm=\"0000000UV\" class=\"\">\t\t\t\t\t\t\t\t<i data-spm=\"0000000UW\" class=\"\"><\/i>\t\t\t\t\t\t\t\t<\/p>\n<div data-spm=\"0000000UX\" class=\"\">\n<h2 data-spm=\"0000000UY\" class=\"\">Tiksli informacija:<\/h2>\n<div id=\"specification\" class=\"\"><\/div>\n<div id=\"specification_end\" class=\"\"><\/div>\n<p class=\"\"><font color=\"\" class=\"\"><b class=\"\">JAV<\/b> klientai gaus <b class=\"\">110 V <\/b>versij\u0105 su JAV adapteriu.<\/font><\/p>\n<p class=\"\"><font color=\"\" class=\"\"><b class=\"\">ES <\/b>klientai gaus <b class=\"\">220 V<\/b> versij\u0105 su ES adapteriu.<\/font><\/p>\n<p class=\"\"><b class=\"\"><br class=\"\"><\/b><\/p>\n<p class=\"\"><span class=\"\">Specifikacija:<\/span><\/p>\n<table class=\"\" border=\"1\" cellspacing=\"0\">\n<tbody class=\"\">\n<tr class=\"\">\n<td width=\"295\" valign=\"top\" class=\"\">Gamintojas Modelis<\/td>\n<td width=\"295\" valign=\"top\" class=\"\">FlashFish E200<br class=\"\"><\/td>\n<\/tr>\n<tr class=\"\">\n<td width=\"295\" valign=\"top\" class=\"\">\n<p class=\"\"><span class=\"\">Baterija<\/span><\/p>\n<\/td>\n<td width=\"295\" valign=\"top\" class=\"\">\n<p class=\"\"><span class=\"\">Li\u010dio jon\u0173 baterija<\/span><\/p>\n<\/td>\n<\/tr>\n<tr class=\"\">\n<td width=\"295\" valign=\"top\" class=\"\">\n<p class=\"\"><span class=\"\">Talpa<\/span><\/p>\n<\/td>\n<td width=\"295\" valign=\"top\" class=\"\">\n<p class=\"\"><span class=\"\">151 Wh, <\/span>40800 mAh<\/p>\n<\/td>\n<\/tr>\n<tr class=\"\">\n<td width=\"295\" valign=\"top\" class=\"\">\n<p class=\"\"><span class=\"\">Nuolatin\u0117s srov\u0117s \u012f\u0117jimas<\/span><\/p>\n<\/td>\n<td width=\"295\" valign=\"top\" class=\"\">\n<p class=\"\"><span class=\"\">15 V\/2,5 A<\/span><\/p>\n<\/td>\n<\/tr>\n<tr class=\"\">\n<td width=\"295\" valign=\"top\" class=\"\">\n<p class=\"\"><span class=\"\">Kintamosios srov\u0117s i\u0161\u0117jimas<\/span><\/p>\n<\/td>\n<td width=\"295\" valign=\"top\" class=\"\">\n<p class=\"\"><span class=\"\">200 W vardin\u0117, 250 W did\u017eiausia galia<\/span><\/p>\n<\/td>\n<\/tr>\n<tr class=\"\">\n<td width=\"295\" valign=\"top\" class=\"\">\n<p class=\"\"><span class=\"\">DC i\u0161\u0117jimai<\/span><\/p>\n<\/td>\n<td width=\"295\" valign=\"top\" class=\"\">\n<p class=\"\"><span class=\"\">9\u201312 V \/ maks. 10 A<\/span><\/p>\n<\/td>\n<\/tr>\n<tr class=\"\">\n<td width=\"295\" valign=\"top\" class=\"\">\n<p class=\"\"><span class=\"\">USB i\u0161\u0117jimai 3<\/span><\/p>\n<\/td>\n<td width=\"295\" valign=\"top\" class=\"\">\n<p class=\"\"><span class=\"\">2*QC 3.0, 1*Auto 5 V \/ 2,4 A<\/span><\/p>\n<\/td>\n<\/tr>\n<tr class=\"\">\n<td width=\"295\" valign=\"top\" class=\"\">\n<p class=\"\"><span class=\"\">Produkto svoris<\/span><\/p>\n<\/td>\n<td width=\"295\" valign=\"top\" class=\"\">\n<p class=\"\">2,54 kg<br class=\"\"><\/p>\n<\/td>\n<\/tr>\n<tr class=\"\">\n<td width=\"295\" valign=\"top\" class=\"\">\n<p class=\"\"><span class=\"\">Matmenys<\/span><\/p>\n<\/td>\n<td width=\"295\" valign=\"top\" class=\"\">\n<p class=\"\"><span class=\"\">8,2 x 4,3 x 6,2 coliai 208 x 110 x 158 mm<\/span><\/p>\n<\/td>\n<\/tr>\n<\/tbody>\n<\/table>\n<p class=\"\"><br class=\"\"><\/p>\n<p class=\"\"><span class=\"\">Savyb\u0117s:<\/span><\/p>\n<p class=\"\">1. Keli \u012fkrovimo i\u0161\u0117jimai suteikia daugiau galimybi\u0173: funkcijos su AC\/DC\/USB i\u0161\u0117jimais: 110 V arba 220 V AC i\u0161\u0117jimas 200 W, 2 DC i\u0161\u0117jimai, 2 QC 3.0 greito \u012fkrovimo USB prievadai ir 1 USB prievadas 2,4 A automatinis. Bet kuriuo metu galite \u012fkrauti savo i\u0161man\u0173j\u012f telefon\u0105, plan\u0161etin\u012f kompiuter\u012f, ne\u0161iojam\u0105j\u012f kompiuter\u012f, fotoaparat\u0105, ap\u0161vietim\u0105, dronus, ventiliatorius, automobili\u0173 prietaisus, CPAP aparat\u0105 ir dar daugiau.<\/p>\n<p class=\"\">2. Auk\u0161tos kokyb\u0117s ir patogus energijos \u0161altinis: 151 Wh, 40800 mAh kompakti\u0161ka stotel\u0117 yra pakankamai galinga, kad patenkint\u0173 \u012fvairius elektros poreikius lauke \u2013 namuose, kelion\u0117se, kempinguose, ilg\u0173 kelioni\u0173 automobiliu metu. Sverianti 4,07 lb ir turinti mink\u0161t\u0105 ranken\u0105, j\u0105 galima lengvai \u012fd\u0117ti \u012f kuprin\u0119 ar automobil\u012f ir pasiimti ten, kur reikia energijos.<\/p>\n<p class=\"\">3. Kiti unikal\u016bs dizaino elementai: 1. Autonominis AC\/DC maitinimas u\u017etikrina paprast\u0105 naudojim\u0105 \u012fkraunant \u012fvairius \u012frenginius; 2. Daugiafunkcinis LCD ekranas rodo likusi\u0105 energij\u0105, \u012fkrovos, i\u0161krovos, AC i\u0161\u0117jimo ir DC i\u0161\u0117jimo b\u016bsen\u0105. Ypa\u010d ry\u0161kus LCD ekranas leid\u017eia matyti akumuliatoriaus b\u016bsen\u0105 net ir be \u0161viesos \u0161altinio kempinge.<\/p>\n<p class=\"\">4. Trigubas \u012fkrovimo re\u017eimas. Efektyvus saul\u0117s generatorius: \u201eFlashFish\u201c elektrin\u0117 yra \u012frengta li\u010dio baterij\u0173 paketu, kur\u012f galima efektyviai \u012fkrauti naudojant 15\u201324 volt\u0173 saul\u0117s baterij\u0105 (\u012f komplekt\u0105 ne\u012feina), AC sienin\u012f adapter\u012f ir automobilin\u012f \u012fkrovikl\u012f. N\u0117ra atminties efekto, nereikia nerimauti d\u0117l baterijos talpos suma\u017e\u0117jimo.<\/p>\n<p class=\"\">5. Daugialyp\u0117 apsauga ir garantija: \u012frenginys u\u017etikrina visapusi\u0161k\u0105 apsaug\u0105 nuo vir\u0161srovi\u0173, vir\u0161\u012ftampi\u0173 ir perkaitimo, garantuodamas j\u016bs\u0173 ir j\u016bs\u0173 \u012frengini\u0173 saugum\u0105.<\/p>\n<p class=\"\"><br class=\"\"><\/p>\n<p class=\"\"><span class=\"\">Komplektacijoje:<\/span><\/p>\n<p class=\"\">1 x ne\u0161iojamas saul\u0117s generatorius 220 V, skirtas ES <\/p>\n<p class=\"\">1 x maitinimo adapteris<\/p>\n<p class=\"\">1 x automobilio cigare\u010di\u0173 degiklio adapteris<\/p>\n<p class=\"\">1 x automobilinis \u012fkroviklis<\/p>\n<p class=\"\">1 x vartotojo vadovas<\/p>\n<\/div>\n<\/div>\n<p class=\"\"><br class=\"\"><\/p>\n<p class=\"\"><span class=\"\">Atkreipkite d\u0117mes\u012f:<\/span> siekiant i\u0161saugoti<br class=\"\">akumuliatoriaus tarnavimo laik\u0105, \u012frenginys negali tuo pa\u010diu metu \u012fkrauti ir i\u0161krauti.<\/p>","protected":false},"excerpt":{"rendered":"<p>Akumuliatoriaus talpa (Wh): \u2264500 Wh; Nominalikintamosios srov\u0117s galia (W): 200\u2013499 W;Komplektacija: elektrin\u0117;Ki\u0161tuko tipas: ES ki\u0161tukas Tiksli informacija: JAV klientai gaus 110 V versij\u0105 su JAV adapteriu. ES klientai gaus 220 V versij\u0105 su ES adapteriu. Specifikacija: Gamintojas Modelis FlashFish E200 Baterija Li\u010dio jon\u0173 baterija Talpa 151 Wh, 40800 mAh Nuolatin\u0117s srov\u0117s \u012f\u0117jimas 15 V\/2,5 A [&hellip;]<\/p>\n","protected":false},"featured_media":1834,"comment_status":"open","ping_status":"closed","template":"","meta":[],"product_brand":[],"product_cat":[26,24,23],"product_tag":[130,141,142,123],"class_list":{"0":"post-1835","1":"product","2":"type-product","3":"status-publish","4":"has-post-thumbnail","6":"product_cat-pramogos-ir-sportas","7":"product_cat-namu-apyvoka","8":"product_cat-ismanieji-prietaisai","9":"product_tag-camping","10":"product_tag-camping-electrics","11":"product_tag-portable-power-devices","12":"product_tag-sports-outdoor","14":"first","15":"instock","16":"shipping-taxable","17":"purchasable","18":"product-type-simple"},"_links":{"self":[{"href":"https:\/\/topsmart.store\/en\/wp-json\/wp\/v2\/product\/1835","targetHints":{"allow":["GET"]}}],"collection":[{"href":"https:\/\/topsmart.store\/en\/wp-json\/wp\/v2\/product"}],"about":[{"href":"https:\/\/topsmart.store\/en\/wp-json\/wp\/v2\/types\/product"}],"replies":[{"embeddable":true,"href":"https:\/\/topsmart.store\/en\/wp-json\/wp\/v2\/comments?post=1835"}],"wp:featuredmedia":[{"embeddable":true,"href":"https:\/\/topsmart.store\/en\/wp-json\/wp\/v2\/media\/1834"}],"wp:attachment":[{"href":"https:\/\/topsmart.store\/en\/wp-json\/wp\/v2\/media?parent=1835"}],"wp:term":[{"taxonomy":"product_brand","embeddable":true,"href":"https:\/\/topsmart.store\/en\/wp-json\/wp\/v2\/product_brand?post=1835"},{"taxonomy":"product_cat","embeddable":true,"href":"https:\/\/topsmart.store\/en\/wp-json\/wp\/v2\/product_cat?post=1835"},{"taxonomy":"product_tag","embeddable":true,"href":"https:\/\/topsmart.store\/en\/wp-json\/wp\/v2\/product_tag?post=1835"}],"curies":[{"name":"wp","href":"https:\/\/api.w.org\/{rel}","templated":true}]}}