{"id":1843,"date":"2026-04-18T12:09:38","date_gmt":"2026-04-18T10:09:38","guid":{"rendered":"https:\/\/topsmart.store\/product\/eu-direct-flashfish-a101-120w-96wh-26400mah-portable-power-station-power-generator-supply-backup-battery-portable-power-bank-supply-lithium-battery-for-camping-outing-travel\/"},"modified":"2026-04-18T12:28:46","modified_gmt":"2026-04-18T10:28:46","slug":"eu-direct-flashfish-a101-120w-96wh-26400mah-portable-power-station-power-generator-supply-backup-battery-portable-power-bank-supply-lithium-battery-for-camping-outing-travel","status":"publish","type":"product","link":"https:\/\/topsmart.store\/en\/product\/eu-direct-flashfish-a101-120w-96wh-26400mah-portable-power-station-power-generator-supply-backup-battery-portable-power-bank-supply-lithium-battery-for-camping-outing-travel\/","title":{"rendered":"[EU Direct] FlashFish A101 120W 96Wh 26400mAh Portable Power Station Power Generator Supply Backup Battery Portable Power Bank  Supply Lithium Battery For Camping Outing Travel"},"content":{"rendered":"<p>Akumuliatoriaus talpa (Wh): \u2264500 Wh; Nominali<br \/>kintamosios srov\u0117s galia (W): 0\u2013199 W;<br \/>Komplektacija: elektrin\u0117;<br \/>Ki\u0161tuko tipas: universalus ki\u0161tukas<\/p>\n<div data-spm=\"0000000UV\" class=\"\">\t\t\t\t\t\t\t\t<i data-spm=\"0000000UW\" class=\"\"><\/i>\t\t\t\t\t\t\t\t<\/p>\n<div data-spm=\"0000000UX\" class=\"\">\n<h2 data-spm=\"0000000UY\" class=\"\">Tiksli informacija:<\/h2>\n<div id=\"specification\" class=\"\"><\/div>\n<div id=\"specification_end\" class=\"\"><\/div>\n<p class=\"\"><b class=\"\">Specifikacija:<\/b><\/p>\n<table class=\"\" border=\"1\" cellspacing=\"0\">\n<tbody class=\"\">\n<tr class=\"\">\n<td width=\"211\" valign=\"center\" class=\"\">\n<p class=\"\">Kintamosios srov\u0117s i\u0161\u0117jimas<\/p>\n<\/td>\n<td width=\"236\" valign=\"center\" class=\"\">\n<p class=\"\">120 W<\/p>\n<\/td>\n<\/tr>\n<tr class=\"\">\n<td width=\"211\" valign=\"center\" class=\"\">\n<p class=\"\">Dydis <\/p>\n<\/td>\n<td width=\"236\" valign=\"center\" class=\"\">\n<p class=\"\">6,2 x 6,2 x 3,5 colio<\/p>\n<\/td>\n<\/tr>\n<tr class=\"\">\n<td width=\"211\" valign=\"center\" class=\"\">\n<p class=\"\">Talpa\u00a0<\/p>\n<\/td>\n<td width=\"236\" valign=\"center\" class=\"\">\n<p class=\"\">26400 mAh<\/p>\n<\/td>\n<\/tr>\n<tr class=\"\">\n<td width=\"211\" valign=\"center\" class=\"\">\n<p class=\"\">Jungtis <\/p>\n<\/td>\n<td width=\"236\" valign=\"center\" class=\"\">\n<p class=\"\">1 x 120 W kintamosios srov\u0117s jungtis<\/p>\n<p class=\"\">2 x Type-C 18 W jungtys<\/p>\n<p class=\"\">2 x 5 V\/2,4 A USB-A jungtys <\/p>\n<p class=\"\">1x 12 V\/5 A DC i\u0161\u0117jimas<span class=\"\"><\/span><\/p>\n<\/td>\n<\/tr>\n<\/tbody>\n<\/table>\n<p class=\"\"><b class=\"\"><br class=\"\"><\/b><\/p>\n<p class=\"\"><b class=\"\">Savyb\u0117s:<\/b><\/p>\n<p class=\"\">1. LENGVAI NE\u0160IOJAMAS AKUMULIATORIUS: Ma\u017eo dyd\u017eio (6,2 x 6,2 x 3,5 coli\u0173) ir lengvas (3 svar\u0173) \u201eFlashfish 120 W\u201c energijos stotis yra lengviausia ne\u0161iojamoji energijos stotis, kurios galia nevir\u0161ija 100 Wh. Ji taip pat turi patogi\u0105 pakabinimo virv\u0119, tod\u0117l j\u0105 lengva pakabinti ant kuprin\u0117s arba ne\u0161iotis su savimi \u012f gamtos i\u0161kylas, pvz., palapini\u0173 stovyklavim\u0105, keliones automobiliu, stovyklavim\u0105 kieme ir pan.<\/p>\n<p class=\"\">2. 98 WH TALPA IR DIDESNIS 120 W KINTAMOSIOS SROV\u0116S I\u0160\u0116JIMAS: Atnaujinta ne\u0161iojamoji elektrin\u0117, turinti 98 Wh (26400 mAh) talp\u0105, 3,7 V talpos, 1x 120 W kintamosios srov\u0117s (AC) prievadu, 2x \u201eType-C\u201c 18 W prievadu, 2x 5 V\/2,4 A USB-A prievadu ir 1x 12 V\/5 A nuolatin\u0117s srov\u0117s (DC) i\u0161\u0117jimu, palaikanti 6 i\u0161\u0117jimus vienu metu, kad gal\u0117tum\u0117te \u012fkrauti savo kelion\u0117s b\u016btiniausius daiktus, pvz., i\u0161maniuosius telefonus, ne\u0161iojamuosius kompiuterius, fotoaparatus. DC ir USB i\u0161\u0117jimuose palaikomas \u201ePass through\u201c \u012fkrovimas.<\/p>\n<p class=\"\">3. SKAITYMO AP\u0160VIETIMAS IR SOS \u017dIBINTUV\u0116LIS: Atsarginis maitinimo \u0161altinis turi 2 re\u017eim\u0173 LED \u017eibintuv\u0117l\u012f, leid\u017eiant\u012f paspausti LED mygtuk\u0105 ir perjungti tarp nuolatinio ap\u0161vietimo ir SOS mirg\u0117jimo. Jo bendra galia yra 5 W\/400 LM, pakankamai galinga, kad ap\u0161viest\u0173 kempingo viet\u0105 ar j\u016bs\u0173 namus, kai nutinka elektros tiekimo sutrikimas.<\/p>\n<p class=\"\">4. TRYS \u012eKROVIMO B\u016aDAI: Ma\u017e\u0105 saul\u0117s generatori\u0173 galima \u012fkrauti naudojant \u201eFlashfish\u201c 50 W\/60 W saul\u0117s baterij\u0105 (PARDUODAMA ATSKIRAI), sienin\u012f ki\u0161tukin\u012f lizd\u0105 arba automobilio lizd\u0105. \u012eKROVIMO LAIKAS: \u012etrauktas kintamosios srov\u0117s adapteris: 4 valandos. \u012etrauktas 12 V automobilinis adapteris: 4 valandos. \u201eFlashfish\u201c 50 W\/60 W saul\u0117s baterija (\u012f komplekt\u0105 ne\u012feina): 4\u20134,5 valandos.<\/p>\n<p class=\"\">\n<p class=\"\">5. PATIKIMAS NE\u0160IOJAMAS MAITINIMAS: Nors tai yra nedidel\u0117 atsargin\u0117 baterija, \u201eFlashfish\u201c j\u0105 apr\u016bpino daugybe baterijos apsaug\u0173; trumpojo jungimo, perkrovos ir temperat\u016bros apsaugos prailgina baterijos tarnavimo laik\u0105 ir apsaugo nuo sugadinimo.<\/p>\n<p class=\"\"><b class=\"\"><br class=\"\"><\/b><\/p>\n<p class=\"\"><b class=\"\">Komplektacijoje:<\/b><\/p>\n<p class=\"\">1x 98 Wh saul\u0117s energijos stotis <\/p>\n<p class=\"\">2 vnt. kintamosios srov\u0117s \/ automobilio \u012fkrovimo kabeliai<\/p>\n<p class=\"\">3 vnt. vartotojo vadovas<\/p>\n<p class=\"\"><b class=\"\"><br class=\"\"><\/b><\/p>\n<p class=\"\"><b class=\"\">Atkreipkite d\u0117mes\u012f:<\/b> siekiant apsaugoti<br class=\"\">baterijos tarnavimo laik\u0105, elektrin\u0117 negali tuo pa\u010diu metu \u012fkrauti ir i\u0161krauti.<b class=\"\"><br class=\"\"><\/b><span class=\"\"><\/span><\/p>\n<\/p><\/div>\n<\/p><\/div>","protected":false},"excerpt":{"rendered":"<p>Akumuliatoriaus talpa (Wh): \u2264500 Wh; Nominalikintamosios srov\u0117s galia (W): 0\u2013199 W;Komplektacija: elektrin\u0117;Ki\u0161tuko tipas: universalus ki\u0161tukas Tiksli informacija: Specifikacija: Kintamosios srov\u0117s i\u0161\u0117jimas 120 W Dydis 6,2 x 6,2 x 3,5 colio Talpa\u00a0 26400 mAh Jungtis 1 x 120 W kintamosios srov\u0117s jungtis 2 x Type-C 18 W jungtys 2 x 5 V\/2,4 A USB-A jungtys 1x [&hellip;]<\/p>\n","protected":false},"featured_media":1841,"comment_status":"open","ping_status":"closed","template":"","meta":[],"product_brand":[],"product_cat":[26,24,23],"product_tag":[130,141,142,123],"class_list":{"0":"post-1843","1":"product","2":"type-product","3":"status-publish","4":"has-post-thumbnail","6":"product_cat-pramogos-ir-sportas","7":"product_cat-namu-apyvoka","8":"product_cat-ismanieji-prietaisai","9":"product_tag-camping","10":"product_tag-camping-electrics","11":"product_tag-portable-power-devices","12":"product_tag-sports-outdoor","14":"first","15":"instock","16":"shipping-taxable","17":"purchasable","18":"product-type-simple"},"_links":{"self":[{"href":"https:\/\/topsmart.store\/en\/wp-json\/wp\/v2\/product\/1843","targetHints":{"allow":["GET"]}}],"collection":[{"href":"https:\/\/topsmart.store\/en\/wp-json\/wp\/v2\/product"}],"about":[{"href":"https:\/\/topsmart.store\/en\/wp-json\/wp\/v2\/types\/product"}],"replies":[{"embeddable":true,"href":"https:\/\/topsmart.store\/en\/wp-json\/wp\/v2\/comments?post=1843"}],"wp:featuredmedia":[{"embeddable":true,"href":"https:\/\/topsmart.store\/en\/wp-json\/wp\/v2\/media\/1841"}],"wp:attachment":[{"href":"https:\/\/topsmart.store\/en\/wp-json\/wp\/v2\/media?parent=1843"}],"wp:term":[{"taxonomy":"product_brand","embeddable":true,"href":"https:\/\/topsmart.store\/en\/wp-json\/wp\/v2\/product_brand?post=1843"},{"taxonomy":"product_cat","embeddable":true,"href":"https:\/\/topsmart.store\/en\/wp-json\/wp\/v2\/product_cat?post=1843"},{"taxonomy":"product_tag","embeddable":true,"href":"https:\/\/topsmart.store\/en\/wp-json\/wp\/v2\/product_tag?post=1843"}],"curies":[{"name":"wp","href":"https:\/\/api.w.org\/{rel}","templated":true}]}}