{"id":1859,"date":"2026-04-18T12:13:32","date_gmt":"2026-04-18T10:13:32","guid":{"rendered":"https:\/\/topsmart.store\/product\/eu-direct-hibrew-h13-dual-boiler-espresso-machine-g7-coffee-grinder-set-with-pid-control-20-bar-pressure-48-grind-levels\/"},"modified":"2026-04-18T12:28:56","modified_gmt":"2026-04-18T10:28:56","slug":"eu-direct-hibrew-h13-dual-boiler-espresso-machine-g7-coffee-grinder-set-with-pid-control-20-bar-pressure-48-grind-levels","status":"publish","type":"product","link":"https:\/\/topsmart.store\/en\/product\/eu-direct-hibrew-h13-dual-boiler-espresso-machine-g7-coffee-grinder-set-with-pid-control-20-bar-pressure-48-grind-levels\/","title":{"rendered":"[EU Direct] HiBREW H13 Dual Boiler Espresso Machine &amp; G7 Coffee Grinder Set With PID Control 20 Bar Pressure 48 Grind Levels"},"content":{"rendered":"<p>Techniniai duomenys:\u00a0<\/p>\n<p>Kavos aparatas:<\/p>\n<p>Gamintojas: HiBREW<\/p>\n<p>Modelis: H13<\/p>\n<p>Spalva: Ner\u016bdijantis plienas <\/p>\n<p>Siurblio sl\u0117gis: 20 bar <\/p>\n<p>Bako talpa: 1,3 l <\/p>\n<p>Nominali \u012ftampa: 220\u2013240 V kintamosios srov\u0117s, 50 Hz\/60 Hz <\/p>\n<p>Vardin\u0117 galia: 2100 W <\/p>\n<p>Kavos r\u016b\u0161is: malta kava <\/p>\n<p>\u0160ildymo elementas: \u201eThermoblock\u201c<\/p>\n<\/p>\n<p>Kavos mal\u016bn\u0117lis:<\/p>\n<p>Gamintojas: HiBREW<\/p>\n<p>Modelis: G7<\/p>\n<p>Spalva: Ner\u016bdijantis plienas \/ balta (pasirenkama)<\/p>\n<p>Nominali \u012ftampa: 220 V<\/p>\n<p>Vardin\u0117 galia: 150 W<\/p>\n<p>Malimo lygiai: 48 lygiai<\/p>\n<\/p>\n<p>Savyb\u0117s:<\/p>\n<p>&#8211; Dvigubas katilas + PID stabiliam kavos ruo\u0161imui: H13 naudoja dvigub\u0105 katil\u0105, kad tuo pa\u010diu metu ruo\u0161t\u0173 espreso ir garint\u0173 pien\u0105. PID valdymas palaiko pastovi\u0105 90\u201395 \u00b0C temperat\u016br\u0105, o aliuminio \u0161ilumos tiltas \u0161ildo kavos ruo\u0161imo galvut\u0119, u\u017etikrinant nuoseklius kavos \u0161\u016bvius.\u00a0\u00a0<\/p>\n<p>&#8211; Valdymas per jutiklin\u012f ekran\u0105 ir individual\u016bs re\u017eimai: didelis jutiklinis ekranas leid\u017eia vienu paspaudimu pasirinkti espreso, dvigub\u0105, americano, juod\u0105 kav\u0105, kar\u0161t\u0105 vanden\u012f arba \u0161alt\u0105 kav\u0105. Reguliuokite i\u0161ankstin\u012f u\u017epylim\u0105 nuo 0 iki 10 sekund\u017ei\u0173, nustatykite kavos ruo\u0161imo t\u016br\u012f ir i\u0161saugokite asmeninius nustatymus.\u00a0\u00a0<\/p>\n<p>&#8211; Profesionalus ekstrahavimas su OPV ir 58 mm portafilteriu: 20 bar\u0173 siurblys u\u017etikrina stipr\u0173 sl\u0117g\u012f, o OPV palaiko stabil\u0173 virimo sl\u0117g\u012f apie 9 barus, kas idealu sodriai kreminei. \u012e komplekt\u0105 \u012feina komercinio tipo 58 mm grup\u0117 ir ner\u016bdijan\u010dio plieno filtro laikiklis, u\u017etikrinantys kavin\u0117s lygio rezultatus.\u00a0\u00a0<\/p>\n<p>&#8211; Galingos gar\u0173 funkcijos pieno menui: trys gar\u0173 lygiai 125\u2013150 \u00b0C temperat\u016broje padeda sukurti \u0161ilkin\u0119 mikroput\u0105 latte menui arba tir\u0161tesn\u0119 put\u0105 kapu\u010dino. Komplekt\u0105 sudaro trij\u0173 skylu\u010di\u0173 gar\u0173 antgalis, pieno \u0105sot\u0117lis ir tvirto med\u017eio svirtis skland\u017eiam valdymui.\u00a0\u00a0<\/p>\n<p>&#8211; 48 malimo lygi\u0173 ir malimas su jutikliniu ekranu: G7 mal\u016bn\u0117lis si\u016blo 48 malimo nustatymus su 0,1 sekund\u0117s trukm\u0117s malimu ir palaiko 51 mm, 54 mm ir 58 mm filtro laikiklius. Tyli, ma\u017eos grei\u010dio variklis suma\u017eina \u0161ilum\u0105, o auk\u0161tos kokyb\u0117s k\u016bginis malimo diskas u\u017etikrina nuosekl\u0173 malim\u0105, suteikiant\u012f subalansuot\u0105 skon\u012f.<\/p>\n<\/p>\n<p>Komplektacija:<\/p>\n<p>Ner\u016bdijantis plienas:<\/p>\n<p>1 x H13 kavos aparatas, spalva \u2013 ner\u016bdijantis plienas<\/p>\n<p>1 x G7 kavos mal\u016bn\u0117lis, spalva \u2013 ner\u016bdijantis plienas<\/p>\n<p>arba<\/p>\n<p>Balta:<\/p>\n<p>1 x H13 kavos aparatas, spalva \u2013 ner\u016bdijantis plienas<\/p>\n<p>1 vnt. G7 kavos mal\u016bn\u0117lis, spalva \u2013 balta<\/p><\/p>","protected":false},"excerpt":{"rendered":"<p>\ufeff\ufeffTechniniai duomenys:\u00a0 Kavos aparatas: Gamintojas: HiBREW Modelis: H13 Spalva: Ner\u016bdijantis plienas Siurblio sl\u0117gis: 20 bar Bako talpa: 1,3 l Nominali \u012ftampa: 220\u2013240 V kintamosios srov\u0117s, 50 Hz\/60 Hz Vardin\u0117 galia: 2100 W Kavos r\u016b\u0161is: malta kava \u0160ildymo elementas: \u201eThermoblock\u201c Kavos mal\u016bn\u0117lis: Gamintojas: HiBREW Modelis: G7 Spalva: Ner\u016bdijantis plienas \/ balta (pasirenkama) Nominali \u012ftampa: 220 V [&hellip;]<\/p>\n","protected":false},"featured_media":1858,"comment_status":"open","ping_status":"closed","template":"","meta":[],"product_brand":[],"product_cat":[24],"product_tag":[145,144,146,143],"class_list":{"0":"post-1859","1":"product","2":"type-product","3":"status-publish","4":"has-post-thumbnail","6":"product_cat-namu-apyvoka","7":"product_tag-tea-espresso","8":"product_tag-coffee","9":"product_tag-coffee-machines","10":"product_tag-kitchen-appliances","12":"first","13":"instock","14":"shipping-taxable","15":"purchasable","16":"product-type-variable"},"_links":{"self":[{"href":"https:\/\/topsmart.store\/en\/wp-json\/wp\/v2\/product\/1859","targetHints":{"allow":["GET"]}}],"collection":[{"href":"https:\/\/topsmart.store\/en\/wp-json\/wp\/v2\/product"}],"about":[{"href":"https:\/\/topsmart.store\/en\/wp-json\/wp\/v2\/types\/product"}],"replies":[{"embeddable":true,"href":"https:\/\/topsmart.store\/en\/wp-json\/wp\/v2\/comments?post=1859"}],"wp:featuredmedia":[{"embeddable":true,"href":"https:\/\/topsmart.store\/en\/wp-json\/wp\/v2\/media\/1858"}],"wp:attachment":[{"href":"https:\/\/topsmart.store\/en\/wp-json\/wp\/v2\/media?parent=1859"}],"wp:term":[{"taxonomy":"product_brand","embeddable":true,"href":"https:\/\/topsmart.store\/en\/wp-json\/wp\/v2\/product_brand?post=1859"},{"taxonomy":"product_cat","embeddable":true,"href":"https:\/\/topsmart.store\/en\/wp-json\/wp\/v2\/product_cat?post=1859"},{"taxonomy":"product_tag","embeddable":true,"href":"https:\/\/topsmart.store\/en\/wp-json\/wp\/v2\/product_tag?post=1859"}],"curies":[{"name":"wp","href":"https:\/\/api.w.org\/{rel}","templated":true}]}}