{"id":1875,"date":"2026-04-18T12:14:18","date_gmt":"2026-04-18T10:14:18","guid":{"rendered":"https:\/\/topsmart.store\/product\/electric-cleaning-brush-kitchen-bathroom-multifunctional-cleaner-electric-scrubber-bathroom-cleaning-brush-usb-rechargeable-with-5-replaceable-brush-heads\/"},"modified":"2026-04-18T12:29:44","modified_gmt":"2026-04-18T10:29:44","slug":"electric-cleaning-brush-kitchen-bathroom-multifunctional-cleaner-electric-scrubber-bathroom-cleaning-brush-usb-rechargeable-with-5-replaceable-brush-heads","status":"publish","type":"product","link":"https:\/\/topsmart.store\/en\/product\/electric-cleaning-brush-kitchen-bathroom-multifunctional-cleaner-electric-scrubber-bathroom-cleaning-brush-usb-rechargeable-with-5-replaceable-brush-heads\/","title":{"rendered":"Electric Cleaning Brush Kitchen Bathroom Multifunctional Cleaner Electric Scrubber Bathroom Cleaning Brush USB Rechargeable with 5 Replaceable Brush Heads"},"content":{"rendered":"<p>Techniniai duomenys: Prek\u0117s pavadinimas: Elektrin\u0117 valymo \u0161epet\u0117l\u0117 Spalva: Balta \/ Pilka Med\u017eiaga: ABS + Nailonas Naudojimas: Tinka \u012fvairioms situacijoms virtuv\u0117je, miegamajame, tualete ir svetain\u0117je \u012ekrovimo b\u016bdas: USB Funkcijos: Paprastas ir patogus valdymas, paleidimas vienu paspaudimu Savyb\u0117s: &#8212; Universalus valymo \u012frankis: Puikiai tinka valyti \u012fvairias vietas, pavyzd\u017eiui, virtuv\u0119, miegam\u0105j\u012f, tualet\u0105 ir svetain\u0119. D\u0117l savo universalaus dizaino tai yra nepakei\u010diamas \u012frankis \u012fvairiems valymo darbams. &#8212; \u012ekraunamas ir bevielis: \u0161is elektrinis valymo \u0161epetys maitinamas i\u0161 \u012fkraunamos baterijos, tod\u0117l yra patogus naudoti be laid\u0173. Nebereik\u0117s susipainiojusi\u0173 laid\u0173 ar ie\u0161koti rozet\u0117s \u2013 valykite bet kur su lengvumu. &#8212; Penkios skirtingos valymo galvut\u0117s: \u012frengtas penkiomis kei\u010diamomis galvut\u0117mis, kad patenkint\u0173 \u012fvairius valymo poreikius. Nuo sunkiai nuvalom\u0173 ne\u0161varum\u0173 iki jautri\u0173 pavir\u0161i\u0173 \u2013 \u0161is \u012frankis visk\u0105 sutvarkys.- Patogus \u012fkrovimas per USB: \u012erengtas USB \u012fkrovimo jungtis, leid\u017eianti lengvai \u012fkrauti \u012frengin\u012f. Tiesiog prijunkite j\u012f prie kompiuterio, i\u0161orinio akumuliatoriaus ar adapterio USB prievado ir \u012fkraukite be joki\u0173 r\u016bpes\u010di\u0173. &#8212; Lengvas valdymas vienu paspaudimu: Sukurtas siekiant paprastumo, vieno paspaudimo paleidimo funkcija u\u017etikrina patog\u0173 valdym\u0105. Tiesiog paspauskite mygtuk\u0105 ir prad\u0117kite valyti be joki\u0173 sud\u0117ting\u0173 nustatym\u0173. Komplekt\u0105 sudaro: 1 x elektrinis valymo \u012frenginys 1 x \u012fkrovimo laidas 5 x valymo galvut\u0117s<\/p><\/p>","protected":false},"excerpt":{"rendered":"<p>Techniniai duomenys: Prek\u0117s pavadinimas: Elektrin\u0117 valymo \u0161epet\u0117l\u0117 Spalva: Balta \/ Pilka Med\u017eiaga: ABS + Nailonas Naudojimas: Tinka \u012fvairioms situacijoms virtuv\u0117je, miegamajame, tualete ir svetain\u0117je \u012ekrovimo b\u016bdas: USB Funkcijos: Paprastas ir patogus valdymas, paleidimas vienu paspaudimu Savyb\u0117s: &#8212; Universalus valymo \u012frankis: Puikiai tinka valyti \u012fvairias vietas, pavyzd\u017eiui, virtuv\u0119, miegam\u0105j\u012f, tualet\u0105 ir svetain\u0119. D\u0117l savo universalaus dizaino [&hellip;]<\/p>\n","protected":false},"featured_media":1873,"comment_status":"open","ping_status":"closed","template":"","meta":[],"product_brand":[],"product_cat":[24],"product_tag":[138,149],"class_list":{"0":"post-1875","1":"product","2":"type-product","3":"status-publish","4":"has-post-thumbnail","6":"product_cat-namu-apyvoka","7":"product_tag-cleaning-appliances-2","8":"product_tag-electric-spin-scrubber","10":"first","11":"instock","12":"shipping-taxable","13":"purchasable","14":"product-type-variable"},"_links":{"self":[{"href":"https:\/\/topsmart.store\/en\/wp-json\/wp\/v2\/product\/1875","targetHints":{"allow":["GET"]}}],"collection":[{"href":"https:\/\/topsmart.store\/en\/wp-json\/wp\/v2\/product"}],"about":[{"href":"https:\/\/topsmart.store\/en\/wp-json\/wp\/v2\/types\/product"}],"replies":[{"embeddable":true,"href":"https:\/\/topsmart.store\/en\/wp-json\/wp\/v2\/comments?post=1875"}],"wp:featuredmedia":[{"embeddable":true,"href":"https:\/\/topsmart.store\/en\/wp-json\/wp\/v2\/media\/1873"}],"wp:attachment":[{"href":"https:\/\/topsmart.store\/en\/wp-json\/wp\/v2\/media?parent=1875"}],"wp:term":[{"taxonomy":"product_brand","embeddable":true,"href":"https:\/\/topsmart.store\/en\/wp-json\/wp\/v2\/product_brand?post=1875"},{"taxonomy":"product_cat","embeddable":true,"href":"https:\/\/topsmart.store\/en\/wp-json\/wp\/v2\/product_cat?post=1875"},{"taxonomy":"product_tag","embeddable":true,"href":"https:\/\/topsmart.store\/en\/wp-json\/wp\/v2\/product_tag?post=1875"}],"curies":[{"name":"wp","href":"https:\/\/api.w.org\/{rel}","templated":true}]}}