{"id":1923,"date":"2026-04-18T12:16:14","date_gmt":"2026-04-18T10:16:14","guid":{"rendered":"https:\/\/topsmart.store\/product\/kinscoter-3d-fireplace-aromatherapy-machine-simulation-flame-humidifier-automatic-aromatherapy-machine-desktop-large-fog-remote-control-aromatherapy-machine\/"},"modified":"2026-04-18T12:30:24","modified_gmt":"2026-04-18T10:30:24","slug":"kinscoter-3d-fireplace-aromatherapy-machine-simulation-flame-humidifier-automatic-aromatherapy-machine-desktop-large-fog-remote-control-aromatherapy-machine","status":"publish","type":"product","link":"https:\/\/topsmart.store\/en\/product\/kinscoter-3d-fireplace-aromatherapy-machine-simulation-flame-humidifier-automatic-aromatherapy-machine-desktop-large-fog-remote-control-aromatherapy-machine\/","title":{"rendered":"Kinscoter 3D Fireplace Aromatherapy Machine Simulation Flame Humidifier Automatic Aromatherapy Machine Desktop Large Fog Remote Control Aromatherapy Machine"},"content":{"rendered":"<p>Techniniai duomenys:Gamintojas: Kinscoter Produkto pavadinimas: Sieninis aromatinis difuzoriusModelio numeris: DQ717Spalv\u0173 variantai: Juoda, baltaNominali \u012ftampa: 5,0 V = 2,0 ANominali galia: 5 WMatmenys: 218 x 85 x 107 mmVandens rezervuaro talpa: 150 mlMed\u017eiaga: ABS\/PP\/elektroniniai komponentaiAtitiktis standartams: GB4706.1-2005 Grynasis svoris: Apie 550 g Savyb\u0117s: &#8211; Pa\u017eangus nuotolinio valdymo pultas: Lengvai valdykite aromato difuzori\u0173 nesikeldami i\u0161 savo vietos. Nuotolinio valdymo funkcija leid\u017eia tiksliai valdyti prietais\u0105 ir sukurti visi\u0161kai individualizuot\u0105 kvap\u0173 patirt\u012f. &#8211; Automatinis saugus i\u0161jungimas: \u012erengtas trij\u0173 pakop\u0173 i\u0161jungimo funkcija, difuzorius automati\u0161kai i\u0161sijungia, kai vandens lygis tampa \u017eemas, u\u017etikrindamas saugum\u0105 ir ramyb\u0119.- Tyli veikla: Sukurtas su profesionalia triuk\u0161mo ma\u017einimo sistema, \u0161is difuzorius veikia tyliai, u\u017etikrindamas, kad netrukdys j\u016bs\u0173 miegui, tuo pa\u010diu suteikdamas raminan\u010di\u0105 atmosfer\u0105 prie\u0161 mieg\u0105. &#8211; Ne\u0161iojamas dizainas \u012fvairioms aplinkoms: Pritaikomas bet kokioje aplinkoje, namuose, biure ar kelion\u0117je. Kompakti\u0161kas ir ne\u0161iojamas dizainas u\u017etikrina, kad malon\u016bs aromatai lyd\u0117s jus visur.- Reguliuojami gar\u0173 laikma\u010diai: lengvai nustatykite difuzori\u0173 veikti 1 valand\u0105, 3 valandas arba 5 valandas vienu mygtuko paspaudimu, u\u017etikrinant lankstum\u0105 pagal j\u016bs\u0173 poreikius. Komplektacija: 1 x sieninis aromatinis difuzorius, 1 x nuotolinio valdymo pultas, 1 x USB maitinimo kabelis, 1 x vartotojo vadovas<\/p><\/p>","protected":false},"excerpt":{"rendered":"<p>Techniniai duomenys:Gamintojas: Kinscoter Produkto pavadinimas: Sieninis aromatinis difuzoriusModelio numeris: DQ717Spalv\u0173 variantai: Juoda, baltaNominali \u012ftampa: 5,0 V = 2,0 ANominali galia: 5 WMatmenys: 218 x 85 x 107 mmVandens rezervuaro talpa: 150 mlMed\u017eiaga: ABS\/PP\/elektroniniai komponentaiAtitiktis standartams: GB4706.1-2005 Grynasis svoris: Apie 550 g Savyb\u0117s: &#8211; Pa\u017eangus nuotolinio valdymo pultas: Lengvai valdykite aromato difuzori\u0173 nesikeldami i\u0161 savo vietos. [&hellip;]<\/p>\n","protected":false},"featured_media":1921,"comment_status":"open","ping_status":"closed","template":"","meta":[],"product_brand":[],"product_cat":[24],"product_tag":[152,151],"class_list":{"0":"post-1923","1":"product","2":"type-product","3":"status-publish","4":"has-post-thumbnail","6":"product_cat-namu-apyvoka","7":"product_tag-humidifiers","8":"product_tag-air-conditioning-appliances","10":"first","11":"instock","12":"shipping-taxable","13":"purchasable","14":"product-type-variable"},"_links":{"self":[{"href":"https:\/\/topsmart.store\/en\/wp-json\/wp\/v2\/product\/1923","targetHints":{"allow":["GET"]}}],"collection":[{"href":"https:\/\/topsmart.store\/en\/wp-json\/wp\/v2\/product"}],"about":[{"href":"https:\/\/topsmart.store\/en\/wp-json\/wp\/v2\/types\/product"}],"replies":[{"embeddable":true,"href":"https:\/\/topsmart.store\/en\/wp-json\/wp\/v2\/comments?post=1923"}],"wp:featuredmedia":[{"embeddable":true,"href":"https:\/\/topsmart.store\/en\/wp-json\/wp\/v2\/media\/1921"}],"wp:attachment":[{"href":"https:\/\/topsmart.store\/en\/wp-json\/wp\/v2\/media?parent=1923"}],"wp:term":[{"taxonomy":"product_brand","embeddable":true,"href":"https:\/\/topsmart.store\/en\/wp-json\/wp\/v2\/product_brand?post=1923"},{"taxonomy":"product_cat","embeddable":true,"href":"https:\/\/topsmart.store\/en\/wp-json\/wp\/v2\/product_cat?post=1923"},{"taxonomy":"product_tag","embeddable":true,"href":"https:\/\/topsmart.store\/en\/wp-json\/wp\/v2\/product_tag?post=1923"}],"curies":[{"name":"wp","href":"https:\/\/api.w.org\/{rel}","templated":true}]}}