{"id":1932,"date":"2026-04-18T12:16:32","date_gmt":"2026-04-18T10:16:32","guid":{"rendered":"https:\/\/topsmart.store\/product\/tevorex-250ml-colorful-flame-aromatherapy-diffuser-dynamic-fire-flame-cool-mist-humidifier-with-7-colors-light-remote-control-timer-and-auto-off-function-for-home-office\/"},"modified":"2026-04-18T12:31:47","modified_gmt":"2026-04-18T10:31:47","slug":"tevorex-250ml-colorful-flame-aromatherapy-diffuser-dynamic-fire-flame-cool-mist-humidifier-with-7-colors-light-remote-control-timer-and-auto-off-function-for-home-office","status":"publish","type":"product","link":"https:\/\/topsmart.store\/en\/product\/tevorex-250ml-colorful-flame-aromatherapy-diffuser-dynamic-fire-flame-cool-mist-humidifier-with-7-colors-light-remote-control-timer-and-auto-off-function-for-home-office\/","title":{"rendered":"Tevorex 250ML Colorful Flame Aromatherapy Diffuser Dynamic Fire Flame Cool Mist Humidifier with 7 Colors Light Remote Control Timer and Auto Off Function for Home Office"},"content":{"rendered":"<p>Techniniai duomenys: Produkto pavadinimas: Spalvotas \u201eFlame\u201c aromaterapijos difuzorius Produkto spalva: Balta\/Juoda Produkto matmenys: 247x75x86,5 mm Spalvotos d\u0117\u017eut\u0117s matmenys: 252x82x94 mm Nominali \u012ftampa: 5,0 V\/1,0 A Darbin\u0117 srov\u0117: \u2264900 mA Nominali galia: 5 W Vandens rezervuaro talpa: 250 ml Pur\u0161kimo t\u016bris: 20\u201325 ml\/h Laiko nustatytas i\u0161jungimas: Automatin\u0117 i\u0161jungimo apsauga, kai n\u0117ra vandens, su nuotolinio valdymo pultu Produkto med\u017eiaga: ABS\/PP\/elektroniniai komponentai Savyb\u0117s: &#8211; Imituojamas liepsnos efektas: difuzorius sukuria raminan\u010di\u0105 atmosfer\u0105, imituodamas realisti\u0161kas liepsnas ir d\u016bmus. Paspaudus maitinimo mygtuk\u0105, jis i\u0161skiria subtil\u0173, aromating\u0105 r\u016bk\u0105, tuo pa\u010diu skleisdamas liepsnos \u0161vyt\u0117jim\u0105. \u0160i funkcija ne tik suteikia estetin\u0117s vert\u0117s, bet ir dr\u0117kina or\u0105 bei skleid\u017eia j\u016bs\u0173 m\u0117gstamus eterinius aliejus, tod\u0117l puikiai tinka atsipalaidavimui ir meditacijai.- Spalv\u0105 kei\u010dianti LED lemput\u0117: difuzoriaus daugiakolor\u0117 LED ap\u0161vietimas pagerina atmosfer\u0105 su vaivoryk\u0161t\u0117s atspalvi\u0173 ciklu arba j\u016bs\u0173 pasirinktu fiksuotu spalvos tonu. Paspaud\u0119 ap\u0161vietimo mygtuk\u0105, galite aktyvuoti septynis spalv\u0173 re\u017eimus, leid\u017eian\u010dius skland\u017eiai pereiti tarp spalv\u0173, imituojant liepsnos efekt\u0105. Galite sustabdyti tam tikr\u0105 spalv\u0105 arba i\u0161jungti ap\u0161vietim\u0105, i\u0161laikydami garinimo funkcij\u0105, taip lengvai pritaikydami savo erdv\u0119.- Patogios laiko nustatymo galimyb\u0117s: Nustatykite difuzori\u0173 pagal savo grafik\u0105, pasirinkdami vien\u0105 i\u0161 trij\u0173 laiko nustatym\u0173: 2, 4 arba 6 valandas. \u0160i funkcija leid\u017eia m\u0117gautis aromaterapijos privalumais, nereikalaujant nuolat steb\u0117ti prietaiso. Idealiai tinkamas miegui, meditacijai ar raminan\u010dios darbo aplinkos k\u016brimui, difuzorius automati\u0161kai i\u0161sijungia pasiekus nustatyt\u0105 laik\u0105, u\u017etikrindamas ramyb\u0119.- \u012e gars\u0105 reaguojantys ap\u0161vietimo re\u017eimai: Pagerinkite savo jutimin\u0119 patirt\u012f su ap\u0161vietimo re\u017eimais, kurie reaguoja \u012f gars\u0105. Pasirinkite i\u0161 \u201eDiffuse Mode\u201c, \u201eFlow Mode\u201c arba \u201eRunning Light Mode\u201c dinami\u0161kiems \u0161viesos efektams. \u0160ie re\u017eimai reaguoja \u012f muzik\u0105 ar aplinkos garsus, tod\u0117l puikiai tinka vakar\u0117liams, susib\u016brimams arba norint prid\u0117ti interaktyvumo savo kasdieniam gyvenimui.- \u012emontuota apsauga nuo vandens tr\u016bkumo: saugumas yra svarbiausia, tod\u0117l \u012fmontuotas apsaugos nuo vandens tr\u016bkumo lustas automati\u0161kai sustabdo difuzori\u0173, kai aptinka \u017eem\u0105 vandens lyg\u012f. \u0160i funkcija leid\u017eia naudoti difuzori\u0173 nepertraukiamai be da\u017en\u0173 vandens patikrinim\u0173, tod\u0117l tai patikimas pasirinkimas nuosekliai aromaterapijai. M\u0117gaukit\u0117s \u0161ios funkcijos patogumu ir saugumu be joki\u0173 r\u016bpes\u010di\u0173. Komplektacijoje: 1 x aromaterapijos difuzoriaus korpusas, 1 x nuotolinio valdymo pultas, 1 x C tipo maitinimo laidas, 1 x instrukcija kin\u0173 ir angl\u0173 kalbomis<\/p><\/p>","protected":false},"excerpt":{"rendered":"<p>Techniniai duomenys: Produkto pavadinimas: Spalvotas \u201eFlame\u201c aromaterapijos difuzorius Produkto spalva: Balta\/Juoda Produkto matmenys: 247x75x86,5 mm Spalvotos d\u0117\u017eut\u0117s matmenys: 252x82x94 mm Nominali \u012ftampa: 5,0 V\/1,0 A Darbin\u0117 srov\u0117: \u2264900 mA Nominali galia: 5 W Vandens rezervuaro talpa: 250 ml Pur\u0161kimo t\u016bris: 20\u201325 ml\/h Laiko nustatytas i\u0161jungimas: Automatin\u0117 i\u0161jungimo apsauga, kai n\u0117ra vandens, su nuotolinio valdymo pultu [&hellip;]<\/p>\n","protected":false},"featured_media":1930,"comment_status":"open","ping_status":"closed","template":"","meta":[],"product_brand":[],"product_cat":[24],"product_tag":[152,151],"class_list":{"0":"post-1932","1":"product","2":"type-product","3":"status-publish","4":"has-post-thumbnail","6":"product_cat-namu-apyvoka","7":"product_tag-humidifiers","8":"product_tag-air-conditioning-appliances","10":"first","11":"instock","12":"shipping-taxable","13":"purchasable","14":"product-type-variable"},"_links":{"self":[{"href":"https:\/\/topsmart.store\/en\/wp-json\/wp\/v2\/product\/1932","targetHints":{"allow":["GET"]}}],"collection":[{"href":"https:\/\/topsmart.store\/en\/wp-json\/wp\/v2\/product"}],"about":[{"href":"https:\/\/topsmart.store\/en\/wp-json\/wp\/v2\/types\/product"}],"replies":[{"embeddable":true,"href":"https:\/\/topsmart.store\/en\/wp-json\/wp\/v2\/comments?post=1932"}],"wp:featuredmedia":[{"embeddable":true,"href":"https:\/\/topsmart.store\/en\/wp-json\/wp\/v2\/media\/1930"}],"wp:attachment":[{"href":"https:\/\/topsmart.store\/en\/wp-json\/wp\/v2\/media?parent=1932"}],"wp:term":[{"taxonomy":"product_brand","embeddable":true,"href":"https:\/\/topsmart.store\/en\/wp-json\/wp\/v2\/product_brand?post=1932"},{"taxonomy":"product_cat","embeddable":true,"href":"https:\/\/topsmart.store\/en\/wp-json\/wp\/v2\/product_cat?post=1932"},{"taxonomy":"product_tag","embeddable":true,"href":"https:\/\/topsmart.store\/en\/wp-json\/wp\/v2\/product_tag?post=1932"}],"curies":[{"name":"wp","href":"https:\/\/api.w.org\/{rel}","templated":true}]}}