{"id":1946,"date":"2026-04-18T12:16:47","date_gmt":"2026-04-18T10:16:47","guid":{"rendered":"https:\/\/topsmart.store\/product\/kinscoter-fireplace-air-humidifier-waterless-150ml-water-tank-auto-off-aroma-essential-oil-diffuser-with-led-light-remote-control-for-home-gift\/"},"modified":"2026-04-18T12:30:28","modified_gmt":"2026-04-18T10:30:28","slug":"kinscoter-fireplace-air-humidifier-waterless-150ml-water-tank-auto-off-aroma-essential-oil-diffuser-with-led-light-remote-control-for-home-gift","status":"publish","type":"product","link":"https:\/\/topsmart.store\/en\/product\/kinscoter-fireplace-air-humidifier-waterless-150ml-water-tank-auto-off-aroma-essential-oil-diffuser-with-led-light-remote-control-for-home-gift\/","title":{"rendered":"Kinscoter Fireplace Air Humidifier Waterless 150ml Water Tank Auto-Off Aroma Essential Oil Diffuser with LED Light &amp; Remote Control for Home Gift"},"content":{"rendered":"<p>Techniniai duomenys:<\/p>\n<p>Produkto pavadinimas: \u017didinio aromatinis difuzorius<\/p>\n<p>Talpa: 150 ml<\/p>\n<p>Pur\u0161kimo t\u016bris: 20\u201325 ml\/HS<\/p>\n<p>Nominali \u012f\u0117jimo galia: 5,0 V = 2,0 A<\/p>\n<p>Nominali galia: 5 W<\/p>\n<p>Produkto svoris: \u2248378 g<\/p>\n<p>Produkto matmenys: 26,1 x 10,1 x 9,7 cm (10,27 x 3,97 x 3,81 colio)<\/p>\n<p>Med\u017eiaga: ABS plastikas be BPA, ekologi\u0161kas PP, elektroniniai komponentai<\/p>\n<\/p>\n<p>Sertifikatai: CE, RoH\u00a0<\/p>\n<\/p>\n<p>Savyb\u0117s:<\/p>\n<p>Aromatini\u0173 aliej\u0173 pur\u0161kimas: efektyviai skleid\u017eia eterinius aliejus, kad kambarys b\u016bt\u0173 pripildytas aromato.<\/p>\n<p>Pa\u017eangus i\u0161jungimas: saugumo sumetimais automati\u0161kai i\u0161sijungia, kai baigiasi vanduo.<\/p>\n<p>Spalvingas aplinkos ap\u0161vietimas: si\u016blo \u012fvairias spalvingas LED lemputes, kurios pagerina atmosfer\u0105.<\/p>\n<p>Realisti\u0161kas \u017eidinio naktinis ap\u0161vietimas: sukuria jauk\u0173 ir \u0161ilt\u0105 \u017eidinio efekt\u0105, puikiai tinkant\u012f atsipalaidavimui.<\/p>\n<p>Pridedamas nuotolinio valdymo pultas: Komplekt\u0105 sudaro nuotolinio valdymo pultas, leid\u017eiantis patogiai valdyti prietais\u0105 i\u0161 tolo.<\/p>\n<p>\u00a0<\/p>\n<p>Komplektacijoje:<\/p>\n<p>1 x aromatinis difuzorius (pagrindinis \u012frenginys), spalva pagal j\u016bs\u0173 pasirinkim\u0105<\/p>\n<p>1 x nuotolinio valdymo pultas<\/p>\n<p>1 x C tipo maitinimo laidas<\/p>\n<p>1 x naudojimo instrukcija<\/p>\n<p>\u00a0<\/p>","protected":false},"excerpt":{"rendered":"<p>Techniniai duomenys: Produkto pavadinimas: \u017didinio aromatinis difuzorius Talpa: 150 ml Pur\u0161kimo t\u016bris: 20\u201325 ml\/HS Nominali \u012f\u0117jimo galia: 5,0 V = 2,0 A Nominali galia: 5 W Produkto svoris: \u2248378 g Produkto matmenys: 26,1 x 10,1 x 9,7 cm (10,27 x 3,97 x 3,81 colio) Med\u017eiaga: ABS plastikas be BPA, ekologi\u0161kas PP, elektroniniai komponentai Sertifikatai: CE, [&hellip;]<\/p>\n","protected":false},"featured_media":1945,"comment_status":"open","ping_status":"closed","template":"","meta":[],"product_brand":[],"product_cat":[24],"product_tag":[152,151],"class_list":{"0":"post-1946","1":"product","2":"type-product","3":"status-publish","4":"has-post-thumbnail","6":"product_cat-namu-apyvoka","7":"product_tag-humidifiers","8":"product_tag-air-conditioning-appliances","10":"first","11":"instock","12":"shipping-taxable","13":"purchasable","14":"product-type-variable"},"_links":{"self":[{"href":"https:\/\/topsmart.store\/en\/wp-json\/wp\/v2\/product\/1946","targetHints":{"allow":["GET"]}}],"collection":[{"href":"https:\/\/topsmart.store\/en\/wp-json\/wp\/v2\/product"}],"about":[{"href":"https:\/\/topsmart.store\/en\/wp-json\/wp\/v2\/types\/product"}],"replies":[{"embeddable":true,"href":"https:\/\/topsmart.store\/en\/wp-json\/wp\/v2\/comments?post=1946"}],"wp:featuredmedia":[{"embeddable":true,"href":"https:\/\/topsmart.store\/en\/wp-json\/wp\/v2\/media\/1945"}],"wp:attachment":[{"href":"https:\/\/topsmart.store\/en\/wp-json\/wp\/v2\/media?parent=1946"}],"wp:term":[{"taxonomy":"product_brand","embeddable":true,"href":"https:\/\/topsmart.store\/en\/wp-json\/wp\/v2\/product_brand?post=1946"},{"taxonomy":"product_cat","embeddable":true,"href":"https:\/\/topsmart.store\/en\/wp-json\/wp\/v2\/product_cat?post=1946"},{"taxonomy":"product_tag","embeddable":true,"href":"https:\/\/topsmart.store\/en\/wp-json\/wp\/v2\/product_tag?post=1946"}],"curies":[{"name":"wp","href":"https:\/\/api.w.org\/{rel}","templated":true}]}}