{"id":1963,"date":"2026-04-18T12:17:13","date_gmt":"2026-04-18T10:17:13","guid":{"rendered":"https:\/\/topsmart.store\/product\/tevorex-instant-3000w-electric-heating-faucet-110v-220v-rapid-heating-adjustable-temperature-ipx4-waterproof-for-kitchen-bathroom\/"},"modified":"2026-04-18T12:31:59","modified_gmt":"2026-04-18T10:31:59","slug":"tevorex-instant-3000w-electric-heating-faucet-110v-220v-rapid-heating-adjustable-temperature-ipx4-waterproof-for-kitchen-bathroom","status":"publish","type":"product","link":"https:\/\/topsmart.store\/en\/product\/tevorex-instant-3000w-electric-heating-faucet-110v-220v-rapid-heating-adjustable-temperature-ipx4-waterproof-for-kitchen-bathroom\/","title":{"rendered":"Tevorex Instant 3000W Electric Heating Faucet 110V\/220V Rapid Heating Adjustable Temperature IPX4 Waterproof for Kitchen Bathroom"},"content":{"rendered":"<p>Techniniai duomenys:<\/p>\n<p>Spalva: Sidabrin\u0117 Nominali \u012ftampa: 110 V\/220 V<\/p>\n<p>Nominali galia: 3000 W<\/p>\n<p>Darbinis sl\u0117gis: 0,04\u20130,5 MPa<\/p>\n<p>Rit\u0117: Keramin\u0117 rit\u0117<\/p>\n<p>Atsparumas vandeniui: IPX4<\/p>\n<p>Pasirenkamas \u010diaupo vamzdelis: lankstusis vamzdelis \/ fiksuotas vamzdelis<\/p>\n<p>Pasirenkamas ki\u0161tuko tipas: ES ki\u0161tukas \/ JAV ki\u0161tukas<\/p>\n<p>\u00a0<\/p>\n<p>Savyb\u0117s:<\/p>\n<p>Auk\u0161tos kokyb\u0117s med\u017eiagos: Pagaminta i\u0161 304 ner\u016bdijan\u010dio plieno, ABS ir \u017ealvario, u\u017etikrinan\u010di\u0173 stabilum\u0105 ir patikimum\u0105.<\/p>\n<p>Greitas kaitinimas: 3000 W galingumas pa\u0161ildo vanden\u012f vos per 3 sekundes, u\u017etikrinant patogum\u0105 ir efektyvum\u0105.<\/p>\n<p>Reguliuojama temperat\u016bra: Perjungimo ranken\u0117l\u0117 leid\u017eia lengvai pereiti nuo kar\u0161to prie \u0161alto vandens.<\/p>\n<p>B\u016btinas virtuv\u0117s priedas: \u0160ildo rankas plaunant indus, tod\u0117l tai yra b\u016btinas daiktas nam\u0173 \u0161eiminink\u0117ms.<\/p>\n<p>Lengvas montavimas: paprasta ir patogu \u012frengti bet kurioje virtuv\u0117je ar vonios kambaryje.<\/p>\n<p>\u00a0<\/p>\n<p>Komplekt\u0105 sudaro:<\/p>\n<p>A tipas:<\/p>\n<p>1 x elektrinis \u0161ildomas mai\u0161ytuvas su fiksuotu vamzdeliu ir ES ki\u0161tuku<\/p>\n<p>\u00a0<\/p>\n<p>B tipas:<\/p>\n<p>1 x elektrinis \u0161ildomas mai\u0161ytuvas su fiksuotu vamzdeliu ir JAV ki\u0161tuku<\/p>\n<p>\u00a0<\/p>\n<p>C tipas:<\/p>\n<p>1 x elektrinis \u0161ildomas mai\u0161ytuvas su lanks\u010diuoju vamzdeliu ir ES ki\u0161tuku<\/p>\n<p>\u00a0<\/p>\n<p>D tipas:<\/p>\n<p>1 x elektrinis \u0161ildomas mai\u0161ytuvas su lanks\u010dia \u017earna ir JAV ki\u0161tuku<\/p><\/p>","protected":false},"excerpt":{"rendered":"<p>Techniniai duomenys: Spalva: Sidabrin\u0117 Nominali \u012ftampa: 110 V\/220 V Nominali galia: 3000 W Darbinis sl\u0117gis: 0,04\u20130,5 MPa Rit\u0117: Keramin\u0117 rit\u0117 Atsparumas vandeniui: IPX4 Pasirenkamas \u010diaupo vamzdelis: lankstusis vamzdelis \/ fiksuotas vamzdelis Pasirenkamas ki\u0161tuko tipas: ES ki\u0161tukas \/ JAV ki\u0161tukas \u00a0 Savyb\u0117s: Auk\u0161tos kokyb\u0117s med\u017eiagos: Pagaminta i\u0161 304 ner\u016bdijan\u010dio plieno, ABS ir \u017ealvario, u\u017etikrinan\u010di\u0173 stabilum\u0105 ir [&hellip;]<\/p>\n","protected":false},"featured_media":1962,"comment_status":"open","ping_status":"closed","template":"","meta":[],"product_brand":[],"product_cat":[24],"product_tag":[],"class_list":{"0":"post-1963","1":"product","2":"type-product","3":"status-publish","4":"has-post-thumbnail","6":"product_cat-namu-apyvoka","8":"first","9":"instock","10":"shipping-taxable","11":"purchasable","12":"product-type-variable"},"_links":{"self":[{"href":"https:\/\/topsmart.store\/en\/wp-json\/wp\/v2\/product\/1963","targetHints":{"allow":["GET"]}}],"collection":[{"href":"https:\/\/topsmart.store\/en\/wp-json\/wp\/v2\/product"}],"about":[{"href":"https:\/\/topsmart.store\/en\/wp-json\/wp\/v2\/types\/product"}],"replies":[{"embeddable":true,"href":"https:\/\/topsmart.store\/en\/wp-json\/wp\/v2\/comments?post=1963"}],"wp:featuredmedia":[{"embeddable":true,"href":"https:\/\/topsmart.store\/en\/wp-json\/wp\/v2\/media\/1962"}],"wp:attachment":[{"href":"https:\/\/topsmart.store\/en\/wp-json\/wp\/v2\/media?parent=1963"}],"wp:term":[{"taxonomy":"product_brand","embeddable":true,"href":"https:\/\/topsmart.store\/en\/wp-json\/wp\/v2\/product_brand?post=1963"},{"taxonomy":"product_cat","embeddable":true,"href":"https:\/\/topsmart.store\/en\/wp-json\/wp\/v2\/product_cat?post=1963"},{"taxonomy":"product_tag","embeddable":true,"href":"https:\/\/topsmart.store\/en\/wp-json\/wp\/v2\/product_tag?post=1963"}],"curies":[{"name":"wp","href":"https:\/\/api.w.org\/{rel}","templated":true}]}}