{"id":1976,"date":"2026-04-18T12:17:26","date_gmt":"2026-04-18T10:17:26","guid":{"rendered":"https:\/\/topsmart.store\/product\/vacuum-cleaner-car-handheld-dual-use-high-power-portable-dust-blower-suction-and-blowing-integrated-function\/"},"modified":"2026-04-18T12:32:18","modified_gmt":"2026-04-18T10:32:18","slug":"vacuum-cleaner-car-handheld-dual-use-high-power-portable-dust-blower-suction-and-blowing-integrated-function","status":"publish","type":"product","link":"https:\/\/topsmart.store\/en\/product\/vacuum-cleaner-car-handheld-dual-use-high-power-portable-dust-blower-suction-and-blowing-integrated-function\/","title":{"rendered":"Vacuum Cleaner Car Handheld Dual-use High Power Portable Dust Blower Suction and Blowing Integrated Function"},"content":{"rendered":"<div data-spm=\"0000004x7\" class=\"product-oa-desc\">\n<div>[Prek\u0117s modelis] : ST-6645<\/div>\n<div>[Gaminio prek\u0117s \u017eenklas] : suitu<\/div>\n<div>[Produkto spalva] : Juoda pilka\/sidabrin\u0117 pilka<\/div>\n<div>[Produkto med\u017eiaga] : ABS<\/div>\n<div>[Nominali \u012ftampa] : DC 7,4 V\/DC 11,1 V<\/div>\n<div>[Siurbimo galia] : apie 9000 Pa\/12000 Pa<\/div>\n<div>[Nominali greitis] : 35500 apsisukim\u0173 per minut\u0119<\/div>\n<div>[Li\u010dio baterijos talpa] : 2*2000 mAh\/3*2000 mAh<\/div>\n<div>[\u012ekrovimo b\u016bdas]: 5 V USB greitojo \u012fkrovimo kabelis<\/div>\n<div>[Nominali galia]: 120 W<\/div>\n<div>[Triuk\u0161mas]: \u226484 dB<\/div>\n<div>[Darbin\u0117 temperat\u016bra]: -20 \u2103 ~ +50 \u2103<\/div>\n<\/div>\n<p>            <\/p>\n<p><div data-spm=\"0000004IN\" class=\"text\">RODYTI DAUGIAU<\/div>\n<div data-spm=\"0000004IO\" class=\"icon iconfont icon-drop_line_new\"><\/div><\/p>\n","protected":false},"excerpt":{"rendered":"<p>[Prek\u0117s modelis] : ST-6645 [Gaminio prek\u0117s \u017eenklas] : suitu [Produkto spalva] : Juoda pilka\/sidabrin\u0117 pilka [Produkto med\u017eiaga] : ABS [Nominali \u012ftampa] : DC 7,4 V\/DC 11,1 V [Siurbimo galia] : apie 9000 Pa\/12000 Pa [Nominali greitis] : 35500 apsisukim\u0173 per minut\u0119 [Li\u010dio baterijos talpa] : 2*2000 mAh\/3*2000 mAh [\u012ekrovimo b\u016bdas]: 5 V USB greitojo \u012fkrovimo [&hellip;]<\/p>\n","protected":false},"featured_media":1974,"comment_status":"open","ping_status":"closed","template":"","meta":[],"product_brand":[],"product_cat":[24],"product_tag":[138,154],"class_list":{"0":"post-1976","1":"product","2":"type-product","3":"status-publish","4":"has-post-thumbnail","6":"product_cat-namu-apyvoka","7":"product_tag-cleaning-appliances-2","8":"product_tag-handheld-vacuum-cleaners-2","10":"first","11":"instock","12":"shipping-taxable","13":"purchasable","14":"product-type-variable"},"_links":{"self":[{"href":"https:\/\/topsmart.store\/en\/wp-json\/wp\/v2\/product\/1976","targetHints":{"allow":["GET"]}}],"collection":[{"href":"https:\/\/topsmart.store\/en\/wp-json\/wp\/v2\/product"}],"about":[{"href":"https:\/\/topsmart.store\/en\/wp-json\/wp\/v2\/types\/product"}],"replies":[{"embeddable":true,"href":"https:\/\/topsmart.store\/en\/wp-json\/wp\/v2\/comments?post=1976"}],"wp:featuredmedia":[{"embeddable":true,"href":"https:\/\/topsmart.store\/en\/wp-json\/wp\/v2\/media\/1974"}],"wp:attachment":[{"href":"https:\/\/topsmart.store\/en\/wp-json\/wp\/v2\/media?parent=1976"}],"wp:term":[{"taxonomy":"product_brand","embeddable":true,"href":"https:\/\/topsmart.store\/en\/wp-json\/wp\/v2\/product_brand?post=1976"},{"taxonomy":"product_cat","embeddable":true,"href":"https:\/\/topsmart.store\/en\/wp-json\/wp\/v2\/product_cat?post=1976"},{"taxonomy":"product_tag","embeddable":true,"href":"https:\/\/topsmart.store\/en\/wp-json\/wp\/v2\/product_tag?post=1976"}],"curies":[{"name":"wp","href":"https:\/\/api.w.org\/{rel}","templated":true}]}}