{"id":1992,"date":"2026-04-18T12:17:40","date_gmt":"2026-04-18T10:17:40","guid":{"rendered":"https:\/\/topsmart.store\/product\/fruit-vegetable-washing-machine-capsule-shape-wireless-food-purifier-household-pesticide-disinfection-vegetables-cleaner-machine\/"},"modified":"2026-04-18T12:29:49","modified_gmt":"2026-04-18T10:29:49","slug":"fruit-vegetable-washing-machine-capsule-shape-wireless-food-purifier-household-pesticide-disinfection-vegetables-cleaner-machine","status":"publish","type":"product","link":"https:\/\/topsmart.store\/en\/product\/fruit-vegetable-washing-machine-capsule-shape-wireless-food-purifier-household-pesticide-disinfection-vegetables-cleaner-machine\/","title":{"rendered":"Fruit Vegetable Washing Machine Capsule Shape Wireless Food Purifier Household Pesticide Disinfection Vegetables Cleaner Machine"},"content":{"rendered":"<p>\u00a0Techniniai duomenys:<\/p>\n<p>Galia<\/p>\n<p>8 W<\/p>\n<p>Maitinimo \u012ftampa<\/p>\n<p>5 V<\/p>\n<p>Med\u017eiaga<\/p>\n<p>Maistui tinkamas PC<\/p>\n<p>Baterijos talpa<\/p>\n<p>3000 mAh<\/p>\n<p>Tinka naudoti su vandeniu<\/p>\n<p>Vandentiekio vanduo, filtruotas vanduo<\/p>\n<p>Veikimas pagal numatytuosius nustatymus<\/p>\n<p>10 min. 3\u20135 l vandens<\/p>\n<p>Naudojimas visu paj\u0117gumu<\/p>\n<p>&gt;25 kart\u0173<\/p>\n<p>Dydis<\/p>\n<p>5*9*15 cm<\/p>\n<p>Grynasis svoris<\/p>\n<p>460 g<\/p>\n<p>Color<\/p>\n<p>M\u0117lyna<\/p>\n<\/p>\n<p>Savyb\u0117s:<\/p>\n<p>1. Sveikata ir sauga: OH-valymo technologija, naudojanti vanden\u012f kaip \u017ealiav\u0105, greitai skaido pesticidus \u012f nekenksmingas med\u017eiagas. 2. Platus naudojimas: pa\u0161alina pesticid\u0173 liku\u010dius, naikina bakterijas, gali b\u016bti naudojamas vaisiams ir dar\u017eov\u0117ms, j\u016bros g\u0117ryb\u0117ms, m\u0117sai, gr\u016bdams, stalo reikmenims, virtuv\u0117s reikmenims ir kt. 3. Saugos apsauga: IPX7 atsparus vandeniui, nesandarus, saugesnis naudoti. 5 V DC, n\u0117ra tiesioginio s\u0105ly\u010dio su stipria elektros srove, saugus ir stabilus, ilgas tarnavimo laikas. 4. Belaid\u0117 konstrukcija: didel\u0117s talpos baterija, ilgas baterijos veikimo laikas, numatytasis laikas \u2013 10 min. kiekvien\u0105 kart\u0105, visi\u0161kai \u012fkrautas gali b\u016bti naudojamas \u226520 kart\u0173. 5. Maisto konservavimas: gali prailginti maisto konservavimo laik\u0105, konservavimo efektas yra geresnis. 6. Ne\u0161iojamas ir kompakti\u0161kas: delno dyd\u017eio, lengvai laikomas. Puikiai tinka asmeniniams reikmenims arba \u0161eimos kelion\u0117ms \u012f bendrabut\u012f. 7. Lengva naudoti: lankstus sukimasis, lengva i\u0161ardyti ir valyti. Gali naudoti tiek vaikai, tiek pagyven\u0119 \u017emon\u0117s.<\/p>\n<\/p>\n<p>Komplekt\u0105 sudaro: 1 x vaisi\u0173 ir dar\u017eovi\u0173 plovimo ma\u0161ina, 1 x USB laidas, 1 x instrukcija angl\u0173 kalba<\/p>","protected":false},"excerpt":{"rendered":"<p>\u00a0Techniniai duomenys: Galia 8 W Maitinimo \u012ftampa 5 V Med\u017eiaga Maistui tinkamas PC Baterijos talpa 3000 mAh Tinka naudoti su vandeniu Vandentiekio vanduo, filtruotas vanduo Veikimas pagal numatytuosius nustatymus 10 min. 3\u20135 l vandens Naudojimas visu paj\u0117gumu &gt;25 kart\u0173 Dydis 5*9*15 cm Grynasis svoris 460 g Spalva M\u0117lyna Savyb\u0117s: 1. Sveikata ir sauga: OH-valymo technologija, [&hellip;]<\/p>\n","protected":false},"featured_media":1991,"comment_status":"open","ping_status":"closed","template":"","meta":[],"product_brand":[],"product_cat":[24,25],"product_tag":[155,143],"class_list":{"0":"post-1992","1":"product","2":"type-product","3":"status-publish","4":"has-post-thumbnail","6":"product_cat-namu-apyvoka","7":"product_cat-grozis-ir-sveikata","8":"product_tag-vegetable-washer","9":"product_tag-kitchen-appliances","11":"first","12":"instock","13":"shipping-taxable","14":"purchasable","15":"product-type-simple"},"_links":{"self":[{"href":"https:\/\/topsmart.store\/en\/wp-json\/wp\/v2\/product\/1992","targetHints":{"allow":["GET"]}}],"collection":[{"href":"https:\/\/topsmart.store\/en\/wp-json\/wp\/v2\/product"}],"about":[{"href":"https:\/\/topsmart.store\/en\/wp-json\/wp\/v2\/types\/product"}],"replies":[{"embeddable":true,"href":"https:\/\/topsmart.store\/en\/wp-json\/wp\/v2\/comments?post=1992"}],"wp:featuredmedia":[{"embeddable":true,"href":"https:\/\/topsmart.store\/en\/wp-json\/wp\/v2\/media\/1991"}],"wp:attachment":[{"href":"https:\/\/topsmart.store\/en\/wp-json\/wp\/v2\/media?parent=1992"}],"wp:term":[{"taxonomy":"product_brand","embeddable":true,"href":"https:\/\/topsmart.store\/en\/wp-json\/wp\/v2\/product_brand?post=1992"},{"taxonomy":"product_cat","embeddable":true,"href":"https:\/\/topsmart.store\/en\/wp-json\/wp\/v2\/product_cat?post=1992"},{"taxonomy":"product_tag","embeddable":true,"href":"https:\/\/topsmart.store\/en\/wp-json\/wp\/v2\/product_tag?post=1992"}],"curies":[{"name":"wp","href":"https:\/\/api.w.org\/{rel}","templated":true}]}}