{"id":2014,"date":"2026-04-18T12:18:19","date_gmt":"2026-04-18T10:18:19","guid":{"rendered":"https:\/\/topsmart.store\/product\/tevorex-3000w-3500w-portable-mini-water-heater-110v-220v-instant-electric-heater-ipx4-waterproof-adjustable-temperature-for-shower-eu-uk-us-plug\/"},"modified":"2026-04-18T12:31:54","modified_gmt":"2026-04-18T10:31:54","slug":"tevorex-3000w-3500w-portable-mini-water-heater-110v-220v-instant-electric-heater-ipx4-waterproof-adjustable-temperature-for-shower-eu-uk-us-plug","status":"publish","type":"product","link":"https:\/\/topsmart.store\/en\/product\/tevorex-3000w-3500w-portable-mini-water-heater-110v-220v-instant-electric-heater-ipx4-waterproof-adjustable-temperature-for-shower-eu-uk-us-plug\/","title":{"rendered":"Tevorex 3000W\/3500W Portable Mini Water Heater 110V\/220V Instant Electric Heater IPX4 Waterproof Adjustable Temperature for Shower EU\/UK\/US Plug"},"content":{"rendered":"<p>Techniniai duomenys:<\/p>\n<p>Nominali \u012ftampa: 110 V\u2013220 V\/50 Hz.<\/p>\n<p>Nominali galia: <\/p>\n<p>3000 W (JAV ki\u0161tukui)<\/p>\n<p>3500 W su ES ir JK ki\u0161tuku<\/p>\n<p>Darbinis vandens sl\u0117gis: 0,15\u20130,6 MPa.<\/p>\n<p>Kar\u0161to vandens temperat\u016bra: 30\u201360 \u00b0C.<\/p>\n<p>Atsparumas vandeniui: IPX4.<\/p>\n<p>\u00a0<\/p>\n<p>Savyb\u0117s:<\/p>\n<p>Kompakti\u0161kas dizainas: viet\u0105 taupantis mini vandens \u0161ildytuvas, tinkamas ma\u017eoms erdv\u0117ms.<\/p>\n<p>Greitas kaitinimas: Efektyvi 3000 W \/ 3500 W galia u\u017etikrina greit\u0105 vandens kaitinim\u0105.<\/p>\n<p>Saugus veikimas: IPX4 atsparumo vandeniui laipsnis u\u017etikrina saug\u0173 naudojim\u0105 dr\u0117gnose aplinkose.<\/p>\n<p>Lengvas montavimas: Komplekt\u0105 sudaro 1,1 m maitinimo laidas ir reikalingi priedai.<\/p>\n<p>Universalus naudojimas: reguliuojamas temperat\u016bros diapazonas nuo 30 \u00b0C iki 60 \u00b0C, pritaikytas \u012fvairiems poreikiams.<\/p>\n<p>\u00a0<\/p>\n<p>Komplektacija: <\/p>\n<p>A tipas: <\/p>\n<p>1 x mini vandens \u0161ildytuvas su ES ki\u0161tuku<\/p>\n<p>1 x du\u0161o galvut\u0117<\/p>\n<p>1 x du\u0161o laikiklis<\/p>\n<p>2 x \u017earnos<\/p>\n<p>1 x reguliuojamas ranken\u0117l\u0117<\/p>\n<p>\u00a0<\/p>\n<p>B tipas: <\/p>\n<p>1 x mini vandens \u0161ildytuvas su Jungtin\u0117s Karalyst\u0117s ki\u0161tuku<\/p>\n<p>1 x du\u0161o galvut\u0117<\/p>\n<p>1 x du\u0161o laikiklis<\/p>\n<p>2 x \u017darnos<\/p>\n<p>1 x reguliuojamas ranken\u0117l\u0117<\/p>\n<p>\u00a0<\/p>\n<\/p>\n<p>C tipas: <\/p>\n<p>1 x mini vandens \u0161ildytuvas su JAV ki\u0161tuku<\/p>\n<p>1 x du\u0161o galvut\u0117<\/p>\n<p>1 x du\u0161o laikiklis<\/p>\n<p>2 x \u017earnos<\/p>\n<p>1 x reguliuojamas ranken\u0117l\u0117<\/p><\/p>","protected":false},"excerpt":{"rendered":"<p>Techniniai duomenys: Nominali \u012ftampa: 110 V\u2013220 V\/50 Hz. Nominali galia: 3000 W (JAV ki\u0161tukui) 3500 W su ES ir JK ki\u0161tuku Darbinis vandens sl\u0117gis: 0,15\u20130,6 MPa. Kar\u0161to vandens temperat\u016bra: 30\u201360 \u00b0C. Atsparumas vandeniui: IPX4. \u00a0 Savyb\u0117s: Kompakti\u0161kas dizainas: viet\u0105 taupantis mini vandens \u0161ildytuvas, tinkamas ma\u017eoms erdv\u0117ms. Greitas kaitinimas: Efektyvi 3000 W \/ 3500 W galia [&hellip;]<\/p>\n","protected":false},"featured_media":2013,"comment_status":"open","ping_status":"closed","template":"","meta":[],"product_brand":[],"product_cat":[24],"product_tag":[],"class_list":{"0":"post-2014","1":"product","2":"type-product","3":"status-publish","4":"has-post-thumbnail","6":"product_cat-namu-apyvoka","8":"first","9":"instock","10":"shipping-taxable","11":"purchasable","12":"product-type-variable"},"_links":{"self":[{"href":"https:\/\/topsmart.store\/en\/wp-json\/wp\/v2\/product\/2014","targetHints":{"allow":["GET"]}}],"collection":[{"href":"https:\/\/topsmart.store\/en\/wp-json\/wp\/v2\/product"}],"about":[{"href":"https:\/\/topsmart.store\/en\/wp-json\/wp\/v2\/types\/product"}],"replies":[{"embeddable":true,"href":"https:\/\/topsmart.store\/en\/wp-json\/wp\/v2\/comments?post=2014"}],"wp:featuredmedia":[{"embeddable":true,"href":"https:\/\/topsmart.store\/en\/wp-json\/wp\/v2\/media\/2013"}],"wp:attachment":[{"href":"https:\/\/topsmart.store\/en\/wp-json\/wp\/v2\/media?parent=2014"}],"wp:term":[{"taxonomy":"product_brand","embeddable":true,"href":"https:\/\/topsmart.store\/en\/wp-json\/wp\/v2\/product_brand?post=2014"},{"taxonomy":"product_cat","embeddable":true,"href":"https:\/\/topsmart.store\/en\/wp-json\/wp\/v2\/product_cat?post=2014"},{"taxonomy":"product_tag","embeddable":true,"href":"https:\/\/topsmart.store\/en\/wp-json\/wp\/v2\/product_tag?post=2014"}],"curies":[{"name":"wp","href":"https:\/\/api.w.org\/{rel}","templated":true}]}}