{"id":2028,"date":"2026-04-18T12:18:33","date_gmt":"2026-04-18T10:18:33","guid":{"rendered":"https:\/\/topsmart.store\/product\/icafilas-portable-italian-capsule-coffee-machine-capsule-powder-dual-purpose-handheld-cordless-heating-outdoor-coffee-machine\/"},"modified":"2026-04-18T12:30:13","modified_gmt":"2026-04-18T10:30:13","slug":"icafilas-portable-italian-capsule-coffee-machine-capsule-powder-dual-purpose-handheld-cordless-heating-outdoor-coffee-machine","status":"publish","type":"product","link":"https:\/\/topsmart.store\/en\/product\/icafilas-portable-italian-capsule-coffee-machine-capsule-powder-dual-purpose-handheld-cordless-heating-outdoor-coffee-machine\/","title":{"rendered":"iCafilas Portable Italian Capsule Coffee Machine Capsule Powder Dual-Purpose Handheld Cordless Heating Outdoor Coffee Machine"},"content":{"rendered":"<p>Techniniai duomenys:Gamintojas: iCafilas<\/p>\n<p>Modelis: ME2218 Sl\u0117gis: 19 bar Med\u017eiaga: maistui tinkamas plastikas, 304 ner\u016bdijantis plienas, ABS Nominali galia: 100 W Akumuliatoriaus talpa: 7500 mAh 30 Wh \u012e\u0117jimo \u012ftampa\/srov\u0117: 10 V\/2,25 A Nominali darbin\u0117 \u012ftampa\/srov\u0117: 12 V\/9 A<\/p>\n<p>Vandens rezervuaro talpa: 80 ml Produkto matmenys: 248*75 mm<\/p>\n<p>Grynasis svoris: Apie 802 g\ufeffSavyb\u0117s:- Universalus 2-in-1 dizainas: Suderinamas su \u201eNespresso\u201c kapsul\u0117mis ir malta kava, leid\u017eia lengvai paruo\u0161ti \u012fvairius espreso g\u0117rimus, nesvarbu, ar tai b\u016bt\u0173 sodrus \u201eristretto\u201c, klasikinis \u201elungo\u201c, ar malonus \u201eamericano\u201c. Pasiekite baristos kokyb\u0117s kav\u0105 su minimaliomis pastangomis.- Ekstrahavimas auk\u0161tu sl\u0117giu: \u0160i kavos virimo aparatas, turintis 19 bar\u0173 auk\u0161to sl\u0117gio siurbl\u012f, i\u0161gauna maksimal\u0173 skon\u012f ir sodri\u0105 krem\u0105, kiekvienoje puodelyje pateikdamas kavin\u0117s kokyb\u0117s espreso. Puikiai tinka kavos m\u0117g\u0117jams, vertinantiems autenti\u0161k\u0105 puikiai paruo\u0161tos kavos skon\u012f. &#8211; Ne\u0161iojamas ir galingas: \u012erengtas tvirtu 7500 mAh akumuliatoriumi, naudojant i\u0161 anksto pa\u0161ildyt\u0105 vanden\u012f, vienu \u012fkrovimu galite pasim\u0117gauti iki 200 espreso puodeli\u0173. Baterija visi\u0161kai \u012fkraunama per ma\u017edaug 120 minu\u010di\u0173, u\u017etikrinant greit\u0105 pasirengim\u0105 j\u016bs\u0173 kavos poreikiams bet kuriuo metu ir bet kur. &#8211; Lengvas valymas: Sukurtas be vargo pri\u017ei\u016br\u0117ti, nuimami komponentai gali b\u016bti lengvai valomi vandeniu. Tiesiog paleiskite kavos aparat\u0105 su \u0161variu vandeniu, nereikia kapsuli\u0173, kad automati\u0161kai i\u0161valyt\u0173 vid\u0173. Maistui tinkama kavos puodelis ir kapsuli\u0173 adapteris taip pat yra nuimami, kad b\u016bt\u0173 lengva juos plauti. &#8211; Kompakti\u0161kas ir lengvas: D\u0117l eleganti\u0161ko dizaino, kurio matmenys yra vos 248 x 75 mm, ir lengvos konstrukcijos, sverian\u010dios apie 802 g, \u0161i ne\u0161iojamoji kavos virimo aparatas puikiai tinka kelion\u0117ms, stovyklavimui ir aktyviam gyvenimo b\u016bdui. Nepaisant kompakti\u0161ko dyd\u017eio, jis u\u017etikrina i\u0161skirtin\u012f na\u0161um\u0105 ir patogum\u0105.\ufeffKomplektacija:1 x ne\u0161iojamoji kavos virimo aparatas1 x \u0161epet\u0117lis1 x milteli\u0173 sutankintuvas1 x matavimo \u0161auk\u0161telis1 x USB laidas1 x laikymo mai\u0161elis1 x naudojimo instrukcija<\/p><\/p>","protected":false},"excerpt":{"rendered":"<p>Techniniai duomenys:Gamintojas: iCafilas Modelis: ME2218 Sl\u0117gis: 19 bar Med\u017eiaga: maistui tinkamas plastikas, 304 ner\u016bdijantis plienas, ABS Nominali galia: 100 W Akumuliatoriaus talpa: 7500 mAh 30 Wh \u012e\u0117jimo \u012ftampa\/srov\u0117: 10 V\/2,25 A Nominali darbin\u0117 \u012ftampa\/srov\u0117: 12 V\/9 A Vandens rezervuaro talpa: 80 ml Produkto matmenys: 248*75 mm Grynasis svoris: Apie 802 g\ufeffSavyb\u0117s:- Universalus 2-in-1 dizainas: Suderinamas [&hellip;]<\/p>\n","protected":false},"featured_media":2027,"comment_status":"open","ping_status":"closed","template":"","meta":[],"product_brand":[],"product_cat":[24],"product_tag":[145,144,146,143],"class_list":{"0":"post-2028","1":"product","2":"type-product","3":"status-publish","4":"has-post-thumbnail","6":"product_cat-namu-apyvoka","7":"product_tag-tea-espresso","8":"product_tag-coffee","9":"product_tag-coffee-machines","10":"product_tag-kitchen-appliances","12":"first","13":"instock","14":"shipping-taxable","15":"purchasable","16":"product-type-variable"},"_links":{"self":[{"href":"https:\/\/topsmart.store\/en\/wp-json\/wp\/v2\/product\/2028","targetHints":{"allow":["GET"]}}],"collection":[{"href":"https:\/\/topsmart.store\/en\/wp-json\/wp\/v2\/product"}],"about":[{"href":"https:\/\/topsmart.store\/en\/wp-json\/wp\/v2\/types\/product"}],"replies":[{"embeddable":true,"href":"https:\/\/topsmart.store\/en\/wp-json\/wp\/v2\/comments?post=2028"}],"wp:featuredmedia":[{"embeddable":true,"href":"https:\/\/topsmart.store\/en\/wp-json\/wp\/v2\/media\/2027"}],"wp:attachment":[{"href":"https:\/\/topsmart.store\/en\/wp-json\/wp\/v2\/media?parent=2028"}],"wp:term":[{"taxonomy":"product_brand","embeddable":true,"href":"https:\/\/topsmart.store\/en\/wp-json\/wp\/v2\/product_brand?post=2028"},{"taxonomy":"product_cat","embeddable":true,"href":"https:\/\/topsmart.store\/en\/wp-json\/wp\/v2\/product_cat?post=2028"},{"taxonomy":"product_tag","embeddable":true,"href":"https:\/\/topsmart.store\/en\/wp-json\/wp\/v2\/product_tag?post=2028"}],"curies":[{"name":"wp","href":"https:\/\/api.w.org\/{rel}","templated":true}]}}