{"id":2039,"date":"2026-04-18T12:18:47","date_gmt":"2026-04-18T10:18:47","guid":{"rendered":"https:\/\/topsmart.store\/product\/konka-mini-electric-fresh-juicer-10-blades-powerful-crushed-ice-wireless-portable-blender-juice-extractor-bottle-smoothie-mixer\/"},"modified":"2026-04-18T12:30:47","modified_gmt":"2026-04-18T10:30:47","slug":"konka-mini-electric-fresh-juicer-10-blades-powerful-crushed-ice-wireless-portable-blender-juice-extractor-bottle-smoothie-mixer","status":"publish","type":"product","link":"https:\/\/topsmart.store\/en\/product\/konka-mini-electric-fresh-juicer-10-blades-powerful-crushed-ice-wireless-portable-blender-juice-extractor-bottle-smoothie-mixer\/","title":{"rendered":"KONKA Mini Electric Fresh Juicer 10 Blades Powerful Crushed Ice Wireless Portable Blender Juice Extractor Bottle Smoothie Mixer"},"content":{"rendered":"<p>Techniniai duomenys:Gamintojas: KONKAAkumuliatoriaus i\u0161\u0117jimo \u012ftampa: 7,4 V DCAkumuliatoriaus \u012f\u0117jimo \u012ftampa: 5 V DCGalia: 80 WTalpa: 340 mlValdymo b\u016bdas: elektroninis mygtukinisUSB laidas: 0,5 mMatmenys: 94 \u00d7 94 \u00d7 204 mmGrynasis svoris: 0,5 kg       Bruto svoris: 0,68 kg \ufeffSavyb\u0117s:\u2022 Ne\u0161iojamas ir \u012fkraunamas: KONKA 340 ml sul\u010di\u0173 mai\u0161ytuvas yra ne\u0161iojamas ir \u012fkraunamas, tod\u0117l idealiai tinka naudoti kelion\u0117je. Jis leid\u017eia jums mai\u0161yti m\u0117gstamus g\u0117rimus bet kur.\u2022 Efektyvus su 10 peiliuk\u0173: \u012erengtas 10 ner\u016bdijan\u010dio plieno peiliuk\u0173, \u0161is sul\u010di\u0173 mai\u0161ytuvas u\u017etikrina maksimal\u0173 efektyvum\u0105 mai\u0161ant, garantuodamas tobulus mi\u0161inius kiekvien\u0105 kart\u0105.\u2022 Saugi konstrukcija: D\u0117l savo saugios konstrukcijos KONKA sul\u010di\u0173 mai\u0161ytuvas u\u017etikrina saug\u0173 ir be rizikos naudojim\u0105 jums ir j\u016bs\u0173 \u0161eimai.\u2022 Tinka \u0161velniems g\u0117rimams: \u0160is sul\u010di\u0173 mai\u0161ytuvas puikiai tinka \u0161velniems g\u0117rimams, pavyzd\u017eiui, sojos pienui, ruo\u0161ti. Jis leid\u017eia lengvai sumai\u0161yti sud\u0117tingus ingredientus.\u2022 340 ml talpa: D\u0117l 340 ml talpos \u0161is sul\u010di\u0173 mai\u0161ytuvas leid\u017eia vienu metu paruo\u0161ti didelius g\u0117rim\u0173 kiekius, tod\u0117l jis idealiai tinka vakar\u0117liams ar susib\u016brimams su draugais.\ufeffKomplektacijoje: 1 x mini sul\u010di\u0173 spaudimo aparatas, 1 x USB laidas<\/p>","protected":false},"excerpt":{"rendered":"<p>\ufeffTechniniai duomenys:Gamintojas: KONKAAkumuliatoriaus i\u0161\u0117jimo \u012ftampa: 7,4 V DCAkumuliatoriaus \u012f\u0117jimo \u012ftampa: 5 V DCGalia: 80 WTalpa: 340 mlValdymo b\u016bdas: elektroninis mygtukinisUSB laidas: 0,5 mMatmenys: 94 \u00d7 94 \u00d7 204 mmGrynasis svoris: 0,5 kg Bruto svoris: 0,68 kg \ufeffSavyb\u0117s:\u2022 Ne\u0161iojamas ir \u012fkraunamas: KONKA 340 ml sul\u010di\u0173 mai\u0161ytuvas yra ne\u0161iojamas ir \u012fkraunamas, tod\u0117l idealiai tinka naudoti kelion\u0117je. Jis [&hellip;]<\/p>\n","protected":false},"featured_media":2038,"comment_status":"open","ping_status":"closed","template":"","meta":[],"product_brand":[],"product_cat":[24],"product_tag":[157,156,143],"class_list":{"0":"post-2039","1":"product","2":"type-product","3":"status-publish","4":"has-post-thumbnail","6":"product_cat-namu-apyvoka","7":"product_tag-mini-juicer-cup","8":"product_tag-juicers","9":"product_tag-kitchen-appliances","11":"first","12":"instock","13":"shipping-taxable","14":"purchasable","15":"product-type-variable"},"_links":{"self":[{"href":"https:\/\/topsmart.store\/en\/wp-json\/wp\/v2\/product\/2039","targetHints":{"allow":["GET"]}}],"collection":[{"href":"https:\/\/topsmart.store\/en\/wp-json\/wp\/v2\/product"}],"about":[{"href":"https:\/\/topsmart.store\/en\/wp-json\/wp\/v2\/types\/product"}],"replies":[{"embeddable":true,"href":"https:\/\/topsmart.store\/en\/wp-json\/wp\/v2\/comments?post=2039"}],"wp:featuredmedia":[{"embeddable":true,"href":"https:\/\/topsmart.store\/en\/wp-json\/wp\/v2\/media\/2038"}],"wp:attachment":[{"href":"https:\/\/topsmart.store\/en\/wp-json\/wp\/v2\/media?parent=2039"}],"wp:term":[{"taxonomy":"product_brand","embeddable":true,"href":"https:\/\/topsmart.store\/en\/wp-json\/wp\/v2\/product_brand?post=2039"},{"taxonomy":"product_cat","embeddable":true,"href":"https:\/\/topsmart.store\/en\/wp-json\/wp\/v2\/product_cat?post=2039"},{"taxonomy":"product_tag","embeddable":true,"href":"https:\/\/topsmart.store\/en\/wp-json\/wp\/v2\/product_tag?post=2039"}],"curies":[{"name":"wp","href":"https:\/\/api.w.org\/{rel}","templated":true}]}}