{"id":2051,"date":"2026-04-18T12:19:07","date_gmt":"2026-04-18T10:19:07","guid":{"rendered":"https:\/\/topsmart.store\/product\/xiaomi-mijia-humidifier-2-lite-300ml-h-humidification-4l-large-capacity-mist-maker-for-office-home-bedroom-humidifier\/"},"modified":"2026-04-18T12:32:55","modified_gmt":"2026-04-18T10:32:55","slug":"xiaomi-mijia-humidifier-2-lite-300ml-h-humidification-4l-large-capacity-mist-maker-for-office-home-bedroom-humidifier","status":"publish","type":"product","link":"https:\/\/topsmart.store\/en\/product\/xiaomi-mijia-humidifier-2-lite-300ml-h-humidification-4l-large-capacity-mist-maker-for-office-home-bedroom-humidifier\/","title":{"rendered":"Xiaomi Mijia Humidifier 2 Lite 300Ml\/H Humidification 4L Large Capacity Mist Maker for Office Home Bedroom Humidifier"},"content":{"rendered":"<p>Techniniai duomenys:Gamintojas: XIAOMI MIJIAPavadinimas: \u201eXiaomi Mijia\u201c dr\u0117kintuvas 2 LiteSpalva: baltaDr\u0117kinimo na\u0161umas: 300 ml\/val.Veikimo trukm\u0117: 14\u201330 val.Talpa: 4,5 lTriuk\u0161mo lygis: \u2264 38 dBA360\u00b0 gar\u0173 i\u0161leidimo anga: taipSkaidri vandens lygio \u017eym\u0117: taip<\/p>\n<p>Savyb\u0117s: &#8211; Pa\u017eangi antibakterin\u0117 technologija: \u201eMijia Smart Humidifier 2\u201c naudoja sidabro jon\u0173 antibakterin\u0119 technologij\u0105, u\u017etikrinan\u010di\u0105 99,99 % antibakterin\u012f efektyvum\u0105 ir skatinan\u010di\u0105 sveik\u0105 aplink\u0105.- Tyli veikla: Triuk\u0161mo lygis siekia vos 38 dB(A), tod\u0117l \u0161is dr\u0117kintuvas veikia tyliai ir puikiai tinka miegamiesiems bei vietoms, kur reikalingas minimalus triuk\u0161mas. &#8211; Patogi vir\u0161utinio pildymo konstrukcija: D\u0117l vir\u0161utinio pildymo konstrukcijos nereikia atidaryti dang\u010dio, tod\u0117l 4,5 l talpos bak\u0105 galima lengvai pripildyti ir u\u017etikrinti nuolatin\u012f dr\u0117kinim\u0105 be da\u017eno papildymo.- Padidintas dr\u0117kinimo paj\u0117gumas: \u012erengtas 4 l talpos rezervuaru, \u0161is dr\u0117kintuvas gali veikti iki 30 valand\u0173 pirmuoju re\u017eimu, \u017eymiai suma\u017eindamas da\u017eno vandens papildymo poreik\u012f. &#8211; Ai\u0161kus vandens lygio steb\u0117jimas: Per skaidri\u0105 vandens lygio linij\u0105 vartotojai gali lengvai steb\u0117ti vandens lyg\u012f, u\u017etikrindami laiku atliekam\u0105 papildym\u0105 ir optimal\u0173 veikim\u0105. Komplektacijoje: 1 x \u201eMijia\u201c dr\u0117kintuvas \u201e2 Lite\u201c<\/p>\n<\/p>\n<p>Pastaba: \u0160is produktas nepalaiko \u201eBluetooth\u201c ir valdymo per program\u0117l\u0119.<\/p>\n<\/p><\/p>","protected":false},"excerpt":{"rendered":"<p>Techniniai duomenys:Gamintojas: XIAOMI MIJIAPavadinimas: \u201eXiaomi Mijia\u201c dr\u0117kintuvas 2 LiteSpalva: baltaDr\u0117kinimo na\u0161umas: 300 ml\/val.Veikimo trukm\u0117: 14\u201330 val.Talpa: 4,5 lTriuk\u0161mo lygis: \u2264 38 dBA360\u00b0 gar\u0173 i\u0161leidimo anga: taipSkaidri vandens lygio \u017eym\u0117: taip Savyb\u0117s: &#8211; Pa\u017eangi antibakterin\u0117 technologija: \u201eMijia Smart Humidifier 2\u201c naudoja sidabro jon\u0173 antibakterin\u0119 technologij\u0105, u\u017etikrinan\u010di\u0105 99,99 % antibakterin\u012f efektyvum\u0105 ir skatinan\u010di\u0105 sveik\u0105 aplink\u0105.- Tyli veikla: [&hellip;]<\/p>\n","protected":false},"featured_media":2050,"comment_status":"open","ping_status":"closed","template":"","meta":[],"product_brand":[],"product_cat":[24,25],"product_tag":[152,151],"class_list":{"0":"post-2051","1":"product","2":"type-product","3":"status-publish","4":"has-post-thumbnail","6":"product_cat-namu-apyvoka","7":"product_cat-grozis-ir-sveikata","8":"product_tag-humidifiers","9":"product_tag-air-conditioning-appliances","11":"first","12":"instock","13":"shipping-taxable","14":"purchasable","15":"product-type-variable"},"_links":{"self":[{"href":"https:\/\/topsmart.store\/en\/wp-json\/wp\/v2\/product\/2051","targetHints":{"allow":["GET"]}}],"collection":[{"href":"https:\/\/topsmart.store\/en\/wp-json\/wp\/v2\/product"}],"about":[{"href":"https:\/\/topsmart.store\/en\/wp-json\/wp\/v2\/types\/product"}],"replies":[{"embeddable":true,"href":"https:\/\/topsmart.store\/en\/wp-json\/wp\/v2\/comments?post=2051"}],"wp:featuredmedia":[{"embeddable":true,"href":"https:\/\/topsmart.store\/en\/wp-json\/wp\/v2\/media\/2050"}],"wp:attachment":[{"href":"https:\/\/topsmart.store\/en\/wp-json\/wp\/v2\/media?parent=2051"}],"wp:term":[{"taxonomy":"product_brand","embeddable":true,"href":"https:\/\/topsmart.store\/en\/wp-json\/wp\/v2\/product_brand?post=2051"},{"taxonomy":"product_cat","embeddable":true,"href":"https:\/\/topsmart.store\/en\/wp-json\/wp\/v2\/product_cat?post=2051"},{"taxonomy":"product_tag","embeddable":true,"href":"https:\/\/topsmart.store\/en\/wp-json\/wp\/v2\/product_tag?post=2051"}],"curies":[{"name":"wp","href":"https:\/\/api.w.org\/{rel}","templated":true}]}}