{"id":2066,"date":"2026-04-18T12:19:31","date_gmt":"2026-04-18T10:19:31","guid":{"rendered":"https:\/\/topsmart.store\/product\/wall-mounted-shoe-dryer-constant-temperature-internal-circulation-shoe-drying-machine-regular-ultraviolet-sterilization-and-deodorization-shoe-dryer\/"},"modified":"2026-04-18T12:32:24","modified_gmt":"2026-04-18T10:32:24","slug":"wall-mounted-shoe-dryer-constant-temperature-internal-circulation-shoe-drying-machine-regular-ultraviolet-sterilization-and-deodorization-shoe-dryer","status":"publish","type":"product","link":"https:\/\/topsmart.store\/en\/product\/wall-mounted-shoe-dryer-constant-temperature-internal-circulation-shoe-drying-machine-regular-ultraviolet-sterilization-and-deodorization-shoe-dryer\/","title":{"rendered":"Wall-Mounted Shoe Dryer Constant Temperature Internal Circulation Shoe Drying Machine Regular Ultraviolet Sterilization And Deodorization Shoe Dryer"},"content":{"rendered":"<div data-spm=\"0000004x7\" class=\"product-oa-desc\">\n<div>\n<div><span style=\"font-weight: bolder\"><span style=\"font-size: 14px\">Techniniai duomenys:<\/span><\/span><br \/>Pavadinimas: Bat\u0173 d\u017eiovintuvas<br \/>Nominali \u012ftampa\/da\u017enis: 220 V\u201350 Hz<br \/>Nominali galia: 140 W<br \/>Pavir\u0161iaus temperat\u016bra: 65 \u00b0C \u00b1 5 \u00b0C<br \/>Spalva: balta \/ \u017ealia \/ juoda<br \/>Ki\u0161tuko tipas: ES \/ JAV<\/p>\n<p><span style=\"font-weight: bolder\"><span style=\"font-size: 14px\">Savyb\u0117s:<\/span><\/span><br \/>\u2013 Lengvas montavimas ant sienos: bat\u0173 d\u017eiovintuvas montuojamas ant sienos be skyli\u0173, tod\u0117l j\u016bs\u0173 sienos lieka nepa\u017eeistos. Tiek suaugusieji, tiek vaikai gali j\u012f lengvai pritvirtinti naudodami paprast\u0105 lipni\u0105j\u0105 sistem\u0105.<\/p>\n<p>&#8211; Tyli veikla: Veikiantis su minimaliu 41 dB triuk\u0161mo lygiu, \u0161is bat\u0173 d\u017eiovintuvas tyliai veikia fone, leid\u017eiant jums ramiai miegoti, kol j\u016bs\u0173 batai d\u017ei\u016bsta per nakt\u012f.<\/p>\n<p>&#8211; Reguliuojami laikma\u010dio nustatymai: \u012erengtas trij\u0173 pakop\u0173 laikma\u010diu (1 val., 2 val., 3 val.), tod\u0117l galite patogiai pasirinkti ideali\u0105 d\u017eiovinimo trukm\u0119 \u012fvairi\u0173 tip\u0173 avalynei. Automatinio i\u0161jungimo funkcija u\u017etikrina energijos taupym\u0105 ir saug\u0173 veikim\u0105.<\/p>\n<p>&#8211; 360\u00b0 pasukami oro i\u0161\u0117jimai: lankst\u016bs ir pasukami oro i\u0161\u0117jimai u\u017etikrina tolyg\u0173 oro paskirstym\u0105, kruop\u0161\u010diai i\u0161d\u017eiovindami batus i\u0161 vis\u0173 pusi\u0173. Idealiai tinka \u012fvairi\u0173 stili\u0173 ir dyd\u017ei\u0173 batams, tod\u0117l d\u017eiovinimas tampa greitesnis ir efektyvesnis.<\/p>\n<p>&#8211; Kompakti\u0161kas ir ne\u0161iojamas dizainas: Sukurtas taip, kad u\u017eimt\u0173 ma\u017eai vietos, \u0161is bat\u0173 d\u017eiovintuvas puikiai tinka \u012fvairiems nam\u0173 kampeliams. Kompakti\u0161ka forma leid\u017eia lengvai laikyti ir perkelti, suteikiant patogum\u0105 bet kurioje nam\u0173 erdv\u0117je.<\/p>\n<p><span style=\"font-size: 14px\"><span style=\"font-weight: bolder\">Komplektacijoje:<\/span><\/span><br \/>1 x bat\u0173 d\u017eiovintuvas pagal j\u016bs\u0173 pasirinkim\u0105<\/div>\n<div><\/div>\n<\/div>\n<\/div>\n<p>            <\/p>\n<p><div data-spm=\"0000004IN\" class=\"text\">RODYTI DAUGIAU<\/div>\n<div data-spm=\"0000004IO\" class=\"icon iconfont icon-drop_line_new\"><\/div><\/p>","protected":false},"excerpt":{"rendered":"<p>Techniniai duomenys:Pavadinimas: Bat\u0173 d\u017eiovintuvasNominali \u012ftampa\/da\u017enis: 220 V\u201350 HzNominali galia: 140 WPavir\u0161iaus temperat\u016bra: 65 \u00b0C \u00b1 5 \u00b0CSpalva: balta \/ \u017ealia \/ juodaKi\u0161tuko tipas: ES \/ JAV Savyb\u0117s:\u2013 Lengvas montavimas ant sienos: bat\u0173 d\u017eiovintuvas montuojamas ant sienos be skyli\u0173, tod\u0117l j\u016bs\u0173 sienos lieka nepa\u017eeistos. Tiek suaugusieji, tiek vaikai gali j\u012f lengvai pritvirtinti naudodami paprast\u0105 lipni\u0105j\u0105 sistem\u0105. [&hellip;]<\/p>\n","protected":false},"featured_media":2065,"comment_status":"open","ping_status":"closed","template":"","meta":[],"product_brand":[],"product_cat":[24],"product_tag":[159,147,158],"class_list":{"0":"post-2066","1":"product","2":"type-product","3":"status-publish","4":"has-post-thumbnail","6":"product_cat-namu-apyvoka","7":"product_tag-shoe-dryers","8":"product_tag-household-appliances","9":"product_tag-drying-appliances","11":"first","12":"instock","13":"shipping-taxable","14":"purchasable","15":"product-type-variable"},"_links":{"self":[{"href":"https:\/\/topsmart.store\/en\/wp-json\/wp\/v2\/product\/2066","targetHints":{"allow":["GET"]}}],"collection":[{"href":"https:\/\/topsmart.store\/en\/wp-json\/wp\/v2\/product"}],"about":[{"href":"https:\/\/topsmart.store\/en\/wp-json\/wp\/v2\/types\/product"}],"replies":[{"embeddable":true,"href":"https:\/\/topsmart.store\/en\/wp-json\/wp\/v2\/comments?post=2066"}],"wp:featuredmedia":[{"embeddable":true,"href":"https:\/\/topsmart.store\/en\/wp-json\/wp\/v2\/media\/2065"}],"wp:attachment":[{"href":"https:\/\/topsmart.store\/en\/wp-json\/wp\/v2\/media?parent=2066"}],"wp:term":[{"taxonomy":"product_brand","embeddable":true,"href":"https:\/\/topsmart.store\/en\/wp-json\/wp\/v2\/product_brand?post=2066"},{"taxonomy":"product_cat","embeddable":true,"href":"https:\/\/topsmart.store\/en\/wp-json\/wp\/v2\/product_cat?post=2066"},{"taxonomy":"product_tag","embeddable":true,"href":"https:\/\/topsmart.store\/en\/wp-json\/wp\/v2\/product_tag?post=2066"}],"curies":[{"name":"wp","href":"https:\/\/api.w.org\/{rel}","templated":true}]}}