{"id":2090,"date":"2026-04-18T12:20:14","date_gmt":"2026-04-18T10:20:14","guid":{"rendered":"https:\/\/topsmart.store\/product\/lint-remover-electric-hairball-trimmer-smart-led-digital-display-fabric-usb-charging-portable-professional-fast-household\/"},"modified":"2026-04-18T12:31:04","modified_gmt":"2026-04-18T10:31:04","slug":"lint-remover-electric-hairball-trimmer-smart-led-digital-display-fabric-usb-charging-portable-professional-fast-household","status":"publish","type":"product","link":"https:\/\/topsmart.store\/en\/product\/lint-remover-electric-hairball-trimmer-smart-led-digital-display-fabric-usb-charging-portable-professional-fast-household\/","title":{"rendered":"Lint Remover Electric Hairball Trimmer Smart LED Digital Display Fabric USB Charging Portable Professional Fast Household"},"content":{"rendered":"<p>Techniniai duomenys:\u012ekrovimo jungtis: Type-C\u012ekrovimo \u012ftampa: 5 V\/1 AGreitis: 3-iasis greitis\u012ekrovimo s\u0105saja: Type-C \u012fkrovimasDydis: 148 \u00d7 70 mmSavyb\u0117s:1.\u3010Efektyvus ir patvarus p\u016bkeli\u0173 \u0161alinimo \u012frenginys\u3011Varomas galingu 8000 aps\/min varikliu, jis atlieka 132 000 pj\u016bvi\u0173 per minut\u0119 nepa\u017eeisdamas drabu\u017ei\u0173. 6-peili\u0173 tikslus plieninis peilis efektyviai pa\u0161alina p\u016bkel\u012f ir ma\u017eus plauk\u0173 kamuoliukus, lanks\u010diai prisitaiko prie drabu\u017ei\u0173 ir veikia be aklai zon\u0173. 2.\u3010Tinka vis\u0173 tip\u0173 audiniams\u3011Atnaujintas galingas variklis ir siurbimo sistema leid\u017eia audini\u0173 p\u016bkeli\u0173 \u0161alinimo \u012frenginiui pa\u0161alinti p\u016bkel\u012f per kelias sekundes, neu\u017ekim\u0161dami peili\u0173 ir nepa\u017eeid\u017eiant drabu\u017ei\u0173. M\u016bs\u0173 drabu\u017ei\u0173 skutiklis gali pa\u0161alinti perteklinius p\u016bkel\u012f, kamuoliukus ar p\u016bkel\u012f nuo vis\u0173 r\u016b\u0161i\u0173 audini\u0173, pvz., drabu\u017ei\u0173, megztini\u0173, \u0161aliki\u0173, kojini\u0173, pliu\u0161ini\u0173 \u017eaisl\u0173, sof\u0173, kilim\u0173, pagalv\u0117li\u0173, u\u017euolaid\u0173 bei patalyn\u0117s ir lovos u\u017eklot\u0173. 3. \u3010LED skaitmeninis ekranas ir \u012fkraunamas\u3011 Megztini\u0173 skutiklis naudoja auk\u0161t\u0173j\u0173 technologij\u0173 LED ekran\u0105. Lengvai matomas maitinimo ir \u012fkrovimo statusas. USB Type-C \u012fkrovimo s\u0105saja su 5V\/1A, tinkama pasauliniam 110V\u2013240V \u012ftampos diapazonui. Komplekt\u0105 sudaro: 1 x p\u016bkeli\u0173 skutiklis, 1 x USB Type-C \u012fkrovimo kabelis, 1 x valymo \u0161epet\u0117lis, 1 x vartotojo vadovas<\/p><\/p>","protected":false},"excerpt":{"rendered":"<p>Techniniai duomenys:\u012ekrovimo jungtis: Type-C\u012ekrovimo \u012ftampa: 5 V\/1 AGreitis: 3-iasis greitis\u012ekrovimo s\u0105saja: Type-C \u012fkrovimasDydis: 148 \u00d7 70 mmSavyb\u0117s:1.\u3010Efektyvus ir patvarus p\u016bkeli\u0173 \u0161alinimo \u012frenginys\u3011Varomas galingu 8000 aps\/min varikliu, jis atlieka 132 000 pj\u016bvi\u0173 per minut\u0119 nepa\u017eeisdamas drabu\u017ei\u0173. 6-peili\u0173 tikslus plieninis peilis efektyviai pa\u0161alina p\u016bkel\u012f ir ma\u017eus plauk\u0173 kamuoliukus, lanks\u010diai prisitaiko prie drabu\u017ei\u0173 ir veikia be aklai zon\u0173. [&hellip;]<\/p>\n","protected":false},"featured_media":2089,"comment_status":"open","ping_status":"closed","template":"","meta":[],"product_brand":[],"product_cat":[24],"product_tag":[147,163,162],"class_list":{"0":"post-2090","1":"product","2":"type-product","3":"status-publish","4":"has-post-thumbnail","6":"product_cat-namu-apyvoka","7":"product_tag-household-appliances","8":"product_tag-lint-removers","9":"product_tag-laundry-appliances","11":"first","12":"instock","13":"shipping-taxable","14":"purchasable","15":"product-type-variable"},"_links":{"self":[{"href":"https:\/\/topsmart.store\/en\/wp-json\/wp\/v2\/product\/2090","targetHints":{"allow":["GET"]}}],"collection":[{"href":"https:\/\/topsmart.store\/en\/wp-json\/wp\/v2\/product"}],"about":[{"href":"https:\/\/topsmart.store\/en\/wp-json\/wp\/v2\/types\/product"}],"replies":[{"embeddable":true,"href":"https:\/\/topsmart.store\/en\/wp-json\/wp\/v2\/comments?post=2090"}],"wp:featuredmedia":[{"embeddable":true,"href":"https:\/\/topsmart.store\/en\/wp-json\/wp\/v2\/media\/2089"}],"wp:attachment":[{"href":"https:\/\/topsmart.store\/en\/wp-json\/wp\/v2\/media?parent=2090"}],"wp:term":[{"taxonomy":"product_brand","embeddable":true,"href":"https:\/\/topsmart.store\/en\/wp-json\/wp\/v2\/product_brand?post=2090"},{"taxonomy":"product_cat","embeddable":true,"href":"https:\/\/topsmart.store\/en\/wp-json\/wp\/v2\/product_cat?post=2090"},{"taxonomy":"product_tag","embeddable":true,"href":"https:\/\/topsmart.store\/en\/wp-json\/wp\/v2\/product_tag?post=2090"}],"curies":[{"name":"wp","href":"https:\/\/api.w.org\/{rel}","templated":true}]}}