{"id":2112,"date":"2026-04-18T12:20:51","date_gmt":"2026-04-18T10:20:51","guid":{"rendered":"https:\/\/topsmart.store\/product\/eu-direct-inse-i5-3-in-1-stick-handheld-vacuum-cleaner-600w-18kpa-powerful-suction-2-modes-lightweight-for-home-hard-floor-carpet-car-pet-2\/"},"modified":"2026-04-18T12:28:59","modified_gmt":"2026-04-18T10:28:59","slug":"eu-direct-inse-i5-3-in-1-stick-handheld-vacuum-cleaner-600w-18kpa-powerful-suction-2-modes-lightweight-for-home-hard-floor-carpet-car-pet-2","status":"publish","type":"product","link":"https:\/\/topsmart.store\/en\/product\/eu-direct-inse-i5-3-in-1-stick-handheld-vacuum-cleaner-600w-18kpa-powerful-suction-2-modes-lightweight-for-home-hard-floor-carpet-car-pet-2\/","title":{"rendered":"[EU Direct] INSE I5 3 in 1 Stick Handheld Vacuum Cleaner 600W 18KPa Powerful Suction 2 Modes Lightweight for Home Hard Floor Carpet Car Pet"},"content":{"rendered":"<p>Techniniai duomenys:Gamintojas: INSEModelis: I5Variklio galia: 600 W\u012etampa: 220 VSiurbimo galia: 18 000 PaDulk\u0117s surinkimo talpa: 1 lSpalva: raudonaMaitinimo laido ilgis: 22 coliaiPa\u017eangi daugiaciklonin\u0117 filtravimo sistema: TaipNuimamas ir plaunamas filtras: TaipTinka grindims ir kilimams: Taip Pakuot\u0117s svoris: 3,00 kg Pakuot\u0117s matmenys (ilgis x plotis x auk\u0161tis): 44,00 x 32,50 x 18,00 cm<\/p>\n<p>Savyb\u0117s:<\/p>\n<p> \u25cf Stipri siurbimo galia: \u012erengtas 600 W galios varikliu, INSE I5 vertikalusis dulki\u0173 siurblys dirba su 18 kPa stipria siurbimo galia. Naudodami \u0161\u012f laidin\u012f dulki\u0173 siurbl\u012f, galite lengvai i\u0161valyti \u012fvairias dulkes ir \u0161iuk\u0161les, \u012fskaitant virtuv\u0117s liku\u010dius, gyv\u016bn\u0173 \u0117dalo liku\u010dius, gyv\u016bn\u0173 plaukus, rie\u0161ut\u0173 liku\u010dius ir pan. \u0160io dulki\u0173 siurblio du skirtingi darbo re\u017eimai gali b\u016bti naudojami atitinkamai bald\u0173, sofos pavir\u0161iui valyti, taip pat lovos apa\u010diai valyti. Jei prietaisas veikia per ilgai, normalu, kad variklis \u012fkaista. \u25cf Trij\u0173 sluoksni\u0173 filtravimo sistema: \u0161io laidinio dulki\u0173 siurblio filtravimo sistema susideda i\u0161 vir\u0161utinio tinklinio filtro, vir\u0161utinio cikloninio filtravimo ir apatinio cikloninio filtravimo. Auk\u0161to efektyvumo filtravimo sistema gali veiksmingai sulaikyti ir atskirti \u012fvairi\u0173 dyd\u017ei\u0173 dulkes bei \u0161iuk\u0161les, taip pat gali pagreitinti oro sraut\u0105, kad variklis neb\u016bt\u0173 u\u017ekim\u0161tas dulki\u0173, o tai prailgina j\u016bs\u0173 dulki\u0173 siurblio tarnavimo laik\u0105. \u25cf Platus naudojimo spektras: INSE I5 lazdelinis dulki\u0173 siurblys tiekiamas su 22 p\u0117d\u0173 ilgio maitinimo laidu ir yra sujungtas su reguliuojamu 19\u201331 coli\u0173 ilgio prailginimo vamzd\u017eiu, tod\u0117l j\u016bs\u0173 dulki\u0173 siurblys turi platesn\u012f naudojimo spektr\u0105. To pakanka \u012fprasto dyd\u017eio kambario, u\u017euolaid\u0173 ar laipt\u0173 valymui. \u0160i funkcija taip pat palengvina laikym\u0105. \u25cf Daugiafunkcinis dulki\u0173 siurblys: Lengvai paspaudus raudon\u0105 \u0161epet\u0117lio galvut\u0117s mygtuk\u0105, galite perjungti re\u017eimus tarp kiet\u0173 grind\u0173 ir mink\u0161t\u0173 kilim\u0173. Per kelias sekundes galite gauti rankin\u012f dulki\u0173 siurbl\u012f, naudodami pakuot\u0117je esant\u012f siaur\u0105 antgal\u012f arba \u201edviem viename\u201c \u0161epet\u0117l\u012f, kuriuo pakei\u010diate ilg\u0105 vamzd\u012f. Tada galite prad\u0117ti valyti \u0161iuo puikiu rankiniu dulki\u0173 siurbliu! Jis labai veiksmingas valant tarp\u0105 tarp bald\u0173, u\u017euolaid\u0173 ir automobilio salono. \u25cf Lengva valyti: \u0160is dulki\u0173 siurblys turi 1 l talpos dulki\u0173 d\u0117\u017e\u0119. Tiesiog paspauskite raudon\u0105 mygtuk\u0105 apa\u010dioje, ir \u0161iuk\u0161l\u0117s bus i\u0161mestos automati\u0161kai, nesutepti rank\u0173 ar drabu\u017ei\u0173. Naudojus tam tikr\u0105 laik\u0105, galite i\u0161imti produkto filtr\u0105 ir nuplauti j\u012f vandeniu. Prie\u0161 \u012fdedant \u012f aparat\u0105, filtras turi b\u016bti visi\u0161kai i\u0161d\u017eiovintas. B\u016btina reguliariai valyti filtro \u012frengin\u012f. Tai gali padidinti produkto efektyvum\u0105. \u25cf 2-in-1 \u0161epetys + vamzdelis: rekomenduojama naudoti 2-in-1 \u0161epet\u012f + i\u0161traukiam\u0105 vamzdel\u012f, kad b\u016bt\u0173 lengva pasiekti vir\u0161utines vietas, pvz., lubas ir u\u017euolaidas, taip pat tinka sofai, lovai ir pan.<\/p>\n<\/p>\n<p>\u25cf Plaunamas ir kei\u010diamas: \u0161iuk\u0161liad\u0117\u017e\u0119 ir filtr\u0105 lengva nuimti ir i\u0161plauti, o labai efektyvus kempin\u0117s filtras padeda i\u0161vengti u\u017esikim\u0161imo ir u\u017etikrina ilgesn\u012f naudojimo laik\u0105 nei \u012fprastas HEPA filtras.<\/p>\n<\/p>\n<p>\u25cf Ilgesnis variklio tarnavimo laikas: \u012erengtas pa\u017eangus daugiacikloninis filtravimo sistema, u\u017etikrinanti ilg\u0105 variklio tarnavimo laik\u0105 ir galios nesuma\u017e\u0117jim\u0105, leid\u017eia lengvai u\u017ebaigti viso namo valym\u0105 su pastoviu galingu siurbimu.<\/p>\n<\/p>\n<p>\u25cf Lankstus ir manevringas: su prailginimo strypu ir lanks\u010diu pasukamuoju jungtimi galite lengvai valyti plot\u0105 po sofa ar lova. INSE I5 pagamintas i\u0161 ABS plastiko, kuris yra lengvas ir prakti\u0161kas.\u00a0\u00a0<\/p>\n<\/p>\n<p>Komplekt\u0105 sudaro: 1 x dulki\u0173 siurblys, 1 x vamzdis, 1 x \u0161epetys, 1 x siauras antgalis, 1 x grind\u0173 antgalis, 1 x vartotojo vadovas<\/p>\n<p>\u00a0<\/p>","protected":false},"excerpt":{"rendered":"<p>Techniniai duomenys:Gamintojas: INSEModelis: I5Variklio galia: 600 W\u012etampa: 220 VSiurbimo galia: 18 000 PaDulk\u0117s surinkimo talpa: 1 lSpalva: raudonaMaitinimo laido ilgis: 22 coliaiPa\u017eangi daugiaciklonin\u0117 filtravimo sistema: TaipNuimamas ir plaunamas filtras: TaipTinka grindims ir kilimams: Taip Pakuot\u0117s svoris: 3,00 kg Pakuot\u0117s matmenys (ilgis x plotis x auk\u0161tis): 44,00 x 32,50 x 18,00 cm Savyb\u0117s: \u25cf Stipri siurbimo [&hellip;]<\/p>\n","protected":false},"featured_media":2110,"comment_status":"open","ping_status":"closed","template":"","meta":[],"product_brand":[],"product_cat":[24],"product_tag":[138,154],"class_list":{"0":"post-2112","1":"product","2":"type-product","3":"status-publish","4":"has-post-thumbnail","6":"product_cat-namu-apyvoka","7":"product_tag-cleaning-appliances-2","8":"product_tag-handheld-vacuum-cleaners-2","10":"first","11":"instock","12":"shipping-taxable","13":"purchasable","14":"product-type-variable"},"_links":{"self":[{"href":"https:\/\/topsmart.store\/en\/wp-json\/wp\/v2\/product\/2112","targetHints":{"allow":["GET"]}}],"collection":[{"href":"https:\/\/topsmart.store\/en\/wp-json\/wp\/v2\/product"}],"about":[{"href":"https:\/\/topsmart.store\/en\/wp-json\/wp\/v2\/types\/product"}],"replies":[{"embeddable":true,"href":"https:\/\/topsmart.store\/en\/wp-json\/wp\/v2\/comments?post=2112"}],"wp:featuredmedia":[{"embeddable":true,"href":"https:\/\/topsmart.store\/en\/wp-json\/wp\/v2\/media\/2110"}],"wp:attachment":[{"href":"https:\/\/topsmart.store\/en\/wp-json\/wp\/v2\/media?parent=2112"}],"wp:term":[{"taxonomy":"product_brand","embeddable":true,"href":"https:\/\/topsmart.store\/en\/wp-json\/wp\/v2\/product_brand?post=2112"},{"taxonomy":"product_cat","embeddable":true,"href":"https:\/\/topsmart.store\/en\/wp-json\/wp\/v2\/product_cat?post=2112"},{"taxonomy":"product_tag","embeddable":true,"href":"https:\/\/topsmart.store\/en\/wp-json\/wp\/v2\/product_tag?post=2112"}],"curies":[{"name":"wp","href":"https:\/\/api.w.org\/{rel}","templated":true}]}}