{"id":2119,"date":"2026-04-18T12:21:10","date_gmt":"2026-04-18T10:21:10","guid":{"rendered":"https:\/\/topsmart.store\/product\/multifunctional-wall-mounted-heater-portable-bathroom-electric-heater-clothes-drying-rack-fast-heating-desktop-heater-with-remote-control\/"},"modified":"2026-04-18T12:31:17","modified_gmt":"2026-04-18T10:31:17","slug":"multifunctional-wall-mounted-heater-portable-bathroom-electric-heater-clothes-drying-rack-fast-heating-desktop-heater-with-remote-control","status":"publish","type":"product","link":"https:\/\/topsmart.store\/en\/product\/multifunctional-wall-mounted-heater-portable-bathroom-electric-heater-clothes-drying-rack-fast-heating-desktop-heater-with-remote-control\/","title":{"rendered":"Multifunctional Wall Mounted Heater Portable Bathroom Electric Heater Clothes Drying Rack Fast Heating Desktop Heater with Remote Control"},"content":{"rendered":"<p>Techniniai duomenys: Pavadinimas: Daugiafunkcinis \u0161ildytuvas Matmenys: 35,5 cm x 12 cm x 28,5 cm Nominali da\u017enio vert\u0117: 50 Hz Valdymo b\u016bdas: Daugiafunkcinis skaitmeninis ekranas + nuotolinio valdymo pultas \u0160ildymo elementas: PTC \u0161ildymo elementas Atsparumas vandeniui: IPX3 Apsauga nuo perkaitimo: Taip Savyb\u0117s: &#8211; Greitas \u0161ildymas, komfortas visame name: \u012esitikinkite greito \u0161ildymo galimybi\u0173 galia. \u0160is \u0161ildytuvas greitai su\u0161ildo vis\u0105 kambar\u012f, \u017eymiai grei\u010diau nei tradicin\u0117s grind\u0173 \u0161ildymo sistemos, u\u017etikrindamas pastovi\u0105 temperat\u016br\u0105 visoje erdv\u0117je. &#8211; I\u0161sami oro cirkuliacija: Naudodamas stipri\u0105 oro srov\u0119, \u0161is \u0161ildytuvas u\u017etikrina, kad \u0161iltas oras b\u016bt\u0173 tolygiai paskirstytas po visus kambario kampelius. Joki\u0173 \u0161alt\u0173 viet\u0173, m\u0117gaukit\u0117s vienodai \u0161ildoma aplinka per kelias minutes. &#8211; Dvejopo veikimo sterilizavimas: \u012erengtas UV \u0161viesa ir neigiamais jonais, \u0161is \u0161ildytuvas daro daugiau nei tik \u0161ildo j\u016bs\u0173 kambar\u012f. Jis taip pat valo or\u0105, veiksmingai naikindamas bakterijas ir dulki\u0173 erkutes, u\u017etikrindamas \u0161varesn\u0119 ir sveikesn\u0119 aplink\u0105. &#8211; Valdymas per jutiklin\u012f ekran\u0105: Auk\u0161tos rai\u0161kos jutiklinio ekrano s\u0105saja leid\u017eia j\u012f naudoti nepaprastai lengvai. Intuityvios piktogramos ir paprastas i\u0161d\u0117stymas u\u017etikrina, kad gal\u0117site be vargo nar\u0161yti ir nustatyti tobul\u0105 temperat\u016br\u0105, net jei nesate technologi\u0161kai i\u0161prus\u0119s. &#8211; Nuotolinis i\u0161manusis valdymas: m\u0117gaukit\u0117s patogumu reguliuoti \u0161ildytuv\u0105 netik\u0117j\u0119s i\u0161 savo vietos. Naudodami i\u0161man\u0173j\u012f nuotolinio valdymo pult\u0105, galite nustatyti laikmat\u012f nuo 1 iki 4 valand\u0173 ir reguliuoti temperat\u016br\u0105 i\u0161 tolo, u\u017etikrindami jauki\u0105 ir \u0161ilt\u0105 atmosfer\u0105 bet kuriuo metu. Komplektacijoje: 1 x daugiafunkcinis \u0161ildytuvas 1 x nuotolinio valdymo pultas 1 x vartotojo vadovas<\/p><\/p>","protected":false},"excerpt":{"rendered":"<p>Techniniai duomenys: Pavadinimas: Daugiafunkcinis \u0161ildytuvas Matmenys: 35,5 cm x 12 cm x 28,5 cm Nominali da\u017enio vert\u0117: 50 Hz Valdymo b\u016bdas: Daugiafunkcinis skaitmeninis ekranas + nuotolinio valdymo pultas \u0160ildymo elementas: PTC \u0161ildymo elementas Atsparumas vandeniui: IPX3 Apsauga nuo perkaitimo: Taip Savyb\u0117s: &#8211; Greitas \u0161ildymas, komfortas visame name: \u012esitikinkite greito \u0161ildymo galimybi\u0173 galia. \u0160is \u0161ildytuvas greitai [&hellip;]<\/p>\n","protected":false},"featured_media":2118,"comment_status":"open","ping_status":"closed","template":"","meta":[],"product_brand":[],"product_cat":[24,23],"product_tag":[147,148],"class_list":{"0":"post-2119","1":"product","2":"type-product","3":"status-publish","4":"has-post-thumbnail","6":"product_cat-namu-apyvoka","7":"product_cat-ismanieji-prietaisai","8":"product_tag-household-appliances","9":"product_tag-electric-heaters","11":"first","12":"instock","13":"shipping-taxable","14":"purchasable","15":"product-type-variable"},"_links":{"self":[{"href":"https:\/\/topsmart.store\/en\/wp-json\/wp\/v2\/product\/2119","targetHints":{"allow":["GET"]}}],"collection":[{"href":"https:\/\/topsmart.store\/en\/wp-json\/wp\/v2\/product"}],"about":[{"href":"https:\/\/topsmart.store\/en\/wp-json\/wp\/v2\/types\/product"}],"replies":[{"embeddable":true,"href":"https:\/\/topsmart.store\/en\/wp-json\/wp\/v2\/comments?post=2119"}],"wp:featuredmedia":[{"embeddable":true,"href":"https:\/\/topsmart.store\/en\/wp-json\/wp\/v2\/media\/2118"}],"wp:attachment":[{"href":"https:\/\/topsmart.store\/en\/wp-json\/wp\/v2\/media?parent=2119"}],"wp:term":[{"taxonomy":"product_brand","embeddable":true,"href":"https:\/\/topsmart.store\/en\/wp-json\/wp\/v2\/product_brand?post=2119"},{"taxonomy":"product_cat","embeddable":true,"href":"https:\/\/topsmart.store\/en\/wp-json\/wp\/v2\/product_cat?post=2119"},{"taxonomy":"product_tag","embeddable":true,"href":"https:\/\/topsmart.store\/en\/wp-json\/wp\/v2\/product_tag?post=2119"}],"curies":[{"name":"wp","href":"https:\/\/api.w.org\/{rel}","templated":true}]}}