{"id":2136,"date":"2026-04-18T12:21:27","date_gmt":"2026-04-18T10:21:27","guid":{"rendered":"https:\/\/topsmart.store\/product\/konka-a9-professional-massage-gun-electric-shock-muscle-relaxation-vibration-fitness-massager-for-body-neck-ladies-home-travel-fascia-gun\/"},"modified":"2026-04-18T12:30:39","modified_gmt":"2026-04-18T10:30:39","slug":"konka-a9-professional-massage-gun-electric-shock-muscle-relaxation-vibration-fitness-massager-for-body-neck-ladies-home-travel-fascia-gun","status":"publish","type":"product","link":"https:\/\/topsmart.store\/en\/product\/konka-a9-professional-massage-gun-electric-shock-muscle-relaxation-vibration-fitness-massager-for-body-neck-ladies-home-travel-fascia-gun\/","title":{"rendered":"KONKA A9 Professional Massage Gun Electric Shock Muscle Relaxation Vibration Fitness Massager For Body Neck Ladies Home Travel Fascia Gun"},"content":{"rendered":"<p>Techniniai duomenys:Gamintojas: KONKAModelis: A9Masa\u017eini\u0173 galvu\u010di\u0173 skai\u010dius: 8Med\u017eiaga: ABS plastikasSpalva: PilkaI\u0161\u0117jimo \u012ftampa: 7,4 V<\/p>\n<p>\u012ekrovimo \u012ftampa: 8,4 V<\/p>\n<p>S\u0105sajos tipas: DC<\/p>\n<p>Akumuliatoriaus talpa: 1800 mAh <\/p>\n<p>Variklio greitis: 3200 aps\/min<\/p>\n<p>Triuk\u0161mas: 45 dB\ufeffSavyb\u0117s:- Galingas ir efektyvus: A9 fascijos pistoletas sukurtas siekiant u\u017etikrinti galing\u0105 ir efektyv\u0173 masa\u017e\u0105.- Reguliuojami grei\u010dio lygiai: D\u0117l keli\u0173 grei\u010dio lygi\u0173 galite pritaikyti masa\u017eo intensyvum\u0105 pagal savo pageidavimus.- Ne\u0161iojamas ir lengvas: Kompakti\u0161kas dizainas leid\u017eia pasiimti fascijos pistolet\u0105 su savimi, kur tik einate, tod\u0117l j\u012f patogu naudoti namuose ar keliaujant. &#8211; Tylus veikimas: Pa\u017eangi triuk\u0161mo ma\u017einimo technologija u\u017etikrina tyl\u0173 veikim\u0105, leid\u017eiant\u012f m\u0117gautis ramiu masa\u017eu. &#8211; \u012evairios masa\u017eo galvut\u0117s: A9 fascijos pistoletas tiekiamas su 8 skirtingomis masa\u017eo galvut\u0117mis, suteikian\u010diomis \u012fvairias galimybes dirbti su skirtingomis raumen\u0173 grup\u0117mis.<\/p>\n<p>&#8211; Atnaujinta baterija: Auk\u0161tos kokyb\u0117s li\u010dio baterija. Atnaujinta li\u010dio baterija yra saugesn\u0117 ir taupesn\u0117, \u012fkraunama grei\u010diau, o masa\u017euojant 10 minu\u010di\u0173 per dien\u0105, jos u\u017etenka ma\u017edaug 30 dien\u0173. \ufeffKomplekt\u0105 sudaro: 1 masa\u017einis pistoletas, 8 masa\u017ein\u0117s galvut\u0117s<\/p>\n<\/p>\n<\/p><\/p>","protected":false},"excerpt":{"rendered":"<p>Techniniai duomenys:Gamintojas: KONKAModelis: A9Masa\u017eini\u0173 galvu\u010di\u0173 skai\u010dius: 8Med\u017eiaga: ABS plastikasSpalva: PilkaI\u0161\u0117jimo \u012ftampa: 7,4 V \u012ekrovimo \u012ftampa: 8,4 V S\u0105sajos tipas: DC Akumuliatoriaus talpa: 1800 mAh Variklio greitis: 3200 aps\/min Triuk\u0161mas: 45 dB\ufeffSavyb\u0117s:- Galingas ir efektyvus: A9 fascijos pistoletas sukurtas siekiant u\u017etikrinti galing\u0105 ir efektyv\u0173 masa\u017e\u0105.- Reguliuojami grei\u010dio lygiai: D\u0117l keli\u0173 grei\u010dio lygi\u0173 galite pritaikyti masa\u017eo intensyvum\u0105 [&hellip;]<\/p>\n","protected":false},"featured_media":2135,"comment_status":"open","ping_status":"closed","template":"","meta":[],"product_brand":[],"product_cat":[26,25],"product_tag":[166,169,168,165,167],"class_list":{"0":"post-2136","1":"product","2":"type-product","3":"status-publish","4":"has-post-thumbnail","6":"product_cat-pramogos-ir-sportas","7":"product_cat-grozis-ir-sveikata","8":"product_tag-beauty-hair","9":"product_tag-massager-gun","10":"product_tag-massage-appliance","11":"product_tag-health","12":"product_tag-health-care","14":"first","15":"instock","16":"shipping-taxable","17":"purchasable","18":"product-type-simple"},"_links":{"self":[{"href":"https:\/\/topsmart.store\/en\/wp-json\/wp\/v2\/product\/2136","targetHints":{"allow":["GET"]}}],"collection":[{"href":"https:\/\/topsmart.store\/en\/wp-json\/wp\/v2\/product"}],"about":[{"href":"https:\/\/topsmart.store\/en\/wp-json\/wp\/v2\/types\/product"}],"replies":[{"embeddable":true,"href":"https:\/\/topsmart.store\/en\/wp-json\/wp\/v2\/comments?post=2136"}],"wp:featuredmedia":[{"embeddable":true,"href":"https:\/\/topsmart.store\/en\/wp-json\/wp\/v2\/media\/2135"}],"wp:attachment":[{"href":"https:\/\/topsmart.store\/en\/wp-json\/wp\/v2\/media?parent=2136"}],"wp:term":[{"taxonomy":"product_brand","embeddable":true,"href":"https:\/\/topsmart.store\/en\/wp-json\/wp\/v2\/product_brand?post=2136"},{"taxonomy":"product_cat","embeddable":true,"href":"https:\/\/topsmart.store\/en\/wp-json\/wp\/v2\/product_cat?post=2136"},{"taxonomy":"product_tag","embeddable":true,"href":"https:\/\/topsmart.store\/en\/wp-json\/wp\/v2\/product_tag?post=2136"}],"curies":[{"name":"wp","href":"https:\/\/api.w.org\/{rel}","templated":true}]}}