{"id":2145,"date":"2026-04-18T12:21:48","date_gmt":"2026-04-18T10:21:48","guid":{"rendered":"https:\/\/topsmart.store\/product\/xiaomi-mijia-smart-air-fryer-5-5l-home-smokeless-electric-oven-visible-capacity-multifunctional-oil-free-oven\/"},"modified":"2026-04-18T12:33:00","modified_gmt":"2026-04-18T10:33:00","slug":"xiaomi-mijia-smart-air-fryer-5-5l-home-smokeless-electric-oven-visible-capacity-multifunctional-oil-free-oven","status":"publish","type":"product","link":"https:\/\/topsmart.store\/en\/product\/xiaomi-mijia-smart-air-fryer-5-5l-home-smokeless-electric-oven-visible-capacity-multifunctional-oil-free-oven\/","title":{"rendered":"XIAOMI Mijia Smart Air Fryer 5.5L Home Smokeless Electric Oven Visible Capacity Multifunctional Oil-Free Oven"},"content":{"rendered":"<p>Techniniai duomenys:Gamintojas: XiaomiModelis: MAF07<\/p>\n<p>Ki\u0161tukas: 3 kontakt\u0173 CN ki\u0161tukas Nominali galia: 1500 W Nominali \u012ftampa: 220 V Nominali da\u017enis: 50 Hz<\/p>\n<p>Talpa: 5,5 l<\/p>\n<p>Temperat\u016bros diapazonas: 40\u2013220 \u2103<\/p>\n<p>Grynasis svoris: 5,1 kg Matmenys: 286*386*291 mm<\/p>\n<p>Kinijos versija, reikia nustatyti program\u0117l\u0117s server\u012f \u012f Kinijos \u017eemynin\u0119 dal\u012f.\ufeffSavyb\u0117s:- Virimas be apver\u010dimo: \u0160is prietaisas suprojektuotas maist\u0105 virti be apver\u010dimo, u\u017etikrinant tolyg\u0173 ir nuosekl\u0173 virimo rezultat\u0105.<\/p>\n<p>&#8211; Patobulintas matomas langelis: prietaisas turi patobulint\u0105 matom\u0105 langel\u012f, kuris leid\u017eia steb\u0117ti kepimo proces\u0105 neatidarant dang\u010dio, u\u017etikrinant patogum\u0105 ir i\u0161vengiant \u0161ilumos nuostoli\u0173. &#8211; Novatori\u0161kas riebal\u0173 pa\u0161alinimo re\u017eimas: \u0161is prietaisas turi novatori\u0161k\u0105 riebal\u0173 pa\u0161alinimo re\u017eim\u0105, kuris leid\u017eia pa\u0161alinti perteklin\u012f riebal\u0173 kiek\u012f i\u0161 paruo\u0161t\u0173 maisto produkt\u0173, skatinant sveikesn\u012f ir lengvesn\u012f maitinim\u0105si.- At\u0161ildymas \u017eemoje temperat\u016broje: Naudodamas at\u0161ildymo \u017eemoje temperat\u016broje funkcij\u0105, \u0161is prietaisas gali saugiai ir efektyviai at\u0161ildyti u\u017e\u0161aldytus maisto produktus, i\u0161saugodamas j\u0173 tekst\u016br\u0105, skon\u012f ir maistines med\u017eiagas. &#8211; 24 valand\u0173 ilgalaikis rezervas: Prietaisas turi 24 valand\u0173 ilgalaikio rezervo funkcij\u0105, leid\u017eian\u010di\u0105 i\u0161 anksto suplanuoti ir suderinti gaminim\u0105, u\u017etikrinant papildom\u0105 patogum\u0105 ir lankstum\u0105.- Maistui tinkama nelipni danga: \u0160io prietaiso kepimo pavir\u0161ius padengtas maistui tinkama nelipnia danga, u\u017etikrinan\u010dia, kad maistas neprilipt\u0173, palengvinan\u010dia valym\u0105 ir skatinan\u010dia sveikiau gaminti maist\u0105, naudojant ma\u017eiau aliejaus.\ufeffKomplektacija: 1 x oro keptuv\u0117 1 x kepimo krep\u0161elis 1 x grotel\u0117s<\/p><\/p>","protected":false},"excerpt":{"rendered":"<p>Techniniai duomenys:Gamintojas: XiaomiModelis: MAF07 Ki\u0161tukas: 3 kontakt\u0173 CN ki\u0161tukas Nominali galia: 1500 W Nominali \u012ftampa: 220 V Nominali da\u017enis: 50 Hz Talpa: 5,5 l Temperat\u016bros diapazonas: 40\u2013220 \u2103 Grynasis svoris: 5,1 kg Matmenys: 286*386*291 mm Kinijos versija, reikia nustatyti program\u0117l\u0117s server\u012f \u012f Kinijos \u017eemynin\u0119 dal\u012f.\ufeffSavyb\u0117s:- Virimas be apver\u010dimo: \u0160is prietaisas suprojektuotas maist\u0105 virti be apver\u010dimo, [&hellip;]<\/p>\n","protected":false},"featured_media":2144,"comment_status":"open","ping_status":"closed","template":"","meta":[],"product_brand":[],"product_cat":[24,23],"product_tag":[170,143],"class_list":{"0":"post-2145","1":"product","2":"type-product","3":"status-publish","4":"has-post-thumbnail","6":"product_cat-namu-apyvoka","7":"product_cat-ismanieji-prietaisai","8":"product_tag-air-fryers","9":"product_tag-kitchen-appliances","11":"first","12":"instock","13":"shipping-taxable","14":"purchasable","15":"product-type-simple"},"_links":{"self":[{"href":"https:\/\/topsmart.store\/en\/wp-json\/wp\/v2\/product\/2145","targetHints":{"allow":["GET"]}}],"collection":[{"href":"https:\/\/topsmart.store\/en\/wp-json\/wp\/v2\/product"}],"about":[{"href":"https:\/\/topsmart.store\/en\/wp-json\/wp\/v2\/types\/product"}],"replies":[{"embeddable":true,"href":"https:\/\/topsmart.store\/en\/wp-json\/wp\/v2\/comments?post=2145"}],"wp:featuredmedia":[{"embeddable":true,"href":"https:\/\/topsmart.store\/en\/wp-json\/wp\/v2\/media\/2144"}],"wp:attachment":[{"href":"https:\/\/topsmart.store\/en\/wp-json\/wp\/v2\/media?parent=2145"}],"wp:term":[{"taxonomy":"product_brand","embeddable":true,"href":"https:\/\/topsmart.store\/en\/wp-json\/wp\/v2\/product_brand?post=2145"},{"taxonomy":"product_cat","embeddable":true,"href":"https:\/\/topsmart.store\/en\/wp-json\/wp\/v2\/product_cat?post=2145"},{"taxonomy":"product_tag","embeddable":true,"href":"https:\/\/topsmart.store\/en\/wp-json\/wp\/v2\/product_tag?post=2145"}],"curies":[{"name":"wp","href":"https:\/\/api.w.org\/{rel}","templated":true}]}}