{"id":2149,"date":"2026-04-18T12:22:06","date_gmt":"2026-04-18T10:22:06","guid":{"rendered":"https:\/\/topsmart.store\/product\/eu-directteendow-d20s-max-robot-vacuum-and-mop-6000pa-robot-vacuum-mop-cleans-pet-hair-precisense-lidar-navigation-app-and-voice-control\/"},"modified":"2026-04-18T12:29:01","modified_gmt":"2026-04-18T10:29:01","slug":"eu-directteendow-d20s-max-robot-vacuum-and-mop-6000pa-robot-vacuum-mop-cleans-pet-hair-precisense-lidar-navigation-app-and-voice-control","status":"publish","type":"product","link":"https:\/\/topsmart.store\/en\/product\/eu-directteendow-d20s-max-robot-vacuum-and-mop-6000pa-robot-vacuum-mop-cleans-pet-hair-precisense-lidar-navigation-app-and-voice-control\/","title":{"rendered":"[EU Direct]Teendow D20S MAX+ Robot Vacuum and Mop 6000Pa Robot Vacuum Mop Cleans Pet Hair PreciSense LiDAR Navigation App and Voice Control"},"content":{"rendered":"<p>Techniniai duomenys:Gamintojas: TeendowModelis: D20S MAX+Pavadinimas: Robotas dulki\u0173 siurblys ir \u0161luost\u0117Nominali \u012ftampa: 14,4 V\/14,76 V\u012e\u0117jimo galia: 24 V \u2393 1 A MAX Nominali galia: 30 W \u012ekrovimo laikas: &lt;6 val. Belaidis ry\u0161ys: Wi-Fi IEEE 802.11b\/g\/n 2,4 GHz Automatinio i\u0161tu\u0161tinimo \u012fkrovimo baz\u0117: Nominali \u012f\u0117jimo galia: 220 ~ 240 V AC Nominali i\u0161\u0117jimo galia: 24 V \u2393 1,5 A Nominali da\u017enio: 50\/60 Hz Galingumas: 850 W Savyb\u0117s: &#8211; Gyv\u016bnams pritaikyta prie\u017ei\u016bros sistema: \u012erengtas prie\u017ei\u016bros \u012frankis, \u0161is robotas-siurblys puikiai tinka gyv\u016bn\u0173 plauk\u0173 tvarkymui. Lankstus priedas u\u017etikrina, kad j\u016bs\u0173 augintiniai jaust\u0173si patogiai, o grindys likt\u0173 be plauk\u0173. &#8211; 70 dien\u0173 automatinio i\u0161tu\u0161tinimo stotel\u0117: 3,0 l talpos E12 klas\u0117s dulki\u0173 mai\u0161as gali talpinti iki 70 dien\u0173 surinkt\u0173 ne\u0161varum\u0173, tod\u0117l jums nereik\u0117s jo da\u017enai i\u0161tu\u0161tinti. \u0160i funkcija ypa\u010d naudinga namuose, kuriuose yra keli augintiniai, ir tiems, kurie yra jautr\u016bs alergenams.- Reguliuojama \u0161luostymo sistema: \u201eTeendow D20S Max+\u201c turi reguliuojam\u0105 \u0161luostymo sistem\u0105, leid\u017eian\u010di\u0105 vienu metu siurbti ir \u0161luoti. Nuimamas dizainas suteikia lankstumo, tod\u0117l jis veiksmingas kovojant su smulkiomis ne\u0161varumais ir i\u0161siliejimais. &#8211; 6000 Pa galingas siurbimas: D\u0117l \u012fsp\u016bdingos 6000 Pa siurbimo galios \u0161is robotas-dulki\u0173 siurblys gali efektyviai atlikti gilumin\u012f valym\u0105, suma\u017eindamas plauk\u0173 susipynimus ir surinkdamas net labiausiai \u012fstrigusius ne\u0161varumus, suteikdamas jums be vargo \u0161var\u0173 nam\u0105. &#8211; \u201ePreciSense LiDAR\u201c navigacija: \u012erengtas pa\u017eangia \u201eLiDAR\u201c navigacija, \u0161is robotas-dulki\u0173 siurblys si\u016blo tiksl\u0173 j\u016bs\u0173 nam\u0173 \u017eem\u0117lapio sudarym\u0105. Jis optimizuoja valymo mar\u0161rutus ir palaiko 3D per\u017ei\u016br\u0105, u\u017etikrindamas, kad kiekvienas kampelis b\u016bt\u0173 i\u0161valytas su minimaliomis pastangomis.Komplektacija: 1 x robotas dulki\u0173 siurblys, 2 x \u0161onin\u0117s \u0161epet\u0117l\u0117s, 1 x valymo \u0161epet\u0117lis, \u012fmontuotas roboto dulki\u0173 surinkimo d\u0117\u017eut\u0117je, 1 x grind\u0173 plovimo modulis su \u012fmontuotu \u0161luoste, 1 x automatinio i\u0161tu\u0161tinimo \u012fkrovimo stovas, 1 x maitinimo laidas, 1 x \u017earnos komplektas, 1 x antgalis, 1 x greitojo paleidimo vadovas, 1 x papildomas filtras, 2 x dulki\u0173 mai\u0161eliai, 1 x plauk\u0173 kirpimo ma\u0161in\u0117l\u0117, 1 x atviras \u0161ukutis, 1 x retinimo \u0161ukutis, 1 x \u0161un\u0173 ir ka\u010di\u0173 koj\u0173 \u0161epet\u0117lis<\/p><\/p>","protected":false},"excerpt":{"rendered":"<p>Techniniai duomenys:Gamintojas: TeendowModelis: D20S MAX+Pavadinimas: Robotas dulki\u0173 siurblys ir \u0161luost\u0117Nominali \u012ftampa: 14,4 V\/14,76 V\u012e\u0117jimo galia: 24 V \u2393 1 A MAX Nominali galia: 30 W \u012ekrovimo laikas: &lt;6 val. Belaidis ry\u0161ys: Wi-Fi IEEE 802.11b\/g\/n 2,4 GHz Automatinio i\u0161tu\u0161tinimo \u012fkrovimo baz\u0117: Nominali \u012f\u0117jimo galia: 220 ~ 240 V AC Nominali i\u0161\u0117jimo galia: 24 V \u2393 1,5 [&hellip;]<\/p>\n","protected":false},"featured_media":2146,"comment_status":"open","ping_status":"closed","template":"","meta":[],"product_brand":[],"product_cat":[24,23],"product_tag":[138,171],"class_list":{"0":"post-2149","1":"product","2":"type-product","3":"status-publish","4":"has-post-thumbnail","6":"product_cat-namu-apyvoka","7":"product_cat-ismanieji-prietaisai","8":"product_tag-cleaning-appliances-2","9":"product_tag-robot-vacuum-cleaners","11":"first","12":"instock","13":"shipping-taxable","14":"purchasable","15":"product-type-variable"},"_links":{"self":[{"href":"https:\/\/topsmart.store\/en\/wp-json\/wp\/v2\/product\/2149","targetHints":{"allow":["GET"]}}],"collection":[{"href":"https:\/\/topsmart.store\/en\/wp-json\/wp\/v2\/product"}],"about":[{"href":"https:\/\/topsmart.store\/en\/wp-json\/wp\/v2\/types\/product"}],"replies":[{"embeddable":true,"href":"https:\/\/topsmart.store\/en\/wp-json\/wp\/v2\/comments?post=2149"}],"wp:featuredmedia":[{"embeddable":true,"href":"https:\/\/topsmart.store\/en\/wp-json\/wp\/v2\/media\/2146"}],"wp:attachment":[{"href":"https:\/\/topsmart.store\/en\/wp-json\/wp\/v2\/media?parent=2149"}],"wp:term":[{"taxonomy":"product_brand","embeddable":true,"href":"https:\/\/topsmart.store\/en\/wp-json\/wp\/v2\/product_brand?post=2149"},{"taxonomy":"product_cat","embeddable":true,"href":"https:\/\/topsmart.store\/en\/wp-json\/wp\/v2\/product_cat?post=2149"},{"taxonomy":"product_tag","embeddable":true,"href":"https:\/\/topsmart.store\/en\/wp-json\/wp\/v2\/product_tag?post=2149"}],"curies":[{"name":"wp","href":"https:\/\/api.w.org\/{rel}","templated":true}]}}