{"id":2159,"date":"2026-04-18T12:22:18","date_gmt":"2026-04-18T10:22:18","guid":{"rendered":"https:\/\/topsmart.store\/product\/xiaomi-mijia-wireless-vacuum-cleaner-dual-brush-360rotating-brush-handheld-dust-cleaner-mite-removal-strong-suction-filter\/"},"modified":"2026-04-18T12:33:13","modified_gmt":"2026-04-18T10:33:13","slug":"xiaomi-mijia-wireless-vacuum-cleaner-dual-brush-360rotating-brush-handheld-dust-cleaner-mite-removal-strong-suction-filter","status":"publish","type":"product","link":"https:\/\/topsmart.store\/en\/product\/xiaomi-mijia-wireless-vacuum-cleaner-dual-brush-360rotating-brush-handheld-dust-cleaner-mite-removal-strong-suction-filter\/","title":{"rendered":"Xiaomi Mijia Wireless Vacuum Cleaner Dual Brush 360\u00b0Rotating Brush Handheld Dust Cleaner Mite Removal Strong Suction Filter"},"content":{"rendered":"<p>Techniniai duomenys: Prek\u0117: \u201eXIAOMI\u201c Prek\u0117s pavadinimas: Belaidis dulki\u0173 siurblys Modelis: B201CN<\/p>\n<p>Dulki\u0173 surinkimo talpos t\u016bris: 0,3 l (pilnas bakelis) \u012ekrovimo \u012ftampa: 18 V Nominali \u012ftampa: 14,4 V Nominali galia: 180 W Produkto matmenys: 1100 \u00d7 125 \u00d7 240 mm Grynasis svoris: 2,8 kg Ki\u0161tukas: CN ki\u0161tukas. Mes i\u0161si\u0173sime jums j\u016bs\u0173 \u0161aliai tinkam\u0105 ki\u0161tuk\u0105. Savyb\u0117s: 1. Dvigubo \u0161epe\u010dio konstrukcija: D\u0117l dvigubo \u0161epet\u0117lio dizaino \u0161is dulki\u0173 siurblys u\u017etikrina geresn\u012f valymo na\u0161um\u0105. Sukantys \u0161epet\u0117liai veiksmingai nu\u0161luoja dulkes, ne\u0161varumus ir \u0161iuk\u0161les nuo \u012fvairi\u0173 pavir\u0161i\u0173, u\u017etikrindami kruop\u0161t\u0173 valym\u0105. 2. Bevielis ir ne\u0161iojamas: Beviel\u0117 \u0161io dulki\u0173 siurblio funkcija suteikia patogum\u0105 ir jud\u0117jimo laisv\u0119 valymo metu. Jo ne\u0161iojamas dizainas leid\u017eia lengvai manevruoti, tod\u0117l jis idealiai tinka tiek grind\u0173, tiek pavir\u0161i\u0173 vir\u0161 grind\u0173 valymui. 3. 360\u00b0 besisukanti \u0161epet\u0117: Dulki\u0173 siurblys yra \u012frengtas 360\u00b0 besisukan\u010dia \u0161epete, leid\u017eian\u010dia pasiekti kiekvien\u0105 kampel\u012f ir ply\u0161\u012f, u\u017etikrinant visapusi\u0161k\u0105 valymo patirt\u012f. Tai garantuoja, kad neliks jokio dulki\u0173 ar ne\u0161varum\u0173. 4. Stipri siurbimo galia: \u201eXiaomi Mijia\u201c dvigubo \u0161epe\u010dio dulki\u0173 siurblys pasi\u017eymi galinga siurbimo galia, leid\u017eian\u010dia surinkti smulkias daleles, alergenus, gyv\u016bn\u0173 plaukus ir didesnes \u0161iuk\u0161les. Jo stipri siurbimo galia u\u017etikrina efektyvius valymo rezultatus ant \u012fvairi\u0173 pavir\u0161i\u0173. 5. Filtravimo sistema: \u0160is dulki\u0173 siurblys yra \u012frengtas pa\u017eangia filtravimo sistema, kuri veiksmingai surenka ir sulaiko dulki\u0173 daleles, neleid\u017eiant joms patekti \u012f or\u0105. \u0160i funkcija prisideda prie \u0161varesn\u0117s patalp\u0173 oro kokyb\u0117s.<\/p>\n<p>Komplekt\u0105 sudaro: 1 x pagrindinis korpusas, 1 x prailginimo strypas, 1 x kombinuota \u0161epet\u0117l\u0117, 1 x elektrin\u0117 \u0161epet\u0117l\u0117 erki\u0173 pa\u0161alinimui, 1 x universali dviguba besisukanti \u0161epet\u0117l\u0117, 1 x laikymo d\u0117klas, 1 x maitinimo adapteris, 1 x pad\u0117ties lipdukas, 2 x var\u017etai, 2 x prailginimo vamzdeliai, 1 x naudojimo instrukcija<\/p>\n<\/p><\/p>","protected":false},"excerpt":{"rendered":"<p>Techniniai duomenys: Prek\u0117: \u201eXIAOMI\u201c Prek\u0117s pavadinimas: Belaidis dulki\u0173 siurblys Modelis: B201CN Dulki\u0173 surinkimo talpos t\u016bris: 0,3 l (pilnas bakelis) \u012ekrovimo \u012ftampa: 18 V Nominali \u012ftampa: 14,4 V Nominali galia: 180 W Produkto matmenys: 1100 \u00d7 125 \u00d7 240 mm Grynasis svoris: 2,8 kg Ki\u0161tukas: CN ki\u0161tukas. Mes i\u0161si\u0173sime jums j\u016bs\u0173 \u0161aliai tinkam\u0105 ki\u0161tuk\u0105. Savyb\u0117s: 1. [&hellip;]<\/p>\n","protected":false},"featured_media":2157,"comment_status":"open","ping_status":"closed","template":"","meta":[],"product_brand":[],"product_cat":[24],"product_tag":[138,154],"class_list":{"0":"post-2159","1":"product","2":"type-product","3":"status-publish","4":"has-post-thumbnail","6":"product_cat-namu-apyvoka","7":"product_tag-cleaning-appliances-2","8":"product_tag-handheld-vacuum-cleaners-2","10":"first","11":"instock","12":"shipping-taxable","13":"purchasable","14":"product-type-variable"},"_links":{"self":[{"href":"https:\/\/topsmart.store\/en\/wp-json\/wp\/v2\/product\/2159","targetHints":{"allow":["GET"]}}],"collection":[{"href":"https:\/\/topsmart.store\/en\/wp-json\/wp\/v2\/product"}],"about":[{"href":"https:\/\/topsmart.store\/en\/wp-json\/wp\/v2\/types\/product"}],"replies":[{"embeddable":true,"href":"https:\/\/topsmart.store\/en\/wp-json\/wp\/v2\/comments?post=2159"}],"wp:featuredmedia":[{"embeddable":true,"href":"https:\/\/topsmart.store\/en\/wp-json\/wp\/v2\/media\/2157"}],"wp:attachment":[{"href":"https:\/\/topsmart.store\/en\/wp-json\/wp\/v2\/media?parent=2159"}],"wp:term":[{"taxonomy":"product_brand","embeddable":true,"href":"https:\/\/topsmart.store\/en\/wp-json\/wp\/v2\/product_brand?post=2159"},{"taxonomy":"product_cat","embeddable":true,"href":"https:\/\/topsmart.store\/en\/wp-json\/wp\/v2\/product_cat?post=2159"},{"taxonomy":"product_tag","embeddable":true,"href":"https:\/\/topsmart.store\/en\/wp-json\/wp\/v2\/product_tag?post=2159"}],"curies":[{"name":"wp","href":"https:\/\/api.w.org\/{rel}","templated":true}]}}